{"id":11329,"date":"2025-05-09T15:32:35","date_gmt":"2025-05-09T13:32:35","guid":{"rendered":"https:\/\/skydiveempuriabrava.com\/hoteles\/"},"modified":"2026-03-11T10:50:40","modified_gmt":"2026-03-11T09:50:40","slug":"hoteles","status":"publish","type":"page","link":"https:\/\/skydiveempuriabrava.com\/es\/hoteles\/","title":{"rendered":"Hoteles"},"content":{"rendered":"\t\t<div data-elementor-type=\"wp-page\" data-elementor-id=\"11329\" class=\"elementor elementor-11329 elementor-11326\" data-elementor-post-type=\"page\">\n\t\t\t\t<div class=\"elementor-element elementor-element-4040a27 animated-fast e-flex e-con-boxed elementor-invisible e-con e-parent\" data-id=\"4040a27\" data-element_type=\"container\" data-e-type=\"container\" data-settings=\"{&quot;background_background&quot;:&quot;classic&quot;,&quot;animation&quot;:&quot;slideInDown&quot;}\">\n\t\t\t\t\t<div class=\"e-con-inner\">\n\t\t\t\t<div class=\"elementor-element elementor-element-7073325 animated-slow elementor-widget elementor-widget-heading\" data-id=\"7073325\" data-element_type=\"widget\" data-e-type=\"widget\" data-settings=\"{&quot;_animation&quot;:&quot;none&quot;}\" data-widget_type=\"heading.default\">\n\t\t\t\t<div class=\"elementor-widget-container\">\n\t\t\t\t\t<h2 class=\"elementor-heading-title elementor-size-default\">ALOJAMIENTO EN HOTELES<\/h2>\t\t\t\t<\/div>\n\t\t\t\t<\/div>\n\t\t\t\t\t<\/div>\n\t\t\t\t<\/div>\n\t\t<div class=\"elementor-element elementor-element-bffca47 e-con-full e-flex e-con e-parent\" data-id=\"bffca47\" data-element_type=\"container\" data-e-type=\"container\">\n\t\t<div class=\"elementor-element elementor-element-7c64154 e-con-full e-flex e-con e-child\" data-id=\"7c64154\" data-element_type=\"container\" data-e-type=\"container\" data-settings=\"{&quot;background_background&quot;:&quot;classic&quot;}\">\n\t\t\t\t<div class=\"elementor-element elementor-element-3cdf781 elementor-widget elementor-widget-heading\" data-id=\"3cdf781\" data-element_type=\"widget\" data-e-type=\"widget\" data-widget_type=\"heading.default\">\n\t\t\t\t<div class=\"elementor-widget-container\">\n\t\t\t\t\t<h2 class=\"elementor-heading-title elementor-size-default\">Xon\u00b4s Platja ***<\/h2>\t\t\t\t<\/div>\n\t\t\t\t<\/div>\n\t\t\t\t<\/div>\n\t\t<div class=\"elementor-element elementor-element-91db39b e-con-full e-flex e-con e-child\" data-id=\"91db39b\" data-element_type=\"container\" data-e-type=\"container\">\n\t\t\t\t<div class=\"elementor-element elementor-element-4f4b3cc elementor-widget elementor-widget-image\" data-id=\"4f4b3cc\" data-element_type=\"widget\" data-e-type=\"widget\" data-widget_type=\"image.default\">\n\t\t\t\t<div class=\"elementor-widget-container\">\n\t\t\t\t\t\t\t\t\t\t\t\t\t\t\t<img fetchpriority=\"high\" decoding=\"async\" width=\"470\" height=\"260\" src=\"https:\/\/skydiveempuriabrava.com\/wp-content\/uploads\/hotel.jpg\" class=\"attachment-full size-full wp-image-11373\" alt=\"hotel\" srcset=\"https:\/\/skydiveempuriabrava.com\/wp-content\/uploads\/hotel.jpg 470w, https:\/\/skydiveempuriabrava.com\/wp-content\/uploads\/hotel-300x166.jpg 300w\" sizes=\"(max-width: 470px) 100vw, 470px\" \/>\t\t\t\t\t\t\t\t\t\t\t\t\t\t\t<\/div>\n\t\t\t\t<\/div>\n\t\t\t\t<\/div>\n\t\t\t\t<\/div>\n\t\t<div class=\"elementor-element elementor-element-9fbd2d9 e-flex e-con-boxed e-con e-parent\" data-id=\"9fbd2d9\" data-element_type=\"container\" data-e-type=\"container\">\n\t\t\t\t\t<div class=\"e-con-inner\">\n\t\t\t\t<div class=\"elementor-element elementor-element-8808347 elementor-widget elementor-widget-text-editor\" data-id=\"8808347\" data-element_type=\"widget\" data-e-type=\"widget\" data-widget_type=\"text-editor.default\">\n\t\t\t\t<div class=\"elementor-widget-container\">\n\t\t\t\t\t\t\t\t\t<p>\u00a1Disfruta de la comodidad de un apartamento con todos los servicios de un hotel! situado en pleno centro de Empuriabrava, a s\u00f3lo 2 minutos andando de la playa ya 20 minutos de la zona de saltos. Abierto las 24 horas del d\u00eda, con restaurantes tipo buffet, cafeter\u00eda, piscina al aire libre, Fitness Club, garaje privado y Wi-Fi gratuita en todo el edificio. <\/p><p><b>Descuento especial del 10% para paracaidistas.<\/b><\/p><p>Pompeu Fabra s\/n<br>Empuriabrava<\/p><p>Tel. +34 972450136<br>Fax. +34 972 450422  +34 972 450422<\/p><p>Email: <a class=\"blue bold\" title=\"\" href=\"mailto:xons@empuriagrup.com\">xons@empuriagrup.com<\/a><br><a class=\"blue bold\" title=\"\" href=\"http:\/\/www.xonshotels.com\/\">http:\/\/www.xonshotels.com<\/a><\/p>\t\t\t\t\t\t\t\t<\/div>\n\t\t\t\t<\/div>\n\t\t\t\t\t<\/div>\n\t\t\t\t<\/div>\n\t\t<div class=\"elementor-element elementor-element-2d946ff e-con-full e-flex e-con e-parent\" data-id=\"2d946ff\" data-element_type=\"container\" data-e-type=\"container\">\n\t\t<div class=\"elementor-element elementor-element-ec5b680 e-con-full e-flex e-con e-child\" data-id=\"ec5b680\" data-element_type=\"container\" data-e-type=\"container\" data-settings=\"{&quot;background_background&quot;:&quot;classic&quot;}\">\n\t\t\t\t<div class=\"elementor-element elementor-element-39c20ff elementor-widget elementor-widget-heading\" data-id=\"39c20ff\" data-element_type=\"widget\" data-e-type=\"widget\" data-widget_type=\"heading.default\">\n\t\t\t\t<div class=\"elementor-widget-container\">\n\t\t\t\t\t<h2 class=\"elementor-heading-title elementor-size-default\">Ampuria Inn ***<\/h2>\t\t\t\t<\/div>\n\t\t\t\t<\/div>\n\t\t\t\t<\/div>\n\t\t<div class=\"elementor-element elementor-element-ba79ae0 e-con-full e-flex e-con e-child\" data-id=\"ba79ae0\" data-element_type=\"container\" data-e-type=\"container\">\n\t\t\t\t<div class=\"elementor-element elementor-element-23c9b5a elementor-widget elementor-widget-image\" data-id=\"23c9b5a\" data-element_type=\"widget\" data-e-type=\"widget\" data-widget_type=\"image.default\">\n\t\t\t\t<div class=\"elementor-widget-container\">\n\t\t\t\t\t\t\t\t\t\t\t\t\t\t\t<img decoding=\"async\" width=\"340\" height=\"226\" src=\"https:\/\/skydiveempuriabrava.com\/wp-content\/uploads\/ampuria_inn.jpg\" class=\"attachment-large size-large wp-image-11396\" alt=\"ampuria_inn\" srcset=\"https:\/\/skydiveempuriabrava.com\/wp-content\/uploads\/ampuria_inn.jpg 340w, https:\/\/skydiveempuriabrava.com\/wp-content\/uploads\/ampuria_inn-300x199.jpg 300w\" sizes=\"(max-width: 340px) 100vw, 340px\" \/>\t\t\t\t\t\t\t\t\t\t\t\t\t\t\t<\/div>\n\t\t\t\t<\/div>\n\t\t\t\t<\/div>\n\t\t\t\t<\/div>\n\t\t<div class=\"elementor-element elementor-element-f94ae4a e-flex e-con-boxed e-con e-parent\" data-id=\"f94ae4a\" data-element_type=\"container\" data-e-type=\"container\">\n\t\t\t\t\t<div class=\"e-con-inner\">\n\t\t\t\t<div class=\"elementor-element elementor-element-c4b9fcf elementor-widget elementor-widget-text-editor\" data-id=\"c4b9fcf\" data-element_type=\"widget\" data-e-type=\"widget\" data-widget_type=\"text-editor.default\">\n\t\t\t\t<div class=\"elementor-widget-container\">\n\t\t\t\t\t\t\t\t\t<p>Hotel acogedor con un trato muy familiar situado muy cerca del centro (5 minutos a pie), dispone de piscina, bar y servicio de restaurante y ofrece <b>precios especiales para paracaidistas<\/b> .<\/p><p>Consulta el hotel para m\u00e1s informaci\u00f3n sobre precios y reservas .<\/p><p>Puigmal, 5<br>Empuriabrava<\/p><p>Tel. +34 972 45 53 29<br>Fax. +34 972 45 43 36  +34 972 45 43 36<\/p><p>Email: <a class=\"blue bold\" title=\"\" href=\"mailto:info@ampuria-inn.com\">info@ampuria-inn.com<\/a><br><a class=\"blue bold\" title=\"\" href=\"http:\/\/www.ampuria-inn.com\/\">http:\/\/www.ampuria-inn.com\/<\/a><\/p>\t\t\t\t\t\t\t\t<\/div>\n\t\t\t\t<\/div>\n\t\t\t\t\t<\/div>\n\t\t\t\t<\/div>\n\t\t<div class=\"elementor-element elementor-element-a4d3b61 e-con-full e-flex e-con e-parent\" data-id=\"a4d3b61\" data-element_type=\"container\" data-e-type=\"container\">\n\t\t<div class=\"elementor-element elementor-element-0b84c98 e-con-full e-flex e-con e-child\" data-id=\"0b84c98\" data-element_type=\"container\" data-e-type=\"container\" data-settings=\"{&quot;background_background&quot;:&quot;classic&quot;}\">\n\t\t\t\t<div class=\"elementor-element elementor-element-f21d52b elementor-widget elementor-widget-heading\" data-id=\"f21d52b\" data-element_type=\"widget\" data-e-type=\"widget\" data-widget_type=\"heading.default\">\n\t\t\t\t<div class=\"elementor-widget-container\">\n\t\t\t\t\t<h2 class=\"elementor-heading-title elementor-size-default\">Hotel Castellblanc ***<\/h2>\t\t\t\t<\/div>\n\t\t\t\t<\/div>\n\t\t\t\t<\/div>\n\t\t<div class=\"elementor-element elementor-element-be06146 e-con-full e-flex e-con e-child\" data-id=\"be06146\" data-element_type=\"container\" data-e-type=\"container\">\n\t\t\t\t<div class=\"elementor-element elementor-element-6019494 elementor-widget elementor-widget-image\" data-id=\"6019494\" data-element_type=\"widget\" data-e-type=\"widget\" data-widget_type=\"image.default\">\n\t\t\t\t<div class=\"elementor-widget-container\">\n\t\t\t\t\t\t\t\t\t\t\t\t\t\t\t<img decoding=\"async\" width=\"470\" height=\"260\" src=\"https:\/\/skydiveempuriabrava.com\/wp-content\/uploads\/Hotel_Castellblanc.jpg\" class=\"attachment-full size-full wp-image-11404\" alt=\"Hotel_Castellblanc\" srcset=\"https:\/\/skydiveempuriabrava.com\/wp-content\/uploads\/Hotel_Castellblanc.jpg 470w, https:\/\/skydiveempuriabrava.com\/wp-content\/uploads\/Hotel_Castellblanc-300x166.jpg 300w\" sizes=\"(max-width: 470px) 100vw, 470px\" \/>\t\t\t\t\t\t\t\t\t\t\t\t\t\t\t<\/div>\n\t\t\t\t<\/div>\n\t\t\t\t<\/div>\n\t\t\t\t<\/div>\n\t\t<div class=\"elementor-element elementor-element-b727ec1 e-flex e-con-boxed e-con e-parent\" data-id=\"b727ec1\" data-element_type=\"container\" data-e-type=\"container\">\n\t\t\t\t\t<div class=\"e-con-inner\">\n\t\t\t\t<div class=\"elementor-element elementor-element-e2aa654 elementor-widget elementor-widget-text-editor\" data-id=\"e2aa654\" data-element_type=\"widget\" data-e-type=\"widget\" data-widget_type=\"text-editor.default\">\n\t\t\t\t<div class=\"elementor-widget-container\">\n\t\t\t\t\t\t\t\t\t<p>Hotel elegante y acogedor situado junto a la zona de saltos (2 minutos a pie), con piscina, bar restaurante y una cocina exquisita. Ofrece descuentos especiales para paracaidistas . <\/p><p>Consulta el hotel para m\u00e1s informaci\u00f3n sobre precios y reservas .<\/p><p>Aeroclub, 56<br>Empuriabrava<\/p><p>Tel. +34 972 45 61 45<br>Fax.  +34 972 45 61 46<\/p><p>Email: <a class=\"blue bold\" title=\"\" href=\"mailto:%20hotelcastellblanc@arrakis.es\">hotelcastellblanc@arrakis.es<\/a><br><a class=\"blue bold\" title=\"\" href=\"http:\/\/www.hotelcastellblanc.com\/\">http:\/\/www.hotelcastellblanc.com\/<\/a><\/p>\t\t\t\t\t\t\t\t<\/div>\n\t\t\t\t<\/div>\n\t\t\t\t\t<\/div>\n\t\t\t\t<\/div>\n\t\t<div class=\"elementor-element elementor-element-b9abff6 e-con-full e-flex e-con e-parent\" data-id=\"b9abff6\" data-element_type=\"container\" data-e-type=\"container\">\n\t\t<div class=\"elementor-element elementor-element-f457754 e-con-full e-flex e-con e-child\" data-id=\"f457754\" data-element_type=\"container\" data-e-type=\"container\" data-settings=\"{&quot;background_background&quot;:&quot;classic&quot;}\">\n\t\t\t\t<div class=\"elementor-element elementor-element-75b5847 elementor-widget elementor-widget-heading\" data-id=\"75b5847\" data-element_type=\"widget\" data-e-type=\"widget\" data-widget_type=\"heading.default\">\n\t\t\t\t<div class=\"elementor-widget-container\">\n\t\t\t\t\t<h2 class=\"elementor-heading-title elementor-size-default\">Hotel Port Salins ****<\/h2>\t\t\t\t<\/div>\n\t\t\t\t<\/div>\n\t\t\t\t<\/div>\n\t\t<div class=\"elementor-element elementor-element-f8804e7 e-con-full e-flex e-con e-child\" data-id=\"f8804e7\" data-element_type=\"container\" data-e-type=\"container\">\n\t\t\t\t<div class=\"elementor-element elementor-element-f4fcbf7 elementor-widget elementor-widget-image\" data-id=\"f4fcbf7\" data-element_type=\"widget\" data-e-type=\"widget\" data-widget_type=\"image.default\">\n\t\t\t\t<div class=\"elementor-widget-container\">\n\t\t\t\t\t\t\t\t\t\t\t\t\t\t\t<img loading=\"lazy\" decoding=\"async\" width=\"470\" height=\"260\" src=\"https:\/\/skydiveempuriabrava.com\/wp-content\/uploads\/Port_Salins.jpg\" class=\"attachment-full size-full wp-image-11408\" alt=\"Port_Salins\" srcset=\"https:\/\/skydiveempuriabrava.com\/wp-content\/uploads\/Port_Salins.jpg 470w, https:\/\/skydiveempuriabrava.com\/wp-content\/uploads\/Port_Salins-300x166.jpg 300w\" sizes=\"(max-width: 470px) 100vw, 470px\" \/>\t\t\t\t\t\t\t\t\t\t\t\t\t\t\t<\/div>\n\t\t\t\t<\/div>\n\t\t\t\t<\/div>\n\t\t\t\t<\/div>\n\t\t<div class=\"elementor-element elementor-element-85549d1 e-flex e-con-boxed e-con e-parent\" data-id=\"85549d1\" data-element_type=\"container\" data-e-type=\"container\">\n\t\t\t\t\t<div class=\"e-con-inner\">\n\t\t\t\t<div class=\"elementor-element elementor-element-a337a4f elementor-widget elementor-widget-text-editor\" data-id=\"a337a4f\" data-element_type=\"widget\" data-e-type=\"widget\" data-widget_type=\"text-editor.default\">\n\t\t\t\t<div class=\"elementor-widget-container\">\n\t\t\t\t\t\t\t\t\t<p>Hotel lujoso situado en el centro de Empuriabrava y muy cerca de la playa (a 20 minutos a pie de la zona de saltos). Cuenta con un centro de salud y belleza, jacuzzi, sauna, piscina y un excelente bar restaurante. <\/p><p><b>Descuento del 10% para paracaidistas.<\/b><\/p><p>Consulta el hotel para m\u00e1s informaci\u00f3n sobre precios y reservas.<\/p><p>Av. Hayas de Clemente, 10-15<br>Sector Puerto Salinos - Empuriabrava <\/p><p>Tel. +34 902 45 47 00<br>Fax.  +34 972 45 60 47<\/p><p>Email: <a class=\"blue bold\" title=\"\" href=\"mailto:info@hotelportsalins.com\">info@hotelportsalins.com<\/a><br><a class=\"blue bold\" title=\"\" href=\"http:\/\/www.hotelportsalins.com\/\">http:\/\/www.hotelportsalins.com\/<\/a><\/p>\t\t\t\t\t\t\t\t<\/div>\n\t\t\t\t<\/div>\n\t\t\t\t\t<\/div>\n\t\t\t\t<\/div>\n\t\t<div class=\"elementor-element elementor-element-505e245 e-con-full e-flex e-con e-parent\" data-id=\"505e245\" data-element_type=\"container\" data-e-type=\"container\">\n\t\t<div class=\"elementor-element elementor-element-597929a e-con-full e-flex e-con e-child\" data-id=\"597929a\" data-element_type=\"container\" data-e-type=\"container\" data-settings=\"{&quot;background_background&quot;:&quot;classic&quot;}\">\n\t\t\t\t<div class=\"elementor-element elementor-element-1a2e1da elementor-widget elementor-widget-heading\" data-id=\"1a2e1da\" data-element_type=\"widget\" data-e-type=\"widget\" data-widget_type=\"heading.default\">\n\t\t\t\t<div class=\"elementor-widget-container\">\n\t\t\t\t\t<h2 class=\"elementor-heading-title elementor-size-default\">Hotel Portofino<\/h2>\t\t\t\t<\/div>\n\t\t\t\t<\/div>\n\t\t\t\t<\/div>\n\t\t<div class=\"elementor-element elementor-element-e71fc98 e-con-full e-flex e-con e-child\" data-id=\"e71fc98\" data-element_type=\"container\" data-e-type=\"container\">\n\t\t\t\t<div class=\"elementor-element elementor-element-15d4379 elementor-widget elementor-widget-image\" data-id=\"15d4379\" data-element_type=\"widget\" data-e-type=\"widget\" data-widget_type=\"image.default\">\n\t\t\t\t<div class=\"elementor-widget-container\">\n\t\t\t\t\t\t\t\t\t\t\t\t\t\t\t<img loading=\"lazy\" decoding=\"async\" width=\"164\" height=\"110\" src=\"https:\/\/skydiveempuriabrava.com\/wp-content\/uploads\/portofino.jpg\" class=\"attachment-full size-full wp-image-11412\" alt=\"portofino\" \/>\t\t\t\t\t\t\t\t\t\t\t\t\t\t\t<\/div>\n\t\t\t\t<\/div>\n\t\t\t\t<\/div>\n\t\t\t\t<\/div>\n\t\t<div class=\"elementor-element elementor-element-94368ac e-flex e-con-boxed e-con e-parent\" data-id=\"94368ac\" data-element_type=\"container\" data-e-type=\"container\">\n\t\t\t\t\t<div class=\"e-con-inner\">\n\t\t\t\t<div class=\"elementor-element elementor-element-8c8a528 elementor-widget elementor-widget-text-editor\" data-id=\"8c8a528\" data-element_type=\"widget\" data-e-type=\"widget\" data-widget_type=\"text-editor.default\">\n\t\t\t\t<div class=\"elementor-widget-container\">\n\t\t\t\t\t\t\t\t\t<p><b>Descuentos especiales para paracaidistas.<br><br>Consulta el hotel para m\u00e1s informaci\u00f3n sobre precios y reservas<\/b> .<br><br>Av. Juan Carlos I<br>Sector Portofino, 1 - Empuriabrava <br><br>Tel. Tel. +34 972 45 66 88<br>Email: <a class=\"blue bold\" title=\"\" href=\"mailto:info@hotelportofino.es\">info@hotelportofino.es<\/a>  <br><a class=\"blue bold\" title=\"\" href=\"https:\/\/www.hotelportofino.es\/\">https:\/\/www.hotelportofino.es\/<\/a><\/p>\t\t\t\t\t\t\t\t<\/div>\n\t\t\t\t<\/div>\n\t\t\t\t\t<\/div>\n\t\t\t\t<\/div>\n\t\t<div class=\"elementor-element elementor-element-cf3e022 e-con-full e-flex e-con e-parent\" data-id=\"cf3e022\" data-element_type=\"container\" data-e-type=\"container\">\n\t\t<div class=\"elementor-element elementor-element-e5a4728 e-con-full e-flex e-con e-child\" data-id=\"e5a4728\" data-element_type=\"container\" data-e-type=\"container\" data-settings=\"{&quot;background_background&quot;:&quot;classic&quot;}\">\n\t\t\t\t<div class=\"elementor-element elementor-element-79a0dea elementor-widget elementor-widget-heading\" data-id=\"79a0dea\" data-element_type=\"widget\" data-e-type=\"widget\" data-widget_type=\"heading.default\">\n\t\t\t\t<div class=\"elementor-widget-container\">\n\t\t\t\t\t<h2 class=\"elementor-heading-title elementor-size-default\">Hotel Emporium<\/h2>\t\t\t\t<\/div>\n\t\t\t\t<\/div>\n\t\t\t\t<\/div>\n\t\t<div class=\"elementor-element elementor-element-951f541 e-con-full e-flex e-con e-child\" data-id=\"951f541\" data-element_type=\"container\" data-e-type=\"container\">\n\t\t\t\t<div class=\"elementor-element elementor-element-b87d68a elementor-widget elementor-widget-image\" data-id=\"b87d68a\" data-element_type=\"widget\" data-e-type=\"widget\" data-widget_type=\"image.default\">\n\t\t\t\t<div class=\"elementor-widget-container\">\n\t\t\t\t\t\t\t\t\t\t\t\t\t\t\t<img loading=\"lazy\" decoding=\"async\" width=\"940\" height=\"793\" src=\"https:\/\/skydiveempuriabrava.com\/wp-content\/uploads\/Emporium.jpg\" class=\"attachment-full size-full wp-image-11400\" alt=\"Emporium\" srcset=\"https:\/\/skydiveempuriabrava.com\/wp-content\/uploads\/Emporium.jpg 940w, https:\/\/skydiveempuriabrava.com\/wp-content\/uploads\/Emporium-300x253.jpg 300w, https:\/\/skydiveempuriabrava.com\/wp-content\/uploads\/Emporium-768x648.jpg 768w\" sizes=\"(max-width: 940px) 100vw, 940px\" \/>\t\t\t\t\t\t\t\t\t\t\t\t\t\t\t<\/div>\n\t\t\t\t<\/div>\n\t\t\t\t<\/div>\n\t\t\t\t<\/div>\n\t\t<div class=\"elementor-element elementor-element-0686ac5 e-flex e-con-boxed e-con e-parent\" data-id=\"0686ac5\" data-element_type=\"container\" data-e-type=\"container\">\n\t\t\t\t\t<div class=\"e-con-inner\">\n\t\t\t\t<div class=\"elementor-element elementor-element-c6ca9cf elementor-widget elementor-widget-text-editor\" data-id=\"c6ca9cf\" data-element_type=\"widget\" data-e-type=\"widget\" data-widget_type=\"text-editor.default\">\n\t\t\t\t<div class=\"elementor-widget-container\">\n\t\t\t\t\t\t\t\t\t<p>Situado en el centro hist\u00f3rico de la villa medieval de Castell\u00f3 d&#8217;Emp\u00faries, a 5 minutos del centro de paracaidismo. Cuenta con un restaurante gourmet guardonado con un Sol Repsol, una estrella Mitchelin y un premio por su extensa carta de vinos. Tambi\u00e9n dispone de un caf\u00e9\/bistrot con un amplio servicio de desayunos, comidas y tapas.  <\/p><p>Descuento especial del 5% para paracaidistas utilizando el c\u00f3digo: SKYDIVE<\/p><div class=\"elementToProof\">Calle Santa Clara 31<\/div><div class=\"elementToProof\">Castell\u00f3 d&#8217;Emp\u00faries<br><br>Tel. 972250593<br>Fax. 972250661  972250661<br><br>Email: <a id=\"OWAed3ae85a-d0ca-8ebb-3465-15829cd2c437\" class=\"blue bold OWAAutoLink\" href=\"mailto:reserves@emporiumhotel.com\">reserves@emporiumhotel.com<\/a><br><a id=\"OWA99810090-3542-f485-c43e-2775951f9730\" class=\"blue bold OWAAutoLink\" href=\"https:\/\/www.emporiumhotel.com\/\">https:\/\/www.emporiumhotel.com<\/a><\/div>\t\t\t\t\t\t\t\t<\/div>\n\t\t\t\t<\/div>\n\t\t\t\t\t<\/div>\n\t\t\t\t<\/div>\n\t\t\t\t<\/div>\n\t\t","protected":false},"excerpt":{"rendered":"<p>ALOJAMIENTO EN HOTELES Xon\u00b4s Platja *** \u00a1Disfruta de la comodidad de un apartamento con todos los servicios de un hotel! situado en pleno centro de Empuriabrava, a s\u00f3lo 2 minutos andando de la playa ya 20 minutos de la zona de saltos. Abierto las 24 horas del d\u00eda, con restaurantes tipo buffet, cafeter\u00eda, piscina al [&hellip;]<\/p>\n","protected":false},"author":1,"featured_media":0,"parent":0,"menu_order":0,"comment_status":"closed","ping_status":"closed","template":"","meta":{"site-sidebar-layout":"no-sidebar","site-content-layout":"page-builder","ast-site-content-layout":"full-width-container","site-content-style":"default","site-sidebar-style":"default","ast-global-header-display":"","ast-banner-title-visibility":"","ast-main-header-display":"","ast-hfb-above-header-display":"","ast-hfb-below-header-display":"","ast-hfb-mobile-header-display":"","site-post-title":"disabled","ast-breadcrumbs-content":"","ast-featured-img":"disabled","footer-sml-layout":"","ast-disable-related-posts":"","theme-transparent-header-meta":"","adv-header-id-meta":"","stick-header-meta":"","header-above-stick-meta":"","header-main-stick-meta":"","header-below-stick-meta":"","astra-migrate-meta-layouts":"default","ast-page-background-enabled":"default","ast-page-background-meta":{"desktop":{"background-color":"","background-image":"","background-repeat":"repeat","background-position":"center center","background-size":"auto","background-attachment":"scroll","background-type":"","background-media":"","overlay-type":"","overlay-color":"","overlay-opacity":"","overlay-gradient":""},"tablet":{"background-color":"","background-image":"","background-repeat":"repeat","background-position":"center center","background-size":"auto","background-attachment":"scroll","background-type":"","background-media":"","overlay-type":"","overlay-color":"","overlay-opacity":"","overlay-gradient":""},"mobile":{"background-color":"","background-image":"","background-repeat":"repeat","background-position":"center center","background-size":"auto","background-attachment":"scroll","background-type":"","background-media":"","overlay-type":"","overlay-color":"","overlay-opacity":"","overlay-gradient":""}},"ast-content-background-meta":{"desktop":{"background-color":"var(--ast-global-color-5)","background-image":"","background-repeat":"repeat","background-position":"center center","background-size":"auto","background-attachment":"scroll","background-type":"","background-media":"","overlay-type":"","overlay-color":"","overlay-opacity":"","overlay-gradient":""},"tablet":{"background-color":"var(--ast-global-color-5)","background-image":"","background-repeat":"repeat","background-position":"center center","background-size":"auto","background-attachment":"scroll","background-type":"","background-media":"","overlay-type":"","overlay-color":"","overlay-opacity":"","overlay-gradient":""},"mobile":{"background-color":"var(--ast-global-color-5)","background-image":"","background-repeat":"repeat","background-position":"center center","background-size":"auto","background-attachment":"scroll","background-type":"","background-media":"","overlay-type":"","overlay-color":"","overlay-opacity":"","overlay-gradient":""}},"footnotes":""},"folder":[15],"class_list":["post-11329","page","type-page","status-publish","hentry"],"_links":{"self":[{"href":"https:\/\/skydiveempuriabrava.com\/es\/wp-json\/wp\/v2\/pages\/11329","targetHints":{"allow":["GET"]}}],"collection":[{"href":"https:\/\/skydiveempuriabrava.com\/es\/wp-json\/wp\/v2\/pages"}],"about":[{"href":"https:\/\/skydiveempuriabrava.com\/es\/wp-json\/wp\/v2\/types\/page"}],"author":[{"embeddable":true,"href":"https:\/\/skydiveempuriabrava.com\/es\/wp-json\/wp\/v2\/users\/1"}],"replies":[{"embeddable":true,"href":"https:\/\/skydiveempuriabrava.com\/es\/wp-json\/wp\/v2\/comments?post=11329"}],"version-history":[{"count":7,"href":"https:\/\/skydiveempuriabrava.com\/es\/wp-json\/wp\/v2\/pages\/11329\/revisions"}],"predecessor-version":[{"id":13463,"href":"https:\/\/skydiveempuriabrava.com\/es\/wp-json\/wp\/v2\/pages\/11329\/revisions\/13463"}],"wp:attachment":[{"href":"https:\/\/skydiveempuriabrava.com\/es\/wp-json\/wp\/v2\/media?parent=11329"}],"wp:term":[{"taxonomy":"folder","embeddable":true,"href":"https:\/\/skydiveempuriabrava.com\/es\/wp-json\/wp\/v2\/folder?post=11329"}],"curies":[{"name":"wp","href":"https:\/\/api.w.org\/{rel}","templated":true}]}}