{"id":11343,"date":"2025-05-09T15:38:31","date_gmt":"2025-05-09T13:38:31","guid":{"rendered":"https:\/\/skydiveempuriabrava.com\/apartamentos\/"},"modified":"2025-05-15T09:51:39","modified_gmt":"2025-05-15T07:51:39","slug":"apartamentos","status":"publish","type":"page","link":"https:\/\/skydiveempuriabrava.com\/es\/apartamentos\/","title":{"rendered":"APARTAMENTOS"},"content":{"rendered":"\t\t<div data-elementor-type=\"wp-page\" data-elementor-id=\"11343\" class=\"elementor elementor-11343 elementor-11337\" data-elementor-post-type=\"page\">\n\t\t\t\t<div class=\"elementor-element elementor-element-7a4dd7d5 animated-fast e-flex e-con-boxed elementor-invisible e-con e-parent\" data-id=\"7a4dd7d5\" data-element_type=\"container\" data-e-type=\"container\" data-settings=\"{&quot;background_background&quot;:&quot;classic&quot;,&quot;animation&quot;:&quot;slideInDown&quot;}\">\n\t\t\t\t\t<div class=\"e-con-inner\">\n\t\t\t\t<div class=\"elementor-element elementor-element-13af40a2 animated-slow elementor-widget elementor-widget-heading\" data-id=\"13af40a2\" data-element_type=\"widget\" data-e-type=\"widget\" data-settings=\"{&quot;_animation&quot;:&quot;none&quot;}\" data-widget_type=\"heading.default\">\n\t\t\t\t<div class=\"elementor-widget-container\">\n\t\t\t\t\t<h2 class=\"elementor-heading-title elementor-size-default\">ALOJAMIENTO EN APARTAMENTOS<\/h2>\t\t\t\t<\/div>\n\t\t\t\t<\/div>\n\t\t\t\t\t<\/div>\n\t\t\t\t<\/div>\n\t\t<div class=\"elementor-element elementor-element-6be7143f e-con-full e-flex e-con e-parent\" data-id=\"6be7143f\" data-element_type=\"container\" data-e-type=\"container\">\n\t\t<div class=\"elementor-element elementor-element-d72fb1a e-con-full e-flex e-con e-child\" data-id=\"d72fb1a\" data-element_type=\"container\" data-e-type=\"container\" data-settings=\"{&quot;background_background&quot;:&quot;classic&quot;}\">\n\t\t\t\t<div class=\"elementor-element elementor-element-2c6e4eb4 elementor-widget elementor-widget-heading\" data-id=\"2c6e4eb4\" data-element_type=\"widget\" data-e-type=\"widget\" data-widget_type=\"heading.default\">\n\t\t\t\t<div class=\"elementor-widget-container\">\n\t\t\t\t\t<h2 class=\"elementor-heading-title elementor-size-default\">Comte d'Emp\u00faries<\/h2>\t\t\t\t<\/div>\n\t\t\t\t<\/div>\n\t\t\t\t<\/div>\n\t\t<div class=\"elementor-element elementor-element-8f348c4 e-con-full e-flex e-con e-child\" data-id=\"8f348c4\" data-element_type=\"container\" data-e-type=\"container\">\n\t\t\t\t<div class=\"elementor-element elementor-element-10522223 elementor-widget elementor-widget-image\" data-id=\"10522223\" data-element_type=\"widget\" data-e-type=\"widget\" data-widget_type=\"image.default\">\n\t\t\t\t<div class=\"elementor-widget-container\">\n\t\t\t\t\t\t\t\t\t\t\t\t\t\t\t<img fetchpriority=\"high\" decoding=\"async\" width=\"940\" height=\"624\" src=\"https:\/\/skydiveempuriabrava.com\/wp-content\/uploads\/Compte-Empuries-940x624-1.jpg\" class=\"attachment-full size-full wp-image-11430\" alt=\"Compte-Empuries\" srcset=\"https:\/\/skydiveempuriabrava.com\/wp-content\/uploads\/Compte-Empuries-940x624-1.jpg 940w, https:\/\/skydiveempuriabrava.com\/wp-content\/uploads\/Compte-Empuries-940x624-1-300x199.jpg 300w, https:\/\/skydiveempuriabrava.com\/wp-content\/uploads\/Compte-Empuries-940x624-1-768x510.jpg 768w\" sizes=\"(max-width: 940px) 100vw, 940px\" \/>\t\t\t\t\t\t\t\t\t\t\t\t\t\t\t<\/div>\n\t\t\t\t<\/div>\n\t\t\t\t<\/div>\n\t\t\t\t<\/div>\n\t\t<div class=\"elementor-element elementor-element-37e00641 e-flex e-con-boxed e-con e-parent\" data-id=\"37e00641\" data-element_type=\"container\" data-e-type=\"container\">\n\t\t\t\t\t<div class=\"e-con-inner\">\n\t\t\t\t<div class=\"elementor-element elementor-element-2006c07 elementor-widget elementor-widget-text-editor\" data-id=\"2006c07\" data-element_type=\"widget\" data-e-type=\"widget\" data-widget_type=\"text-editor.default\">\n\t\t\t\t<div class=\"elementor-widget-container\">\n\t\t\t\t\t\t\t\t\t<p>A 3 km de la zona de saltos y junto a la playa. Con cocina y piscina. Los apartamentos disponen de 2 sof\u00e1s cama individuales en el comedor. Servicio diario de camas y recogida de basura.   <\/p><p>El precio incluye el IVA, las s\u00e1banas y la limpieza final. Durante los meses de julio y agosto la reserva se realizar\u00e1 por semanas enteras, de s\u00e1bado a s\u00e1bado, abonando un dep\u00f3sito del 50 % en el momento de confirmarla. En cualquier otro momento del a\u00f1o, la estancia se paga el d\u00eda de la llegada.  <\/p>\t\t\t\t\t\t\t\t<\/div>\n\t\t\t\t<\/div>\n\t\t\t\t<div class=\"elementor-element elementor-element-4e0335a elementor-align-center elementor-widget elementor-widget-button\" data-id=\"4e0335a\" data-element_type=\"widget\" data-e-type=\"widget\" data-widget_type=\"button.default\">\n\t\t\t\t<div class=\"elementor-widget-container\">\n\t\t\t\t\t\t\t\t\t<div class=\"elementor-button-wrapper\">\n\t\t\t\t\t<a class=\"elementor-button elementor-button-link elementor-size-sm elementor-animation-grow\" href=\"http:\/\/www.xonshotels.com\/hoteles\/apartaments-turistics-comte-d-empuries\/\" target=\"_blank\">\n\t\t\t\t\t\t<span class=\"elementor-button-content-wrapper\">\n\t\t\t\t\t\t\t\t\t<span class=\"elementor-button-text\">Ver m\u00e1s<\/span>\n\t\t\t\t\t<\/span>\n\t\t\t\t\t<\/a>\n\t\t\t\t<\/div>\n\t\t\t\t\t\t\t\t<\/div>\n\t\t\t\t<\/div>\n\t\t\t\t\t<\/div>\n\t\t\t\t<\/div>\n\t\t<div class=\"elementor-element elementor-element-6dd37c08 e-con-full e-flex e-con e-parent\" data-id=\"6dd37c08\" data-element_type=\"container\" data-e-type=\"container\">\n\t\t<div class=\"elementor-element elementor-element-50364902 e-con-full e-flex e-con e-child\" data-id=\"50364902\" data-element_type=\"container\" data-e-type=\"container\" data-settings=\"{&quot;background_background&quot;:&quot;classic&quot;}\">\n\t\t\t\t<div class=\"elementor-element elementor-element-128cca30 elementor-widget elementor-widget-heading\" data-id=\"128cca30\" data-element_type=\"widget\" data-e-type=\"widget\" data-widget_type=\"heading.default\">\n\t\t\t\t<div class=\"elementor-widget-container\">\n\t\t\t\t\t<h2 class=\"elementor-heading-title elementor-size-default\">Maurici Park<\/h2>\t\t\t\t<\/div>\n\t\t\t\t<\/div>\n\t\t\t\t<\/div>\n\t\t<div class=\"elementor-element elementor-element-3a9dadb0 e-con-full e-flex e-con e-child\" data-id=\"3a9dadb0\" data-element_type=\"container\" data-e-type=\"container\">\n\t\t\t\t<div class=\"elementor-element elementor-element-2b155dc9 elementor-widget elementor-widget-image\" data-id=\"2b155dc9\" data-element_type=\"widget\" data-e-type=\"widget\" data-widget_type=\"image.default\">\n\t\t\t\t<div class=\"elementor-widget-container\">\n\t\t\t\t\t\t\t\t\t\t\t\t\t\t\t<img decoding=\"async\" width=\"256\" height=\"192\" src=\"https:\/\/skydiveempuriabrava.com\/wp-content\/uploads\/maurici.jpg\" class=\"attachment-large size-large wp-image-11439\" alt=\"maurici\" \/>\t\t\t\t\t\t\t\t\t\t\t\t\t\t\t<\/div>\n\t\t\t\t<\/div>\n\t\t\t\t<\/div>\n\t\t\t\t<\/div>\n\t\t<div class=\"elementor-element elementor-element-5ec4d68 e-flex e-con-boxed e-con e-parent\" data-id=\"5ec4d68\" data-element_type=\"container\" data-e-type=\"container\">\n\t\t\t\t\t<div class=\"e-con-inner\">\n\t\t\t\t<div class=\"elementor-element elementor-element-21c4bcc elementor-widget elementor-widget-text-editor\" data-id=\"21c4bcc\" data-element_type=\"widget\" data-e-type=\"widget\" data-widget_type=\"text-editor.default\">\n\t\t\t\t<div class=\"elementor-widget-container\">\n\t\t\t\t\t\t\t\t\t<p>A 500 metros de la zona de saltos, con calefacci\u00f3n central y aire acondicionado, cocina, piscina, televisor, vitrocer\u00e1mica, caja fuerte y lavadora. El comedor dispone de un sof\u00e1 cama doble. <br><br>Los precios son por noche e incluyen IVA. Puedes beneficiarte del 10% de descuento a partir de 4 noches y del 15% de descuento a partir de 7 noches sobre la tarifa vigente. Del 30 de junio al 1 de septiembre, las reservas se realizan por semanas completas, de s\u00e1bado a s\u00e1bado, y se solicita un dep\u00f3sito del 40% en el momento de formalizar la reserva. En otros per\u00edodos se paga el d\u00eda de llegada.   <\/p>\t\t\t\t\t\t\t\t<\/div>\n\t\t\t\t<\/div>\n\t\t\t\t<div class=\"elementor-element elementor-element-04bb05f elementor-align-center elementor-widget elementor-widget-button\" data-id=\"04bb05f\" data-element_type=\"widget\" data-e-type=\"widget\" data-widget_type=\"button.default\">\n\t\t\t\t<div class=\"elementor-widget-container\">\n\t\t\t\t\t\t\t\t\t<div class=\"elementor-button-wrapper\">\n\t\t\t\t\t<a class=\"elementor-button elementor-button-link elementor-size-sm elementor-animation-grow\" href=\"https:\/\/www.pierreetvacances.com\/es-es\/fp_GGI_alquiler-apartamentos-apartamentos-empuriabrava-maurici-park\" target=\"_blank\">\n\t\t\t\t\t\t<span class=\"elementor-button-content-wrapper\">\n\t\t\t\t\t\t\t\t\t<span class=\"elementor-button-text\">Ver m\u00e1s<\/span>\n\t\t\t\t\t<\/span>\n\t\t\t\t\t<\/a>\n\t\t\t\t<\/div>\n\t\t\t\t\t\t\t\t<\/div>\n\t\t\t\t<\/div>\n\t\t\t\t\t<\/div>\n\t\t\t\t<\/div>\n\t\t<div class=\"elementor-element elementor-element-4ae6024 e-con-full e-flex e-con e-parent\" data-id=\"4ae6024\" data-element_type=\"container\" data-e-type=\"container\">\n\t\t<div class=\"elementor-element elementor-element-56590991 e-con-full e-flex e-con e-child\" data-id=\"56590991\" data-element_type=\"container\" data-e-type=\"container\" data-settings=\"{&quot;background_background&quot;:&quot;classic&quot;}\">\n\t\t\t\t<div class=\"elementor-element elementor-element-189a4cc3 elementor-widget elementor-widget-heading\" data-id=\"189a4cc3\" data-element_type=\"widget\" data-e-type=\"widget\" data-widget_type=\"heading.default\">\n\t\t\t\t<div class=\"elementor-widget-container\">\n\t\t\t\t\t<h2 class=\"elementor-heading-title elementor-size-default\">Oasis<\/h2>\t\t\t\t<\/div>\n\t\t\t\t<\/div>\n\t\t\t\t<\/div>\n\t\t<div class=\"elementor-element elementor-element-77fcebc0 e-con-full e-flex e-con e-child\" data-id=\"77fcebc0\" data-element_type=\"container\" data-e-type=\"container\">\n\t\t\t\t<div class=\"elementor-element elementor-element-a8074b4 elementor-widget elementor-widget-image\" data-id=\"a8074b4\" data-element_type=\"widget\" data-e-type=\"widget\" data-widget_type=\"image.default\">\n\t\t\t\t<div class=\"elementor-widget-container\">\n\t\t\t\t\t\t\t\t\t\t\t\t\t\t\t<img decoding=\"async\" width=\"800\" height=\"600\" src=\"https:\/\/skydiveempuriabrava.com\/wp-content\/uploads\/Oasis.jpg\" class=\"attachment-full size-full wp-image-11443\" alt=\"Oasis\" srcset=\"https:\/\/skydiveempuriabrava.com\/wp-content\/uploads\/Oasis.jpg 800w, https:\/\/skydiveempuriabrava.com\/wp-content\/uploads\/Oasis-300x225.jpg 300w, https:\/\/skydiveempuriabrava.com\/wp-content\/uploads\/Oasis-768x576.jpg 768w\" sizes=\"(max-width: 800px) 100vw, 800px\" \/>\t\t\t\t\t\t\t\t\t\t\t\t\t\t\t<\/div>\n\t\t\t\t<\/div>\n\t\t\t\t<\/div>\n\t\t\t\t<\/div>\n\t\t<div class=\"elementor-element elementor-element-6cba3930 e-flex e-con-boxed e-con e-parent\" data-id=\"6cba3930\" data-element_type=\"container\" data-e-type=\"container\">\n\t\t\t\t\t<div class=\"e-con-inner\">\n\t\t\t\t<div class=\"elementor-element elementor-element-5dfaddd8 elementor-widget elementor-widget-text-editor\" data-id=\"5dfaddd8\" data-element_type=\"widget\" data-e-type=\"widget\" data-widget_type=\"text-editor.default\">\n\t\t\t\t<div class=\"elementor-widget-container\">\n\t\t\t\t\t\t\t\t\t<p>A 2,5 km de la zona de saltos y cerca de la playa. Apartamentos con cocina. El precio por noche incluye el IVA. Las s\u00e1banas se cobran aparte (10 \u20ac\/persona por semana).   <br><br>Durante el verano las reservas se realizan por semanas enteras, con d\u00edas fijos de entrada, y hay que satisfacer el 50% del pago en dep\u00f3sito en el momento de formalizar la reserva. En cualquier otro momento del a\u00f1o, la estancia se paga en efectivo el d\u00eda de la llegada. Al hacer la reserva es necesario indicar el nombre y la direcci\u00f3n de la persona interesada.  <br><br><b>Descuento especial del 10% por paracaidistas<\/b><\/p>\t\t\t\t\t\t\t\t<\/div>\n\t\t\t\t<\/div>\n\t\t\t\t<div class=\"elementor-element elementor-element-b95c239 elementor-align-center elementor-widget elementor-widget-button\" data-id=\"b95c239\" data-element_type=\"widget\" data-e-type=\"widget\" data-widget_type=\"button.default\">\n\t\t\t\t<div class=\"elementor-widget-container\">\n\t\t\t\t\t\t\t\t\t<div class=\"elementor-button-wrapper\">\n\t\t\t\t\t<a class=\"elementor-button elementor-button-link elementor-size-sm elementor-animation-grow\" href=\"http:\/\/www.oasiscostabrava.com\/\" target=\"_blank\">\n\t\t\t\t\t\t<span class=\"elementor-button-content-wrapper\">\n\t\t\t\t\t\t\t\t\t<span class=\"elementor-button-text\">Ver m\u00e1s<\/span>\n\t\t\t\t\t<\/span>\n\t\t\t\t\t<\/a>\n\t\t\t\t<\/div>\n\t\t\t\t\t\t\t\t<\/div>\n\t\t\t\t<\/div>\n\t\t\t\t\t<\/div>\n\t\t\t\t<\/div>\n\t\t<div class=\"elementor-element elementor-element-fcaafe9 e-con-full e-flex e-con e-parent\" data-id=\"fcaafe9\" data-element_type=\"container\" data-e-type=\"container\">\n\t\t<div class=\"elementor-element elementor-element-2df2c883 e-con-full e-flex e-con e-child\" data-id=\"2df2c883\" data-element_type=\"container\" data-e-type=\"container\" data-settings=\"{&quot;background_background&quot;:&quot;classic&quot;}\">\n\t\t\t\t<div class=\"elementor-element elementor-element-2c0618b5 elementor-widget elementor-widget-heading\" data-id=\"2c0618b5\" data-element_type=\"widget\" data-e-type=\"widget\" data-widget_type=\"heading.default\">\n\t\t\t\t<div class=\"elementor-widget-container\">\n\t\t\t\t\t<h2 class=\"elementor-heading-title elementor-size-default\">La Vida Sin L\u00edmites<\/h2>\t\t\t\t<\/div>\n\t\t\t\t<\/div>\n\t\t\t\t<\/div>\n\t\t<div class=\"elementor-element elementor-element-1684925e e-con-full e-flex e-con e-child\" data-id=\"1684925e\" data-element_type=\"container\" data-e-type=\"container\">\n\t\t\t\t<div class=\"elementor-element elementor-element-86abe7e elementor-widget elementor-widget-image\" data-id=\"86abe7e\" data-element_type=\"widget\" data-e-type=\"widget\" data-widget_type=\"image.default\">\n\t\t\t\t<div class=\"elementor-widget-container\">\n\t\t\t\t\t\t\t\t\t\t\t\t\t\t\t<img loading=\"lazy\" decoding=\"async\" width=\"940\" height=\"626\" src=\"https:\/\/skydiveempuriabrava.com\/wp-content\/uploads\/lavidasinlimites-940x626-1.jpeg\" class=\"attachment-full size-full wp-image-11434\" alt=\"lavidasinlimites\" srcset=\"https:\/\/skydiveempuriabrava.com\/wp-content\/uploads\/lavidasinlimites-940x626-1.jpeg 940w, https:\/\/skydiveempuriabrava.com\/wp-content\/uploads\/lavidasinlimites-940x626-1-300x200.jpeg 300w, https:\/\/skydiveempuriabrava.com\/wp-content\/uploads\/lavidasinlimites-940x626-1-768x511.jpeg 768w\" sizes=\"(max-width: 940px) 100vw, 940px\" \/>\t\t\t\t\t\t\t\t\t\t\t\t\t\t\t<\/div>\n\t\t\t\t<\/div>\n\t\t\t\t<\/div>\n\t\t\t\t<\/div>\n\t\t<div class=\"elementor-element elementor-element-691cd6c7 e-flex e-con-boxed e-con e-parent\" data-id=\"691cd6c7\" data-element_type=\"container\" data-e-type=\"container\">\n\t\t\t\t\t<div class=\"e-con-inner\">\n\t\t\t\t<div class=\"elementor-element elementor-element-470f7886 elementor-widget elementor-widget-text-editor\" data-id=\"470f7886\" data-element_type=\"widget\" data-e-type=\"widget\" data-widget_type=\"text-editor.default\">\n\t\t\t\t<div class=\"elementor-widget-container\">\n\t\t\t\t\t\t\t\t\t<p>El centro de apartamentos \u00abLa Vida Sin L\u00edmites\u00bb est\u00e1 ubicado en el encantador pueblo de Empuriabrava, en primera l\u00ednea de mar. El centro une 9 apartamentos y cada uno de ellos dispone de una habitaci\u00f3n con cama doble. Cuatro de los apartamentos tienen la posibilidad de realizar dos camas individuales. Tambi\u00e9n todos disponen de un comedor con un sof\u00e1 cama. Los apartamentos constan de una cocina totalmente equipada. En el centro encontramos un parking con 9 plazas, una zona com\u00fan con barbacoa y una lavander\u00eda. Para m\u00e1s informaci\u00f3n, visita nuestra p\u00e1gina web.      <\/p><p><b>Descuento especial del 10% por paracaidistas<\/b><\/p><p>Bahia, 26b, Empuriabrava, 17487<\/p><p>Tel. +34 625 584 654<br> Email: <a class=\"blue bold\" title=\"\" href=\"mailto:welcome@welcs.app\">welcome@welcs.app<\/a><br><a class=\"blue bold\" title=\"\" href=\"http:\/\/www.lavidasinlimites.com\">www.lavidasinlimites.com<\/a><\/p>\t\t\t\t\t\t\t\t<\/div>\n\t\t\t\t<\/div>\n\t\t\t\t\t<\/div>\n\t\t\t\t<\/div>\n\t\t<div class=\"elementor-element elementor-element-3d6e2225 e-con-full e-flex e-con e-parent\" data-id=\"3d6e2225\" data-element_type=\"container\" data-e-type=\"container\">\n\t\t<div class=\"elementor-element elementor-element-820abce e-con-full e-flex e-con e-child\" data-id=\"820abce\" data-element_type=\"container\" data-e-type=\"container\" data-settings=\"{&quot;background_background&quot;:&quot;classic&quot;}\">\n\t\t\t\t<div class=\"elementor-element elementor-element-6debd0a4 elementor-widget elementor-widget-heading\" data-id=\"6debd0a4\" data-element_type=\"widget\" data-e-type=\"widget\" data-widget_type=\"heading.default\">\n\t\t\t\t<div class=\"elementor-widget-container\">\n\t\t\t\t\t<h2 class=\"elementor-heading-title elementor-size-default\">Welcs<\/h2>\t\t\t\t<\/div>\n\t\t\t\t<\/div>\n\t\t\t\t<\/div>\n\t\t<div class=\"elementor-element elementor-element-4401c0c5 e-con-full e-flex e-con e-child\" data-id=\"4401c0c5\" data-element_type=\"container\" data-e-type=\"container\">\n\t\t\t\t<div class=\"elementor-element elementor-element-1a42580c elementor-widget elementor-widget-image\" data-id=\"1a42580c\" data-element_type=\"widget\" data-e-type=\"widget\" data-widget_type=\"image.default\">\n\t\t\t\t<div class=\"elementor-widget-container\">\n\t\t\t\t\t\t\t\t\t\t\t\t\t\t\t<img loading=\"lazy\" decoding=\"async\" width=\"940\" height=\"627\" src=\"https:\/\/skydiveempuriabrava.com\/wp-content\/uploads\/welcs-940x627-1.jpeg\" class=\"attachment-full size-full wp-image-11447\" alt=\"welcs\" srcset=\"https:\/\/skydiveempuriabrava.com\/wp-content\/uploads\/welcs-940x627-1.jpeg 940w, https:\/\/skydiveempuriabrava.com\/wp-content\/uploads\/welcs-940x627-1-300x200.jpeg 300w, https:\/\/skydiveempuriabrava.com\/wp-content\/uploads\/welcs-940x627-1-768x512.jpeg 768w\" sizes=\"(max-width: 940px) 100vw, 940px\" \/>\t\t\t\t\t\t\t\t\t\t\t\t\t\t\t<\/div>\n\t\t\t\t<\/div>\n\t\t\t\t<\/div>\n\t\t\t\t<\/div>\n\t\t<div class=\"elementor-element elementor-element-54a08a33 e-flex e-con-boxed e-con e-parent\" data-id=\"54a08a33\" data-element_type=\"container\" data-e-type=\"container\">\n\t\t\t\t\t<div class=\"e-con-inner\">\n\t\t\t\t<div class=\"elementor-element elementor-element-2dd6a015 elementor-widget elementor-widget-text-editor\" data-id=\"2dd6a015\" data-element_type=\"widget\" data-e-type=\"widget\" data-widget_type=\"text-editor.default\">\n\t\t\t\t<div class=\"elementor-widget-container\">\n\t\t\t\t\t\t\t\t\t<p>Los mejores apartamentos y casas de vacaciones en la localidad de Empuriabrava para disfrutar de la Venecia de Catalu\u00f1a. El objetivo de Welcs es convertir cualquier viaje, sea por turismo, ocio o trabajo, en una experiencia \u00fanica y personalizada. En la web podr\u00e1 encontrar una amplia variedad de apartamentos, casas o chalets. Si buscas algo cerca de la zona de saltos, seguro que te complace.   <\/p><p><b>Descuento especial del 10% para paracaidistas<\/b><\/p><p>Sector Poblat Tipic, Edificio Nereida, Local C<\/p><p>Tel. +34 625 584 654<br> Email: <a class=\"blue bold\" title=\"\" href=\"mailto:welcome@welcs.app\">welcome@welcs.app<\/a><br><a class=\"blue bold\" title=\"\" href=\"http:\/\/www.lavidasinlimites.com\">www.welcs.app<\/a><\/p>\t\t\t\t\t\t\t\t<\/div>\n\t\t\t\t<\/div>\n\t\t\t\t\t<\/div>\n\t\t\t\t<\/div>\n\t\t<div class=\"elementor-element elementor-element-ae6efd4 e-con-full e-flex e-con e-parent\" data-id=\"ae6efd4\" data-element_type=\"container\" data-e-type=\"container\">\n\t\t<div class=\"elementor-element elementor-element-1c9afe12 e-con-full e-flex e-con e-child\" data-id=\"1c9afe12\" data-element_type=\"container\" data-e-type=\"container\" data-settings=\"{&quot;background_background&quot;:&quot;classic&quot;}\">\n\t\t\t\t<div class=\"elementor-element elementor-element-7d25ea4f elementor-widget elementor-widget-heading\" data-id=\"7d25ea4f\" data-element_type=\"widget\" data-e-type=\"widget\" data-widget_type=\"heading.default\">\n\t\t\t\t<div class=\"elementor-widget-container\">\n\t\t\t\t\t<h2 class=\"elementor-heading-title elementor-size-default\">Can Gibert<\/h2>\t\t\t\t<\/div>\n\t\t\t\t<\/div>\n\t\t\t\t<\/div>\n\t\t<div class=\"elementor-element elementor-element-48b15f50 e-con-full e-flex e-con e-child\" data-id=\"48b15f50\" data-element_type=\"container\" data-e-type=\"container\">\n\t\t\t\t<div class=\"elementor-element elementor-element-77917ea1 elementor-widget elementor-widget-image\" data-id=\"77917ea1\" data-element_type=\"widget\" data-e-type=\"widget\" data-widget_type=\"image.default\">\n\t\t\t\t<div class=\"elementor-widget-container\">\n\t\t\t\t\t\t\t\t\t\t\t\t\t\t\t<img loading=\"lazy\" decoding=\"async\" width=\"899\" height=\"674\" src=\"https:\/\/skydiveempuriabrava.com\/wp-content\/uploads\/can_gibert8.jpg\" class=\"attachment-full size-full wp-image-11426\" alt=\"can_gibert\" srcset=\"https:\/\/skydiveempuriabrava.com\/wp-content\/uploads\/can_gibert8.jpg 899w, https:\/\/skydiveempuriabrava.com\/wp-content\/uploads\/can_gibert8-300x225.jpg 300w, https:\/\/skydiveempuriabrava.com\/wp-content\/uploads\/can_gibert8-768x576.jpg 768w\" sizes=\"(max-width: 899px) 100vw, 899px\" \/>\t\t\t\t\t\t\t\t\t\t\t\t\t\t\t<\/div>\n\t\t\t\t<\/div>\n\t\t\t\t<\/div>\n\t\t\t\t<\/div>\n\t\t<div class=\"elementor-element elementor-element-3df0cac3 e-flex e-con-boxed e-con e-parent\" data-id=\"3df0cac3\" data-element_type=\"container\" data-e-type=\"container\">\n\t\t\t\t\t<div class=\"e-con-inner\">\n\t\t\t\t<div class=\"elementor-element elementor-element-586588c6 elementor-widget elementor-widget-text-editor\" data-id=\"586588c6\" data-element_type=\"widget\" data-e-type=\"widget\" data-widget_type=\"text-editor.default\">\n\t\t\t\t<div class=\"elementor-widget-container\">\n\t\t\t\t\t\t\t\t\t<p>Los apartamentos rurales Can Gibert se encuentran en una casa noble de los siglos XVIII y XIX, en el centro hist\u00f3rico de Castell\u00f3 d&#8217;Emp\u00faries. Cada uno de los 6 apartamentos es independiente, totalmente equipado y conserva la tradici\u00f3n de la \u00e9poca. Tambi\u00e9n hay un jard\u00edn com\u00fan.  <br><br>Descuento: 10% de descuento con reservas directas<br><br>Condiciones de cancelaci\u00f3n: \u00abLas condiciones de cancelaci\u00f3n y de pago por adelantado var\u00edan seg\u00fan temporada. Introduzca los datos de su estancia y consulte las condiciones del apartamento seleccionado.\u00bb<br><br>Comtes d\u2019Emp\u00faries, 26 \u00b7 17486 CASTELL\u00d3 D&#8217;EMP\u00daRIES, Girona<br><br>Tel. + 34 628 044 863<br> Email: <a class=\"blue bold\" title=\"\" href=\"mailto:cangibert@cangibert.net\">cangibert@cangibert.net<\/a><br><a class=\"blue bold\" title=\"\" href=\"https:\/\/www.cangibert.net\/\">https:\/\/www.cangibert.net\/<\/a><\/p>\t\t\t\t\t\t\t\t<\/div>\n\t\t\t\t<\/div>\n\t\t\t\t\t<\/div>\n\t\t\t\t<\/div>\n\t\t\t\t<\/div>\n\t\t","protected":false},"excerpt":{"rendered":"<p>ALOJAMIENTO EN APARTAMENTOS Comte d&#8217;Emp\u00faries A 3 km de la zona de saltos y junto a la playa. Con cocina y piscina. Los apartamentos disponen de 2 sof\u00e1s cama individuales en el comedor. Servicio diario de camas y recogida de basura. El precio incluye el IVA, las s\u00e1banas y la limpieza final. Durante los meses [&hellip;]<\/p>\n","protected":false},"author":1,"featured_media":0,"parent":0,"menu_order":0,"comment_status":"closed","ping_status":"closed","template":"","meta":{"site-sidebar-layout":"no-sidebar","site-content-layout":"page-builder","ast-site-content-layout":"full-width-container","site-content-style":"default","site-sidebar-style":"default","ast-global-header-display":"","ast-banner-title-visibility":"","ast-main-header-display":"","ast-hfb-above-header-display":"","ast-hfb-below-header-display":"","ast-hfb-mobile-header-display":"","site-post-title":"disabled","ast-breadcrumbs-content":"","ast-featured-img":"disabled","footer-sml-layout":"","ast-disable-related-posts":"","theme-transparent-header-meta":"","adv-header-id-meta":"","stick-header-meta":"","header-above-stick-meta":"","header-main-stick-meta":"","header-below-stick-meta":"","astra-migrate-meta-layouts":"default","ast-page-background-enabled":"default","ast-page-background-meta":{"desktop":{"background-color":"","background-image":"","background-repeat":"repeat","background-position":"center center","background-size":"auto","background-attachment":"scroll","background-type":"","background-media":"","overlay-type":"","overlay-color":"","overlay-opacity":"","overlay-gradient":""},"tablet":{"background-color":"","background-image":"","background-repeat":"repeat","background-position":"center center","background-size":"auto","background-attachment":"scroll","background-type":"","background-media":"","overlay-type":"","overlay-color":"","overlay-opacity":"","overlay-gradient":""},"mobile":{"background-color":"","background-image":"","background-repeat":"repeat","background-position":"center center","background-size":"auto","background-attachment":"scroll","background-type":"","background-media":"","overlay-type":"","overlay-color":"","overlay-opacity":"","overlay-gradient":""}},"ast-content-background-meta":{"desktop":{"background-color":"var(--ast-global-color-5)","background-image":"","background-repeat":"repeat","background-position":"center center","background-size":"auto","background-attachment":"scroll","background-type":"","background-media":"","overlay-type":"","overlay-color":"","overlay-opacity":"","overlay-gradient":""},"tablet":{"background-color":"var(--ast-global-color-5)","background-image":"","background-repeat":"repeat","background-position":"center center","background-size":"auto","background-attachment":"scroll","background-type":"","background-media":"","overlay-type":"","overlay-color":"","overlay-opacity":"","overlay-gradient":""},"mobile":{"background-color":"var(--ast-global-color-5)","background-image":"","background-repeat":"repeat","background-position":"center center","background-size":"auto","background-attachment":"scroll","background-type":"","background-media":"","overlay-type":"","overlay-color":"","overlay-opacity":"","overlay-gradient":""}},"footnotes":""},"folder":[15],"class_list":["post-11343","page","type-page","status-publish","hentry"],"_links":{"self":[{"href":"https:\/\/skydiveempuriabrava.com\/es\/wp-json\/wp\/v2\/pages\/11343","targetHints":{"allow":["GET"]}}],"collection":[{"href":"https:\/\/skydiveempuriabrava.com\/es\/wp-json\/wp\/v2\/pages"}],"about":[{"href":"https:\/\/skydiveempuriabrava.com\/es\/wp-json\/wp\/v2\/types\/page"}],"author":[{"embeddable":true,"href":"https:\/\/skydiveempuriabrava.com\/es\/wp-json\/wp\/v2\/users\/1"}],"replies":[{"embeddable":true,"href":"https:\/\/skydiveempuriabrava.com\/es\/wp-json\/wp\/v2\/comments?post=11343"}],"version-history":[{"count":6,"href":"https:\/\/skydiveempuriabrava.com\/es\/wp-json\/wp\/v2\/pages\/11343\/revisions"}],"predecessor-version":[{"id":11733,"href":"https:\/\/skydiveempuriabrava.com\/es\/wp-json\/wp\/v2\/pages\/11343\/revisions\/11733"}],"wp:attachment":[{"href":"https:\/\/skydiveempuriabrava.com\/es\/wp-json\/wp\/v2\/media?parent=11343"}],"wp:term":[{"taxonomy":"folder","embeddable":true,"href":"https:\/\/skydiveempuriabrava.com\/es\/wp-json\/wp\/v2\/folder?post=11343"}],"curies":[{"name":"wp","href":"https:\/\/api.w.org\/{rel}","templated":true}]}}