{"id":13633,"date":"2026-04-20T16:11:43","date_gmt":"2026-04-20T14:11:43","guid":{"rendered":"https:\/\/skydiveempuriabrava.com\/?page_id=13633"},"modified":"2026-04-21T12:54:17","modified_gmt":"2026-04-21T10:54:17","slug":"condiciones-de-venta-de-vales-regalo-para-el-tunel-de-viento","status":"publish","type":"page","link":"https:\/\/skydiveempuriabrava.com\/es\/condiciones-de-venta-de-vales-regalo-para-el-tunel-de-viento\/","title":{"rendered":"CONDICIONES DE VENTA DE VALES REGALO PARA EL T\u00daNEL DE VIENTO"},"content":{"rendered":"<nav style=\"background-color: #00a3e0; font-size:18px;font-style:normal;font-weight:600;line-height:1.5;text-transform:uppercase;letter-spacing:0px;\" class=\"has-text-color has-ast-global-color-5-color has-background is-responsive items-justified-center menu-pagines-legals wp-block-navigation is-horizontal is-content-justification-center is-layout-flex wp-container-core-navigation-is-layout-b187110c wp-block-navigation-is-layout-flex\" aria-label=\"P\u00e1ginas Legales\" \n\t\t data-wp-interactive=\"core\/navigation\" data-wp-context='{\"overlayOpenedBy\":{\"click\":false,\"hover\":false,\"focus\":false},\"type\":\"overlay\",\"roleAttribute\":\"\",\"ariaLabel\":\"Men\\u00fa\"}'><button aria-haspopup=\"dialog\" aria-label=\"Abrir el men\u00fa\" class=\"wp-block-navigation__responsive-container-open\" \n\t\t\t\tdata-wp-on--click=\"actions.openMenuOnClick\"\n\t\t\t\tdata-wp-on--keydown=\"actions.handleMenuKeydown\"\n\t\t\t><svg width=\"24\" height=\"24\" xmlns=\"http:\/\/www.w3.org\/2000\/svg\" viewBox=\"0 0 24 24\"><path d=\"M5 5v1.5h14V5H5z\"><\/path><path d=\"M5 12.8h14v-1.5H5v1.5z\"><\/path><path d=\"M5 19h14v-1.5H5V19z\"><\/path><\/svg><\/button>\n\t\t\t\t<div class=\"wp-block-navigation__responsive-container\"  id=\"modal-1\" \n\t\t\t\tdata-wp-class--has-modal-open=\"state.isMenuOpen\"\n\t\t\t\tdata-wp-class--is-menu-open=\"state.isMenuOpen\"\n\t\t\t\tdata-wp-watch=\"callbacks.initMenu\"\n\t\t\t\tdata-wp-on--keydown=\"actions.handleMenuKeydown\"\n\t\t\t\tdata-wp-on--focusout=\"actions.handleMenuFocusout\"\n\t\t\t\ttabindex=\"-1\"\n\t\t\t>\n\t\t\t\t\t<div class=\"wp-block-navigation__responsive-close\" tabindex=\"-1\">\n\t\t\t\t\t\t<div class=\"wp-block-navigation__responsive-dialog\" \n\t\t\t\tdata-wp-bind--aria-modal=\"state.ariaModal\"\n\t\t\t\tdata-wp-bind--aria-label=\"state.ariaLabel\"\n\t\t\t\tdata-wp-bind--role=\"state.roleAttribute\"\n\t\t\t>\n\t\t\t\t\t\t\t<button aria-label=\"Cerrar el men\u00fa\" class=\"wp-block-navigation__responsive-container-close\" \n\t\t\t\tdata-wp-on--click=\"actions.closeMenuOnClick\"\n\t\t\t><svg xmlns=\"http:\/\/www.w3.org\/2000\/svg\" viewBox=\"0 0 24 24\" width=\"24\" height=\"24\" aria-hidden=\"true\" focusable=\"false\"><path d=\"m13.06 12 6.47-6.47-1.06-1.06L12 10.94 5.53 4.47 4.47 5.53 10.94 12l-6.47 6.47 1.06 1.06L12 13.06l6.47 6.47 1.06-1.06L13.06 12Z\"><\/path><\/svg><\/button>\n\t\t\t\t\t\t\t<div class=\"wp-block-navigation__responsive-container-content\" \n\t\t\t\tdata-wp-watch=\"callbacks.focusFirstElement\"\n\t\t\t id=\"modal-1-content\">\n\t\t\t\t\t\t\t\t<ul style=\"background-color: #00a3e0; font-size:18px;font-style:normal;font-weight:600;line-height:1.5;text-transform:uppercase;letter-spacing:0px;\" class=\"wp-block-navigation__container has-text-color has-ast-global-color-5-color has-background is-responsive items-justified-center menu-pagines-legals wp-block-navigation\"><li style=\"font-size: 18px;\" class=\" wp-block-navigation-item wp-block-navigation-link\"><a class=\"wp-block-navigation-item__content\"  href=\"https:\/\/skydiveempuriabrava.com\/es\/aviso-legal\/\"><span class=\"wp-block-navigation-item__label\">AVISO LEGAL<\/span><\/a><\/li><li style=\"font-size: 18px;\" class=\" wp-block-navigation-item wp-block-navigation-link\"><a class=\"wp-block-navigation-item__content\"  href=\"https:\/\/skydiveempuriabrava.com\/es\/politicas-de-privacidad-y-cookies\/\"><span class=\"wp-block-navigation-item__label\">POL\u00cdTICAS DE PRIVACIDAD Y COOKIES<\/span><\/a><\/li><li style=\"font-size: 18px;\" class=\" wp-block-navigation-item wp-block-navigation-link\"><a class=\"wp-block-navigation-item__content\"  href=\"https:\/\/skydiveempuriabrava.com\/es\/condiciones-de-venta-de-productos-servicios-para-no-paracaidistas\/\"><span class=\"wp-block-navigation-item__label\">CONDICIONES DE VENTA DE SERVICIOS PARA NO PARACAIDISTAS<\/span><\/a><\/li><li style=\"font-size: 18px;\" class=\" wp-block-navigation-item wp-block-navigation-link\"><a class=\"wp-block-navigation-item__content\"  href=\"https:\/\/skydiveempuriabrava.com\/es\/condiciones-de-venta-de-vales-regalo-para-el-tunel-de-viento\/\"><span class=\"wp-block-navigation-item__label\">CONDICIONES DE VENTA DE VALES REGALO PARA EL T\u00daNEL DE VIENTO<\/span><\/a><\/li><li style=\"font-size: 18px;\" class=\" wp-block-navigation-item wp-block-navigation-link\"><a class=\"wp-block-navigation-item__content\"  href=\"https:\/\/skydiveempuriabrava.com\/es\/condiciones-de-venta-de-productos-servicios-para-paracaidistas\/\"><span class=\"wp-block-navigation-item__label\">CONDICIONES DE VENTA DE SERVICIOS PARA PARACAIDISTAS<\/span><\/a><\/li><li style=\"font-size: 18px;\" class=\" wp-block-navigation-item wp-block-navigation-link\"><a class=\"wp-block-navigation-item__content\"  href=\"https:\/\/skydiveempuriabrava.com\/es\/condiciones-de-venta-de-experience-trips-from-barcelona\/\"><span class=\"wp-block-navigation-item__label\">CONDICIONES DE VENTA DE EXPERIENCE TRIPS FROM BARCELONA<\/span><\/a><\/li><\/ul>\n\t\t\t\t\t\t\t<\/div>\n\t\t\t\t\t\t<\/div>\n\t\t\t\t\t<\/div>\n\t\t\t\t<\/div><\/nav>\n\n\n<div style=\"height:100px\" aria-hidden=\"true\" class=\"wp-block-spacer\"><\/div>\n\n\n<h2 class=\"wp-block-post-title\">CONDICIONES DE VENTA DE VALES REGALO PARA EL T\u00daNEL DE VIENTO<\/h2>\n\n\n<p>Los&nbsp;<strong>vales regalo de Tandem, de vuelos en avioneta o de Virtual Reality Experience&nbsp;caducan 1 a\u00f1o despu\u00e9s de su compra&nbsp;<\/strong>y, una vez caducados ya no se podr\u00e1n utilizar.<\/p>\n\n\n\n<p>Los&nbsp;<strong>vales regalo de Tunel de Viento&nbsp;caducan 6 meses despu\u00e9s de su compra<\/strong>&nbsp;y, una vez caducados ya no se podr\u00e1n utilizar.<\/p>\n\n\n\n<p><strong>Todos los vales regalo ser\u00e1n reembolsables hasta 6 meses despu\u00e9s de su compra.<\/strong><\/p>\n\n\n\n<h2 class=\"wp-block-heading\">ENV\u00cdO O RECOGIDA EN UN PUNTO DE VENTA<\/h2>\n\n\n\n<p>1- Por defecto se enviar\u00e1 el vale regalo gratuitamente a la direcci\u00f3n de correo electr\u00f3nico facilitada.&nbsp;<strong>(gratis)<\/strong><\/p>\n\n\n\n<p>2- Recogida en un punto de venta.&nbsp;<strong>(gratis)<\/strong>:<\/p>\n\n\n\n<p>-&nbsp;<strong>Empuriabrava (Girona), Spain<\/strong><\/p>\n\n\n\n<div style=\"position:relative;padding-bottom:56.25%;height:0;overflow:hidden;\">\n  <iframe \n    src=\"https:\/\/www.google.com\/maps\/embed?pb=!1m18!1m12!1m3!1d2952.934561698597!2d3.106745715453061!3d42.25856997919383!2m3!1f0!2f0!3f0!3m2!1i1024!2i768!4f15!3m3!1m2!1s0x12ba61ef3690a949%3A0x6580d5bdbc9bfae2!2sSkydive%20Empuriabrava%20-%20La%20Tierra%20del%20Cielo!5e0!3m2!1ses!2ses!4v1659951907991!5m2!1ses!2ses\"\n    style=\"position:absolute;top:0;left:0;width:100%;height:100%;border:0;\"\n    loading=\"lazy\"\n    referrerpolicy=\"no-referrer-when-downgrade\"\n    allowfullscreen=\"\">\n  <\/iframe>\n<\/div>\n\n\n\n<p>-&nbsp;<strong>Barcelona City Centre, Spain<\/strong><\/p>\n\n\n\n<div style=\"position:relative;padding-bottom:56.25%;height:0;overflow:hidden;\">\n  <iframe \n    src=\"https:\/\/www.google.com\/maps\/embed?pb=!1m18!1m12!1m3!1d2992.9611113914766!2d2.1623406348876952!3d41.39665089999998!2m3!1f0!2f0!3f0!3m2!1i1024!2i768!4f15!3m3!1m2!1s0x12a4a312ac3e918b%3A0x1f7c83f970873cdb!2sTandem%20Skydive%20Barcelona%20City%20(CO2%20Neutral)%20Selling%20Point!5e0!3m2!1ses!2ses!4v1659953337647!5m2!1ses!2ses\"\n    style=\"position:absolute;top:0;left:0;width:100%;height:100%;border:0;\"\n    loading=\"lazy\"\n    referrerpolicy=\"no-referrer-when-downgrade\"\n    allowfullscreen=\"\">\n  <\/iframe>\n<\/div>\n\n\n\n<h2 class=\"wp-block-heading\"><br>REQUISITOS Y CONDICONES PARA EL T\u00daNEL DE VIENTO<\/h2>\n\n\n\n<p>Ser mayor de 4 a\u00f1os.<br>No superar los 120 kg de peso corporal.<br>No estar embarazada.<br>No sufrir de alguna cardiopat\u00eda, epilepsia o lesi\u00f3n severa de espalda.<br>No sufrir dolores o luxaci\u00f3n de hombro.<br>No estar bajo los efectos del alcohol o estupefacientes.<\/p>\n\n\n\n<p>Para cambiar una reserva ya hecha, hay que comunicarlo con un m\u00ednimo de 72 horas de antelaci\u00f3n, sin\u00f3 tiene un coste de 9 Euros por pax.<\/p>\n","protected":false},"excerpt":{"rendered":"<p>Los&nbsp;vales regalo de Tandem, de vuelos en avioneta o de Virtual Reality Experience&nbsp;caducan 1 a\u00f1o despu\u00e9s de su compra&nbsp;y, una vez caducados ya no se podr\u00e1n utilizar. Los&nbsp;vales regalo de Tunel de Viento&nbsp;caducan 6 meses despu\u00e9s de su compra&nbsp;y, una vez caducados ya no se podr\u00e1n utilizar. Todos los vales regalo ser\u00e1n reembolsables hasta 6 [&hellip;]<\/p>\n","protected":false},"author":1,"featured_media":0,"parent":0,"menu_order":0,"comment_status":"closed","ping_status":"closed","template":"","meta":{"site-sidebar-layout":"default","site-content-layout":"","ast-site-content-layout":"default","site-content-style":"default","site-sidebar-style":"default","ast-global-header-display":"","ast-banner-title-visibility":"","ast-main-header-display":"","ast-hfb-above-header-display":"","ast-hfb-below-header-display":"","ast-hfb-mobile-header-display":"","site-post-title":"disabled","ast-breadcrumbs-content":"","ast-featured-img":"","footer-sml-layout":"","ast-disable-related-posts":"","theme-transparent-header-meta":"","adv-header-id-meta":"","stick-header-meta":"","header-above-stick-meta":"","header-main-stick-meta":"","header-below-stick-meta":"","astra-migrate-meta-layouts":"set","ast-page-background-enabled":"default","ast-page-background-meta":{"desktop":{"background-color":"","background-image":"","background-repeat":"repeat","background-position":"center center","background-size":"auto","background-attachment":"scroll","background-type":"","background-media":"","overlay-type":"","overlay-color":"","overlay-opacity":"","overlay-gradient":""},"tablet":{"background-color":"","background-image":"","background-repeat":"repeat","background-position":"center center","background-size":"auto","background-attachment":"scroll","background-type":"","background-media":"","overlay-type":"","overlay-color":"","overlay-opacity":"","overlay-gradient":""},"mobile":{"background-color":"","background-image":"","background-repeat":"repeat","background-position":"center center","background-size":"auto","background-attachment":"scroll","background-type":"","background-media":"","overlay-type":"","overlay-color":"","overlay-opacity":"","overlay-gradient":""}},"ast-content-background-meta":{"desktop":{"background-color":"var(--ast-global-color-5)","background-image":"","background-repeat":"repeat","background-position":"center center","background-size":"auto","background-attachment":"scroll","background-type":"","background-media":"","overlay-type":"","overlay-color":"","overlay-opacity":"","overlay-gradient":""},"tablet":{"background-color":"var(--ast-global-color-5)","background-image":"","background-repeat":"repeat","background-position":"center center","background-size":"auto","background-attachment":"scroll","background-type":"","background-media":"","overlay-type":"","overlay-color":"","overlay-opacity":"","overlay-gradient":""},"mobile":{"background-color":"var(--ast-global-color-5)","background-image":"","background-repeat":"repeat","background-position":"center center","background-size":"auto","background-attachment":"scroll","background-type":"","background-media":"","overlay-type":"","overlay-color":"","overlay-opacity":"","overlay-gradient":""}},"footnotes":""},"folder":[216],"class_list":["post-13633","page","type-page","status-publish","hentry"],"_links":{"self":[{"href":"https:\/\/skydiveempuriabrava.com\/es\/wp-json\/wp\/v2\/pages\/13633","targetHints":{"allow":["GET"]}}],"collection":[{"href":"https:\/\/skydiveempuriabrava.com\/es\/wp-json\/wp\/v2\/pages"}],"about":[{"href":"https:\/\/skydiveempuriabrava.com\/es\/wp-json\/wp\/v2\/types\/page"}],"author":[{"embeddable":true,"href":"https:\/\/skydiveempuriabrava.com\/es\/wp-json\/wp\/v2\/users\/1"}],"replies":[{"embeddable":true,"href":"https:\/\/skydiveempuriabrava.com\/es\/wp-json\/wp\/v2\/comments?post=13633"}],"version-history":[{"count":3,"href":"https:\/\/skydiveempuriabrava.com\/es\/wp-json\/wp\/v2\/pages\/13633\/revisions"}],"predecessor-version":[{"id":13852,"href":"https:\/\/skydiveempuriabrava.com\/es\/wp-json\/wp\/v2\/pages\/13633\/revisions\/13852"}],"wp:attachment":[{"href":"https:\/\/skydiveempuriabrava.com\/es\/wp-json\/wp\/v2\/media?parent=13633"}],"wp:term":[{"taxonomy":"folder","embeddable":true,"href":"https:\/\/skydiveempuriabrava.com\/es\/wp-json\/wp\/v2\/folder?post=13633"}],"curies":[{"name":"wp","href":"https:\/\/api.w.org\/{rel}","templated":true}]}}