{"id":13641,"date":"2026-04-20T16:17:42","date_gmt":"2026-04-20T14:17:42","guid":{"rendered":"https:\/\/skydiveempuriabrava.com\/?page_id=13641"},"modified":"2026-04-21T12:58:48","modified_gmt":"2026-04-21T10:58:48","slug":"condiciones-de-venta-de-productos-servicios-para-paracaidistas","status":"publish","type":"page","link":"https:\/\/skydiveempuriabrava.com\/es\/condiciones-de-venta-de-productos-servicios-para-paracaidistas\/","title":{"rendered":"CONDICIONES DE VENTA DE PRODUCTOS\/SERVICIOS PARA PARACAIDISTAS"},"content":{"rendered":"<nav style=\"background-color: #00a3e0; font-size:18px;font-style:normal;font-weight:600;line-height:1.5;text-transform:uppercase;letter-spacing:0px;\" class=\"has-text-color has-ast-global-color-5-color has-background is-responsive items-justified-center menu-pagines-legals wp-block-navigation is-horizontal is-content-justification-center is-layout-flex wp-container-core-navigation-is-layout-b187110c wp-block-navigation-is-layout-flex\" aria-label=\"P\u00e1ginas Legales\" \n\t\t data-wp-interactive=\"core\/navigation\" data-wp-context='{\"overlayOpenedBy\":{\"click\":false,\"hover\":false,\"focus\":false},\"type\":\"overlay\",\"roleAttribute\":\"\",\"ariaLabel\":\"Men\\u00fa\"}'><button aria-haspopup=\"dialog\" aria-label=\"Abrir el men\u00fa\" class=\"wp-block-navigation__responsive-container-open\" \n\t\t\t\tdata-wp-on--click=\"actions.openMenuOnClick\"\n\t\t\t\tdata-wp-on--keydown=\"actions.handleMenuKeydown\"\n\t\t\t><svg width=\"24\" height=\"24\" xmlns=\"http:\/\/www.w3.org\/2000\/svg\" viewBox=\"0 0 24 24\"><path d=\"M5 5v1.5h14V5H5z\"><\/path><path d=\"M5 12.8h14v-1.5H5v1.5z\"><\/path><path d=\"M5 19h14v-1.5H5V19z\"><\/path><\/svg><\/button>\n\t\t\t\t<div class=\"wp-block-navigation__responsive-container\"  id=\"modal-1\" \n\t\t\t\tdata-wp-class--has-modal-open=\"state.isMenuOpen\"\n\t\t\t\tdata-wp-class--is-menu-open=\"state.isMenuOpen\"\n\t\t\t\tdata-wp-watch=\"callbacks.initMenu\"\n\t\t\t\tdata-wp-on--keydown=\"actions.handleMenuKeydown\"\n\t\t\t\tdata-wp-on--focusout=\"actions.handleMenuFocusout\"\n\t\t\t\ttabindex=\"-1\"\n\t\t\t>\n\t\t\t\t\t<div class=\"wp-block-navigation__responsive-close\" tabindex=\"-1\">\n\t\t\t\t\t\t<div class=\"wp-block-navigation__responsive-dialog\" \n\t\t\t\tdata-wp-bind--aria-modal=\"state.ariaModal\"\n\t\t\t\tdata-wp-bind--aria-label=\"state.ariaLabel\"\n\t\t\t\tdata-wp-bind--role=\"state.roleAttribute\"\n\t\t\t>\n\t\t\t\t\t\t\t<button aria-label=\"Cerrar el men\u00fa\" class=\"wp-block-navigation__responsive-container-close\" \n\t\t\t\tdata-wp-on--click=\"actions.closeMenuOnClick\"\n\t\t\t><svg xmlns=\"http:\/\/www.w3.org\/2000\/svg\" viewBox=\"0 0 24 24\" width=\"24\" height=\"24\" aria-hidden=\"true\" focusable=\"false\"><path d=\"m13.06 12 6.47-6.47-1.06-1.06L12 10.94 5.53 4.47 4.47 5.53 10.94 12l-6.47 6.47 1.06 1.06L12 13.06l6.47 6.47 1.06-1.06L13.06 12Z\"><\/path><\/svg><\/button>\n\t\t\t\t\t\t\t<div class=\"wp-block-navigation__responsive-container-content\" \n\t\t\t\tdata-wp-watch=\"callbacks.focusFirstElement\"\n\t\t\t id=\"modal-1-content\">\n\t\t\t\t\t\t\t\t<ul style=\"background-color: #00a3e0; font-size:18px;font-style:normal;font-weight:600;line-height:1.5;text-transform:uppercase;letter-spacing:0px;\" class=\"wp-block-navigation__container has-text-color has-ast-global-color-5-color has-background is-responsive items-justified-center menu-pagines-legals wp-block-navigation\"><li style=\"font-size: 18px;\" class=\" wp-block-navigation-item wp-block-navigation-link\"><a class=\"wp-block-navigation-item__content\"  href=\"https:\/\/skydiveempuriabrava.com\/es\/aviso-legal\/\"><span class=\"wp-block-navigation-item__label\">AVISO LEGAL<\/span><\/a><\/li><li style=\"font-size: 18px;\" class=\" wp-block-navigation-item wp-block-navigation-link\"><a class=\"wp-block-navigation-item__content\"  href=\"https:\/\/skydiveempuriabrava.com\/es\/politicas-de-privacidad-y-cookies\/\"><span class=\"wp-block-navigation-item__label\">POL\u00cdTICAS DE PRIVACIDAD Y COOKIES<\/span><\/a><\/li><li style=\"font-size: 18px;\" class=\" wp-block-navigation-item wp-block-navigation-link\"><a class=\"wp-block-navigation-item__content\"  href=\"https:\/\/skydiveempuriabrava.com\/es\/condiciones-de-venta-de-productos-servicios-para-no-paracaidistas\/\"><span class=\"wp-block-navigation-item__label\">CONDICIONES DE VENTA DE SERVICIOS PARA NO PARACAIDISTAS<\/span><\/a><\/li><li style=\"font-size: 18px;\" class=\" wp-block-navigation-item wp-block-navigation-link\"><a class=\"wp-block-navigation-item__content\"  href=\"https:\/\/skydiveempuriabrava.com\/es\/condiciones-de-venta-de-vales-regalo-para-el-tunel-de-viento\/\"><span class=\"wp-block-navigation-item__label\">CONDICIONES DE VENTA DE VALES REGALO PARA EL T\u00daNEL DE VIENTO<\/span><\/a><\/li><li style=\"font-size: 18px;\" class=\" wp-block-navigation-item wp-block-navigation-link\"><a class=\"wp-block-navigation-item__content\"  href=\"https:\/\/skydiveempuriabrava.com\/es\/condiciones-de-venta-de-productos-servicios-para-paracaidistas\/\"><span class=\"wp-block-navigation-item__label\">CONDICIONES DE VENTA DE SERVICIOS PARA PARACAIDISTAS<\/span><\/a><\/li><li style=\"font-size: 18px;\" class=\" wp-block-navigation-item wp-block-navigation-link\"><a class=\"wp-block-navigation-item__content\"  href=\"https:\/\/skydiveempuriabrava.com\/es\/condiciones-de-venta-de-experience-trips-from-barcelona\/\"><span class=\"wp-block-navigation-item__label\">CONDICIONES DE VENTA DE EXPERIENCE TRIPS FROM BARCELONA<\/span><\/a><\/li><\/ul>\n\t\t\t\t\t\t\t<\/div>\n\t\t\t\t\t\t<\/div>\n\t\t\t\t\t<\/div>\n\t\t\t\t<\/div><\/nav>\n\n\n<div style=\"height:100px\" aria-hidden=\"true\" class=\"wp-block-spacer\"><\/div>\n\n\n<h2 class=\"wp-block-post-title\">CONDICIONES DE VENTA DE PRODUCTOS\/SERVICIOS PARA PARACAIDISTAS<\/h2>\n\n\n<p>Los&nbsp;<strong>t\u00edquets\/bloques de 25 \u00f3 100 saltos<\/strong>&nbsp;son individuales, no transferibles, no reembolsables en ning\u00fan momento, caducan al a\u00f1o de su compra.<\/p>\n\n\n\n<p>En determinados servicios, en el caso de las compras online, el descuento ser\u00e0 mayor si la compra se realiza de Lunes a Viernes.<\/p>\n\n\n\n<p>Los&nbsp;<strong>tiquets\/bloques de WINTER SPECIAL<\/strong>&nbsp;son individuales, no transferibles, no reembolsables en ning\u00fan momento, caducan a los 2 meses de su compra. Estos tickets est\u00e1n disponibles temporalmente (s\u00f3lo online).<\/p>\n\n\n\n<p>El&nbsp;<strong>resto de t\u00edquets\/productos<\/strong>&nbsp;caducan al cabo de 1 a\u00f1o y, a partir entonces, ya no son reembolsables ni se pueden usar.<\/p>\n\n\n\n<p>NO HABR\u00c1 OPCI\u00d3N DE EXTENDER LA FECHA DE CADUCIDAD.<\/p>\n\n\n\n<p>Las tarifas online de productos\/servicios para paracaidistas&nbsp;<strong>s\u00f3lo est\u00e1n disponibles para particulares y no para empresas<\/strong>.<\/p>\n\n\n\n<p>Los dep\u00f3sitos de cursos s\u00f3lo ser\u00e1n rembolsables hasta 8 d\u00edas antes de empezar el curso.<\/p>\n","protected":false},"excerpt":{"rendered":"<p>Los&nbsp;t\u00edquets\/bloques de 25 \u00f3 100 saltos&nbsp;son individuales, no transferibles, no reembolsables en ning\u00fan momento, caducan al a\u00f1o de su compra. En determinados servicios, en el caso de las compras online, el descuento ser\u00e0 mayor si la compra se realiza de Lunes a Viernes. Los&nbsp;tiquets\/bloques de WINTER SPECIAL&nbsp;son individuales, no transferibles, no reembolsables en ning\u00fan momento, [&hellip;]<\/p>\n","protected":false},"author":1,"featured_media":0,"parent":0,"menu_order":0,"comment_status":"closed","ping_status":"closed","template":"","meta":{"site-sidebar-layout":"default","site-content-layout":"","ast-site-content-layout":"default","site-content-style":"default","site-sidebar-style":"default","ast-global-header-display":"","ast-banner-title-visibility":"","ast-main-header-display":"","ast-hfb-above-header-display":"","ast-hfb-below-header-display":"","ast-hfb-mobile-header-display":"","site-post-title":"disabled","ast-breadcrumbs-content":"","ast-featured-img":"","footer-sml-layout":"","ast-disable-related-posts":"","theme-transparent-header-meta":"","adv-header-id-meta":"","stick-header-meta":"","header-above-stick-meta":"","header-main-stick-meta":"","header-below-stick-meta":"","astra-migrate-meta-layouts":"set","ast-page-background-enabled":"default","ast-page-background-meta":{"desktop":{"background-color":"","background-image":"","background-repeat":"repeat","background-position":"center center","background-size":"auto","background-attachment":"scroll","background-type":"","background-media":"","overlay-type":"","overlay-color":"","overlay-opacity":"","overlay-gradient":""},"tablet":{"background-color":"","background-image":"","background-repeat":"repeat","background-position":"center center","background-size":"auto","background-attachment":"scroll","background-type":"","background-media":"","overlay-type":"","overlay-color":"","overlay-opacity":"","overlay-gradient":""},"mobile":{"background-color":"","background-image":"","background-repeat":"repeat","background-position":"center center","background-size":"auto","background-attachment":"scroll","background-type":"","background-media":"","overlay-type":"","overlay-color":"","overlay-opacity":"","overlay-gradient":""}},"ast-content-background-meta":{"desktop":{"background-color":"var(--ast-global-color-5)","background-image":"","background-repeat":"repeat","background-position":"center center","background-size":"auto","background-attachment":"scroll","background-type":"","background-media":"","overlay-type":"","overlay-color":"","overlay-opacity":"","overlay-gradient":""},"tablet":{"background-color":"var(--ast-global-color-5)","background-image":"","background-repeat":"repeat","background-position":"center center","background-size":"auto","background-attachment":"scroll","background-type":"","background-media":"","overlay-type":"","overlay-color":"","overlay-opacity":"","overlay-gradient":""},"mobile":{"background-color":"var(--ast-global-color-5)","background-image":"","background-repeat":"repeat","background-position":"center center","background-size":"auto","background-attachment":"scroll","background-type":"","background-media":"","overlay-type":"","overlay-color":"","overlay-opacity":"","overlay-gradient":""}},"footnotes":""},"folder":[216],"class_list":["post-13641","page","type-page","status-publish","hentry"],"_links":{"self":[{"href":"https:\/\/skydiveempuriabrava.com\/es\/wp-json\/wp\/v2\/pages\/13641","targetHints":{"allow":["GET"]}}],"collection":[{"href":"https:\/\/skydiveempuriabrava.com\/es\/wp-json\/wp\/v2\/pages"}],"about":[{"href":"https:\/\/skydiveempuriabrava.com\/es\/wp-json\/wp\/v2\/types\/page"}],"author":[{"embeddable":true,"href":"https:\/\/skydiveempuriabrava.com\/es\/wp-json\/wp\/v2\/users\/1"}],"replies":[{"embeddable":true,"href":"https:\/\/skydiveempuriabrava.com\/es\/wp-json\/wp\/v2\/comments?post=13641"}],"version-history":[{"count":2,"href":"https:\/\/skydiveempuriabrava.com\/es\/wp-json\/wp\/v2\/pages\/13641\/revisions"}],"predecessor-version":[{"id":13863,"href":"https:\/\/skydiveempuriabrava.com\/es\/wp-json\/wp\/v2\/pages\/13641\/revisions\/13863"}],"wp:attachment":[{"href":"https:\/\/skydiveempuriabrava.com\/es\/wp-json\/wp\/v2\/media?parent=13641"}],"wp:term":[{"taxonomy":"folder","embeddable":true,"href":"https:\/\/skydiveempuriabrava.com\/es\/wp-json\/wp\/v2\/folder?post=13641"}],"curies":[{"name":"wp","href":"https:\/\/api.w.org\/{rel}","templated":true}]}}