{"id":13649,"date":"2026-04-20T16:21:17","date_gmt":"2026-04-20T14:21:17","guid":{"rendered":"https:\/\/skydiveempuriabrava.com\/?page_id=13649"},"modified":"2026-04-21T13:05:13","modified_gmt":"2026-04-21T11:05:13","slug":"condiciones-de-venta-de-experience-trips-from-barcelona","status":"publish","type":"page","link":"https:\/\/skydiveempuriabrava.com\/es\/condiciones-de-venta-de-experience-trips-from-barcelona\/","title":{"rendered":"CONDICIONES DE VENTA DE EXPERIENCE TRIPS FROM BARCELONA"},"content":{"rendered":"<nav style=\"background-color: #00a3e0; font-size:18px;font-style:normal;font-weight:600;line-height:1.5;text-transform:uppercase;letter-spacing:0px;\" class=\"has-text-color has-ast-global-color-5-color has-background is-responsive items-justified-center menu-pagines-legals wp-block-navigation is-horizontal is-content-justification-center is-layout-flex wp-container-core-navigation-is-layout-b187110c wp-block-navigation-is-layout-flex\" aria-label=\"P\u00e1ginas Legales\" \n\t\t data-wp-interactive=\"core\/navigation\" data-wp-context='{\"overlayOpenedBy\":{\"click\":false,\"hover\":false,\"focus\":false},\"type\":\"overlay\",\"roleAttribute\":\"\",\"ariaLabel\":\"Men\\u00fa\"}'><button aria-haspopup=\"dialog\" aria-label=\"Abrir el men\u00fa\" class=\"wp-block-navigation__responsive-container-open\" \n\t\t\t\tdata-wp-on--click=\"actions.openMenuOnClick\"\n\t\t\t\tdata-wp-on--keydown=\"actions.handleMenuKeydown\"\n\t\t\t><svg width=\"24\" height=\"24\" xmlns=\"http:\/\/www.w3.org\/2000\/svg\" viewBox=\"0 0 24 24\"><path d=\"M5 5v1.5h14V5H5z\"><\/path><path d=\"M5 12.8h14v-1.5H5v1.5z\"><\/path><path d=\"M5 19h14v-1.5H5V19z\"><\/path><\/svg><\/button>\n\t\t\t\t<div class=\"wp-block-navigation__responsive-container\"  id=\"modal-1\" \n\t\t\t\tdata-wp-class--has-modal-open=\"state.isMenuOpen\"\n\t\t\t\tdata-wp-class--is-menu-open=\"state.isMenuOpen\"\n\t\t\t\tdata-wp-watch=\"callbacks.initMenu\"\n\t\t\t\tdata-wp-on--keydown=\"actions.handleMenuKeydown\"\n\t\t\t\tdata-wp-on--focusout=\"actions.handleMenuFocusout\"\n\t\t\t\ttabindex=\"-1\"\n\t\t\t>\n\t\t\t\t\t<div class=\"wp-block-navigation__responsive-close\" tabindex=\"-1\">\n\t\t\t\t\t\t<div class=\"wp-block-navigation__responsive-dialog\" \n\t\t\t\tdata-wp-bind--aria-modal=\"state.ariaModal\"\n\t\t\t\tdata-wp-bind--aria-label=\"state.ariaLabel\"\n\t\t\t\tdata-wp-bind--role=\"state.roleAttribute\"\n\t\t\t>\n\t\t\t\t\t\t\t<button aria-label=\"Cerrar el men\u00fa\" class=\"wp-block-navigation__responsive-container-close\" \n\t\t\t\tdata-wp-on--click=\"actions.closeMenuOnClick\"\n\t\t\t><svg xmlns=\"http:\/\/www.w3.org\/2000\/svg\" viewBox=\"0 0 24 24\" width=\"24\" height=\"24\" aria-hidden=\"true\" focusable=\"false\"><path d=\"m13.06 12 6.47-6.47-1.06-1.06L12 10.94 5.53 4.47 4.47 5.53 10.94 12l-6.47 6.47 1.06 1.06L12 13.06l6.47 6.47 1.06-1.06L13.06 12Z\"><\/path><\/svg><\/button>\n\t\t\t\t\t\t\t<div class=\"wp-block-navigation__responsive-container-content\" \n\t\t\t\tdata-wp-watch=\"callbacks.focusFirstElement\"\n\t\t\t id=\"modal-1-content\">\n\t\t\t\t\t\t\t\t<ul style=\"background-color: #00a3e0; font-size:18px;font-style:normal;font-weight:600;line-height:1.5;text-transform:uppercase;letter-spacing:0px;\" class=\"wp-block-navigation__container has-text-color has-ast-global-color-5-color has-background is-responsive items-justified-center menu-pagines-legals wp-block-navigation\"><li style=\"font-size: 18px;\" class=\" wp-block-navigation-item wp-block-navigation-link\"><a class=\"wp-block-navigation-item__content\"  href=\"https:\/\/skydiveempuriabrava.com\/es\/aviso-legal\/\"><span class=\"wp-block-navigation-item__label\">AVISO LEGAL<\/span><\/a><\/li><li style=\"font-size: 18px;\" class=\" wp-block-navigation-item wp-block-navigation-link\"><a class=\"wp-block-navigation-item__content\"  href=\"https:\/\/skydiveempuriabrava.com\/es\/politicas-de-privacidad-y-cookies\/\"><span class=\"wp-block-navigation-item__label\">POL\u00cdTICAS DE PRIVACIDAD Y COOKIES<\/span><\/a><\/li><li style=\"font-size: 18px;\" class=\" wp-block-navigation-item wp-block-navigation-link\"><a class=\"wp-block-navigation-item__content\"  href=\"https:\/\/skydiveempuriabrava.com\/es\/condiciones-de-venta-de-productos-servicios-para-no-paracaidistas\/\"><span class=\"wp-block-navigation-item__label\">CONDICIONES DE VENTA DE SERVICIOS PARA NO PARACAIDISTAS<\/span><\/a><\/li><li style=\"font-size: 18px;\" class=\" wp-block-navigation-item wp-block-navigation-link\"><a class=\"wp-block-navigation-item__content\"  href=\"https:\/\/skydiveempuriabrava.com\/es\/condiciones-de-venta-de-vales-regalo-para-el-tunel-de-viento\/\"><span class=\"wp-block-navigation-item__label\">CONDICIONES DE VENTA DE VALES REGALO PARA EL T\u00daNEL DE VIENTO<\/span><\/a><\/li><li style=\"font-size: 18px;\" class=\" wp-block-navigation-item wp-block-navigation-link\"><a class=\"wp-block-navigation-item__content\"  href=\"https:\/\/skydiveempuriabrava.com\/es\/condiciones-de-venta-de-productos-servicios-para-paracaidistas\/\"><span class=\"wp-block-navigation-item__label\">CONDICIONES DE VENTA DE SERVICIOS PARA PARACAIDISTAS<\/span><\/a><\/li><li style=\"font-size: 18px;\" class=\" wp-block-navigation-item wp-block-navigation-link\"><a class=\"wp-block-navigation-item__content\"  href=\"https:\/\/skydiveempuriabrava.com\/es\/condiciones-de-venta-de-experience-trips-from-barcelona\/\"><span class=\"wp-block-navigation-item__label\">CONDICIONES DE VENTA DE EXPERIENCE TRIPS FROM BARCELONA<\/span><\/a><\/li><\/ul>\n\t\t\t\t\t\t\t<\/div>\n\t\t\t\t\t\t<\/div>\n\t\t\t\t\t<\/div>\n\t\t\t\t<\/div><\/nav>\n\n\n<div style=\"height:100px\" aria-hidden=\"true\" class=\"wp-block-spacer\"><\/div>\n\n\n<h2 class=\"wp-block-post-title\">CONDICIONES DE VENTA DE EXPERIENCE TRIPS FROM BARCELONA<\/h2>\n\n\n<h2 class=\"wp-block-heading\">PACKS TAXI + TANDEM EXPERIENCE<\/h2>\n\n\n\n<p>El contrataci\u00f3n del servicio de taxi tiene lugar directamente entre el cliente y el proveedor de dicho servicio, quedando Skydive Empuriabrava absolutamente al margen.<\/p>\n\n\n\n<p>En el caso de que el salto en tandem no se pueda realizar, Skydive Empuriabrava s\u00f3lo realizar\u00e1 la devoluci\u00f3n del salto en tandem si procede (siguiendo las pautas de la pol\u00edtica de devoluci\u00f3n de los saltos en tandem). El coste del servicio de taxi no podr\u00e1 ser reclamado por parte del cliente si dicho servicio se ha realizado, independientemente de que se haya, o no, realizado, la actividad del salto en tandem.<\/p>\n\n\n\n<h2 class=\"wp-block-heading\">PACKS HELITOUR + TANDEM EXPERIENCE<\/h2>\n\n\n\n<p>Con la contrataci\u00f3n de este pack, se adquieren dos servicios\/actividades los cuales son proporcionados por dos empresas diferentes: Skydive Empuriabrava y Cat Helicopters. Cada servicio\/actividad tiene sus respectivos requisitos y pol\u00edticas de devoluci\u00f3n.<\/p>\n\n\n\n<p>En el caso de que no se pueda realizar ninguna de las 2 actividades, el cliente tendr\u00e0 derecho a la devoluci\u00f3n del importe de ambas actividades siempre que as\u00ed lo contemplen las pol\u00edticas de devoluci\u00f3n de ambas empresas.<\/p>\n\n\n\n<p>En el caso de que s\u00f3lo uno de los servicios no pueda llevarse a cabo, el cliente s\u00f3lo tendr\u00e1 derecho a reclamar la devoluci\u00f3n del servicio que no se ha podido realizar (si procede, teniendo en cuenta la pol\u00edtica de devoluci\u00f3n de dicha actividad\/servicio).<\/p>\n\n\n\n<h2 class=\"wp-block-heading\">CONDICIONES ESPEC\u00cdFICAS TOUR EN HELIC\u00d3PTERO<\/h2>\n\n\n\n<p>En caso de que uno de los pasajeros del helic\u00f3ptero pese m\u00e1s de 110 Kg y\/o que la temperatura (y\/o humedad) del aire sean elevadas, la capacidad m\u00e1xima de pasajeros viajando en helic\u00f3ptero se reducir\u00e1.<\/p>\n\n\n\n<h4 class=\"wp-block-heading\">&nbsp;<\/h4>\n\n\n\n<h2 class=\"wp-block-heading\">REQUISITOS PARA SALTAR EN TANDEM<\/h2>\n\n\n\n<ul class=\"wp-block-list\">\n<li>Las personas que saltan tienen que traer siempre un documento de identificaci\u00f3n v\u00e1lido.<\/li>\n\n\n\n<li>El pasajero debe ir vestido c\u00f3modo. Tiene que traer SIEMPRE: pantalones largos y c\u00f3modos y zapatillas de deporte. En verano, se puede ir en manga corta, aunque se evitan las camisetas de tirantes. El resto del a\u00f1o es necesario traer un jersey extra en sustituci\u00f3n de la chaqueta. En invierno, es aconsejable que el jersey extra sea un polar y unos guantes ajustados. En otras \u00e9pocas, un jersey extra m\u00e1s o menos grueso seg\u00fan temporada.<\/li>\n\n\n\n<li>Para saltar se necesita una condici\u00f3n f\u00edsica normal. Se tendr\u00e1 que firmar una&nbsp;<a href=\"https:\/\/www.skyrats.com\/vales\/intranet\/img\/tandemConditions1.png\" target=\"_blank\" rel=\"noreferrer noopener\">Declaraci\u00f3n de condici\u00f3n f\u00edsica&nbsp;<\/a>antes de&nbsp;saltar. Algunas enfermedades o problemas concretos requieren certificado m\u00e9dico que autorice hacer el salto y algunas otras enfermedades no permiten su realizaci\u00f3n (Cualquier duda que se tenga sobre una enfermedad o problema en concreto, tiene que consultarse a un m\u00e9dico). Personas con discapacidad ps\u00edquica o que no tengan mobilidad en las piernas no pueden realizar el salto.<\/li>\n\n\n\n<li>El pasajero t\u00e1ndem no puede pesar m\u00e1s de 110 Kg. vestido pero si pesa entre 90 y 110kg debes dec\u00edrnoslo a la hora de hacer la reserva ya que tendr\u00edais que reservar a horas centrales del d\u00eda ya que necesitamos que haya un poco de viento al hacer el salto. Si no se comunica y el pasajero no puede saltar porqu\u00e9 no hay las condiciones adecuadas para su peso, perder\u00e1 el dep\u00f3sito.<\/li>\n\n\n\n<li>Para personas de 65 a\u00f1os (o m\u00e1s) o mayores de 60 a\u00f1os (que pesen entre 90 y 110kg) necesitamos un certificado m\u00e9dico que lo autorice expresamente. Los mayores de 74 a\u00f1os no pueden realizar la actividad.<\/li>\n\n\n\n<li>Para menores de edad, es necesaria la autorizaci\u00f3n de los dos padres o todos los tutores del menor. Una vez aqu\u00ed, los tutores deber\u00e1n formar el formulario de inscripci\u00f3n y presentar la identificaci\u00f3n tanto suya como del menor. El peso m\u00ednimo es de 35. No hay una edad m\u00ednima para iniciarse en la caida libre en Salto Tandem, pero si unas limitaciones f\u00edsicas:\n<ul class=\"wp-block-list\">\n<li>Altura m\u00ednima: 120 cm.<\/li>\n\n\n\n<li>Peso m\u00ednimo vestido: 35 kg.<\/li>\n<\/ul>\n<\/li>\n\n\n\n<li>No est\u00e1 permitido consumir alcohol ni otras drogas antes del salto.<\/li>\n\n\n\n<li>No haber hecho submarinismo 24h antes.<\/li>\n\n\n\n<li><strong>JIP Aviaci\u00f3 SLU (Skydive Empuriabrava) informa a los usuarios de saltos en t\u00e1ndem que el Decreto 56\/2003 de la Generalitat de Catalunya establece que la empresa que ofrece el servicio debe tener contratado un seguro de accidentes personales para las personas practicantes del salto en t\u00e1ndem que cubra los gastos de curaci\u00f3n hasta 6.000 Euros. En el caso de Skydive Empuriabrava, esa cantidad est\u00e1 ampliada hasta 15.000 Euros.<\/strong><\/li>\n<\/ul>\n\n\n\n<h2 class=\"wp-block-heading\">EL D\u00cdA DEL SALTO<\/h2>\n\n\n\n<p>Es aconsejable que el mismo d\u00eda, antes de salir de casa nos llam\u00e9is para saber si las condiciones meteorol\u00f3gicas son adecuadas para saltar. Abrimos a las 9.00h y nuestro tel\u00e9fono es el&nbsp;<strong>(+34) 972 45 07 49<\/strong><strong>&nbsp;\u00f3 (+<\/strong><strong>34) 621 20 48 04<\/strong><strong>.<\/strong><\/p>\n\n\n\n<p><strong>Hay que tener en cuenta que la actividad tiene lugar al aire libre y las condiciones meteorol\u00f3gicas pueden cambiar y se puede dar el caso de que una vez est\u00e9is aqu\u00ed, no se pueda realizar la actividad.<\/strong><\/p>\n\n\n\n<p><strong>La duraci\u00f3n de la actividad (en condiciones normales) es de hasta 3 horas y media. Hay que tener en cuenta que se pueden producir retrasos por motivos meteorol\u00f3gicos o t\u00e9cnicos.<\/strong><\/p>\n\n\n\n<h3 class=\"wp-block-heading\">Hora de llegada<\/h3>\n\n\n\n<p>Fines de semana de todo el a\u00f1o: es necesario llegar 30 minutos antes de la hora de la reserva.<\/p>\n\n\n\n<p>De lunes a viernes (mayo, junio, julio, agosto, setiembre): es necesario llegar 30 minutos antes de la hora de la reserva.<\/p>\n\n\n\n<p>De lunes a viernes (octubre, noviembre, diciembre, enero, febrero, marzo y abril), la hora reservada es la hora de llegada a la recepci\u00f3n.<\/p>\n\n\n\n<h2 class=\"wp-block-heading\">PARA RESERVAS DE GRUPOS DE SALTO EN TANDEM<\/h2>\n\n\n\n<p>Si hay varios tandems reservados a un mismo nombre, se agrupar\u00e1n seg\u00fan actividad y organizaci\u00f3n interna, asegurando \u00fanicamente que cada persona ir\u00e1 acompa\u00f1ada como m\u00ednimo, de otra persona de su mismo grupo.<\/p>\n\n\n\n<h2 class=\"wp-block-heading\">POL\u00cdTICA DE DEVOLUCI\u00d3N, REPROGRAMACI\u00d3N DE RESERVAS Y POL\u00cdTICA DE PAGOS A CUENTA<\/h2>\n\n\n\n<h4 class=\"wp-block-heading\">El dep\u00f3sito es reembolsable o la reserva es reprogramable s\u00f3lo en los siguinetes casos:<\/h4>\n\n\n\n<ul class=\"wp-block-list\">\n<li>Si se cancela\/reprograma la reserva antes del plazo l\u00edmite que permite cambios:\n<ul class=\"wp-block-list\">\n<li>Plazos l\u00edmites:\n<ul class=\"wp-block-list\">\n<li>De 1 a 5 personas: 1 semana antes del d\u00eda reservado.<\/li>\n\n\n\n<li>A paritr de 6 personas: 2 semanas antes del d\u00eda reservado.<\/li>\n<\/ul>\n<\/li>\n<\/ul>\n<\/li>\n\n\n\n<li>En caso de no poder realizarse la actividad por las malas condiciones atmosf\u00e9ricas o por motivos t\u00e9cnicos. (En caso de mal tiempo o por motivos t\u00e9cnicos, Skydive Empuriabrava se reserva el derecho de retrasar o cancelar la actividad sin aviso previo)<\/li>\n<\/ul>\n\n\n\n<p>En cualquier otro caso, no se admite ning\u00fan cambio de fecha y se pierde el dep\u00f3sito realizado.<\/p>\n\n\n\n<p>Este dep\u00f3sito tambi\u00e9n se perder\u00e1 en caso de que se llegue m\u00e1s tarde de la hora reservada.<\/p>\n\n\n\n<p>Si el salto ya se ha pagado con antelaci\u00f3n, o sea, se ha hecho un vale regalo, se aplicaran las mismas condiciones del dep\u00f3sito. En este caso, el vale perderia el valor de 50\u20ac del total ya pagado, y para volver a activarse para otra reserva se tendria que abonar los 50\u20ac perdidos.<\/p>\n\n\n\n<p>TODOS LOS PAGOS A CUENTA REALIZADOS EN LA INTERFICIE DE RESERVAS CADUCAN 1 A\u00d1O DESPU\u00c9S DE SU PAGO Y, A PARTIR DE ENTONCES, YA NO SE PODR\u00c1N UTILIZAR NI REEMBOLSAR.<\/p>\n\n\n\n<p>TR\u00c1MITACI\u00d3N DE LAS DEVOLUCIONES Y RECLAMACIONES<\/p>\n\n\n\n<p>Las devoluciones de pagos realizados con tarjetas de cr\u00e9dito o d\u00e9bito que no requieran una transferencia bancaria se realizar\u00e1n durante los siguientes 15 d\u00edas despu\u00e9s de la solicitud.<\/p>\n\n\n\n<p>Las devoluciones de pagos que requieran una transfer\u00e9ncia bancaria se realizar\u00e1n durante los siguientes 45 d\u00edas despu\u00e9s de la solicitud.<\/p>\n\n\n\n<p>En caso de una reclamaci\u00f3n por una devoluci\u00f3n o la fecha de validez de un dep\u00f3sito o un vale se resolver\u00e1 dentro de los 30 d\u00edas despu\u00e9s de la solicitud.<\/p>\n\n\n\n<h2 class=\"wp-block-heading\">CAMBIO DE TARIFAS<\/h2>\n\n\n\n<p>Si una vez realizada una reserva, cambian la tarifas hay que tener en cuneta los siguientes casos:<\/p>\n\n\n\n<ul class=\"wp-block-list\">\n<li>Si hace menos de un a\u00f1o que se ha pagado el importe completo de la actividad, no ser\u00e1 necesario pagar nada m\u00e1s.&nbsp;TODOS LOS PAGOS A CUENTA REALIZADOS EN LA INTERFICIE DE RESERVAS CADUCAN 1 A\u00d1O DESPU\u00c9S DE SU PAGO Y, A PARTIR DE ENTONCES, YA NO SE PODR\u00c1N UTILIZAR NI REEMBOLSAR.. Si se trata de un vale\/regalo, \u00e9stos tienen sus propias condiciones espec\u00edficas.<\/li>\n<\/ul>\n","protected":false},"excerpt":{"rendered":"<p>PACKS TAXI + TANDEM EXPERIENCE El contrataci\u00f3n del servicio de taxi tiene lugar directamente entre el cliente y el proveedor de dicho servicio, quedando Skydive Empuriabrava absolutamente al margen. En el caso de que el salto en tandem no se pueda realizar, Skydive Empuriabrava s\u00f3lo realizar\u00e1 la devoluci\u00f3n del salto en tandem si procede (siguiendo [&hellip;]<\/p>\n","protected":false},"author":1,"featured_media":0,"parent":0,"menu_order":0,"comment_status":"closed","ping_status":"closed","template":"","meta":{"site-sidebar-layout":"default","site-content-layout":"","ast-site-content-layout":"default","site-content-style":"default","site-sidebar-style":"default","ast-global-header-display":"","ast-banner-title-visibility":"","ast-main-header-display":"","ast-hfb-above-header-display":"","ast-hfb-below-header-display":"","ast-hfb-mobile-header-display":"","site-post-title":"disabled","ast-breadcrumbs-content":"","ast-featured-img":"","footer-sml-layout":"","ast-disable-related-posts":"","theme-transparent-header-meta":"","adv-header-id-meta":"","stick-header-meta":"","header-above-stick-meta":"","header-main-stick-meta":"","header-below-stick-meta":"","astra-migrate-meta-layouts":"set","ast-page-background-enabled":"default","ast-page-background-meta":{"desktop":{"background-color":"","background-image":"","background-repeat":"repeat","background-position":"center center","background-size":"auto","background-attachment":"scroll","background-type":"","background-media":"","overlay-type":"","overlay-color":"","overlay-opacity":"","overlay-gradient":""},"tablet":{"background-color":"","background-image":"","background-repeat":"repeat","background-position":"center center","background-size":"auto","background-attachment":"scroll","background-type":"","background-media":"","overlay-type":"","overlay-color":"","overlay-opacity":"","overlay-gradient":""},"mobile":{"background-color":"","background-image":"","background-repeat":"repeat","background-position":"center center","background-size":"auto","background-attachment":"scroll","background-type":"","background-media":"","overlay-type":"","overlay-color":"","overlay-opacity":"","overlay-gradient":""}},"ast-content-background-meta":{"desktop":{"background-color":"var(--ast-global-color-5)","background-image":"","background-repeat":"repeat","background-position":"center center","background-size":"auto","background-attachment":"scroll","background-type":"","background-media":"","overlay-type":"","overlay-color":"","overlay-opacity":"","overlay-gradient":""},"tablet":{"background-color":"var(--ast-global-color-5)","background-image":"","background-repeat":"repeat","background-position":"center center","background-size":"auto","background-attachment":"scroll","background-type":"","background-media":"","overlay-type":"","overlay-color":"","overlay-opacity":"","overlay-gradient":""},"mobile":{"background-color":"var(--ast-global-color-5)","background-image":"","background-repeat":"repeat","background-position":"center center","background-size":"auto","background-attachment":"scroll","background-type":"","background-media":"","overlay-type":"","overlay-color":"","overlay-opacity":"","overlay-gradient":""}},"footnotes":""},"folder":[216],"class_list":["post-13649","page","type-page","status-publish","hentry"],"_links":{"self":[{"href":"https:\/\/skydiveempuriabrava.com\/es\/wp-json\/wp\/v2\/pages\/13649","targetHints":{"allow":["GET"]}}],"collection":[{"href":"https:\/\/skydiveempuriabrava.com\/es\/wp-json\/wp\/v2\/pages"}],"about":[{"href":"https:\/\/skydiveempuriabrava.com\/es\/wp-json\/wp\/v2\/types\/page"}],"author":[{"embeddable":true,"href":"https:\/\/skydiveempuriabrava.com\/es\/wp-json\/wp\/v2\/users\/1"}],"replies":[{"embeddable":true,"href":"https:\/\/skydiveempuriabrava.com\/es\/wp-json\/wp\/v2\/comments?post=13649"}],"version-history":[{"count":3,"href":"https:\/\/skydiveempuriabrava.com\/es\/wp-json\/wp\/v2\/pages\/13649\/revisions"}],"predecessor-version":[{"id":13876,"href":"https:\/\/skydiveempuriabrava.com\/es\/wp-json\/wp\/v2\/pages\/13649\/revisions\/13876"}],"wp:attachment":[{"href":"https:\/\/skydiveempuriabrava.com\/es\/wp-json\/wp\/v2\/media?parent=13649"}],"wp:term":[{"taxonomy":"folder","embeddable":true,"href":"https:\/\/skydiveempuriabrava.com\/es\/wp-json\/wp\/v2\/folder?post=13649"}],"curies":[{"name":"wp","href":"https:\/\/api.w.org\/{rel}","templated":true}]}}