{"id":8232,"date":"2024-09-28T17:51:14","date_gmt":"2024-09-28T15:51:14","guid":{"rendered":"https:\/\/skydiveempuriabrava.com\/experience-tours-from-barcelona\/"},"modified":"2025-04-18T19:00:30","modified_gmt":"2025-04-18T17:00:30","slug":"experience-tours-from-barcelona","status":"publish","type":"page","link":"https:\/\/skydiveempuriabrava.com\/es\/experience-tours-from-barcelona\/","title":{"rendered":"Experience Tours from Barcelona"},"content":{"rendered":"\t\t<div data-elementor-type=\"wp-page\" data-elementor-id=\"8232\" class=\"elementor elementor-8232 elementor-1735\" data-elementor-post-type=\"page\">\n\t\t\t\t<div class=\"elementor-element elementor-element-da7c416 e-con-full e-flex e-con e-parent\" data-id=\"da7c416\" data-element_type=\"container\" data-e-type=\"container\" data-settings=\"{&quot;background_background&quot;:&quot;classic&quot;}\">\n\t\t<div class=\"elementor-element elementor-element-fd7a377 e-con-full e-flex e-con e-child\" data-id=\"fd7a377\" data-element_type=\"container\" data-e-type=\"container\" data-settings=\"{&quot;background_background&quot;:&quot;classic&quot;}\">\n\t\t<div class=\"elementor-element elementor-element-517fe9a e-con-full e-flex e-con e-child\" data-id=\"517fe9a\" data-element_type=\"container\" data-e-type=\"container\" data-settings=\"{&quot;background_background&quot;:&quot;classic&quot;}\">\n\t\t<div class=\"elementor-element elementor-element-31d6bb3 e-con-full e-flex e-con e-child\" data-id=\"31d6bb3\" data-element_type=\"container\" data-e-type=\"container\">\n\t\t\t\t<div class=\"elementor-element elementor-element-59c14e7 elementor-widget elementor-widget-spacer\" data-id=\"59c14e7\" data-element_type=\"widget\" data-e-type=\"widget\" data-widget_type=\"spacer.default\">\n\t\t\t\t<div class=\"elementor-widget-container\">\n\t\t\t\t\t\t\t<div class=\"elementor-spacer\">\n\t\t\t<div class=\"elementor-spacer-inner\"><\/div>\n\t\t<\/div>\n\t\t\t\t\t\t<\/div>\n\t\t\t\t<\/div>\n\t\t\t\t<div class=\"elementor-element elementor-element-7d75176 elementor-invisible elementor-widget elementor-widget-heading\" data-id=\"7d75176\" data-element_type=\"widget\" data-e-type=\"widget\" data-settings=\"{&quot;_animation&quot;:&quot;slideInRight&quot;}\" data-widget_type=\"heading.default\">\n\t\t\t\t<div class=\"elementor-widget-container\">\n\t\t\t\t\t<h3 class=\"elementor-heading-title elementor-size-default\">Haz realidad tu sue\u00f1o de volar<\/h3>\t\t\t\t<\/div>\n\t\t\t\t<\/div>\n\t\t\t\t<div class=\"elementor-element elementor-element-b91e7ff elementor-widget-divider--view-line elementor-widget elementor-widget-divider\" data-id=\"b91e7ff\" data-element_type=\"widget\" data-e-type=\"widget\" data-widget_type=\"divider.default\">\n\t\t\t\t<div class=\"elementor-widget-container\">\n\t\t\t\t\t\t\t<div class=\"elementor-divider\">\n\t\t\t<span class=\"elementor-divider-separator\">\n\t\t\t\t\t\t<\/span>\n\t\t<\/div>\n\t\t\t\t\t\t<\/div>\n\t\t\t\t<\/div>\n\t\t\t\t<div class=\"elementor-element elementor-element-2e80060 elementor-invisible elementor-widget elementor-widget-heading\" data-id=\"2e80060\" data-element_type=\"widget\" data-e-type=\"widget\" data-settings=\"{&quot;_animation&quot;:&quot;slideInLeft&quot;}\" data-widget_type=\"heading.default\">\n\t\t\t\t<div class=\"elementor-widget-container\">\n\t\t\t\t\t<h1 class=\"elementor-heading-title elementor-size-default\">Tours de Experiencias desde Barcelona<\/h1>\t\t\t\t<\/div>\n\t\t\t\t<\/div>\n\t\t\t\t<div class=\"elementor-element elementor-element-2f91b7b elementor-widget elementor-widget-spacer\" data-id=\"2f91b7b\" data-element_type=\"widget\" data-e-type=\"widget\" data-widget_type=\"spacer.default\">\n\t\t\t\t<div class=\"elementor-widget-container\">\n\t\t\t\t\t\t\t<div class=\"elementor-spacer\">\n\t\t\t<div class=\"elementor-spacer-inner\"><\/div>\n\t\t<\/div>\n\t\t\t\t\t\t<\/div>\n\t\t\t\t<\/div>\n\t\t\t\t<\/div>\n\t\t\t\t<\/div>\n\t\t\t\t<\/div>\n\t\t\t\t<\/div>\n\t\t<div class=\"elementor-element elementor-element-0125cb6 e-flex e-con-boxed e-con e-parent\" data-id=\"0125cb6\" data-element_type=\"container\" data-e-type=\"container\">\n\t\t\t\t\t<div class=\"e-con-inner\">\n\t\t\t\t<div class=\"elementor-element elementor-element-599d6c3 elementor-widget elementor-widget-spacer\" data-id=\"599d6c3\" data-element_type=\"widget\" data-e-type=\"widget\" data-widget_type=\"spacer.default\">\n\t\t\t\t<div class=\"elementor-widget-container\">\n\t\t\t\t\t\t\t<div class=\"elementor-spacer\">\n\t\t\t<div class=\"elementor-spacer-inner\"><\/div>\n\t\t<\/div>\n\t\t\t\t\t\t<\/div>\n\t\t\t\t<\/div>\n\t\t\t\t<div class=\"elementor-element elementor-element-d106d50 elementor-widget elementor-widget-text-editor\" data-id=\"d106d50\" data-element_type=\"widget\" data-e-type=\"widget\" data-widget_type=\"text-editor.default\">\n\t\t\t\t<div class=\"elementor-widget-container\">\n\t\t\t\t\t\t\t\t\t<p>Si est\u00e1s en Barcelona y quieres vivir una de tus experiencias m\u00e1s emocionantes de la vida, te proponemos que experimentes la ca\u00edda libre con un Salto en Paraca\u00eddas en uno de los destinos de mayor renombre del mundo del paracaidismo, Skydive Empuriabrava, La Tierra del Cielo .<\/p>\t\t\t\t\t\t\t\t<\/div>\n\t\t\t\t<\/div>\n\t\t\t\t\t<\/div>\n\t\t\t\t<\/div>\n\t\t<div class=\"elementor-element elementor-element-f3125f7 e-flex e-con-boxed e-con e-parent\" data-id=\"f3125f7\" data-element_type=\"container\" data-e-type=\"container\">\n\t\t\t\t\t<div class=\"e-con-inner\">\n\t\t\t\t<div class=\"elementor-element elementor-element-cda2e18 elementor-widget elementor-widget-spacer\" data-id=\"cda2e18\" data-element_type=\"widget\" data-e-type=\"widget\" data-widget_type=\"spacer.default\">\n\t\t\t\t<div class=\"elementor-widget-container\">\n\t\t\t\t\t\t\t<div class=\"elementor-spacer\">\n\t\t\t<div class=\"elementor-spacer-inner\"><\/div>\n\t\t<\/div>\n\t\t\t\t\t\t<\/div>\n\t\t\t\t<\/div>\n\t\t\t\t\t<\/div>\n\t\t\t\t<\/div>\n\t\t<div class=\"elementor-element elementor-element-df96f01 animated-fast e-flex e-con-boxed elementor-invisible e-con e-parent\" data-id=\"df96f01\" data-element_type=\"container\" data-e-type=\"container\" data-settings=\"{&quot;background_background&quot;:&quot;classic&quot;,&quot;animation&quot;:&quot;slideInDown&quot;}\">\n\t\t\t\t\t<div class=\"e-con-inner\">\n\t\t\t\t<div class=\"elementor-element elementor-element-4f6c247 animated-slow elementor-widget elementor-widget-heading\" data-id=\"4f6c247\" data-element_type=\"widget\" data-e-type=\"widget\" data-settings=\"{&quot;_animation&quot;:&quot;none&quot;}\" data-widget_type=\"heading.default\">\n\t\t\t\t<div class=\"elementor-widget-container\">\n\t\t\t\t\t<h2 class=\"elementor-heading-title elementor-size-default\">PAGA EN TRES C\u00d3MODOS PLAZOS<\/h2>\t\t\t\t<\/div>\n\t\t\t\t<\/div>\n\t\t\t\t\t<\/div>\n\t\t\t\t<\/div>\n\t\t<div class=\"elementor-element elementor-element-3de597a e-flex e-con-boxed e-con e-parent\" data-id=\"3de597a\" data-element_type=\"container\" data-e-type=\"container\">\n\t\t\t\t\t<div class=\"e-con-inner\">\n\t\t\t\t<div class=\"elementor-element elementor-element-325d20d elementor-widget elementor-widget-spacer\" data-id=\"325d20d\" data-element_type=\"widget\" data-e-type=\"widget\" data-widget_type=\"spacer.default\">\n\t\t\t\t<div class=\"elementor-widget-container\">\n\t\t\t\t\t\t\t<div class=\"elementor-spacer\">\n\t\t\t<div class=\"elementor-spacer-inner\"><\/div>\n\t\t<\/div>\n\t\t\t\t\t\t<\/div>\n\t\t\t\t<\/div>\n\t\t\t\t<div class=\"elementor-element elementor-element-190cc45 elementor-widget elementor-widget-image\" data-id=\"190cc45\" data-element_type=\"widget\" data-e-type=\"widget\" data-widget_type=\"image.default\">\n\t\t\t\t<div class=\"elementor-widget-container\">\n\t\t\t\t\t\t\t\t\t\t\t\t\t\t\t\t<a href=\"https:\/\/api.whatsapp.com\/send\/?phone=34619581160&#038;text&#038;type=phone_number&#038;app_absent=0\">\n\t\t\t\t\t\t\t<img fetchpriority=\"high\" decoding=\"async\" width=\"940\" height=\"274\" src=\"https:\/\/skydiveempuriabrava.com\/wp-content\/uploads\/Scalapay_banner_travel-esperienze-paybylink_rettangolare_ES_@2x-3-940x274-1.jpg\" class=\"attachment-large size-large wp-image-4308\" alt=\"\" srcset=\"https:\/\/skydiveempuriabrava.com\/wp-content\/uploads\/Scalapay_banner_travel-esperienze-paybylink_rettangolare_ES_@2x-3-940x274-1.jpg 940w, https:\/\/skydiveempuriabrava.com\/wp-content\/uploads\/Scalapay_banner_travel-esperienze-paybylink_rettangolare_ES_@2x-3-940x274-1-300x87.jpg 300w, https:\/\/skydiveempuriabrava.com\/wp-content\/uploads\/Scalapay_banner_travel-esperienze-paybylink_rettangolare_ES_@2x-3-940x274-1-768x224.jpg 768w\" sizes=\"(max-width: 940px) 100vw, 940px\" \/>\t\t\t\t\t\t\t\t<\/a>\n\t\t\t\t\t\t\t\t\t\t\t\t\t\t\t<\/div>\n\t\t\t\t<\/div>\n\t\t\t\t<div class=\"elementor-element elementor-element-fd07bcf elementor-widget elementor-widget-spacer\" data-id=\"fd07bcf\" data-element_type=\"widget\" data-e-type=\"widget\" data-widget_type=\"spacer.default\">\n\t\t\t\t<div class=\"elementor-widget-container\">\n\t\t\t\t\t\t\t<div class=\"elementor-spacer\">\n\t\t\t<div class=\"elementor-spacer-inner\"><\/div>\n\t\t<\/div>\n\t\t\t\t\t\t<\/div>\n\t\t\t\t<\/div>\n\t\t\t\t<div class=\"elementor-element elementor-element-da858cc elementor-align-center elementor-widget elementor-widget-button\" data-id=\"da858cc\" data-element_type=\"widget\" data-e-type=\"widget\" data-widget_type=\"button.default\">\n\t\t\t\t<div class=\"elementor-widget-container\">\n\t\t\t\t\t\t\t\t\t<div class=\"elementor-button-wrapper\">\n\t\t\t\t\t<a class=\"elementor-button elementor-button-link elementor-size-sm elementor-animation-grow\" href=\"https:\/\/api.whatsapp.com\/send\/?phone=34619581160&#038;text&#038;type=phone_number&#038;app_absent=0\">\n\t\t\t\t\t\t<span class=\"elementor-button-content-wrapper\">\n\t\t\t\t\t\t\t\t\t<span class=\"elementor-button-text\">Recibir el enlace de pago<\/span>\n\t\t\t\t\t<\/span>\n\t\t\t\t\t<\/a>\n\t\t\t\t<\/div>\n\t\t\t\t\t\t\t\t<\/div>\n\t\t\t\t<\/div>\n\t\t\t\t<div class=\"elementor-element elementor-element-bbe81af elementor-widget elementor-widget-spacer\" data-id=\"bbe81af\" data-element_type=\"widget\" data-e-type=\"widget\" data-widget_type=\"spacer.default\">\n\t\t\t\t<div class=\"elementor-widget-container\">\n\t\t\t\t\t\t\t<div class=\"elementor-spacer\">\n\t\t\t<div class=\"elementor-spacer-inner\"><\/div>\n\t\t<\/div>\n\t\t\t\t\t\t<\/div>\n\t\t\t\t<\/div>\n\t\t\t\t\t<\/div>\n\t\t\t\t<\/div>\n\t\t<div class=\"elementor-element elementor-element-eac0af4 animated-fast e-flex e-con-boxed elementor-invisible e-con e-parent\" data-id=\"eac0af4\" data-element_type=\"container\" data-e-type=\"container\" data-settings=\"{&quot;background_background&quot;:&quot;classic&quot;,&quot;animation&quot;:&quot;slideInDown&quot;}\">\n\t\t\t\t\t<div class=\"e-con-inner\">\n\t\t\t\t<div class=\"elementor-element elementor-element-89a562c animated-slow elementor-widget elementor-widget-heading\" data-id=\"89a562c\" data-element_type=\"widget\" data-e-type=\"widget\" data-settings=\"{&quot;_animation&quot;:&quot;none&quot;}\" data-widget_type=\"heading.default\">\n\t\t\t\t<div class=\"elementor-widget-container\">\n\t\t\t\t\t<h2 class=\"elementor-heading-title elementor-size-default\">Taxitour + Tandem Experience<\/h2>\t\t\t\t<\/div>\n\t\t\t\t<\/div>\n\t\t\t\t\t<\/div>\n\t\t\t\t<\/div>\n\t\t<div class=\"elementor-element elementor-element-11123d0 e-flex e-con-boxed e-con e-parent\" data-id=\"11123d0\" data-element_type=\"container\" data-e-type=\"container\" data-settings=\"{&quot;background_background&quot;:&quot;classic&quot;}\">\n\t\t\t\t\t<div class=\"e-con-inner\">\n\t\t<div class=\"elementor-element elementor-element-d2f88e9 e-con-full e-flex e-con e-child\" data-id=\"d2f88e9\" data-element_type=\"container\" data-e-type=\"container\">\n\t\t\t\t<div class=\"elementor-element elementor-element-ca38ba5 elementor-widget elementor-widget-image\" data-id=\"ca38ba5\" data-element_type=\"widget\" data-e-type=\"widget\" data-widget_type=\"image.default\">\n\t\t\t\t<div class=\"elementor-widget-container\">\n\t\t\t\t\t\t\t\t\t\t\t\t\t\t\t<img decoding=\"async\" width=\"680\" height=\"340\" src=\"https:\/\/skydiveempuriabrava.com\/wp-content\/uploads\/TaxiTourFromBarcelona.jpg\" class=\"attachment-large size-large wp-image-5410\" alt=\"TaxiTourFromBarcelona\" srcset=\"https:\/\/skydiveempuriabrava.com\/wp-content\/uploads\/TaxiTourFromBarcelona.jpg 680w, https:\/\/skydiveempuriabrava.com\/wp-content\/uploads\/TaxiTourFromBarcelona-300x150.jpg 300w\" sizes=\"(max-width: 680px) 100vw, 680px\" \/>\t\t\t\t\t\t\t\t\t\t\t\t\t\t\t<\/div>\n\t\t\t\t<\/div>\n\t\t\t\t<div class=\"elementor-element elementor-element-9b334ca elementor-widget elementor-widget-text-editor\" data-id=\"9b334ca\" data-element_type=\"widget\" data-e-type=\"widget\" data-widget_type=\"text-editor.default\">\n\t\t\t\t<div class=\"elementor-widget-container\">\n\t\t\t\t\t\t\t\t\t<p><strong>INCLUYE:<\/strong><\/p><p>Salida desde Barcelona en taxi (llamar siempre antes de salir para asegurar que hace buen tiempo)<br> Primer salto en paraca\u00eddas Tandem<br> Reportaje audiovisual profesional (opcional)<br> Diploma<br> Regreso a Barcelona en taxi<\/p><p><strong>DURACI\u00d3N:<\/strong><\/p><p>6 horas aproximadamente<\/p><p><strong>PRECIO:<\/strong><\/p><p>Taxi (450 \u20ac) + Tandem Experience ( <span style=\"color: #333333;\">seg\u00fan opci\u00f3n escogida<\/span> , a partir de 290 \u20ac)<\/p><p><span style=\"color: #00a3e0;\"><a style=\"color: #00a3e0;\" href=\"https:\/\/skydiveempuriabrava.com\/es\/contacto\/\"><strong>PONTE EN CONTACTO CON NOSOTROS Y NOS ENCARGAMOS DE TODO!<\/strong><\/a><\/span><\/p>\t\t\t\t\t\t\t\t<\/div>\n\t\t\t\t<\/div>\n\t\t\t\t<div class=\"elementor-element elementor-element-210d8f6 elementor-align-center elementor-widget elementor-widget-button\" data-id=\"210d8f6\" data-element_type=\"widget\" data-e-type=\"widget\" data-widget_type=\"button.default\">\n\t\t\t\t<div class=\"elementor-widget-container\">\n\t\t\t\t\t\t\t\t\t<div class=\"elementor-button-wrapper\">\n\t\t\t\t\t<a class=\"elementor-button elementor-button-link elementor-size-sm elementor-animation-grow\" href=\"https:\/\/www.skyrats.com\/vales\/avisLegalFormularisVenda.php?id=1&#038;tipusCondicions=tripsFromBarcelona&#038;_gl=1*rtxv6f*_gcl_au*MjYwNDIyNjA1LjE3MzczNjU1MDYuNTI2NTY5NzE4LjE3NDA1NzA2NTguMTc0MDU3MjQ1NA..\">\n\t\t\t\t\t\t<span class=\"elementor-button-content-wrapper\">\n\t\t\t\t\t\t\t\t\t<span class=\"elementor-button-text\">VER CONDICIONES<\/span>\n\t\t\t\t\t<\/span>\n\t\t\t\t\t<\/a>\n\t\t\t\t<\/div>\n\t\t\t\t\t\t\t\t<\/div>\n\t\t\t\t<\/div>\n\t\t\t\t<\/div>\n\t\t\t\t\t<\/div>\n\t\t\t\t<\/div>\n\t\t\t\t<\/div>\n\t\t","protected":false},"excerpt":{"rendered":"<p>Haz realidad tu sue\u00f1o de volar Tours de Experiencias desde Barcelona Si est\u00e1s en Barcelona y quieres vivir una de tus experiencias m\u00e1s emocionantes de la vida, te proponemos que experimentes la ca\u00edda libre con un Salto en Paraca\u00eddas en uno de los destinos de mayor renombre del mundo del paracaidismo, Skydive Empuriabrava, La Tierra [&hellip;]<\/p>\n","protected":false},"author":1,"featured_media":4140,"parent":0,"menu_order":4,"comment_status":"closed","ping_status":"closed","template":"","meta":{"site-sidebar-layout":"no-sidebar","site-content-layout":"page-builder","ast-site-content-layout":"full-width-container","site-content-style":"default","site-sidebar-style":"default","ast-global-header-display":"","ast-banner-title-visibility":"","ast-main-header-display":"","ast-hfb-above-header-display":"","ast-hfb-below-header-display":"","ast-hfb-mobile-header-display":"","site-post-title":"disabled","ast-breadcrumbs-content":"","ast-featured-img":"disabled","footer-sml-layout":"","ast-disable-related-posts":"","theme-transparent-header-meta":"","adv-header-id-meta":"","stick-header-meta":"","header-above-stick-meta":"","header-main-stick-meta":"","header-below-stick-meta":"","astra-migrate-meta-layouts":"default","ast-page-background-enabled":"default","ast-page-background-meta":{"desktop":{"background-color":"","background-image":"","background-repeat":"repeat","background-position":"center center","background-size":"auto","background-attachment":"scroll","background-type":"","background-media":"","overlay-type":"","overlay-color":"","overlay-opacity":"","overlay-gradient":""},"tablet":{"background-color":"","background-image":"","background-repeat":"repeat","background-position":"center center","background-size":"auto","background-attachment":"scroll","background-type":"","background-media":"","overlay-type":"","overlay-color":"","overlay-opacity":"","overlay-gradient":""},"mobile":{"background-color":"","background-image":"","background-repeat":"repeat","background-position":"center center","background-size":"auto","background-attachment":"scroll","background-type":"","background-media":"","overlay-type":"","overlay-color":"","overlay-opacity":"","overlay-gradient":""}},"ast-content-background-meta":{"desktop":{"background-color":"var(--ast-global-color-5)","background-image":"","background-repeat":"repeat","background-position":"center center","background-size":"auto","background-attachment":"scroll","background-type":"","background-media":"","overlay-type":"","overlay-color":"","overlay-opacity":"","overlay-gradient":""},"tablet":{"background-color":"var(--ast-global-color-5)","background-image":"","background-repeat":"repeat","background-position":"center center","background-size":"auto","background-attachment":"scroll","background-type":"","background-media":"","overlay-type":"","overlay-color":"","overlay-opacity":"","overlay-gradient":""},"mobile":{"background-color":"var(--ast-global-color-5)","background-image":"","background-repeat":"repeat","background-position":"center center","background-size":"auto","background-attachment":"scroll","background-type":"","background-media":"","overlay-type":"","overlay-color":"","overlay-opacity":"","overlay-gradient":""}},"footnotes":""},"folder":[14],"class_list":["post-8232","page","type-page","status-publish","has-post-thumbnail","hentry"],"_links":{"self":[{"href":"https:\/\/skydiveempuriabrava.com\/es\/wp-json\/wp\/v2\/pages\/8232","targetHints":{"allow":["GET"]}}],"collection":[{"href":"https:\/\/skydiveempuriabrava.com\/es\/wp-json\/wp\/v2\/pages"}],"about":[{"href":"https:\/\/skydiveempuriabrava.com\/es\/wp-json\/wp\/v2\/types\/page"}],"author":[{"embeddable":true,"href":"https:\/\/skydiveempuriabrava.com\/es\/wp-json\/wp\/v2\/users\/1"}],"replies":[{"embeddable":true,"href":"https:\/\/skydiveempuriabrava.com\/es\/wp-json\/wp\/v2\/comments?post=8232"}],"version-history":[{"count":3,"href":"https:\/\/skydiveempuriabrava.com\/es\/wp-json\/wp\/v2\/pages\/8232\/revisions"}],"predecessor-version":[{"id":10696,"href":"https:\/\/skydiveempuriabrava.com\/es\/wp-json\/wp\/v2\/pages\/8232\/revisions\/10696"}],"wp:featuredmedia":[{"embeddable":true,"href":"https:\/\/skydiveempuriabrava.com\/es\/wp-json\/wp\/v2\/media\/4140"}],"wp:attachment":[{"href":"https:\/\/skydiveempuriabrava.com\/es\/wp-json\/wp\/v2\/media?parent=8232"}],"wp:term":[{"taxonomy":"folder","embeddable":true,"href":"https:\/\/skydiveempuriabrava.com\/es\/wp-json\/wp\/v2\/folder?post=8232"}],"curies":[{"name":"wp","href":"https:\/\/api.w.org\/{rel}","templated":true}]}}