{"id":8310,"date":"2024-09-29T17:58:46","date_gmt":"2024-09-29T17:58:46","guid":{"rendered":"https:\/\/skydiveempuriabrava.com\/politica-de-privacidad\/"},"modified":"2025-03-24T09:26:40","modified_gmt":"2025-03-24T09:26:40","slug":"politica-de-privacidad","status":"publish","type":"page","link":"https:\/\/skydiveempuriabrava.com\/es\/politica-de-privacidad\/","title":{"rendered":"Pol\u00edtica de privacidad"},"content":{"rendered":"\n<p><\/p>\n\n<p>Actualizado: sep 24<\/p>\n\n<figure class=\"wp-block-table\"><table class=\"has-fixed-layout\"><tbody><tr><td><br\/><br\/><\/td><td><br\/>Informaci\u00f3n b\u00e1sica sobre Protecci\u00f3n de Datos<br\/><\/td><\/tr><tr><td><br\/>Responsable<br\/><\/td><td><br\/>JIP AVIACI\u00d3N, SLU (en adelante SKYDIVE EMPURIABRAVA)<\/td><\/tr><tr><td><br\/><br\/>Finalidad<\/td><td><br\/>Prestaci\u00f3n de servicios online Gesti\u00f3n de usuarios web Comunicaciones comerciales relacionadas con nuestros servicios. Gestionar datos aportados por los candidatos a proceso de selecci\u00f3n de personal. <br\/><\/td><\/tr><tr><td><br\/>Legitimaci\u00f3n<br\/><\/td><td><br\/>Consentimiento expreso, ejecuci\u00f3n de contrato e inter\u00e9s leg\u00edtimo<\/td><\/tr><tr><td><br\/><br\/><br\/>Destinatarios<br\/><\/td><td><br\/>No se ceden datos a terceros, excepto:<br\/> en las empresas del mismo grupo empresarial. a empresas especializadas en selecci\u00f3n de personal y an\u00e1lisis de perfiles por los candidatos a un puesto de trabajo. por obligaci\u00f3n legal.  <br\/><br\/><\/td><\/tr><tr><td><br\/><br\/>Derechos<br\/><\/td><td><br\/>Acceder, rectificar y suprimir los datos, as\u00ed como otros derechos, como se explica en la informaci\u00f3n adicional.<br\/><\/td><\/tr><tr><td><br\/><br\/>Informaci\u00f3n adicional<\/td><td><br\/>Puede consultar la informaci\u00f3n adicional y detallada sobre Protecci\u00f3n de Datos en las Cl\u00e1usulas anexas que se encuentran en <a href=\"https:\/\/www.skydiveempuriabrava.com\/politica-de-privacitat\/\">https:\/\/www.skydiveempuriabrava.com\/politica-de-privacitat\/<\/a><br\/><\/td><\/tr><\/tbody><\/table><\/figure>\n\n<p>JIP AVIACI\u00d3N, SLU (en adelante SKYDIVE EMPURIABRAVA) trabajamos para ofrecerle a trav\u00e9s de nuestros productos y servicios la mejor experiencia posible. En algunos casos, es necesario recabar la informaci\u00f3n para conseguirlo. Nos importa su privacidad y creemos que debemos ser transparentes al respecto.  <\/p>\n\n<p>Por ello, ya efectos de lo previsto en el Reglamento (UE) 2016\/679 del Parlamento Europeo y del Consejo de 27 de abril de 2016 (en adelante, \u00abRGPD\u00bb) relativo a la protecci\u00f3n de las personas f\u00edsicas en lo que respecta al tratamiento de datos personales ya la libre circulaci\u00f3n de estos datos, y la LEY 34\/2002 , \u00abLSSI\u00bb, SKYDIVE EMPURIABRAVA informa al usuario que, como responsable del tratamiento, incorporar\u00e1 los datos de car\u00e1cter personal facilitados por los usuarios en un fichero automatizado.<\/p>\n\n<p>Nuestro compromiso comienza por explicarle lo siguiente:<\/p>\n\n<ul class=\"wp-block-list\">\n<li>Se recogen sus datos para que la experiencia de usuario mejore, atendiendo a sus intereses y necesidades.<\/li>\n<\/ul>\n\n<ul class=\"wp-block-list\">\n<li>Somos transparentes en relaci\u00f3n con los datos que obtenemos sobre usted y la raz\u00f3n por la que lo hacemos.<\/li>\n<\/ul>\n\n<ul class=\"wp-block-list\">\n<li>Nuestra intenci\u00f3n es ofrecerle la mejor experiencia posible. Por eso, cuando utilicemos su informaci\u00f3n personal lo haremos siempre cumpliendo la normativa, y cuando sea necesario, solicitaremos su consentimiento. <\/li>\n<\/ul>\n\n<ul class=\"wp-block-list\">\n<li>Entendemos que sus datos le pertenecen. Por tanto, si decide no autorizarnos a procesarlas puede solicitar que dejemos de tratarlas. <\/li>\n<\/ul>\n\n<ul class=\"wp-block-list\">\n<li>Nuestra prioridad consiste en garantizar su seguridad y tratar sus datos de acuerdo a la normativa europea.<\/li>\n<\/ul>\n\n<p>Si deseas obtener m\u00e1s informaci\u00f3n sobre el tratamiento de sus datos, consulte los distintos apartados de la pol\u00edtica de privacidad que se encuentran a continuaci\u00f3n:<\/p>\n\n<p><strong>\u00bfQui\u00e9n es el responsable del tratamiento de sus datos personales?<\/strong><\/p>\n\n<p>Denominaci\u00f3n social: JIP AVIACI\u00d3, SLU<\/p>\n\n<p>Denominaci\u00f3n comercial: SKYDIVE EMPURIABRAVA<\/p>\n\n<p>Domicilio social: Sector Aeroclub, s\/n - 17487 - Empuriabrava (Girona)<\/p>\n\n<p>CIF: B17449836<\/p>\n\n<p>e-mail: <a href=\"mailto:infoweb@skydiveempuriabrava.com\">infoweb@skydiveempuriabrava.com<\/a><\/p>\n\n<p>SKYDIVE EMPURIABRAVA ha designado a una persona de contacto interna como coordinador de la adaptaci\u00f3n dentro de su organizaci\u00f3n. Si desea realizar una consulta con relaci\u00f3n al tratamiento de sus datos personales, puede ponerse en contacto con \u00e9l mediante el correo <a href=\"mailto:infoweb@skydiveempuriabrava.com\">infoweb@skydiveempuriabrava.com<\/a> <\/p>\n\n<p><strong>\u00bfQu\u00e9 datos personales recopilamos?<\/strong><\/p>\n\n<p>Los datos personales que el usuario puede llegar a proporcionar:<\/p>\n\n<ul class=\"wp-block-list\">\n<li>Nombre, direcci\u00f3n y fecha de nacimiento.<\/li>\n<\/ul>\n\n<ul class=\"wp-block-list\">\n<li>N\u00famero de tel\u00e9fono y direcci\u00f3n de correo electr\u00f3nico.<\/li>\n<\/ul>\n\n<ul class=\"wp-block-list\">\n<li>Ubicaci\u00f3n.<\/li>\n<\/ul>\n\n<ul class=\"wp-block-list\">\n<li>Informaci\u00f3n relativa a pagos y devoluciones.<\/li>\n<\/ul>\n\n<ul class=\"wp-block-list\">\n<li>Direcci\u00f3n IP, fecha y hora en la que ha accedido a nuestros servicios, navegador de internet que utilice y datos sobre el sistema operativo del dispositivo.<\/li>\n\n\n\n<li>Los datos de Curr\u00edculum Vitae (CV) de los candidatos a un puesto de trabajo.<\/li>\n<\/ul>\n\n<ul class=\"wp-block-list\">\n<li>Cualquier otra informaci\u00f3n o datos que decida compartir con nosotros.<\/li>\n<\/ul>\n\n<p>En algunos casos, es obligatoria la complementaci\u00f3n del formulario de registro para acceder y disfrutar de determinados servicios ofrecidos en la web; asimismo, no facilitar los datos personales solicitados o no aceptar la presente pol\u00edtica de protecci\u00f3n de datos supone la imposibilidad de suscribirse, registrarse o participar en cualquiera de las promociones en las que se soliciten datos de car\u00e1cter personal.<\/p>\n\n<p><strong>\u00bfPor qu\u00e9 y para qu\u00e9 tratamos sus datos?<\/strong><\/p>\n\n<p>En SKYDIVE EMPURIABRAVA tratamos la informaci\u00f3n que nos facilitan las personas interesadas con las siguientes finalidades:<\/p>\n\n<ul class=\"wp-block-list\">\n<li>Gestionar la contrataci\u00f3n de alguno de nuestros servicios, sea online o en nuestras oficinas f\u00edsicas.<\/li>\n<\/ul>\n\n<ul class=\"wp-block-list\">\n<li>Gestionar el env\u00edo de la informaci\u00f3n que nos soliciten.<\/li>\n<\/ul>\n\n<ul class=\"wp-block-list\">\n<li>Gestionar los datos aportados por los candidatos a un puesto de trabajo a trav\u00e9s de su Curr\u00edculum Vitae (CV) con el \u00fanico fin de llevar a cabo el proceso de selecci\u00f3n de personal.<\/li>\n<\/ul>\n\n<ul class=\"wp-block-list\">\n<li>Desarrollar acciones comerciales y realizar el mantenimiento y gesti\u00f3n de la relaci\u00f3n con el usuario, as\u00ed como la gesti\u00f3n de los servicios ofrecidos a trav\u00e9s del sitio web y las tareas de informaci\u00f3n, pudiendo realizar valoraciones autom\u00e1ticas, obtenci\u00f3n de perfiles y tareas de segmentaci\u00f3n de los clientes con el objeto de personalizar el tratamiento conforme a sus caracter\u00edsticas y necesidades y mejor la experiencia online del cliente.<\/li>\n<\/ul>\n\n<ul class=\"wp-block-list\">\n<li>Desarrollar y gestionar los concursos, sorteos u otras actividades promocionales que puedan organizarse.<\/li>\n<\/ul>\n\n<ul class=\"wp-block-list\">\n<li>En algunos casos ser\u00e1 necesario facilitar informaci\u00f3n a las Autoridades o terceras empresas por motivos de auditor\u00eda, as\u00ed como manejar datos personales de facturas, contratos y documentos para responder a reclamaciones de clientes o Administraciones P\u00fablicas.<\/li>\n<\/ul>\n\n<p>Informamos que los datos personales que se obtengan como consecuencia de su registro como usuario formar\u00e1n parte del Registro de Actividades y operaciones de Tratamiento (RAT), que se actualizar\u00e1 peri\u00f3dicamente de acuerdo con lo establecido en el RGPD.<\/p>\n\n<p><strong>\u00bfCu\u00e1l es la legitimaci\u00f3n para el tratamiento de sus datos?<\/strong><\/p>\n\n<p>El tratamiento de sus datos puede fundamentarse en las siguientes bases legales:<\/p>\n\n<ul class=\"wp-block-list\">\n<li>Consentimiento del interesado por los formularios de contacto, las solicitudes de informaci\u00f3n o alta en newsletters.<\/li>\n\n\n\n<li>Ejecuci\u00f3n de contrato para la contrataci\u00f3n de servicios y productos o contrataci\u00f3n de personal en el \u00e1mbito laboral.<\/li>\n<\/ul>\n\n<ul class=\"wp-block-list\">\n<li>Inter\u00e9s leg\u00edtimo por el tratamiento de datos de nuestros clientes en acciones de marketing directo y consentimiento expreso del interesado por todo lo relativo a las valoraciones autom\u00e1ticas y elaboraci\u00f3n de perfiles.<\/li>\n<\/ul>\n\n<ul class=\"wp-block-list\">\n<li>Cumplimiento de obligaciones legales por prevenci\u00f3n del fraude, comunicaci\u00f3n con autoridades p\u00fablicas y reclamaciones de terceros.<\/li>\n<\/ul>\n\n<p><strong>\u00bfCu\u00e1nto tiempo conservamos sus datos?<\/strong><\/p>\n\n<p>El tratamiento de los datos con los fines descritos se mantendr\u00e1 durante el tiempo necesario para cumplir con la finalidad de su recogida (por ejemplo, mientras dure la relaci\u00f3n comercial), as\u00ed como por el cumplimiento de las obligaciones legales que se deriven del tratamiento de los datos.<\/p>\n\n<p>El tiempo de conservaci\u00f3n de los CV de los candidatos a proceso de selecci\u00f3n de personal, no seleccionados, ser\u00e1 de un a\u00f1o desde la recepci\u00f3n del mismo.<\/p>\n\n<p><strong>\u00bfA qu\u00e9 destinatarios se comunican sus datos?<\/strong><\/p>\n\n<p>En algunos casos, s\u00f3lo cuando sea necesario, SKYDIVE EMPURIABRAVA proporcionar\u00e1 datos de los usuarios a terceros. Sin embargo, nunca se vender\u00e1n los datos a terceros. Los proveedores de servicios externos (por ejemplo, proveedores de pago) con los que SKYDIVE EMPURIABRAVA trabaje pueden utilizar los datos para proporcionar los servicios correspondientes, sin perjuicio de ello, no utilizar\u00e1n la informaci\u00f3n para fines propios o por cesi\u00f3n a terceros.  <\/p>\n\n<p>SKYDIVE EMPURIABRAVA procura garantizar la seguridad de los datos personales cuando se env\u00edan fuera de la empresa y asegura que los terceros proveedores del servicio respetan la confidencialidad y cuentan con las medidas adecuadas para proteger los datos personales. Estos terceros tienen la obligaci\u00f3n de garantizar que la informaci\u00f3n se trata conforme a la normativa de privacidad de datos. <\/p>\n\n<p>En algunos casos, la ley puede exigir que se revelen datos personales a organismos p\u00fablicos u otras partes, s\u00f3lo se revelar\u00e1 lo estrictamente necesario para el cumplimiento de estas obligaciones legales.<\/p>\n\n<p>Los datos personales obtenidos tambi\u00e9n podr\u00e1n ser compartidos con otras empresas del grupo.<\/p>\n\n<p>Los datos de los curr\u00edculums vitae (CV) de los candidatos a un puesto de trabajo podr\u00e1n ser compartidos con empresas especializadas en procesos de selecci\u00f3n de personal y an\u00e1lisis de perfiles.<\/p>\n\n<p><strong>\u00bfD\u00f3nde se almacenan tus datos?<\/strong><\/p>\n\n<p>Con car\u00e1cter general, los datos se almacenan en la UE. Los datos que se env\u00edan a terceros que no pertenecen a la UE, nos aseguraremos de que ofrezcan un nivel de protecci\u00f3n suficiente, ya sea porque cuentan con Normas Corporativas Vinculantes (BCR) o porque se hayan adherido al Privacy Shield o al acuerdo que est\u00e9 vigente en cada momento. <\/p>\n\n<p><strong>\u00bfQu\u00e9 derechos le asisten y c\u00f3mo puede ejercerlos?<\/strong><\/p>\n\n<p>Puede dirigir sus comunicaciones y ejercitar sus derechos mediante una petici\u00f3n en el siguiente correo electr\u00f3nico: <a href=\"mailto:infoweb@skydiveempuriabrava.com\">infoweb@skydiveempuriabrava.com<\/a><\/p>\n\n<p>En virtud de lo que establece el RGPD puede solicitar:<\/p>\n\n<ul class=\"wp-block-list\">\n<li>Derecho de acceso: puede solicitar informaci\u00f3n de aquellos datos personales que disponemos sobre usted.<\/li>\n<\/ul>\n\n<ul class=\"wp-block-list\">\n<li>Derecho de rectificaci\u00f3n: puede comunicar cualquier cambio en sus datos personales.<\/li>\n<\/ul>\n\n<ul class=\"wp-block-list\">\n<li>Derecho de supresi\u00f3n y al olvido: puede solicitar la eliminaci\u00f3n previo bloqueo de los datos personales.<\/li>\n<\/ul>\n\n<ul class=\"wp-block-list\">\n<li>Derecho de limitaci\u00f3n al tratamiento: supone la restricci\u00f3n del tratamiento de datos personales.<\/li>\n<\/ul>\n\n<ul class=\"wp-block-list\">\n<li>Derecho de oposici\u00f3n: puede retirar el consentimiento del tratamiento de los datos, oponi\u00e9ndose a que se sigan tratando.<\/li>\n<\/ul>\n\n<ul class=\"wp-block-list\">\n<li>Derecho a la portabilidad: en algunos casos, puede solicitar una copia de los datos personales en un formato estructurado, de uso com\u00fan y lectura mec\u00e1nica por su transmisi\u00f3n a otro responsable.<\/li>\n<\/ul>\n\n<ul class=\"wp-block-list\">\n<li>Derecho a no ser objeto de decisiones individualizadas: puede solicitar que no se tomen decisiones que se basen \u00fanicamente en el tratamiento automatizante, incluyendo la elaboraci\u00f3n de perfiles, que produzca efectos jur\u00eddicos o afecte significativamente al interesado.<\/li>\n<\/ul>\n\n<p>En algunos casos, se podr\u00e1 rechazar la solicitud si solicita que se eliminen datos necesarios para el cumplimiento de obligaciones legales.<\/p>\n\n<p>Asimismo, si tiene alguna queja sobre el tratamiento de los datos, puede presentar una reclamaci\u00f3n ante la autoridad de protecci\u00f3n de datos.<\/p>\n\n<p><strong>\u00bfQui\u00e9n es el responsable de la exactitud y veracidad de los datos facilitados?<\/strong><\/p>\n\n<p>El usuario es el \u00fanico responsable de la veracidad y correcci\u00f3n de los datos incluidos, exonerando a SKYDIVE EMPURIABRAVA de cualquier responsabilidad al respecto. Los usuarios garantizan y responden, en cualquier caso, de la exactitud, vigencia y autenticidad de los datos personales facilitados, comprometi\u00e9ndose a mantenerlos debidamente actualizados. El usuario acepta proporcionar informaci\u00f3n completa y correcta en el formulario de registro o suscripci\u00f3n. SKYDIVE EMPURIABRAVA se reserva el derecho de finalizar los servicios contratados que se hubieran celebrado con los usuarios, en caso de que los datos que haya facilitado sean falsos, incompletos inexactos o no est\u00e9n actualizados.   <\/p>\n\n<p>SKYDIVE EMPURIABRAVA no responde de la veracidad de las informaciones que no sean de elaboraci\u00f3n propia y de las que se indique otra fuente, por lo que tampoco asume responsabilidad alguna en cuanto a hipot\u00e9ticos perjuicios que pudieran originarse por el uso de esta informaci\u00f3n.<\/p>\n\n<p>SKYDIVE EMPURIABRAVA se reserva el derecho a actualizar, modificar o eliminar la informaci\u00f3n contenida en sus p\u00e1ginas web pudiendo incluso limitar o no permitir el acceso a esa informaci\u00f3n. Se exonera a SKYDIVE EMPURIABRAVA de responsabilidad frente a cualquier da\u00f1o o perjuicio que pudiera sufrir el usuario como consecuencia de errores, defectos u omisiones, en la informaci\u00f3n facilitada por SKYDIVE EMPURIABRAVA siempre que proceda de fuentes ajenas a la misma. <\/p>\n\n<p>Asimismo, el usuario certifica que es mayor de 14 a\u00f1os y posee la capacidad legal necesaria para la prestaci\u00f3n del consentimiento respecto al tratamiento de sus datos de car\u00e1cter personal.<\/p>\n\n<p><strong>\u00bfC\u00f3mo tratamos los datos personales de los menores de edad?<\/strong><\/p>\n\n<p>En principio, nuestros servicios no van dirigidos espec\u00edficamente a menores de edad. No obstante, en caso de que alguno de ellos se dirija a menores de catorce a\u00f1os, de conformidad con el art\u00edculo 8 del RGPD y el art\u00edculo 7 de la LO 3\/2018, de 5 de diciembre (LOPDGDD), SKYDIVE EMPURIABRAVA exigir\u00e1 el consentimiento v\u00e1lido, libre, inequ\u00edvoco, espec\u00edfico. En tal caso, se exigir\u00e1 el DNI u otra forma de identificaci\u00f3n de quien preste el consentimiento.  <\/p>\n\n<p>En el caso de mayores de catorce a\u00f1os podr\u00e1 procederse al tratamiento de los datos con el consentimiento del usuario, exceptuando aquellos casos en los que la Ley exija la asistencia de los titulares de la patria potestad o tutela.<\/p>\n\n<p><strong>\u00bfQu\u00e9 medidas de seguridad aplicamos para proteger sus datos personales?<\/strong><\/p>\n\n<p>SKYDIVE EMPURIABRAVA ha adoptado los niveles de seguridad de protecci\u00f3n de los datos personales legalmente requeridos, procurando instalar aquellos otros medios y medidas t\u00e9cnicas adicionales a su alcance para evitar la p\u00e9rdida, mal uso, alteraci\u00f3n, acceso no autorizado y robo de los datos personales facilitados a SKYDIVE EMPURIABRAVA.<\/p>\n\n<p>SKYDIVE EMPURIABRAVA no es responsable de hipot\u00e9ticos da\u00f1os o perjuicios que pudieran derivarse de interferencias, omisiones, interrupciones, virus inform\u00e1ticos, aver\u00edas telef\u00f3nicas o desconexiones en el funcionamiento operativo de este sistema electr\u00f3nico, motivadas por causas ajenas a SKYDIVE EMPURIABRAVA; de retrasos o bloqueos en el uso del presente sistema electr\u00f3nico causados \u200b\u200bpor ciencias o sobrecargas de l\u00edneas telef\u00f3nicas o sobrecargas en el Centro de Procesos de Datos, en el sistema de Internet o en otros sistemas electr\u00f3nicos, as\u00ed como de da\u00f1os que puedan ser causados \u200b\u200bpor terceras personas mediante intromisiones ileg\u00edtimas fuera del control de SKYDIVE. Sin embargo, el usuario debe ser consciente de que las medidas de seguridad en Internet no son inexpugnables. <\/p>\n\n<p><strong>Enlaces a otros sitios web<\/strong><\/p>\n\n<p>En el sitio web <a href=\"https:\/\/www.skydiveempuriabrava.com\/\">https:\/\/www.skydiveempuriabrava.com\/<\/a> puede haber enlaces a otras p\u00e1ginas web. Al clicar en uno de estos enlaces y acceder a un sitio web externo, la visita estar\u00e1 sujeta a la pol\u00edtica de privacidad de ese sitio web, quedando SKYDIVE EMPURIABRABA desvinculada de cualquier clase de responsabilidad sobre su pol\u00edtica de privacidad. <\/p>\n\n<p><strong>\u00bfC\u00f3mo utilizamos las cookies?<\/strong><\/p>\n\n<p>El sitio web de SKYDIVE EMPURIABRAVA utiliza cookies, a efectos de optimizar y personalizar su navegaci\u00f3n por el mismo. Las cookies son archivos f\u00edsicos de informaci\u00f3n que se alojan en el terminal del usuario, la informaci\u00f3n recogida mediante las cookies sirve para facilitar la navegaci\u00f3n del usuario por el portal y optimizar la experiencia de navegaci\u00f3n. Los datos recopilados mediante las cookies pueden ser compartidos con los creadores de \u00e9stas, pero en ning\u00fan caso la informaci\u00f3n obtenida por las mismas ser\u00e1 asociada a datos personales ni a datos que puedan identificar al usuario.  <\/p>\n\n<p>Sin embargo, si el usuario no desea que se instalen cookies en su disco duro, tiene la posibilidad de configurar el navegador de tal forma que impida la instalaci\u00f3n de estos archivos. Para obtener m\u00e1s informaci\u00f3n consulte nuestra Pol\u00edtica de Cookies <a href=\"https:\/\/www.skydiveempuriabrava.com\/pol%C3%ADtica-de-cookies\/\">https:\/\/www.skydiveempuriabrava.com\/pol\u00edtica-de-cookies\/<\/a> <\/p>\n\n<p><strong>\u00bfPuede modificarse la pol\u00edtica de privacidad?<\/strong><\/p>\n\n<p>Esta pol\u00edtica de privacidad puede modificarse, te recomendamos que la revises con cierta periodicidad.<\/p>\n","protected":false},"excerpt":{"rendered":"<p>Actualizado: sep 24 Informaci\u00f3n b\u00e1sica sobre Protecci\u00f3n de Datos Responsable JIP AVIACI\u00d3N, SLU (en adelante SKYDIVE EMPURIABRAVA) Finalidad Prestaci\u00f3n de servicios online Gesti\u00f3n de usuarios web Comunicaciones comerciales relacionadas con nuestros servicios. Gestionar datos aportados por los candidatos a proceso de selecci\u00f3n de personal. Legitimaci\u00f3n Consentimiento expreso, ejecuci\u00f3n de contrato e inter\u00e9s leg\u00edtimo Destinatarios No [&hellip;]<\/p>\n","protected":false},"author":1,"featured_media":0,"parent":0,"menu_order":0,"comment_status":"closed","ping_status":"closed","template":"","meta":{"site-sidebar-layout":"default","site-content-layout":"","ast-site-content-layout":"default","site-content-style":"default","site-sidebar-style":"default","ast-global-header-display":"","ast-banner-title-visibility":"","ast-main-header-display":"","ast-hfb-above-header-display":"","ast-hfb-below-header-display":"","ast-hfb-mobile-header-display":"","site-post-title":"","ast-breadcrumbs-content":"","ast-featured-img":"","footer-sml-layout":"","ast-disable-related-posts":"","theme-transparent-header-meta":"","adv-header-id-meta":"","stick-header-meta":"","header-above-stick-meta":"","header-main-stick-meta":"","header-below-stick-meta":"","astra-migrate-meta-layouts":"default","ast-page-background-enabled":"default","ast-page-background-meta":{"desktop":{"background-color":"","background-image":"","background-repeat":"repeat","background-position":"center center","background-size":"auto","background-attachment":"scroll","background-type":"","background-media":"","overlay-type":"","overlay-color":"","overlay-opacity":"","overlay-gradient":""},"tablet":{"background-color":"","background-image":"","background-repeat":"repeat","background-position":"center center","background-size":"auto","background-attachment":"scroll","background-type":"","background-media":"","overlay-type":"","overlay-color":"","overlay-opacity":"","overlay-gradient":""},"mobile":{"background-color":"","background-image":"","background-repeat":"repeat","background-position":"center center","background-size":"auto","background-attachment":"scroll","background-type":"","background-media":"","overlay-type":"","overlay-color":"","overlay-opacity":"","overlay-gradient":""}},"ast-content-background-meta":{"desktop":{"background-color":"var(--ast-global-color-5)","background-image":"","background-repeat":"repeat","background-position":"center center","background-size":"auto","background-attachment":"scroll","background-type":"","background-media":"","overlay-type":"","overlay-color":"","overlay-opacity":"","overlay-gradient":""},"tablet":{"background-color":"var(--ast-global-color-5)","background-image":"","background-repeat":"repeat","background-position":"center center","background-size":"auto","background-attachment":"scroll","background-type":"","background-media":"","overlay-type":"","overlay-color":"","overlay-opacity":"","overlay-gradient":""},"mobile":{"background-color":"var(--ast-global-color-5)","background-image":"","background-repeat":"repeat","background-position":"center center","background-size":"auto","background-attachment":"scroll","background-type":"","background-media":"","overlay-type":"","overlay-color":"","overlay-opacity":"","overlay-gradient":""}},"footnotes":""},"folder":[17],"class_list":["post-8310","page","type-page","status-publish","hentry"],"_links":{"self":[{"href":"https:\/\/skydiveempuriabrava.com\/es\/wp-json\/wp\/v2\/pages\/8310","targetHints":{"allow":["GET"]}}],"collection":[{"href":"https:\/\/skydiveempuriabrava.com\/es\/wp-json\/wp\/v2\/pages"}],"about":[{"href":"https:\/\/skydiveempuriabrava.com\/es\/wp-json\/wp\/v2\/types\/page"}],"author":[{"embeddable":true,"href":"https:\/\/skydiveempuriabrava.com\/es\/wp-json\/wp\/v2\/users\/1"}],"replies":[{"embeddable":true,"href":"https:\/\/skydiveempuriabrava.com\/es\/wp-json\/wp\/v2\/comments?post=8310"}],"version-history":[{"count":0,"href":"https:\/\/skydiveempuriabrava.com\/es\/wp-json\/wp\/v2\/pages\/8310\/revisions"}],"wp:attachment":[{"href":"https:\/\/skydiveempuriabrava.com\/es\/wp-json\/wp\/v2\/media?parent=8310"}],"wp:term":[{"taxonomy":"folder","embeddable":true,"href":"https:\/\/skydiveempuriabrava.com\/es\/wp-json\/wp\/v2\/folder?post=8310"}],"curies":[{"name":"wp","href":"https:\/\/api.w.org\/{rel}","templated":true}]}}