{"id":8323,"date":"2024-09-29T17:42:29","date_gmt":"2024-09-29T17:42:29","guid":{"rendered":"https:\/\/skydiveempuriabrava.com\/politica-de-cookies\/"},"modified":"2025-03-24T09:26:40","modified_gmt":"2025-03-24T09:26:40","slug":"politica-de-cookies","status":"publish","type":"page","link":"https:\/\/skydiveempuriabrava.com\/es\/politica-de-cookies\/","title":{"rendered":"Pol\u00edtica de cookies"},"content":{"rendered":"\n<p><strong>Pol\u00edtica de cookies<\/strong><\/p>\n\n<p><em>Actualizada:: Set<\/em> 24<\/p>\n\n<p class=\"has-ast-global-color-7-color has-text-color has-link-color wp-elements-9c24da3f2c0186087f3021022425fee7\">El sitio web <a href=\"https:\/\/www.skydiveempuriabrava.com\">https:\/\/www.skydiveempuriabrava.com<\/a> es responsabilidad JIP AVIACI\u00d3N, SLU (en adelante SKYDIVE EMPURIABRAVA), con domicilio social Sector Aeroclub, s\/n - 17487 - Empuriabrava (Girona) , con CIF: B17449836 y direcci\u00f3n de correo electr\u00f3nico: <a href=\"mailto:infoweb@skydiveempuriabrava.com\">infoweb@<\/a><\/p>\n\n<p>Consecuentemente, la utilizaci\u00f3n de cookies se le aplica la presente \u00abPol\u00edtica de Uso de Cookies\u00bb que ha sido elaborada para que el usuario quede informado de los distintos usos que se llevan a cabo en estos dispositivos y, pueda consentir su tratamiento de forma informada, de conformidad con lo que prev\u00e9 la legislaci\u00f3n vigente.<\/p>\n\n<p><strong>\u00bfQu\u00e9 es una cookie?<\/strong><\/p>\n\n<p>Una cookie es un archivo que se descarga en su ordenador al acceder al usuario a determinadas p\u00e1ginas web. Las cookies permiten a una p\u00e1gina web, entre otras cosas, almacenar y recuperar informaci\u00f3n sobre los h\u00e1bitos de navegaci\u00f3n de un usuario o de su equipo y, dependiendo de la informaci\u00f3n que contengan y de la forma en que utilice su equipo, pueden utilizarse para reconocer al usuario. <\/p>\n\n<p><strong>\u00bfQu\u00e9 tipos de cookies hay?<\/strong><\/p>\n\n<p>Existen varios tipos de cookies en funci\u00f3n de diferentes criterios:<\/p>\n\n<p>En funci\u00f3n del tiempo que permanecen activadas:<\/p>\n\n<ul class=\"wp-block-list\">\n<li>Cookies de sesi\u00f3n. Son un tipo de cookies dise\u00f1adas para recabar y almacenar datos mientras el usuario accede a una p\u00e1gina web. <\/li>\n\n\n\n<li>Cookies permanentes: Son un tipo de cookies en el que los datos siguen almacenados en el terminal y pueden ser accedidos y tratados durante un per\u00edodo definido por el responsable de la cookie.<\/li>\n<\/ul>\n\n<p>En funci\u00f3n de la titularidad:<\/p>\n\n<ul class=\"wp-block-list\">\n<li>Cookies propias. Son las que pertenecen a SKYDIVE EMPURIABRAVA <\/li>\n\n\n\n<li>Cookies de terceros. Son aquellas cuya titularidad es de un tercero, distinto de SKYDIVE EMPURIABRAVA, que ser\u00e1 quien trate la informaci\u00f3n recogida. <\/li>\n<\/ul>\n\n<p>En funci\u00f3n de su finalidad:<\/p>\n\n<ul class=\"wp-block-list\">\n<li>Cookies t\u00e9cnicas y\/o de personalizaci\u00f3n. Son aqu\u00e9llas que sirven para mejorar el servicio, localizar incidencias, reconocer al usuario, etc. <\/li>\n\n\n\n<li>Cookies de an\u00e1lisis y\/o publicidad. Son aqu\u00e9llas que sirven para analizar informaci\u00f3n sobre la navegaci\u00f3n y ofrecer publicidad, sea gen\u00e9rica o personalizada. <\/li>\n<\/ul>\n\n<p><strong>\u00bfQu\u00e9 tipos de cookies son m\u00e1s habituales?<\/strong><\/p>\n\n<p>T\u00c9CNICAS: Son cookies PROPIAS, de sesi\u00f3n, identificaci\u00f3n, configuraci\u00f3n y registro, estrictamente necesarias para la identificaci\u00f3n del usuario y para la prestaci\u00f3n de los servicios solicitados por el usuario. La informaci\u00f3n obtenida a trav\u00e9s de las mismas es tratada \u00fanicamente por SKYDIVE EMPURIABRAVA <\/p>\n\n<p>DE AN\u00c1LISIS: Son aquellas que, bien tratadas por nosotros o por terceros, nos permiten cuantificar el n\u00famero de usuarios y as\u00ed realizar la medici\u00f3n y an\u00e1lisis estad\u00edstico de la utilizaci\u00f3n que realizan los usuarios del servicio ofrecido. Por eso se analiza su navegaci\u00f3n en nuestra p\u00e1gina web para mejorar la oferta de productos o servicios que le ofrecemos. <\/p>\n\n<p>DE PUBLICIDAD: Son aquellas que, bien tratadas por nosotros o por terceros, permiten la gesti\u00f3n, de la forma m\u00e1s eficaz posible, de los espacios publicitarios que pudieran incluirse en nuestra p\u00e1gina web y\/o almacenan informaci\u00f3n del comportamiento de los usuarios obtenida a trav\u00e9s de la observaci\u00f3n continuada. Gracias a ellas, podemos conocer los h\u00e1bitos de navegaci\u00f3n en Internet y mostrarle publicidad relacionada con su perfil de navegaci\u00f3n. <\/p>\n\n<p><strong>\u00bfPara qu\u00e9 sirve una cookie?<\/strong><\/p>\n\n<p>Las cookies se utilizan para poder ofrecer servicios y\/o publicidad personalizados, para analizar el funcionamiento del sistema, reconocer cu\u00e1ndo accede como usuario, localizar incidencias y problemas que puedan surgir y solucionar en el menor plazo posible, as\u00ed como analizar y medir el uso y actividad de la p\u00e1gina web.<\/p>\n\n<p><strong>\u00bfSe necesita mi consentimiento para implantar una cookie?<\/strong><\/p>\n\n<p>No es necesario el consentimiento para la instalaci\u00f3n de cookies t\u00e9cnicas o las que sean estrictamente necesarias para la prestaci\u00f3n de un servicio de la sociedad de la informaci\u00f3n expresamente solicitado por el destinatario.<\/p>\n\n<p>Para el resto, s\u00ed se necesita el consentimiento del interesado que puede solicitarse por diferentes v\u00edas<\/p>\n\n<p><strong>\u00bfQu\u00e9 tipos de cookies utiliza esta p\u00e1gina web?<\/strong><\/p>\n\n<p>Cookies t\u00e9cnicas: Son aquellas creadas y gestionadas \u00fanicamente por nosotros, permitiendo al usuario la navegaci\u00f3n a trav\u00e9s de nuestra p\u00e1gina web y la utilizaci\u00f3n de las diferentes opciones como, por ejemplo, identificar la sesi\u00f3n, personalizar informaci\u00f3n o acceder a zonas de acceso restringido.<\/p>\n\n<p>El sitio web de SKYDIVE EMPURIABRAVA, utiliza Google Analytics, una herramienta de anal\u00edtica web desarrollada por Google, que ayuda a los propietarios de sitios web a medir c\u00f3mo interact\u00faan los usuarios con el contenido del sitio. Por la prestaci\u00f3n de estos servicios, Google Analytics utiliza cookies que recopilan la informaci\u00f3n, incluida la direcci\u00f3n IP del usuario que ser\u00e1 transmitida, tratada y almacenada por Google en los t\u00e9rminos fijados en la web Google.com. <\/p>\n\n<p>Para m\u00e1s informaci\u00f3n ver:<\/p>\n\n<p class=\"has-ast-global-color-2-color has-text-color has-link-color wp-elements-33e1f475ab143eaf92a94006c504c39f\"><a href=\"https:\/\/developers.google.com\/analytics\/devguides\/collection\/analyticsjs\/cookie-usage\">https:\/\/developers.google.com\/analytics\/devguides\/collection\/analyticsjs\/cookie-usage<\/a><\/p>\n\n<p class=\"has-ast-global-color-2-color has-text-color has-link-color wp-elements-a234f2f8e0f68f5bd8456c3422d33ae4\">El dominio web <a href=\"https:\/\/www.skydiveempuriabrava.com\/%20\">https:\/\/www.skydiveempuriabrava.com\/<\/a> utiliza los siguientes tipos de cookies:<\/p>\n\n<figure class=\"wp-block-table is-style-stripes\"><table class=\"has-fixed-layout\"><tbody><tr><td>Propiedad<\/td><td>Nombre de la cookie<\/td><td>Finalidad<\/td><td>Expira<\/td><\/tr><tr><td><a href=\"https:\/\/www.skydiveempuriabrava.com\">https:\/\/www.skydiveempuriabrava.com<\/a><\/td><td>__Secure-ENID<br\/><\/td><td>Google permite personalizar c\u00f3mo se ven anuncios fuera de google o almacenar informaci\u00f3n como el idioma preferido a la hora de mostrar resultados de b\u00fasqueda.<br\/><\/td><td>2 a\u00f1os<\/td><\/tr><tr><td><a href=\"https:\/\/www.skydiveempuriabrava.com\">https:\/\/www.skydiveempuriabrava.com<\/a><\/td><td>_ga<br\/><\/td><td>Habilita la funci\u00f3n de control de visitas \u00fanicas. La primera vez que un usuario entra en un sitio web a trav\u00e9s de un navegador se instalar\u00e1 esta cookie. Cuando ese usuario vuelva a entrar en la web con el mismo navegador, la cookie considerar\u00e1 que es el mismo usuario. S\u00f3lo en caso de que el usuario cambie de navegador, se considerar\u00e1 que es otro usuario.   <br\/><\/td><td>2 a\u00f1os<\/td><\/tr><tr><td><a href=\"https:\/\/www.skydiveempuriabrava.com\">https:\/\/www.skydiveempuriabrava.com<\/a><\/td><td>_gcl_au<br\/><\/td><td>Se utiliza por Google para experimentar con la eficiencia de los anuncios en los sitios web.<br\/><\/td><td>3 meses<\/td><\/tr><tr><td><br\/><\/td><td>_gid<br\/><\/td><td>Se utiliza para distinguir a los usuarios.<br\/><\/td><td>24 horas<\/td><\/tr><tr><td><a href=\"https:\/\/www.skydiveempuriabrava.com\">https:\/\/www.skydiveempuriabrava.com<\/a><\/td><td>_icl_current_language<br\/><\/td><td>Estas cookies guardan informaci\u00f3n sobre el idioma en el que se encuentra configurado el navegador del usuario y permite ofrecerle el contenido de la web en el idioma preferido.<br\/><\/td><td>La sesi\u00f3n<\/td><\/tr><tr><td><a href=\"https:\/\/www.skydiveempuriabrava.com\">https:\/\/www.skydiveempuriabrava.com<\/a><\/td><td>_icl_visitor_lang_js<br\/><\/td><td>Cookie t\u00e9cnica utilizada para identificar el idioma del navegador del usuario.<br\/><\/td><td>24 horas<\/td><\/tr><tr><td><a href=\"https:\/\/www.skydiveempuriabrava.com\">https:\/\/www.skydiveempuriabrava.com<\/a><\/td><td>aceptacionCookies_skydive<br\/><\/td><td>Cookie que se utiliza para almacenar el consentimiento del usuario<br\/><\/td><td>2 a\u00f1os<\/td><\/tr><tr><td><a href=\"https:\/\/www.skydiveempuriabrava.com\">https:\/\/www.skydiveempuriabrava.com<\/a><\/td><td>AEC<br\/><\/td><td>Cookie necesaria por la utilizaci\u00f3n de las opciones y servicios del sitio web.<br\/><\/td><td>1 a\u00f1o<\/td><\/tr><tr><td><a href=\"https:\/\/www.skydiveempuriabrava.com\">https:\/\/www.skydiveempuriabrava.com<\/a><\/td><td>CONSIENTE<br\/><\/td><td>Se utiliza para almacenar el consentimiento del usuario.<br\/><\/td><td>2 a\u00f1os<\/td><\/tr><tr><td><a href=\"http:\/\/www.youtube.com\">www.youtube.com<\/a><\/td><td>IDE<br\/><\/td><td>Se utiliza para mostrar anuncios de Google en sitios web que no son de Google.<br\/><\/td><td>2 a\u00f1os<\/td><\/tr><tr><td><a href=\"https:\/\/www.skydiveempuriabrava.com\">https:\/\/www.skydiveempuriabrava.com<\/a><\/td><td>NID<br\/><\/td><td>Se utiliza para mostrar anuncios de Google en los servicios de Google a los usuarios que no tengan la sesi\u00f3n iniciada.<br\/><\/td><td>6 meses<\/td><\/tr><tr><td><a href=\"http:\/\/www.google.com\">www.google.com<\/a><\/td><td>OTZ<br\/><\/td><td>Se utiliza para almacenar el estado de un usuario en relaci\u00f3n a sus elecciones de cookies.<br\/><\/td><td>1 mes<\/td><\/tr><tr><td><a href=\"http:\/\/www.google.com\">www.google.com<\/a><\/td><td>SOCOS<br\/><\/td><td>Se utiliza para almacenar el estado de un usuario en relaci\u00f3n a sus elecciones de cookies.<br\/><\/td><td>13 meses<\/td><\/tr><tr><td><a href=\"http:\/\/www.youtube.com\">www.youtube.com<\/a><\/td><td>VISITOR_INFO1_LIVE<br\/><\/td><td>Cookie que permite realizar el seguimiento de los v\u00eddeos visitados incrustados en la web.<br\/><\/td><td>6 meses<\/td><\/tr><tr><td><a href=\"http:\/\/www.youtube.com\">www.youtube.com<\/a><\/td><td>YSC<br\/><\/td><td>Cookie que se utiliza para rastrear las vistas de v\u00eddeos incrustados en las p\u00e1ginas de youtube.<br\/><\/td><td>1 a\u00f1o<\/td><\/tr><\/tbody><\/table><\/figure>\n\n<p><strong>\u00bfC\u00f3mo desactivar cookies?<\/strong><\/p>\n\n<p>Puede permitir, bloquear o eliminar las cookies instaladas en su equipo mediante la configuraci\u00f3n de las opciones del navegador en su ordenador.<\/p>\n\n<ul class=\"wp-block-list\">\n<li>Firefox : <a href=\"https:\/\/support.mozilla.org\/es\/kb\/habilitar-y-deshabilitar-cookies-sitios-web-rastrear-preferencias?redirectlocale=es&amp;redirectslug=habilitar-y-deshabilitar-cookies-que-los-sitios-we\">https:\/\/support.mozilla.org\/es\/kb\/habilitar-y-deshabilitar-cookies-sitios-web-rastrear-preferencias?redirectlocale=es&amp;redirectslug=habilitar-y-deshabilitar-cookies-que-los-sitios-we<\/a><\/li>\n<\/ul>\n\n<ul class=\"wp-block-list\">\n<li>Chrome: <a href=\"https:\/\/support.google.com\/chrome\/answer\/95647?hl=es\">https:\/\/support.google.com\/chrome\/answer\/95647?hl=es<\/a><\/li>\n<\/ul>\n\n<ul class=\"wp-block-list\">\n<li>Internet Explorer: <a href=\"https:\/\/support.microsoft.com\/es-es\/products\/windows?os=windows-10\">https:\/\/support.microsoft.com\/es-es\/products\/windows?os=windows-10<\/a><\/li>\n<\/ul>\n\n<ul class=\"wp-block-list\">\n<li>Safari: <a href=\"https:\/\/support.apple.com\/kb\/ph5042?locale=es_ES\">https:\/\/support.apple.com\/kb\/ph5042?locale=es_ES<\/a><\/li>\n<\/ul>\n\n<ul class=\"wp-block-list\">\n<li>Safari para iOS: <a href=\"https:\/\/support.apple.com\/es-es\/HT201265\">https:\/\/support.apple.com\/es-es\/HT201265<\/a><\/li>\n<\/ul>\n\n<ul class=\"wp-block-list\">\n<li>Opera: <a href=\"http:\/\/help.opera.com\/Windows\/11.50\/es-ES\/cookies.html\">http:\/\/help.opera.com\/Windows\/11.50\/es-ES\/cookies.html<\/a><\/li>\n<\/ul>\n\n<p><strong>Ejercicio de derechos<\/strong><\/p>\n\n<p>Puede conocer y ejercer sus derechos en materia de protecci\u00f3n de datos accediendo a nuestra pol\u00edtica de privacidad <a href=\"https:\/\/www.skydiveempuriabrava.com\/\/pol%C3%ADtica-de-privacitat\/\">https:\/\/www.skydiveempuriabrava.com\/\/pol\u00edtica-de-privacitat\/<\/a><\/p>\n\n<p><strong>Informaci\u00f3n adicional<\/strong><\/p>\n\n<p>Puede consultar m\u00e1s informaci\u00f3n en la gu\u00eda sobre el uso de las cookies editada por la AEPD en el siguiente enlace <a href=\"https:\/\/www.aepd.es\/es\/documento\/guia-cookies.pdf\">https:\/\/www.aepd.es\/es\/documento\/guia-cookies.pdf<\/a><\/p>\n\n<p><\/p>\n","protected":false},"excerpt":{"rendered":"<p>Pol\u00edtica de cookies Actualizada:: Set 24 El sitio web https:\/\/www.skydiveempuriabrava.com es responsabilidad JIP AVIACI\u00d3N, SLU (en adelante SKYDIVE EMPURIABRAVA), con domicilio social Sector Aeroclub, s\/n - 17487 - Empuriabrava (Girona) , con CIF: B17449836 y direcci\u00f3n de correo electr\u00f3nico: infoweb@ Consecuentemente, la utilizaci\u00f3n de cookies se le aplica la presente \u00abPol\u00edtica de Uso de Cookies\u00bb [&hellip;]<\/p>\n","protected":false},"author":1,"featured_media":0,"parent":0,"menu_order":0,"comment_status":"closed","ping_status":"closed","template":"","meta":{"site-sidebar-layout":"default","site-content-layout":"","ast-site-content-layout":"default","site-content-style":"default","site-sidebar-style":"default","ast-global-header-display":"","ast-banner-title-visibility":"","ast-main-header-display":"","ast-hfb-above-header-display":"","ast-hfb-below-header-display":"","ast-hfb-mobile-header-display":"","site-post-title":"","ast-breadcrumbs-content":"","ast-featured-img":"","footer-sml-layout":"","ast-disable-related-posts":"","theme-transparent-header-meta":"","adv-header-id-meta":"","stick-header-meta":"","header-above-stick-meta":"","header-main-stick-meta":"","header-below-stick-meta":"","astra-migrate-meta-layouts":"default","ast-page-background-enabled":"default","ast-page-background-meta":{"desktop":{"background-color":"","background-image":"","background-repeat":"repeat","background-position":"center center","background-size":"auto","background-attachment":"scroll","background-type":"","background-media":"","overlay-type":"","overlay-color":"","overlay-opacity":"","overlay-gradient":""},"tablet":{"background-color":"","background-image":"","background-repeat":"repeat","background-position":"center center","background-size":"auto","background-attachment":"scroll","background-type":"","background-media":"","overlay-type":"","overlay-color":"","overlay-opacity":"","overlay-gradient":""},"mobile":{"background-color":"","background-image":"","background-repeat":"repeat","background-position":"center center","background-size":"auto","background-attachment":"scroll","background-type":"","background-media":"","overlay-type":"","overlay-color":"","overlay-opacity":"","overlay-gradient":""}},"ast-content-background-meta":{"desktop":{"background-color":"var(--ast-global-color-5)","background-image":"","background-repeat":"repeat","background-position":"center center","background-size":"auto","background-attachment":"scroll","background-type":"","background-media":"","overlay-type":"","overlay-color":"","overlay-opacity":"","overlay-gradient":""},"tablet":{"background-color":"var(--ast-global-color-5)","background-image":"","background-repeat":"repeat","background-position":"center center","background-size":"auto","background-attachment":"scroll","background-type":"","background-media":"","overlay-type":"","overlay-color":"","overlay-opacity":"","overlay-gradient":""},"mobile":{"background-color":"var(--ast-global-color-5)","background-image":"","background-repeat":"repeat","background-position":"center center","background-size":"auto","background-attachment":"scroll","background-type":"","background-media":"","overlay-type":"","overlay-color":"","overlay-opacity":"","overlay-gradient":""}},"footnotes":""},"folder":[17],"class_list":["post-8323","page","type-page","status-publish","hentry"],"_links":{"self":[{"href":"https:\/\/skydiveempuriabrava.com\/es\/wp-json\/wp\/v2\/pages\/8323","targetHints":{"allow":["GET"]}}],"collection":[{"href":"https:\/\/skydiveempuriabrava.com\/es\/wp-json\/wp\/v2\/pages"}],"about":[{"href":"https:\/\/skydiveempuriabrava.com\/es\/wp-json\/wp\/v2\/types\/page"}],"author":[{"embeddable":true,"href":"https:\/\/skydiveempuriabrava.com\/es\/wp-json\/wp\/v2\/users\/1"}],"replies":[{"embeddable":true,"href":"https:\/\/skydiveempuriabrava.com\/es\/wp-json\/wp\/v2\/comments?post=8323"}],"version-history":[{"count":0,"href":"https:\/\/skydiveempuriabrava.com\/es\/wp-json\/wp\/v2\/pages\/8323\/revisions"}],"wp:attachment":[{"href":"https:\/\/skydiveempuriabrava.com\/es\/wp-json\/wp\/v2\/media?parent=8323"}],"wp:term":[{"taxonomy":"folder","embeddable":true,"href":"https:\/\/skydiveempuriabrava.com\/es\/wp-json\/wp\/v2\/folder?post=8323"}],"curies":[{"name":"wp","href":"https:\/\/api.w.org\/{rel}","templated":true}]}}