{"id":8735,"date":"2025-03-20T10:32:14","date_gmt":"2025-03-20T09:32:14","guid":{"rendered":"https:\/\/skydiveempuriabrava.com\/eventos-y-competiciones\/"},"modified":"2025-04-18T18:06:07","modified_gmt":"2025-04-18T16:06:07","slug":"eventos-y-competiciones","status":"publish","type":"page","link":"https:\/\/skydiveempuriabrava.com\/es\/eventos-y-competiciones\/","title":{"rendered":"Eventos y competiciones"},"content":{"rendered":"\t\t<div data-elementor-type=\"wp-page\" data-elementor-id=\"8735\" class=\"elementor elementor-8735 elementor-6699\" data-elementor-post-type=\"page\">\n\t\t\t\t<div class=\"elementor-element elementor-element-3f1b1ff e-con-full e-flex e-con e-parent\" data-id=\"3f1b1ff\" data-element_type=\"container\" data-e-type=\"container\" data-settings=\"{&quot;background_background&quot;:&quot;classic&quot;}\">\n\t\t<div class=\"elementor-element elementor-element-89a30c8 e-con-full e-flex e-con e-child\" data-id=\"89a30c8\" data-element_type=\"container\" data-e-type=\"container\" data-settings=\"{&quot;background_background&quot;:&quot;classic&quot;}\">\n\t\t<div class=\"elementor-element elementor-element-66a1b1a e-con-full e-flex e-con e-child\" data-id=\"66a1b1a\" data-element_type=\"container\" data-e-type=\"container\">\n\t\t\t\t<div class=\"elementor-element elementor-element-c6f4283 elementor-widget elementor-widget-spacer\" data-id=\"c6f4283\" data-element_type=\"widget\" data-e-type=\"widget\" data-widget_type=\"spacer.default\">\n\t\t\t\t<div class=\"elementor-widget-container\">\n\t\t\t\t\t\t\t<div class=\"elementor-spacer\">\n\t\t\t<div class=\"elementor-spacer-inner\"><\/div>\n\t\t<\/div>\n\t\t\t\t\t\t<\/div>\n\t\t\t\t<\/div>\n\t\t\t\t<div class=\"elementor-element elementor-element-685921f elementor-invisible elementor-widget elementor-widget-heading\" data-id=\"685921f\" data-element_type=\"widget\" data-e-type=\"widget\" data-settings=\"{&quot;_animation&quot;:&quot;slideInRight&quot;}\" data-widget_type=\"heading.default\">\n\t\t\t\t<div class=\"elementor-widget-container\">\n\t\t\t\t\t<h3 class=\"elementor-heading-title elementor-size-default\">Skydive Empuriabrava - La Tierra del Cielo<\/h3>\t\t\t\t<\/div>\n\t\t\t\t<\/div>\n\t\t\t\t<div class=\"elementor-element elementor-element-a16c561 elementor-widget-divider--view-line elementor-widget elementor-widget-divider\" data-id=\"a16c561\" data-element_type=\"widget\" data-e-type=\"widget\" data-widget_type=\"divider.default\">\n\t\t\t\t<div class=\"elementor-widget-container\">\n\t\t\t\t\t\t\t<div class=\"elementor-divider\">\n\t\t\t<span class=\"elementor-divider-separator\">\n\t\t\t\t\t\t<\/span>\n\t\t<\/div>\n\t\t\t\t\t\t<\/div>\n\t\t\t\t<\/div>\n\t\t\t\t<div class=\"elementor-element elementor-element-d9c2a82 elementor-invisible elementor-widget elementor-widget-heading\" data-id=\"d9c2a82\" data-element_type=\"widget\" data-e-type=\"widget\" data-settings=\"{&quot;_animation&quot;:&quot;slideInLeft&quot;}\" data-widget_type=\"heading.default\">\n\t\t\t\t<div class=\"elementor-widget-container\">\n\t\t\t\t\t<h1 class=\"elementor-heading-title elementor-size-default\">ORGANIZADOR DE EVENTOS Y COMPETICIONES DE PARACAIDISMO DE \u00c1MBITO INTERNACIONAL<\/h1>\t\t\t\t<\/div>\n\t\t\t\t<\/div>\n\t\t\t\t<div class=\"elementor-element elementor-element-ce8ff36 elementor-widget elementor-widget-spacer\" data-id=\"ce8ff36\" data-element_type=\"widget\" data-e-type=\"widget\" data-widget_type=\"spacer.default\">\n\t\t\t\t<div class=\"elementor-widget-container\">\n\t\t\t\t\t\t\t<div class=\"elementor-spacer\">\n\t\t\t<div class=\"elementor-spacer-inner\"><\/div>\n\t\t<\/div>\n\t\t\t\t\t\t<\/div>\n\t\t\t\t<\/div>\n\t\t\t\t<\/div>\n\t\t\t\t<\/div>\n\t\t\t\t<\/div>\n\t\t<div class=\"elementor-element elementor-element-594cc63 e-flex e-con-boxed e-con e-parent\" data-id=\"594cc63\" data-element_type=\"container\" data-e-type=\"container\">\n\t\t\t\t\t<div class=\"e-con-inner\">\n\t\t\t\t<div class=\"elementor-element elementor-element-3e67add elementor-widget elementor-widget-text-editor\" data-id=\"3e67add\" data-element_type=\"widget\" data-e-type=\"widget\" data-widget_type=\"text-editor.default\">\n\t\t\t\t<div class=\"elementor-widget-container\">\n\t\t\t\t\t\t\t\t\t<p><strong>Skydive Empuriabrava<\/strong> ha sido el organizador m\u00e1s prol\u00edfico de eventos y competiciones de paracaidismo de primer nivel a nivel mundial.<\/p>\t\t\t\t\t\t\t\t<\/div>\n\t\t\t\t<\/div>\n\t\t\t\t<div class=\"elementor-element elementor-element-160eaae elementor-widget elementor-widget-video\" data-id=\"160eaae\" data-element_type=\"widget\" data-e-type=\"widget\" data-settings=\"{&quot;youtube_url&quot;:&quot;https:\\\/\\\/www.youtube.com\\\/watch?v=Mt_4_Z0Z3ko&quot;,&quot;video_type&quot;:&quot;youtube&quot;,&quot;controls&quot;:&quot;yes&quot;}\" data-widget_type=\"video.default\">\n\t\t\t\t<div class=\"elementor-widget-container\">\n\t\t\t\t\t\t\t<div class=\"elementor-wrapper elementor-open-inline\">\n\t\t\t<div class=\"elementor-video\"><\/div>\t\t<\/div>\n\t\t\t\t\t\t<\/div>\n\t\t\t\t<\/div>\n\t\t\t\t<div class=\"elementor-element elementor-element-8c89674 elementor-widget elementor-widget-spacer\" data-id=\"8c89674\" data-element_type=\"widget\" data-e-type=\"widget\" data-widget_type=\"spacer.default\">\n\t\t\t\t<div class=\"elementor-widget-container\">\n\t\t\t\t\t\t\t<div class=\"elementor-spacer\">\n\t\t\t<div class=\"elementor-spacer-inner\"><\/div>\n\t\t<\/div>\n\t\t\t\t\t\t<\/div>\n\t\t\t\t<\/div>\n\t\t\t\t\t<\/div>\n\t\t\t\t<\/div>\n\t\t<div class=\"elementor-element elementor-element-7337024 animated-fast e-flex e-con-boxed elementor-invisible e-con e-parent\" data-id=\"7337024\" data-element_type=\"container\" data-e-type=\"container\" data-settings=\"{&quot;background_background&quot;:&quot;classic&quot;,&quot;animation&quot;:&quot;slideInDown&quot;}\">\n\t\t\t\t\t<div class=\"e-con-inner\">\n\t\t\t\t<div class=\"elementor-element elementor-element-0c83747 animated-slow elementor-widget elementor-widget-heading\" data-id=\"0c83747\" data-element_type=\"widget\" data-e-type=\"widget\" data-settings=\"{&quot;_animation&quot;:&quot;none&quot;}\" data-widget_type=\"heading.default\">\n\t\t\t\t<div class=\"elementor-widget-container\">\n\t\t\t\t\t<h2 class=\"elementor-heading-title elementor-size-default\">Eventos y competiciones de paracaidismo<\/h2>\t\t\t\t<\/div>\n\t\t\t\t<\/div>\n\t\t\t\t\t<\/div>\n\t\t\t\t<\/div>\n\t\t<div class=\"elementor-element elementor-element-69723c8 e-flex e-con-boxed e-con e-parent\" data-id=\"69723c8\" data-element_type=\"container\" data-e-type=\"container\">\n\t\t\t\t\t<div class=\"e-con-inner\">\n\t\t\t\t<div class=\"elementor-element elementor-element-6d0dc86 elementor-widget elementor-widget-text-editor\" data-id=\"6d0dc86\" data-element_type=\"widget\" data-e-type=\"widget\" data-widget_type=\"text-editor.default\">\n\t\t\t\t<div class=\"elementor-widget-container\">\n\t\t\t\t\t\t\t\t\t<p>1989 VIII Campeonato del Mundo de VF<br>1993 IV Campeonato del Mundo de Freestyle y Skysurf<br>1994 IX Copa del Mundo de VF<br>1995 III Campeonato del Mundo de POPS<br>1996 Extreme Games<br>1997 I Campeonato de Espa\u00f1a de Freestyle y Skysurf<br>1998 I Campeonato de Europa de VF-16<br>1998 I Copa del Mundo de VF-16<br>2002 XXIV Campeonato de Espa\u00f1a<br>2002 XIII Copa del Mundo<br>2002 V Campeonato de Europa<br>2003 XXV Campeonato de Espa\u00f1a<br>2004 XXVI Campeonato de Espa\u00f1a<br>2004 Open Internacional de Swoop<br>2004 R\u00e9cord de Europa femenino en VFC<br>2005 R\u00e9cord de Europa de freefly<br>2005 R\u00e9cord de Espa\u00f1a de vuelo en formaci\u00f3n con campana<br>2005 Open internacional de Swoop<br>2005 XXVII Campeonato de Espa\u00f1a<br>2006 XXVIII Campeonato de Espa\u00f1a<br>2007 XXIX Campeonato de Espa\u00f1a<br>2007 R\u00e9cord de Europa de freefly<br>2008 Intento de R\u00e9cord de Espa\u00f1a de gran formaci\u00f3n  <br>2008 XXX Campeonato de Espa\u00f1a<br>2009 R\u00e9cord de Europa de freefly<br>2011 R\u00e9cord de Europa de freefly<br>2013 R\u00e9cord de Europa de freefly<br>2013 R\u00e9cord del mundo de sequential formation skydiving 106-way 2 points<br>2013 R\u00e9cord del mundo de sequential formation skydiving 106-way 3 points<br>2013 R\u00e9cord del mundo de sequential formation skydiving 106-way 4 points<br>2013 R\u00e9cord del mundo de sequential formation skydiving 106-way 5 points<br>2014 R\u00e9cord de saltos t\u00e1ndem al conseguir 35 saltos en una hora cuando el r\u00e9cord estaba a 28<br>2015 R\u00e9cord Europeo de Freefly en la modalidad de Head Up<br>2017 R\u00e9cord Europeo de Freefly en la modalidad de Head Up<\/p>\t\t\t\t\t\t\t\t<\/div>\n\t\t\t\t<\/div>\n\t\t\t\t<div class=\"elementor-element elementor-element-313f91f elementor-widget elementor-widget-spacer\" data-id=\"313f91f\" data-element_type=\"widget\" data-e-type=\"widget\" data-widget_type=\"spacer.default\">\n\t\t\t\t<div class=\"elementor-widget-container\">\n\t\t\t\t\t\t\t<div class=\"elementor-spacer\">\n\t\t\t<div class=\"elementor-spacer-inner\"><\/div>\n\t\t<\/div>\n\t\t\t\t\t\t<\/div>\n\t\t\t\t<\/div>\n\t\t\t\t\t<\/div>\n\t\t\t\t<\/div>\n\t\t<div class=\"elementor-element elementor-element-28b8524 animated-fast e-flex e-con-boxed elementor-invisible e-con e-parent\" data-id=\"28b8524\" data-element_type=\"container\" data-e-type=\"container\" data-settings=\"{&quot;background_background&quot;:&quot;classic&quot;,&quot;animation&quot;:&quot;slideInDown&quot;}\">\n\t\t\t\t\t<div class=\"e-con-inner\">\n\t\t\t\t<div class=\"elementor-element elementor-element-7b11c95 animated-slow elementor-widget elementor-widget-heading\" data-id=\"7b11c95\" data-element_type=\"widget\" data-e-type=\"widget\" data-settings=\"{&quot;_animation&quot;:&quot;none&quot;}\" data-widget_type=\"heading.default\">\n\t\t\t\t<div class=\"elementor-widget-container\">\n\t\t\t\t\t<h2 class=\"elementor-heading-title elementor-size-default\">COLABORACIONES Y PREMIOS<\/h2>\t\t\t\t<\/div>\n\t\t\t\t<\/div>\n\t\t\t\t\t<\/div>\n\t\t\t\t<\/div>\n\t\t<div class=\"elementor-element elementor-element-4b22e5c e-flex e-con-boxed e-con e-parent\" data-id=\"4b22e5c\" data-element_type=\"container\" data-e-type=\"container\">\n\t\t\t\t\t<div class=\"e-con-inner\">\n\t\t\t\t<div class=\"elementor-element elementor-element-49083c9 elementor-widget elementor-widget-text-editor\" data-id=\"49083c9\" data-element_type=\"widget\" data-e-type=\"widget\" data-widget_type=\"text-editor.default\">\n\t\t\t\t<div class=\"elementor-widget-container\">\n\t\t\t\t\t\t\t\t\t<p>Skydive Empuriabrava ha querido <span class=\"bold\">participar en la vida de su entorno y colaborar<\/span> en algunos momentos importantes en la vida de todos ejecutando saltos de exhibici\u00f3n en diversos eventos importantes como inauguraciones, celebraciones de todo tipo y recaudaciones de fondos ben\u00e9ficas o destinadas a la lucha contra el c\u00e1ncer.<\/p><p><strong><span class=\"bold\">Colaboraciones de Skydive Empuriabrava:<\/span><\/strong><\/p><p>- Colaboraci\u00f3n con la Fundaci\u00f3n <a class=\"red bold\" href=\"https:\/\/skydiveempuriabrava.com\/es\/saltos-terapeuticos\/\">El Sue\u00f1o de los Ni\u00f1os<\/a><br> - Colaboraci\u00f3n con El Marat\u00f3n de Recepci\u00f3n de la antorcha ol\u00edmpica de los Juegos de Barcelona 92<br> - Inauguraci\u00f3n del Estadio Ol\u00edmpico de Montju\u00efc<br> - Gran Premio de Espa\u00f1a de F\u00f3rmula 1<br> - Construcci\u00f3n de un lazo azul en ca\u00edda libre en solidaridad con Jos\u00e9 Antonio Ortega y Cosme Delclaux, secuestrados por ETA<br> - Construcci\u00f3n de un lazo negro de solidaridad con las v\u00edctimas de los atentados terroristas del 11M<br> - Colaboraci\u00f3n en el A\u00f1o Dal\u00ed con la representaci\u00f3n, en ca\u00edda libre, del cuadro \u00abCristo de San Juan de la Cruz\u00bb, de Salvador Dal\u00ed<\/p>\t\t\t\t\t\t\t\t<\/div>\n\t\t\t\t<\/div>\n\t\t\t\t<div class=\"elementor-element elementor-element-6103aac elementor-widget elementor-widget-spacer\" data-id=\"6103aac\" data-element_type=\"widget\" data-e-type=\"widget\" data-widget_type=\"spacer.default\">\n\t\t\t\t<div class=\"elementor-widget-container\">\n\t\t\t\t\t\t\t<div class=\"elementor-spacer\">\n\t\t\t<div class=\"elementor-spacer-inner\"><\/div>\n\t\t<\/div>\n\t\t\t\t\t\t<\/div>\n\t\t\t\t<\/div>\n\t\t\t\t\t<\/div>\n\t\t\t\t<\/div>\n\t\t\t\t<\/div>\n\t\t","protected":false},"excerpt":{"rendered":"<p>Skydive Empuriabrava - La Tierra del Cielo ORGANIZADOR DE EVENTOS Y COMPETICIONES DE PARACAIDISMO DE \u00c1MBITO INTERNACIONAL Skydive Empuriabrava ha sido el organizador m\u00e1s prol\u00edfico de eventos y competiciones de paracaidismo de primer nivel a nivel mundial. https:\/\/www.youtube.com\/watch?v=Mt_4_Z0Z3ko Eventos y competiciones de paracaidismo 1989 VIII Campeonato del Mundo de VF1993 IV Campeonato del Mundo de [&hellip;]<\/p>\n","protected":false},"author":1,"featured_media":0,"parent":0,"menu_order":0,"comment_status":"closed","ping_status":"closed","template":"","meta":{"site-sidebar-layout":"no-sidebar","site-content-layout":"page-builder","ast-site-content-layout":"full-width-container","site-content-style":"default","site-sidebar-style":"default","ast-global-header-display":"","ast-banner-title-visibility":"","ast-main-header-display":"","ast-hfb-above-header-display":"","ast-hfb-below-header-display":"","ast-hfb-mobile-header-display":"","site-post-title":"disabled","ast-breadcrumbs-content":"","ast-featured-img":"disabled","footer-sml-layout":"","ast-disable-related-posts":"","theme-transparent-header-meta":"","adv-header-id-meta":"","stick-header-meta":"","header-above-stick-meta":"","header-main-stick-meta":"","header-below-stick-meta":"","astra-migrate-meta-layouts":"default","ast-page-background-enabled":"default","ast-page-background-meta":{"desktop":{"background-color":"","background-image":"","background-repeat":"repeat","background-position":"center center","background-size":"auto","background-attachment":"scroll","background-type":"","background-media":"","overlay-type":"","overlay-color":"","overlay-opacity":"","overlay-gradient":""},"tablet":{"background-color":"","background-image":"","background-repeat":"repeat","background-position":"center center","background-size":"auto","background-attachment":"scroll","background-type":"","background-media":"","overlay-type":"","overlay-color":"","overlay-opacity":"","overlay-gradient":""},"mobile":{"background-color":"","background-image":"","background-repeat":"repeat","background-position":"center center","background-size":"auto","background-attachment":"scroll","background-type":"","background-media":"","overlay-type":"","overlay-color":"","overlay-opacity":"","overlay-gradient":""}},"ast-content-background-meta":{"desktop":{"background-color":"var(--ast-global-color-5)","background-image":"","background-repeat":"repeat","background-position":"center center","background-size":"auto","background-attachment":"scroll","background-type":"","background-media":"","overlay-type":"","overlay-color":"","overlay-opacity":"","overlay-gradient":""},"tablet":{"background-color":"var(--ast-global-color-5)","background-image":"","background-repeat":"repeat","background-position":"center center","background-size":"auto","background-attachment":"scroll","background-type":"","background-media":"","overlay-type":"","overlay-color":"","overlay-opacity":"","overlay-gradient":""},"mobile":{"background-color":"var(--ast-global-color-5)","background-image":"","background-repeat":"repeat","background-position":"center center","background-size":"auto","background-attachment":"scroll","background-type":"","background-media":"","overlay-type":"","overlay-color":"","overlay-opacity":"","overlay-gradient":""}},"footnotes":""},"folder":[19],"class_list":["post-8735","page","type-page","status-publish","hentry"],"_links":{"self":[{"href":"https:\/\/skydiveempuriabrava.com\/es\/wp-json\/wp\/v2\/pages\/8735","targetHints":{"allow":["GET"]}}],"collection":[{"href":"https:\/\/skydiveempuriabrava.com\/es\/wp-json\/wp\/v2\/pages"}],"about":[{"href":"https:\/\/skydiveempuriabrava.com\/es\/wp-json\/wp\/v2\/types\/page"}],"author":[{"embeddable":true,"href":"https:\/\/skydiveempuriabrava.com\/es\/wp-json\/wp\/v2\/users\/1"}],"replies":[{"embeddable":true,"href":"https:\/\/skydiveempuriabrava.com\/es\/wp-json\/wp\/v2\/comments?post=8735"}],"version-history":[{"count":1,"href":"https:\/\/skydiveempuriabrava.com\/es\/wp-json\/wp\/v2\/pages\/8735\/revisions"}],"predecessor-version":[{"id":10593,"href":"https:\/\/skydiveempuriabrava.com\/es\/wp-json\/wp\/v2\/pages\/8735\/revisions\/10593"}],"wp:attachment":[{"href":"https:\/\/skydiveempuriabrava.com\/es\/wp-json\/wp\/v2\/media?parent=8735"}],"wp:term":[{"taxonomy":"folder","embeddable":true,"href":"https:\/\/skydiveempuriabrava.com\/es\/wp-json\/wp\/v2\/folder?post=8735"}],"curies":[{"name":"wp","href":"https:\/\/api.w.org\/{rel}","templated":true}]}}