{"id":11328,"date":"2025-05-09T15:32:35","date_gmt":"2025-05-09T13:32:35","guid":{"rendered":"https:\/\/skydiveempuriabrava.com\/hotels\/"},"modified":"2026-03-11T10:54:16","modified_gmt":"2026-03-11T09:54:16","slug":"hotels","status":"publish","type":"page","link":"https:\/\/skydiveempuriabrava.com\/fr\/hotels\/","title":{"rendered":"H\u00f4tels"},"content":{"rendered":"\t\t<div data-elementor-type=\"wp-page\" data-elementor-id=\"11328\" class=\"elementor elementor-11328 elementor-11326\" data-elementor-post-type=\"page\">\n\t\t\t\t<div class=\"elementor-element elementor-element-4040a27 animated-fast e-flex e-con-boxed elementor-invisible e-con e-parent\" data-id=\"4040a27\" data-element_type=\"container\" data-e-type=\"container\" data-settings=\"{&quot;background_background&quot;:&quot;classic&quot;,&quot;animation&quot;:&quot;slideInDown&quot;}\">\n\t\t\t\t\t<div class=\"e-con-inner\">\n\t\t\t\t<div class=\"elementor-element elementor-element-7073325 animated-slow elementor-widget elementor-widget-heading\" data-id=\"7073325\" data-element_type=\"widget\" data-e-type=\"widget\" data-settings=\"{&quot;_animation&quot;:&quot;none&quot;}\" data-widget_type=\"heading.default\">\n\t\t\t\t<div class=\"elementor-widget-container\">\n\t\t\t\t\t<h2 class=\"elementor-heading-title elementor-size-default\">H\u00c9BERGEMENT \u00c0 L'H\u00d4TEL<\/h2>\t\t\t\t<\/div>\n\t\t\t\t<\/div>\n\t\t\t\t\t<\/div>\n\t\t\t\t<\/div>\n\t\t<div class=\"elementor-element elementor-element-bffca47 e-con-full e-flex e-con e-parent\" data-id=\"bffca47\" data-element_type=\"container\" data-e-type=\"container\">\n\t\t<div class=\"elementor-element elementor-element-7c64154 e-con-full e-flex e-con e-child\" data-id=\"7c64154\" data-element_type=\"container\" data-e-type=\"container\" data-settings=\"{&quot;background_background&quot;:&quot;classic&quot;}\">\n\t\t\t\t<div class=\"elementor-element elementor-element-3cdf781 elementor-widget elementor-widget-heading\" data-id=\"3cdf781\" data-element_type=\"widget\" data-e-type=\"widget\" data-widget_type=\"heading.default\">\n\t\t\t\t<div class=\"elementor-widget-container\">\n\t\t\t\t\t<h2 class=\"elementor-heading-title elementor-size-default\">Xon's Platja ***<\/h2>\t\t\t\t<\/div>\n\t\t\t\t<\/div>\n\t\t\t\t<\/div>\n\t\t<div class=\"elementor-element elementor-element-91db39b e-con-full e-flex e-con e-child\" data-id=\"91db39b\" data-element_type=\"container\" data-e-type=\"container\">\n\t\t\t\t<div class=\"elementor-element elementor-element-4f4b3cc elementor-widget elementor-widget-image\" data-id=\"4f4b3cc\" data-element_type=\"widget\" data-e-type=\"widget\" data-widget_type=\"image.default\">\n\t\t\t\t<div class=\"elementor-widget-container\">\n\t\t\t\t\t\t\t\t\t\t\t\t\t\t\t<img fetchpriority=\"high\" decoding=\"async\" width=\"470\" height=\"260\" src=\"https:\/\/skydiveempuriabrava.com\/wp-content\/uploads\/hotel.jpg\" class=\"attachment-full size-full wp-image-11372\" alt=\"hotel\" srcset=\"https:\/\/skydiveempuriabrava.com\/wp-content\/uploads\/hotel.jpg 470w, https:\/\/skydiveempuriabrava.com\/wp-content\/uploads\/hotel-300x166.jpg 300w\" sizes=\"(max-width: 470px) 100vw, 470px\" \/>\t\t\t\t\t\t\t\t\t\t\t\t\t\t\t<\/div>\n\t\t\t\t<\/div>\n\t\t\t\t<\/div>\n\t\t\t\t<\/div>\n\t\t<div class=\"elementor-element elementor-element-9fbd2d9 e-flex e-con-boxed e-con e-parent\" data-id=\"9fbd2d9\" data-element_type=\"container\" data-e-type=\"container\">\n\t\t\t\t\t<div class=\"e-con-inner\">\n\t\t\t\t<div class=\"elementor-element elementor-element-8808347 elementor-widget elementor-widget-text-editor\" data-id=\"8808347\" data-element_type=\"widget\" data-e-type=\"widget\" data-widget_type=\"text-editor.default\">\n\t\t\t\t<div class=\"elementor-widget-container\">\n\t\t\t\t\t\t\t\t\t<p>Profitez du confort d&rsquo;un appartement avec tous les services d&rsquo;un h\u00f4tel&nbsp;! Situ\u00e9 en plein c\u0153ur d&rsquo;Empuriabrava, \u00e0 seulement 2&nbsp;minutes \u00e0 pied de la plage et \u00e0 20&nbsp;minutes du site de plong\u00e9e. Ouvert 24&nbsp;h\/24, avec restaurants buffet, caf\u00e9t\u00e9ria, piscine ext\u00e9rieure, salle de fitness, garage priv\u00e9 et Wi-Fi gratuit dans tout l&rsquo;immeuble. <\/p><p><b>Remise sp\u00e9ciale de 10 % pour les parachutistes.<\/b><\/p><p>Pompeu Fabra s\/n<br> Empuriabrava<\/p><p>T\u00e9l\u00e9phone : +34 972450136<br> Fax.  +34 972 450422<\/p><p>Email: <a class=\"blue bold\" title=\"\" href=\"mailto:xons@empuriagrup.com\">xons@empuriagrup.com<\/a><br><a class=\"blue bold\" title=\"\" href=\"http:\/\/www.xonshotels.com\/\">http:\/\/www.xonshotels.com<\/a><\/p>\t\t\t\t\t\t\t\t<\/div>\n\t\t\t\t<\/div>\n\t\t\t\t\t<\/div>\n\t\t\t\t<\/div>\n\t\t<div class=\"elementor-element elementor-element-2d946ff e-con-full e-flex e-con e-parent\" data-id=\"2d946ff\" data-element_type=\"container\" data-e-type=\"container\">\n\t\t<div class=\"elementor-element elementor-element-ec5b680 e-con-full e-flex e-con e-child\" data-id=\"ec5b680\" data-element_type=\"container\" data-e-type=\"container\" data-settings=\"{&quot;background_background&quot;:&quot;classic&quot;}\">\n\t\t\t\t<div class=\"elementor-element elementor-element-39c20ff elementor-widget elementor-widget-heading\" data-id=\"39c20ff\" data-element_type=\"widget\" data-e-type=\"widget\" data-widget_type=\"heading.default\">\n\t\t\t\t<div class=\"elementor-widget-container\">\n\t\t\t\t\t<h2 class=\"elementor-heading-title elementor-size-default\">Ampuria Inn ***<\/h2>\t\t\t\t<\/div>\n\t\t\t\t<\/div>\n\t\t\t\t<\/div>\n\t\t<div class=\"elementor-element elementor-element-ba79ae0 e-con-full e-flex e-con e-child\" data-id=\"ba79ae0\" data-element_type=\"container\" data-e-type=\"container\">\n\t\t\t\t<div class=\"elementor-element elementor-element-23c9b5a elementor-widget elementor-widget-image\" data-id=\"23c9b5a\" data-element_type=\"widget\" data-e-type=\"widget\" data-widget_type=\"image.default\">\n\t\t\t\t<div class=\"elementor-widget-container\">\n\t\t\t\t\t\t\t\t\t\t\t\t\t\t\t<img decoding=\"async\" width=\"340\" height=\"226\" src=\"https:\/\/skydiveempuriabrava.com\/wp-content\/uploads\/ampuria_inn.jpg\" class=\"attachment-large size-large wp-image-11395\" alt=\"ampuria_inn\" srcset=\"https:\/\/skydiveempuriabrava.com\/wp-content\/uploads\/ampuria_inn.jpg 340w, https:\/\/skydiveempuriabrava.com\/wp-content\/uploads\/ampuria_inn-300x199.jpg 300w\" sizes=\"(max-width: 340px) 100vw, 340px\" \/>\t\t\t\t\t\t\t\t\t\t\t\t\t\t\t<\/div>\n\t\t\t\t<\/div>\n\t\t\t\t<\/div>\n\t\t\t\t<\/div>\n\t\t<div class=\"elementor-element elementor-element-f94ae4a e-flex e-con-boxed e-con e-parent\" data-id=\"f94ae4a\" data-element_type=\"container\" data-e-type=\"container\">\n\t\t\t\t\t<div class=\"e-con-inner\">\n\t\t\t\t<div class=\"elementor-element elementor-element-c4b9fcf elementor-widget elementor-widget-text-editor\" data-id=\"c4b9fcf\" data-element_type=\"widget\" data-e-type=\"widget\" data-widget_type=\"text-editor.default\">\n\t\t\t\t<div class=\"elementor-widget-container\">\n\t\t\t\t\t\t\t\t\t<p>H\u00f4tel confortable \u00e0 l&rsquo;ambiance tr\u00e8s familiale, situ\u00e9 tout pr\u00e8s du centre (5 minutes \u00e0 pied), avec piscine, bar et restaurant, et offrant <b>des tarifs sp\u00e9ciaux pour les parachutistes<\/b> .<\/p><p><b>Veuillez contacter l&rsquo;h\u00f4tel pour obtenir plus d&rsquo;informations sur les prix et les r\u00e9servations<\/b> .<\/p><p>Puigmal, 5<br>Empuriabrava<\/p><p>T\u00e9l\u00e9phone : +34 972 45 53 29<br> Fax.  +34 972 45 43 36<\/p><p>Email: <a class=\"blue bold\" title=\"\" href=\"mailto:info@ampuria-inn.com\">info@ampuria-inn.com<\/a><br><a class=\"blue bold\" title=\"\" href=\"http:\/\/www.ampuria-inn.com\/\">http:\/\/www.ampuria-inn.com\/<\/a><\/p>\t\t\t\t\t\t\t\t<\/div>\n\t\t\t\t<\/div>\n\t\t\t\t\t<\/div>\n\t\t\t\t<\/div>\n\t\t<div class=\"elementor-element elementor-element-a4d3b61 e-con-full e-flex e-con e-parent\" data-id=\"a4d3b61\" data-element_type=\"container\" data-e-type=\"container\">\n\t\t<div class=\"elementor-element elementor-element-0b84c98 e-con-full e-flex e-con e-child\" data-id=\"0b84c98\" data-element_type=\"container\" data-e-type=\"container\" data-settings=\"{&quot;background_background&quot;:&quot;classic&quot;}\">\n\t\t\t\t<div class=\"elementor-element elementor-element-f21d52b elementor-widget elementor-widget-heading\" data-id=\"f21d52b\" data-element_type=\"widget\" data-e-type=\"widget\" data-widget_type=\"heading.default\">\n\t\t\t\t<div class=\"elementor-widget-container\">\n\t\t\t\t\t<h2 class=\"elementor-heading-title elementor-size-default\">H\u00f4tel Castellblanc ***<\/h2>\t\t\t\t<\/div>\n\t\t\t\t<\/div>\n\t\t\t\t<\/div>\n\t\t<div class=\"elementor-element elementor-element-be06146 e-con-full e-flex e-con e-child\" data-id=\"be06146\" data-element_type=\"container\" data-e-type=\"container\">\n\t\t\t\t<div class=\"elementor-element elementor-element-6019494 elementor-widget elementor-widget-image\" data-id=\"6019494\" data-element_type=\"widget\" data-e-type=\"widget\" data-widget_type=\"image.default\">\n\t\t\t\t<div class=\"elementor-widget-container\">\n\t\t\t\t\t\t\t\t\t\t\t\t\t\t\t<img decoding=\"async\" width=\"470\" height=\"260\" src=\"https:\/\/skydiveempuriabrava.com\/wp-content\/uploads\/Hotel_Castellblanc.jpg\" class=\"attachment-full size-full wp-image-11403\" alt=\"Hotel_Castellblanc\" srcset=\"https:\/\/skydiveempuriabrava.com\/wp-content\/uploads\/Hotel_Castellblanc.jpg 470w, https:\/\/skydiveempuriabrava.com\/wp-content\/uploads\/Hotel_Castellblanc-300x166.jpg 300w\" sizes=\"(max-width: 470px) 100vw, 470px\" \/>\t\t\t\t\t\t\t\t\t\t\t\t\t\t\t<\/div>\n\t\t\t\t<\/div>\n\t\t\t\t<\/div>\n\t\t\t\t<\/div>\n\t\t<div class=\"elementor-element elementor-element-b727ec1 e-flex e-con-boxed e-con e-parent\" data-id=\"b727ec1\" data-element_type=\"container\" data-e-type=\"container\">\n\t\t\t\t\t<div class=\"e-con-inner\">\n\t\t\t\t<div class=\"elementor-element elementor-element-e2aa654 elementor-widget elementor-widget-text-editor\" data-id=\"e2aa654\" data-element_type=\"widget\" data-e-type=\"widget\" data-widget_type=\"text-editor.default\">\n\t\t\t\t<div class=\"elementor-widget-container\">\n\t\t\t\t\t\t\t\t\t<p>H\u00f4tel \u00e9l\u00e9gant et confortable situ\u00e9 \u00e0 proximit\u00e9 imm\u00e9diate du site de saut (2 minutes \u00e0 pied), avec piscine, bar-restaurant et cuisine raffin\u00e9e. Offre <b>des r\u00e9ductions sp\u00e9ciales aux parachutistes<\/b> . <\/p><p><b>Veuillez contacter l&rsquo;h\u00f4tel pour obtenir plus d&rsquo;informations sur les prix et les r\u00e9servations<\/b> .<\/p><p>Aeroclub, 56<br>Empuriabrava<\/p><p>T\u00e9l\u00e9phone : +34 972 45 61 45<br> Fax.  +34 972 45 61 46<\/p><p>Email: <a class=\"blue bold\" title=\"\" href=\"mailto:%20hotelcastellblanc@arrakis.es\">hotelcastellblanc@arrakis.es<\/a><br><a class=\"blue bold\" title=\"\" href=\"http:\/\/www.hotelcastellblanc.com\/\">http:\/\/www.hotelcastellblanc.com\/<\/a><\/p>\t\t\t\t\t\t\t\t<\/div>\n\t\t\t\t<\/div>\n\t\t\t\t\t<\/div>\n\t\t\t\t<\/div>\n\t\t<div class=\"elementor-element elementor-element-b9abff6 e-con-full e-flex e-con e-parent\" data-id=\"b9abff6\" data-element_type=\"container\" data-e-type=\"container\">\n\t\t<div class=\"elementor-element elementor-element-f457754 e-con-full e-flex e-con e-child\" data-id=\"f457754\" data-element_type=\"container\" data-e-type=\"container\" data-settings=\"{&quot;background_background&quot;:&quot;classic&quot;}\">\n\t\t\t\t<div class=\"elementor-element elementor-element-75b5847 elementor-widget elementor-widget-heading\" data-id=\"75b5847\" data-element_type=\"widget\" data-e-type=\"widget\" data-widget_type=\"heading.default\">\n\t\t\t\t<div class=\"elementor-widget-container\">\n\t\t\t\t\t<h2 class=\"elementor-heading-title elementor-size-default\">H\u00f4tel Port Salins ****<\/h2>\t\t\t\t<\/div>\n\t\t\t\t<\/div>\n\t\t\t\t<\/div>\n\t\t<div class=\"elementor-element elementor-element-f8804e7 e-con-full e-flex e-con e-child\" data-id=\"f8804e7\" data-element_type=\"container\" data-e-type=\"container\">\n\t\t\t\t<div class=\"elementor-element elementor-element-f4fcbf7 elementor-widget elementor-widget-image\" data-id=\"f4fcbf7\" data-element_type=\"widget\" data-e-type=\"widget\" data-widget_type=\"image.default\">\n\t\t\t\t<div class=\"elementor-widget-container\">\n\t\t\t\t\t\t\t\t\t\t\t\t\t\t\t<img loading=\"lazy\" decoding=\"async\" width=\"470\" height=\"260\" src=\"https:\/\/skydiveempuriabrava.com\/wp-content\/uploads\/Port_Salins.jpg\" class=\"attachment-full size-full wp-image-11407\" alt=\"Port_Salins\" srcset=\"https:\/\/skydiveempuriabrava.com\/wp-content\/uploads\/Port_Salins.jpg 470w, https:\/\/skydiveempuriabrava.com\/wp-content\/uploads\/Port_Salins-300x166.jpg 300w\" sizes=\"(max-width: 470px) 100vw, 470px\" \/>\t\t\t\t\t\t\t\t\t\t\t\t\t\t\t<\/div>\n\t\t\t\t<\/div>\n\t\t\t\t<\/div>\n\t\t\t\t<\/div>\n\t\t<div class=\"elementor-element elementor-element-85549d1 e-flex e-con-boxed e-con e-parent\" data-id=\"85549d1\" data-element_type=\"container\" data-e-type=\"container\">\n\t\t\t\t\t<div class=\"e-con-inner\">\n\t\t\t\t<div class=\"elementor-element elementor-element-a337a4f elementor-widget elementor-widget-text-editor\" data-id=\"a337a4f\" data-element_type=\"widget\" data-e-type=\"widget\" data-widget_type=\"text-editor.default\">\n\t\t\t\t<div class=\"elementor-widget-container\">\n\t\t\t\t\t\t\t\t\t<p>H\u00f4tel de luxe situ\u00e9 en plein c\u0153ur d&rsquo;Empuriabrava, \u00e0 deux pas de la plage (\u00e0 20 minutes \u00e0 pied du site de plong\u00e9e). Il dispose d&rsquo;un centre de bien-\u00eatre et de beaut\u00e9, d&rsquo;un jacuzzi, d&rsquo;un sauna, d&rsquo;une piscine et d&rsquo;un excellent bar-restaurant. <\/p><p><b>10% de r\u00e9duction pour les parachutistes.<\/b><\/p><p>Veuillez contacter l&rsquo;h\u00f4tel pour obtenir plus d&rsquo;informations sur les prix et les r\u00e9servations.<\/p><p>Av. Fages de Climent, 10-15<br>Sector Port Salins - Empuriabrava <\/p><p>T\u00e9l\u00e9phone : +34 902 45 47 00<br> Fax.  +34 972 45 60 47<\/p><p>Email: <a class=\"blue bold\" title=\"\" href=\"mailto:info@hotelportsalins.com\">info@hotelportsalins.com<\/a><br><a class=\"blue bold\" title=\"\" href=\"http:\/\/www.hotelportsalins.com\/\">http:\/\/www.hotelportsalins.com\/<\/a><\/p>\t\t\t\t\t\t\t\t<\/div>\n\t\t\t\t<\/div>\n\t\t\t\t\t<\/div>\n\t\t\t\t<\/div>\n\t\t<div class=\"elementor-element elementor-element-505e245 e-con-full e-flex e-con e-parent\" data-id=\"505e245\" data-element_type=\"container\" data-e-type=\"container\">\n\t\t<div class=\"elementor-element elementor-element-597929a e-con-full e-flex e-con e-child\" data-id=\"597929a\" data-element_type=\"container\" data-e-type=\"container\" data-settings=\"{&quot;background_background&quot;:&quot;classic&quot;}\">\n\t\t\t\t<div class=\"elementor-element elementor-element-1a2e1da elementor-widget elementor-widget-heading\" data-id=\"1a2e1da\" data-element_type=\"widget\" data-e-type=\"widget\" data-widget_type=\"heading.default\">\n\t\t\t\t<div class=\"elementor-widget-container\">\n\t\t\t\t\t<h2 class=\"elementor-heading-title elementor-size-default\">H\u00f4tel Portofino<\/h2>\t\t\t\t<\/div>\n\t\t\t\t<\/div>\n\t\t\t\t<\/div>\n\t\t<div class=\"elementor-element elementor-element-e71fc98 e-con-full e-flex e-con e-child\" data-id=\"e71fc98\" data-element_type=\"container\" data-e-type=\"container\">\n\t\t\t\t<div class=\"elementor-element elementor-element-15d4379 elementor-widget elementor-widget-image\" data-id=\"15d4379\" data-element_type=\"widget\" data-e-type=\"widget\" data-widget_type=\"image.default\">\n\t\t\t\t<div class=\"elementor-widget-container\">\n\t\t\t\t\t\t\t\t\t\t\t\t\t\t\t<img loading=\"lazy\" decoding=\"async\" width=\"164\" height=\"110\" src=\"https:\/\/skydiveempuriabrava.com\/wp-content\/uploads\/portofino.jpg\" class=\"attachment-full size-full wp-image-11411\" alt=\"portofino\" \/>\t\t\t\t\t\t\t\t\t\t\t\t\t\t\t<\/div>\n\t\t\t\t<\/div>\n\t\t\t\t<\/div>\n\t\t\t\t<\/div>\n\t\t<div class=\"elementor-element elementor-element-94368ac e-flex e-con-boxed e-con e-parent\" data-id=\"94368ac\" data-element_type=\"container\" data-e-type=\"container\">\n\t\t\t\t\t<div class=\"e-con-inner\">\n\t\t\t\t<div class=\"elementor-element elementor-element-8c8a528 elementor-widget elementor-widget-text-editor\" data-id=\"8c8a528\" data-element_type=\"widget\" data-e-type=\"widget\" data-widget_type=\"text-editor.default\">\n\t\t\t\t<div class=\"elementor-widget-container\">\n\t\t\t\t\t\t\t\t\t<p><b>R\u00e9ductions sp\u00e9ciales pour les parachutistes.<br><br> Veuillez contacter l&rsquo;h\u00f4tel pour obtenir plus d&rsquo;informations sur les prix et les r\u00e9servations<\/b> .<br><br>Av. Joan Carles I<br>Sector Portofino, 1 - Empuriabrava <br><br>T\u00e9l\u00e9phone : +34 972 45 66 88<br> Courriel&nbsp;: <a class=\"blue bold\" title=\"\" href=\"mailto:info@hotelportofino.es\">info@hotelportofino.es<\/a>  <br><a class=\"blue bold\" title=\"\" href=\"https:\/\/www.hotelportofino.es\/\">https:\/\/www.hotelportofino.es\/<\/a><\/p>\t\t\t\t\t\t\t\t<\/div>\n\t\t\t\t<\/div>\n\t\t\t\t\t<\/div>\n\t\t\t\t<\/div>\n\t\t<div class=\"elementor-element elementor-element-cf3e022 e-con-full e-flex e-con e-parent\" data-id=\"cf3e022\" data-element_type=\"container\" data-e-type=\"container\">\n\t\t<div class=\"elementor-element elementor-element-e5a4728 e-con-full e-flex e-con e-child\" data-id=\"e5a4728\" data-element_type=\"container\" data-e-type=\"container\" data-settings=\"{&quot;background_background&quot;:&quot;classic&quot;}\">\n\t\t\t\t<div class=\"elementor-element elementor-element-79a0dea elementor-widget elementor-widget-heading\" data-id=\"79a0dea\" data-element_type=\"widget\" data-e-type=\"widget\" data-widget_type=\"heading.default\">\n\t\t\t\t<div class=\"elementor-widget-container\">\n\t\t\t\t\t<h2 class=\"elementor-heading-title elementor-size-default\">H\u00f4tel Emporium<\/h2>\t\t\t\t<\/div>\n\t\t\t\t<\/div>\n\t\t\t\t<\/div>\n\t\t<div class=\"elementor-element elementor-element-951f541 e-con-full e-flex e-con e-child\" data-id=\"951f541\" data-element_type=\"container\" data-e-type=\"container\">\n\t\t\t\t<div class=\"elementor-element elementor-element-b87d68a elementor-widget elementor-widget-image\" data-id=\"b87d68a\" data-element_type=\"widget\" data-e-type=\"widget\" data-widget_type=\"image.default\">\n\t\t\t\t<div class=\"elementor-widget-container\">\n\t\t\t\t\t\t\t\t\t\t\t\t\t\t\t<img loading=\"lazy\" decoding=\"async\" width=\"940\" height=\"793\" src=\"https:\/\/skydiveempuriabrava.com\/wp-content\/uploads\/Emporium.jpg\" class=\"attachment-full size-full wp-image-11399\" alt=\"Emporium\" srcset=\"https:\/\/skydiveempuriabrava.com\/wp-content\/uploads\/Emporium.jpg 940w, https:\/\/skydiveempuriabrava.com\/wp-content\/uploads\/Emporium-300x253.jpg 300w, https:\/\/skydiveempuriabrava.com\/wp-content\/uploads\/Emporium-768x648.jpg 768w\" sizes=\"(max-width: 940px) 100vw, 940px\" \/>\t\t\t\t\t\t\t\t\t\t\t\t\t\t\t<\/div>\n\t\t\t\t<\/div>\n\t\t\t\t<\/div>\n\t\t\t\t<\/div>\n\t\t<div class=\"elementor-element elementor-element-0686ac5 e-flex e-con-boxed e-con e-parent\" data-id=\"0686ac5\" data-element_type=\"container\" data-e-type=\"container\">\n\t\t\t\t\t<div class=\"e-con-inner\">\n\t\t\t\t<div class=\"elementor-element elementor-element-c6ca9cf elementor-widget elementor-widget-text-editor\" data-id=\"c6ca9cf\" data-element_type=\"widget\" data-e-type=\"widget\" data-widget_type=\"text-editor.default\">\n\t\t\t\t<div class=\"elementor-widget-container\">\n\t\t\t\t\t\t\t\t\t<p>Situ\u00e9 dans le centre historique de la cit\u00e9 m\u00e9di\u00e9vale de Castell\u00f3 d&rsquo;Emp\u00faries, \u00e0 5 minutes du centre de parachutisme, cet \u00e9tablissement abrite un restaurant gastronomique r\u00e9compens\u00e9 par un Repsol Sun, une \u00e9toile Michelin et une carte des vins exceptionnelle. Il dispose \u00e9galement d&rsquo;un caf\u00e9-bistro proposant un large choix de petits-d\u00e9jeuners, d\u00e9jeuners et tapas.  <\/p><p>R\u00e9duction sp\u00e9ciale de 5 % pour les parachutistes avec le code&nbsp;: SKYDIVE<\/p><div class=\"elementToProof\">Carrer Santa Clara 31<\/div><div class=\"elementToProof\">Castell\u00f3 d\u2019Emp\u00faries<br><br>T\u00e9l\u00e9phone : 972250593<br> Fax.  972250661<br><br>Email: <a id=\"OWAed3ae85a-d0ca-8ebb-3465-15829cd2c437\" class=\"blue bold OWAAutoLink\" href=\"mailto:reserves@emporiumhotel.com\">reserves@emporiumhotel.com<\/a><br><a id=\"OWA99810090-3542-f485-c43e-2775951f9730\" class=\"blue bold OWAAutoLink\" href=\"https:\/\/www.emporiumhotel.com\/\">https:\/\/www.emporiumhotel.com<\/a><\/div>\t\t\t\t\t\t\t\t<\/div>\n\t\t\t\t<\/div>\n\t\t\t\t\t<\/div>\n\t\t\t\t<\/div>\n\t\t\t\t<\/div>\n\t\t","protected":false},"excerpt":{"rendered":"<p>H\u00c9BERGEMENT \u00c0 L&rsquo;H\u00d4TEL Xon&rsquo;s Platja *** Profitez du confort d&rsquo;un appartement avec tous les services d&rsquo;un h\u00f4tel&nbsp;! Situ\u00e9 en plein c\u0153ur d&rsquo;Empuriabrava, \u00e0 seulement 2&nbsp;minutes \u00e0 pied de la plage et \u00e0 20&nbsp;minutes du site de plong\u00e9e. Ouvert 24&nbsp;h\/24, avec restaurants buffet, caf\u00e9t\u00e9ria, piscine ext\u00e9rieure, salle de fitness, garage priv\u00e9 et Wi-Fi gratuit dans tout [&hellip;]<\/p>\n","protected":false},"author":1,"featured_media":0,"parent":0,"menu_order":0,"comment_status":"closed","ping_status":"closed","template":"","meta":{"site-sidebar-layout":"no-sidebar","site-content-layout":"page-builder","ast-site-content-layout":"full-width-container","site-content-style":"default","site-sidebar-style":"default","ast-global-header-display":"","ast-banner-title-visibility":"","ast-main-header-display":"","ast-hfb-above-header-display":"","ast-hfb-below-header-display":"","ast-hfb-mobile-header-display":"","site-post-title":"disabled","ast-breadcrumbs-content":"","ast-featured-img":"disabled","footer-sml-layout":"","ast-disable-related-posts":"","theme-transparent-header-meta":"","adv-header-id-meta":"","stick-header-meta":"","header-above-stick-meta":"","header-main-stick-meta":"","header-below-stick-meta":"","astra-migrate-meta-layouts":"default","ast-page-background-enabled":"default","ast-page-background-meta":{"desktop":{"background-color":"","background-image":"","background-repeat":"repeat","background-position":"center center","background-size":"auto","background-attachment":"scroll","background-type":"","background-media":"","overlay-type":"","overlay-color":"","overlay-opacity":"","overlay-gradient":""},"tablet":{"background-color":"","background-image":"","background-repeat":"repeat","background-position":"center center","background-size":"auto","background-attachment":"scroll","background-type":"","background-media":"","overlay-type":"","overlay-color":"","overlay-opacity":"","overlay-gradient":""},"mobile":{"background-color":"","background-image":"","background-repeat":"repeat","background-position":"center center","background-size":"auto","background-attachment":"scroll","background-type":"","background-media":"","overlay-type":"","overlay-color":"","overlay-opacity":"","overlay-gradient":""}},"ast-content-background-meta":{"desktop":{"background-color":"var(--ast-global-color-5)","background-image":"","background-repeat":"repeat","background-position":"center center","background-size":"auto","background-attachment":"scroll","background-type":"","background-media":"","overlay-type":"","overlay-color":"","overlay-opacity":"","overlay-gradient":""},"tablet":{"background-color":"var(--ast-global-color-5)","background-image":"","background-repeat":"repeat","background-position":"center center","background-size":"auto","background-attachment":"scroll","background-type":"","background-media":"","overlay-type":"","overlay-color":"","overlay-opacity":"","overlay-gradient":""},"mobile":{"background-color":"var(--ast-global-color-5)","background-image":"","background-repeat":"repeat","background-position":"center center","background-size":"auto","background-attachment":"scroll","background-type":"","background-media":"","overlay-type":"","overlay-color":"","overlay-opacity":"","overlay-gradient":""}},"footnotes":""},"folder":[15],"class_list":["post-11328","page","type-page","status-publish","hentry"],"_links":{"self":[{"href":"https:\/\/skydiveempuriabrava.com\/fr\/wp-json\/wp\/v2\/pages\/11328","targetHints":{"allow":["GET"]}}],"collection":[{"href":"https:\/\/skydiveempuriabrava.com\/fr\/wp-json\/wp\/v2\/pages"}],"about":[{"href":"https:\/\/skydiveempuriabrava.com\/fr\/wp-json\/wp\/v2\/types\/page"}],"author":[{"embeddable":true,"href":"https:\/\/skydiveempuriabrava.com\/fr\/wp-json\/wp\/v2\/users\/1"}],"replies":[{"embeddable":true,"href":"https:\/\/skydiveempuriabrava.com\/fr\/wp-json\/wp\/v2\/comments?post=11328"}],"version-history":[{"count":9,"href":"https:\/\/skydiveempuriabrava.com\/fr\/wp-json\/wp\/v2\/pages\/11328\/revisions"}],"predecessor-version":[{"id":13465,"href":"https:\/\/skydiveempuriabrava.com\/fr\/wp-json\/wp\/v2\/pages\/11328\/revisions\/13465"}],"wp:attachment":[{"href":"https:\/\/skydiveempuriabrava.com\/fr\/wp-json\/wp\/v2\/media?parent=11328"}],"wp:term":[{"taxonomy":"folder","embeddable":true,"href":"https:\/\/skydiveempuriabrava.com\/fr\/wp-json\/wp\/v2\/folder?post=11328"}],"curies":[{"name":"wp","href":"https:\/\/api.w.org\/{rel}","templated":true}]}}