{"id":13619,"date":"2026-04-20T14:49:38","date_gmt":"2026-04-20T12:49:38","guid":{"rendered":"https:\/\/skydiveempuriabrava.com\/?page_id=13619"},"modified":"2026-04-21T19:29:09","modified_gmt":"2026-04-21T17:29:09","slug":"mentions-legales","status":"publish","type":"page","link":"https:\/\/skydiveempuriabrava.com\/fr\/mentions-legales\/","title":{"rendered":"MENTIONS L\u00c9GALES"},"content":{"rendered":"<nav style=\"background-color: #00a3e0; font-size:18px;font-style:normal;font-weight:600;line-height:1.5;text-transform:uppercase;letter-spacing:0px;\" class=\"has-text-color has-ast-global-color-5-color has-background is-responsive items-justified-center menu-pagines-legals wp-block-navigation is-horizontal is-content-justification-center is-layout-flex wp-container-core-navigation-is-layout-b187110c wp-block-navigation-is-layout-flex\" aria-label=\"Pages juridiques\" \n\t\t data-wp-interactive=\"core\/navigation\" data-wp-context='{\"overlayOpenedBy\":{\"click\":false,\"hover\":false,\"focus\":false},\"type\":\"overlay\",\"roleAttribute\":\"\",\"ariaLabel\":\"Menu\"}'><button aria-haspopup=\"dialog\" aria-label=\"Ouvrir le menu\" class=\"wp-block-navigation__responsive-container-open\" \n\t\t\t\tdata-wp-on--click=\"actions.openMenuOnClick\"\n\t\t\t\tdata-wp-on--keydown=\"actions.handleMenuKeydown\"\n\t\t\t><svg width=\"24\" height=\"24\" xmlns=\"http:\/\/www.w3.org\/2000\/svg\" viewBox=\"0 0 24 24\"><path d=\"M5 5v1.5h14V5H5z\"><\/path><path d=\"M5 12.8h14v-1.5H5v1.5z\"><\/path><path d=\"M5 19h14v-1.5H5V19z\"><\/path><\/svg><\/button>\n\t\t\t\t<div class=\"wp-block-navigation__responsive-container\"  id=\"modal-1\" \n\t\t\t\tdata-wp-class--has-modal-open=\"state.isMenuOpen\"\n\t\t\t\tdata-wp-class--is-menu-open=\"state.isMenuOpen\"\n\t\t\t\tdata-wp-watch=\"callbacks.initMenu\"\n\t\t\t\tdata-wp-on--keydown=\"actions.handleMenuKeydown\"\n\t\t\t\tdata-wp-on--focusout=\"actions.handleMenuFocusout\"\n\t\t\t\ttabindex=\"-1\"\n\t\t\t>\n\t\t\t\t\t<div class=\"wp-block-navigation__responsive-close\" tabindex=\"-1\">\n\t\t\t\t\t\t<div class=\"wp-block-navigation__responsive-dialog\" \n\t\t\t\tdata-wp-bind--aria-modal=\"state.ariaModal\"\n\t\t\t\tdata-wp-bind--aria-label=\"state.ariaLabel\"\n\t\t\t\tdata-wp-bind--role=\"state.roleAttribute\"\n\t\t\t>\n\t\t\t\t\t\t\t<button aria-label=\"Fermer le menu\" class=\"wp-block-navigation__responsive-container-close\" \n\t\t\t\tdata-wp-on--click=\"actions.closeMenuOnClick\"\n\t\t\t><svg xmlns=\"http:\/\/www.w3.org\/2000\/svg\" viewBox=\"0 0 24 24\" width=\"24\" height=\"24\" aria-hidden=\"true\" focusable=\"false\"><path d=\"m13.06 12 6.47-6.47-1.06-1.06L12 10.94 5.53 4.47 4.47 5.53 10.94 12l-6.47 6.47 1.06 1.06L12 13.06l6.47 6.47 1.06-1.06L13.06 12Z\"><\/path><\/svg><\/button>\n\t\t\t\t\t\t\t<div class=\"wp-block-navigation__responsive-container-content\" \n\t\t\t\tdata-wp-watch=\"callbacks.focusFirstElement\"\n\t\t\t id=\"modal-1-content\">\n\t\t\t\t\t\t\t\t<ul style=\"background-color: #00a3e0; font-size:18px;font-style:normal;font-weight:600;line-height:1.5;text-transform:uppercase;letter-spacing:0px;\" class=\"wp-block-navigation__container has-text-color has-ast-global-color-5-color has-background is-responsive items-justified-center menu-pagines-legals wp-block-navigation\"><li style=\"font-size: 18px;\" class=\" wp-block-navigation-item wp-block-navigation-link\"><a class=\"wp-block-navigation-item__content\"  href=\"https:\/\/skydiveempuriabrava.com\/fr\/mentions-legales\/\"><span class=\"wp-block-navigation-item__label\">MENTIONS L\u00c9GALES<\/span><\/a><\/li><li style=\"font-size: 18px;\" class=\" wp-block-navigation-item wp-block-navigation-link\"><a class=\"wp-block-navigation-item__content\"  href=\"https:\/\/skydiveempuriabrava.com\/fr\/politique-de-confidentialite-et-de-cookies\/\"><span class=\"wp-block-navigation-item__label\">POLITIQUE DE CONFIDENTIALIT\u00c9 ET DE COOKIES<\/span><\/a><\/li><li style=\"font-size: 18px;\" class=\" wp-block-navigation-item wp-block-navigation-link\"><a class=\"wp-block-navigation-item__content\"  href=\"https:\/\/skydiveempuriabrava.com\/fr\/conditions-de-vente-de-produits-services-pour-les-non-parachutistes\/\"><span class=\"wp-block-navigation-item__label\">CONDITIONS DE VENTE DE SERVICES POUR LES NON PARACHUTISTES<\/span><\/a><\/li><li style=\"font-size: 18px;\" class=\" wp-block-navigation-item wp-block-navigation-link\"><a class=\"wp-block-navigation-item__content\"  href=\"https:\/\/skydiveempuriabrava.com\/fr\/conditions-de-vente-de-bons-cadeaux-pour-le-wind-tunnel\/\"><span class=\"wp-block-navigation-item__label\">CONDITIONS DE VENTE DE BONS CADEAUX POUR LE WIND TUNNEL<\/span><\/a><\/li><li style=\"font-size: 18px;\" class=\" wp-block-navigation-item wp-block-navigation-link\"><a class=\"wp-block-navigation-item__content\"  href=\"https:\/\/skydiveempuriabrava.com\/fr\/selling-conditions-of-products-services-for-skydivers\/\"><span class=\"wp-block-navigation-item__label\">SELLING CONDITIONS OF SERVICES FOR SKYDIVERS<\/span><\/a><\/li><li style=\"font-size: 18px;\" class=\" wp-block-navigation-item wp-block-navigation-link\"><a class=\"wp-block-navigation-item__content\"  href=\"https:\/\/skydiveempuriabrava.com\/fr\/conditions-de-vente-de-experience-trips-from-barcelona\/\"><span class=\"wp-block-navigation-item__label\">CONDITIONS DE VENTE DE EXPERIENCE TRIPS FROM BARCELONA<\/span><\/a><\/li><\/ul>\n\t\t\t\t\t\t\t<\/div>\n\t\t\t\t\t\t<\/div>\n\t\t\t\t\t<\/div>\n\t\t\t\t<\/div><\/nav>\n\n\n<div style=\"height:100px\" aria-hidden=\"true\" class=\"wp-block-spacer\"><\/div>\n\n\n<h2 class=\"wp-block-post-title\">MENTIONS L\u00c9GALES<\/h2>\n\n\n<ul class=\"wp-block-list\">\n<li>OBJET<\/li>\n<\/ul>\n\n\n\n<p>Le pr\u00e9sent avis l\u00e9gal r\u00e9glemente l\u2019utilisation du site Web&nbsp;<a href=\"https:\/\/www.skydiveempuriabrava.com\/\">https:\/\/www.skydiveempuriabrava.com<\/a>&nbsp;et ses domaines et sous-domaines li\u00e9s et redirig\u00e9s&nbsp;:&nbsp;<a href=\"http:\/\/www.thelandofthesky.eu\/\">www.thelandofthesky.eu<\/a>&nbsp;;&nbsp;<a href=\"http:\/\/www.thelandofthesky.net\/\">www.thelandofthesky.net<\/a>&nbsp;;&nbsp;<a href=\"http:\/\/www.skyrats.com\/\">www.skyrats.com<\/a>&nbsp;;&nbsp;<a href=\"http:\/\/www.jipaviacio.com\/\">www.jipaviacio.com<\/a>&nbsp;;&nbsp;<a href=\"http:\/\/www.airempuriabrava.com\/\">www.airempuriabrava.com<\/a>&nbsp;;&nbsp;<a href=\"http:\/\/www.aventuracostabrava.com\/\">www.aventuracostabrava.com<\/a>&nbsp;;&nbsp;<a href=\"http:\/\/www.cursodepiloto.com\/\">www.cursodepiloto.com<\/a>&nbsp;;&nbsp;<a href=\"http:\/\/www.laterradelcel.cat\/\">www.laterradelcel.cat<\/a>&nbsp;;&nbsp;<a href=\"http:\/\/www.laterradelcel.com\/\">www.laterradelcel.com<\/a>&nbsp;;&nbsp;<a href=\"http:\/\/www.latierradelcielo.com\/\">www.latierradelcielo.com<\/a>&nbsp;;&nbsp;<a href=\"http:\/\/www.latierradelcielo.es\/\">www.latierradelcielo.es<\/a>&nbsp;;&nbsp;<a href=\"http:\/\/www.mytandem.cat\/\">www.mytandem.cat<\/a>&nbsp;;&nbsp;<a href=\"http:\/\/www.paracaidismo.mobi\/\">www.paracaidismo.mobi<\/a>&nbsp;;&nbsp;<a href=\"http:\/\/www.salto.cat\/\">www.salto.cat<\/a>&nbsp;;&nbsp;<a href=\"http:\/\/www.skydive.cat\/\">www.skydive.cat<\/a>&nbsp;; dont JIP AVIACI\u00d3, S.L.U.&nbsp;est titulaire (ci-apr\u00e8s, LE PROPRI\u00c9TAIRE DU SITE WEB).<br>La navigation sur le site du PROPRI\u00c9TAIRE DU SITE WEB vous attribue la condition d&rsquo;UTILISATEUR de celui-ci et implique l&rsquo;acceptation pleine et enti\u00e8re de chacune des conditions publi\u00e9es dans cet avis l\u00e9gal, en avertissant que ces conditions peuvent \u00eatre modifi\u00e9es sans notification pr\u00e9alable par LE PROPRI\u00c9TAIRE DU SITE WEB, auquel cas elles seront publi\u00e9es et notifi\u00e9es dans les meilleurs d\u00e9lais.<br>Pour cette raison, il est conseill\u00e9 de lire attentivement son contenu si vous souhaitez acc\u00e9der et utiliser les informations et services propos\u00e9s sur ce site Web.<br>L&rsquo;utilisateur s&rsquo;engage, en outre, \u00e0 faire un usage correct du site conform\u00e9ment aux lois, \u00e0 la bonne foi, \u00e0 l&rsquo;ordre public, aux usages du trafic et au pr\u00e9sent avis l\u00e9gal, et sera responsable envers le PROPRI\u00c9TAIRE DU SITE WEB ou les tiers, pour tout dommage qui pourrait \u00eatre caus\u00e9 par une violation de cette obligation.<br>Toute utilisation autre que celle autoris\u00e9e est express\u00e9ment interdite, le PROPRI\u00c9TAIRE DU SITE WEB peut refuser ou retirer son acc\u00e8s et utilisation \u00e0 tout moment.<\/p>\n\n\n\n<ul class=\"wp-block-list\">\n<li>IDENTIFICATION<\/li>\n<\/ul>\n\n\n\n<p>LE PROPRI\u00c9TAIRE DU SITE WEB, conform\u00e9ment \u00e0 la loi 34\/2002 du 11 juillet sur les services de la soci\u00e9t\u00e9 de l&rsquo;information et du commerce \u00e9lectronique, vous informe que&nbsp;:<\/p>\n\n\n\n<ul class=\"wp-block-list\">\n<li>Sa raison sociale est&nbsp;: &nbsp;&nbsp;&nbsp;&nbsp;&nbsp;&nbsp;&nbsp;&nbsp;&nbsp;&nbsp;&nbsp;&nbsp;&nbsp;&nbsp;&nbsp;&nbsp;&nbsp;&nbsp;&nbsp;&nbsp;&nbsp;&nbsp;&nbsp; JIP AVIACI\u00d3, S.L.U.<\/li>\n\n\n\n<li>Son nom commercial est&nbsp;:&nbsp;&nbsp;&nbsp;&nbsp; SKYDIVE EMPURIABRAVA.<\/li>\n\n\n\n<li>Son num\u00e9ro de TVA est&nbsp;:&nbsp;&nbsp;&nbsp;&nbsp;&nbsp;&nbsp;&nbsp;&nbsp;&nbsp;&nbsp;&nbsp;&nbsp;&nbsp;&nbsp;&nbsp;&nbsp;&nbsp;&nbsp;&nbsp;&nbsp;&nbsp;&nbsp;&nbsp;&nbsp;&nbsp;&nbsp;&nbsp;&nbsp;&nbsp;&nbsp;&nbsp;&nbsp;&nbsp;&nbsp;&nbsp;&nbsp;&nbsp;&nbsp;&nbsp;&nbsp;&nbsp;&nbsp; B-17449836<\/li>\n\n\n\n<li>Son si\u00e8ge social est&nbsp;:&nbsp;&nbsp;&nbsp;&nbsp;&nbsp;&nbsp;&nbsp;&nbsp;&nbsp;&nbsp;&nbsp;&nbsp;&nbsp; SKYDIVE EMPURIABRAVA - SECTOR AEROCLUB, S\/N<\/li>\n<\/ul>\n\n\n\n<p>17487 EMPURIABRAVA (G\u00e9rone)&nbsp;&nbsp;&nbsp;&nbsp;&nbsp;<\/p>\n\n\n\n<ul class=\"wp-block-list\">\n<li>Enregistr\u00e9e au registre du commerce de G\u00e9rone, tome 2076, folio 200, section 8, page GI-15706, inscription 11e.<\/li>\n\n\n\n<li>COMMUNICATIONS<\/li>\n<\/ul>\n\n\n\n<p>Pour communiquer avec nous, nous mettons \u00e0 votre disposition diff\u00e9rents moyens de contact que nous d\u00e9taillons ci-dessous&nbsp;:<\/p>\n\n\n\n<ul class=\"wp-block-list\">\n<li>T\u00e9l\u00e9phone&nbsp;: +34 972 450 111<\/li>\n\n\n\n<li>E-mail&nbsp;:&nbsp;&nbsp;&nbsp;&nbsp;&nbsp;&nbsp;&nbsp;&nbsp;&nbsp;&nbsp;&nbsp;&nbsp;<a href=\"mailto:infoweb@skydiveempuriabrava.com\">infoweb@skydiveempuriabrava.com<\/a><\/li>\n<\/ul>\n\n\n\n<p>Toutes les notifications et communications entre les utilisateurs et LE PROPRI\u00c9TAIRE DU SITE WEB seront consid\u00e9r\u00e9es comme effectives, \u00e0 toutes fins utiles, lorsqu&rsquo;elles sont effectu\u00e9es par l&rsquo;un des moyens d\u00e9crits ci-dessus.<\/p>\n\n\n\n<ul class=\"wp-block-list\">\n<li>CONDITIONS D&rsquo;ACC\u00c8S ET D&rsquo;UTILISATION<\/li>\n<\/ul>\n\n\n\n<p>Le site Web et ses services sont gratuits et en libre acc\u00e8s. Cependant, LE PROPRIETAIRE DU SITE WEB peut adapter l&rsquo;utilisation de certains des services offerts sur son site Web une fois que le formulaire correspondant est rempli.<br>L&rsquo;utilisateur garantit l&rsquo;authenticit\u00e9 et la vigueur de toutes les donn\u00e9es qu&rsquo;il communique au PROPRI\u00c9TAIRE DU SITE WEB et sera le seul responsable des d\u00e9clarations fausses ou inexactes qu&rsquo;il aura faites.<br>L&rsquo;utilisateur s&rsquo;engage express\u00e9ment \u00e0 faire un usage appropri\u00e9 des contenus et services du PROPRI\u00c9TAIRE DU SITE WEB et \u00e0 ne pas les utiliser, entre autres&nbsp;:<\/p>\n\n\n\n<ul class=\"wp-block-list\">\n<li>Diss\u00e9miner le contenu criminel, violent, pornographique, raciste, x\u00e9nophobe, offensant, d&rsquo;apologie du terrorisme ou, en g\u00e9n\u00e9ral, contraire \u00e0 la loi ou \u00e0 l&rsquo;ordre public.<\/li>\n\n\n\n<li>Introduire dans le r\u00e9seau des virus informatiques ou effectuer des actions qui peuvent alt\u00e9rer, g\u00e2cher, interrompre ou g\u00e9n\u00e9rer des erreurs ou des dommages \u00e0 des documents \u00e9lectroniques, des donn\u00e9es ou des syst\u00e8mes physiques et logiques du PROPRI\u00c9TAIRE DU SITE WEB ou de tiers&nbsp;; ainsi que d&rsquo;entraver l&rsquo;acc\u00e8s des autres utilisateurs au site Web et \u00e0 ses services gr\u00e2ce \u00e0 la consommation massive de ressources informatiques \u00e0 travers lesquelles le propri\u00e9taire du site Web fournit ses services.<\/li>\n\n\n\n<li>Essayer d&rsquo;acc\u00e9der aux comptes de messagerie d&rsquo;autres utilisateurs ou aux zones restreintes des syst\u00e8mes informatiques du PROPRI\u00c9TAIRE DU SITE WEB ou de tiers et, le cas \u00e9ch\u00e9ant, extraire des informations.<\/li>\n\n\n\n<li>Violer les droits de propri\u00e9t\u00e9 intellectuelle ou industrielle, ainsi que violer la confidentialit\u00e9 des informations du PROPRI\u00c9TAIRE DU SITE WEB ou de tiers.<\/li>\n\n\n\n<li>Usurper l&rsquo;identit\u00e9 de tout autre utilisateur.<\/li>\n\n\n\n<li>Reproduire, copier, distribuer, mettre \u00e0 disposition, ou via toute autre forme de communication publique, transformer ou modifier le contenu, sauf si vous avez l&rsquo;autorisation du propri\u00e9taire des droits correspondants ou si cela est l\u00e9galement autoris\u00e9.<\/li>\n\n\n\n<li>Collecter des donn\u00e9es \u00e0 des fins publicitaires et envoyer des publicit\u00e9s de toute nature et des communications \u00e0 des fins commerciales ou de vente sans votre demande ou consentement pr\u00e9alable.<\/li>\n<\/ul>\n\n\n\n<p>Tout le contenu du site Web, tel que textes, photographies, graphiques, images, ic\u00f4nes, technologies, logiciels, ainsi que son graphisme et ses codes sources, constituent une \u0153uvre dont la propri\u00e9t\u00e9 appartient au PROPRI\u00c9TAIRE DU SITE WEB, sans qu&rsquo;aucun des droits d&rsquo;exploitation sur ceux-ci, au-del\u00e0 de ce qui est strictement n\u00e9cessaire pour l&rsquo;utilisation correcte du site Web, ne puisse \u00eatre interpr\u00e9t\u00e9 comme \u00e9tant transf\u00e9r\u00e9 \u00e0 l&rsquo;utilisateur.<br>En bref, les utilisateurs qui acc\u00e8dent \u00e0 ce site Web peuvent voir le contenu et, le cas \u00e9ch\u00e9ant, autoriser des copies priv\u00e9es \u00e0 condition que les \u00e9l\u00e9ments reproduits ne soient pas transf\u00e9r\u00e9s ult\u00e9rieurement \u00e0 des tiers, ni install\u00e9s sur des serveurs connect\u00e9s \u00e0 des r\u00e9seaux, ni soumis \u00e0 aucun type d&rsquo;exploitation.<br>De m\u00eame, toutes les marques, d\u00e9nominations ou signes distinctifs de toute nature apparaissant sur le site Web sont la propri\u00e9t\u00e9 du PROPRI\u00c9TAIRE DU SITE WEB, sans qu&rsquo;il soit entendu que l&rsquo;usage ou l&rsquo;acc\u00e8s \u00e0 celui-ci attribue \u00e0 l&rsquo;utilisateur un quelconque droit sur ceux-ci.<br>La distribution, la modification, la cession ou la communication publique du contenu et tout autre acte qui n&rsquo;a pas \u00e9t\u00e9 express\u00e9ment autoris\u00e9 par le propri\u00e9taire des droits d&rsquo;exploitation sont interdits.<br>L&rsquo;\u00e9tablissement d&rsquo;un lien hypertexte n&rsquo;implique en aucun cas l&rsquo;existence de relations entre LE PROPRI\u00c9TAIRE DU SITE WEB et le propri\u00e9taire du site Web sur lequel il est \u00e9tabli, ni l&rsquo;acceptation et l&rsquo;approbation par LE PROPRI\u00c9TAIRE DU SITE WEB de ses contenus ou services.<br>LE PROPRI\u00c9TAIRE DU SITE WEB n&rsquo;est pas responsable de l&rsquo;usage que chaque utilisateur fait du mat\u00e9riel mis \u00e0 disposition sur ce site Web ou des actions r\u00e9alis\u00e9es sur celui-ci.<\/p>\n\n\n\n<ul class=\"wp-block-list\">\n<li>EXCLUSION DE GARANTIES ET DE RESPONSABILIT\u00c9 POUR L&rsquo;ACC\u00c8S ET L&rsquo;UTILISATION<\/li>\n<\/ul>\n\n\n\n<p>Le contenu de ce site Web est de nature g\u00e9n\u00e9rale et a un but purement informatif, sans garantir pleinement l&rsquo;acc\u00e8s \u00e0 tout le contenu, ni son int\u00e9gralit\u00e9, exactitude, sa validit\u00e9 ou vigueur, ni sa pertinence ou son utilit\u00e9 dans un but sp\u00e9cifique.<br>LE PROPRI\u00c9TAIRE DU SITE WEB exclut, dans la mesure permise par le syst\u00e8me juridique, toute responsabilit\u00e9 pour les dommages de toute nature d\u00e9coulant de&nbsp;:<\/p>\n\n\n\n<ul class=\"wp-block-list\">\n<li>l&rsquo;impossibilit\u00e9 d&rsquo;acc\u00e9der au site Web ou le manque de v\u00e9racit\u00e9, d&rsquo;exactitude, d&rsquo;exhaustivit\u00e9 et\/ou d&rsquo;actualit\u00e9 des contenus, ainsi que l&rsquo;existence de vices et de d\u00e9fauts de toutes sortes concernant les contenus transmis, diffus\u00e9s, stock\u00e9s, mis \u00e0 disposition, qui ont \u00e9t\u00e9 consult\u00e9s via le site Web ou les services offerts.<\/li>\n\n\n\n<li>La pr\u00e9sence de virus ou d&rsquo;autres \u00e9l\u00e9ments dans le contenu pouvant entra\u00eener des alt\u00e9rations dans les syst\u00e8mes informatiques, les documents \u00e9lectroniques ou les donn\u00e9es de l&rsquo;utilisateur.<\/li>\n\n\n\n<li>Le d\u00e9faut de se conformer aux lois, la bonne foi, l&rsquo;ordre public, les utilisations du trafic et au pr\u00e9sent avis l\u00e9gal en raison de l&rsquo;utilisation incorrecte du site Web. En particulier, et \u00e0 titre d&rsquo;exemple, LE PROPRI\u00c9TAIRE DU SITE WEB n&rsquo;est pas responsable des actions des tiers qui violent les droits de propri\u00e9t\u00e9 intellectuelle et industrielle, les secrets d&rsquo;affaires, les droits d&rsquo;honneur, la vie priv\u00e9e et familiale et l&rsquo;image propre, ainsi que les r\u00e8glements sur la concurrence d\u00e9loyale et la publicit\u00e9 ill\u00e9gale.<\/li>\n<\/ul>\n\n\n\n<p>En outre, LE PROPRI\u00c9TAIRE DU SITE WEB d\u00e9cline toute responsabilit\u00e9 concernant les informations qui se trouvent en dehors de ce site Web et ne sont pas g\u00e9r\u00e9es directement par notre webmaster. La fonction des liens qui apparaissent sur ce site Web est exclusivement d&rsquo;informer l&rsquo;utilisateur sur l&rsquo;existence d&rsquo;autres sources susceptibles d&rsquo;\u00e9largir le contenu offert par ce site Web. LE PROPRI\u00c9TAIRE DU SITE WEB ne garantit ni n&rsquo;est responsable du fonctionnement ou de l&rsquo;accessibilit\u00e9 des sites li\u00e9s&nbsp;; ni ne sugg\u00e8re, invite ou recommande leur visite, par cons\u00e9quent, il ne sera pas responsable du r\u00e9sultat. LE PROPRI\u00c9TAIRE DU SITE WEB n&rsquo;est pas responsable de l&rsquo;\u00e9tablissement de liens hypertextes par des tiers.<\/p>\n\n\n\n<ul class=\"wp-block-list\">\n<li>PROC\u00c9DURE EN CAS D\u2019ACTIVIT\u00c9S ILLICITES<\/li>\n<\/ul>\n\n\n\n<p>Dans le cas o\u00f9 un utilisateur ou un tiers estime qu&rsquo;il existe des faits ou des circonstances qui r\u00e9v\u00e8lent le caract\u00e8re ill\u00e9gal de l&rsquo;utilisation de tout contenu et\/ou l&rsquo;ex\u00e9cution de toute activit\u00e9 sur les sites Web inclus ou accessibles sur le site Web, il devra envoyer une notification au PROPRI\u00c9TAIRE DU SITE WEB, identifiant et sp\u00e9cifiant correctement les infractions all\u00e9gu\u00e9es.<\/p>\n\n\n\n<ul class=\"wp-block-list\">\n<li>PUBLICATIONS<\/li>\n<\/ul>\n\n\n\n<p>Les informations administratives fournies par le site Web ne remplacent pas la publicit\u00e9 l\u00e9gale des lois, r\u00e8glements, plans, dispositions g\u00e9n\u00e9rales et actes qui doivent \u00eatre officiellement publi\u00e9s dans les journaux officiels des administrations publiques, qui constituent le seul instrument qui atteste de son authenticit\u00e9 et son contenu. Les informations disponibles sur ce site Web doivent \u00eatre comprises comme un guide sans but l\u00e9gal.<\/p>\n\n\n\n<ul class=\"wp-block-list\">\n<li>LOIS APPLICABLES<\/li>\n<\/ul>\n\n\n\n<p>Les pr\u00e9sentes conditions seront r\u00e9gies par la l\u00e9gislation espagnole en vigueur.<\/p>\n","protected":false},"excerpt":{"rendered":"<p>Le pr\u00e9sent avis l\u00e9gal r\u00e9glemente l\u2019utilisation du site Web&nbsp;https:\/\/www.skydiveempuriabrava.com&nbsp;et ses domaines et sous-domaines li\u00e9s et redirig\u00e9s&nbsp;:&nbsp;www.thelandofthesky.eu&nbsp;;&nbsp;www.thelandofthesky.net&nbsp;;&nbsp;www.skyrats.com&nbsp;;&nbsp;www.jipaviacio.com&nbsp;;&nbsp;www.airempuriabrava.com&nbsp;;&nbsp;www.aventuracostabrava.com&nbsp;;&nbsp;www.cursodepiloto.com&nbsp;;&nbsp;www.laterradelcel.cat&nbsp;;&nbsp;www.laterradelcel.com&nbsp;;&nbsp;www.latierradelcielo.com&nbsp;;&nbsp;www.latierradelcielo.es&nbsp;;&nbsp;www.mytandem.cat&nbsp;;&nbsp;www.paracaidismo.mobi&nbsp;;&nbsp;www.salto.cat&nbsp;;&nbsp;www.skydive.cat&nbsp;; dont JIP AVIACI\u00d3, S.L.U.&nbsp;est titulaire (ci-apr\u00e8s, LE PROPRI\u00c9TAIRE DU SITE WEB).La navigation sur le site du PROPRI\u00c9TAIRE DU SITE WEB vous attribue la condition d&rsquo;UTILISATEUR de celui-ci et implique l&rsquo;acceptation pleine et enti\u00e8re de chacune des conditions publi\u00e9es dans [&hellip;]<\/p>\n","protected":false},"author":1,"featured_media":0,"parent":0,"menu_order":0,"comment_status":"closed","ping_status":"closed","template":"","meta":{"site-sidebar-layout":"default","site-content-layout":"","ast-site-content-layout":"default","site-content-style":"default","site-sidebar-style":"default","ast-global-header-display":"","ast-banner-title-visibility":"","ast-main-header-display":"","ast-hfb-above-header-display":"","ast-hfb-below-header-display":"","ast-hfb-mobile-header-display":"","site-post-title":"disabled","ast-breadcrumbs-content":"","ast-featured-img":"","footer-sml-layout":"","ast-disable-related-posts":"","theme-transparent-header-meta":"","adv-header-id-meta":"","stick-header-meta":"","header-above-stick-meta":"","header-main-stick-meta":"","header-below-stick-meta":"","astra-migrate-meta-layouts":"set","ast-page-background-enabled":"default","ast-page-background-meta":{"desktop":{"background-color":"","background-image":"","background-repeat":"repeat","background-position":"center center","background-size":"auto","background-attachment":"scroll","background-type":"","background-media":"","overlay-type":"","overlay-color":"","overlay-opacity":"","overlay-gradient":""},"tablet":{"background-color":"","background-image":"","background-repeat":"repeat","background-position":"center center","background-size":"auto","background-attachment":"scroll","background-type":"","background-media":"","overlay-type":"","overlay-color":"","overlay-opacity":"","overlay-gradient":""},"mobile":{"background-color":"","background-image":"","background-repeat":"repeat","background-position":"center center","background-size":"auto","background-attachment":"scroll","background-type":"","background-media":"","overlay-type":"","overlay-color":"","overlay-opacity":"","overlay-gradient":""}},"ast-content-background-meta":{"desktop":{"background-color":"var(--ast-global-color-5)","background-image":"","background-repeat":"repeat","background-position":"center center","background-size":"auto","background-attachment":"scroll","background-type":"","background-media":"","overlay-type":"","overlay-color":"","overlay-opacity":"","overlay-gradient":""},"tablet":{"background-color":"var(--ast-global-color-5)","background-image":"","background-repeat":"repeat","background-position":"center center","background-size":"auto","background-attachment":"scroll","background-type":"","background-media":"","overlay-type":"","overlay-color":"","overlay-opacity":"","overlay-gradient":""},"mobile":{"background-color":"var(--ast-global-color-5)","background-image":"","background-repeat":"repeat","background-position":"center center","background-size":"auto","background-attachment":"scroll","background-type":"","background-media":"","overlay-type":"","overlay-color":"","overlay-opacity":"","overlay-gradient":""}},"footnotes":""},"folder":[216],"class_list":["post-13619","page","type-page","status-publish","hentry"],"_links":{"self":[{"href":"https:\/\/skydiveempuriabrava.com\/fr\/wp-json\/wp\/v2\/pages\/13619","targetHints":{"allow":["GET"]}}],"collection":[{"href":"https:\/\/skydiveempuriabrava.com\/fr\/wp-json\/wp\/v2\/pages"}],"about":[{"href":"https:\/\/skydiveempuriabrava.com\/fr\/wp-json\/wp\/v2\/types\/page"}],"author":[{"embeddable":true,"href":"https:\/\/skydiveempuriabrava.com\/fr\/wp-json\/wp\/v2\/users\/1"}],"replies":[{"embeddable":true,"href":"https:\/\/skydiveempuriabrava.com\/fr\/wp-json\/wp\/v2\/comments?post=13619"}],"version-history":[{"count":2,"href":"https:\/\/skydiveempuriabrava.com\/fr\/wp-json\/wp\/v2\/pages\/13619\/revisions"}],"predecessor-version":[{"id":13806,"href":"https:\/\/skydiveempuriabrava.com\/fr\/wp-json\/wp\/v2\/pages\/13619\/revisions\/13806"}],"wp:attachment":[{"href":"https:\/\/skydiveempuriabrava.com\/fr\/wp-json\/wp\/v2\/media?parent=13619"}],"wp:term":[{"taxonomy":"folder","embeddable":true,"href":"https:\/\/skydiveempuriabrava.com\/fr\/wp-json\/wp\/v2\/folder?post=13619"}],"curies":[{"name":"wp","href":"https:\/\/api.w.org\/{rel}","templated":true}]}}