{"id":13629,"date":"2026-04-20T14:55:18","date_gmt":"2026-04-20T12:55:18","guid":{"rendered":"https:\/\/skydiveempuriabrava.com\/?page_id=13629"},"modified":"2026-04-29T23:01:37","modified_gmt":"2026-04-29T21:01:37","slug":"conditions-de-vente-de-produits-services-pour-les-non-parachutistes","status":"publish","type":"page","link":"https:\/\/skydiveempuriabrava.com\/fr\/conditions-de-vente-de-produits-services-pour-les-non-parachutistes\/","title":{"rendered":"CONDITIONS DE VENTE DE PRODUITS\/SERVICES POUR LES NON PARACHUTISTES"},"content":{"rendered":"<nav style=\"background-color: #00a3e0; font-size:18px;font-style:normal;font-weight:600;line-height:1.5;text-transform:uppercase;letter-spacing:0px;\" class=\"has-text-color has-ast-global-color-5-color has-background is-responsive items-justified-center menu-pagines-legals wp-block-navigation is-horizontal is-content-justification-center is-layout-flex wp-container-core-navigation-is-layout-b187110c wp-block-navigation-is-layout-flex\" aria-label=\"Pages juridiques\" \n\t\t data-wp-interactive=\"core\/navigation\" data-wp-context='{\"overlayOpenedBy\":{\"click\":false,\"hover\":false,\"focus\":false},\"type\":\"overlay\",\"roleAttribute\":\"\",\"ariaLabel\":\"Menu\"}'><button aria-haspopup=\"dialog\" aria-label=\"Ouvrir le menu\" class=\"wp-block-navigation__responsive-container-open\" \n\t\t\t\tdata-wp-on--click=\"actions.openMenuOnClick\"\n\t\t\t\tdata-wp-on--keydown=\"actions.handleMenuKeydown\"\n\t\t\t><svg width=\"24\" height=\"24\" xmlns=\"http:\/\/www.w3.org\/2000\/svg\" viewBox=\"0 0 24 24\"><path d=\"M5 5v1.5h14V5H5z\"><\/path><path d=\"M5 12.8h14v-1.5H5v1.5z\"><\/path><path d=\"M5 19h14v-1.5H5V19z\"><\/path><\/svg><\/button>\n\t\t\t\t<div class=\"wp-block-navigation__responsive-container\"  id=\"modal-1\" \n\t\t\t\tdata-wp-class--has-modal-open=\"state.isMenuOpen\"\n\t\t\t\tdata-wp-class--is-menu-open=\"state.isMenuOpen\"\n\t\t\t\tdata-wp-watch=\"callbacks.initMenu\"\n\t\t\t\tdata-wp-on--keydown=\"actions.handleMenuKeydown\"\n\t\t\t\tdata-wp-on--focusout=\"actions.handleMenuFocusout\"\n\t\t\t\ttabindex=\"-1\"\n\t\t\t>\n\t\t\t\t\t<div class=\"wp-block-navigation__responsive-close\" tabindex=\"-1\">\n\t\t\t\t\t\t<div class=\"wp-block-navigation__responsive-dialog\" \n\t\t\t\tdata-wp-bind--aria-modal=\"state.ariaModal\"\n\t\t\t\tdata-wp-bind--aria-label=\"state.ariaLabel\"\n\t\t\t\tdata-wp-bind--role=\"state.roleAttribute\"\n\t\t\t>\n\t\t\t\t\t\t\t<button aria-label=\"Fermer le menu\" class=\"wp-block-navigation__responsive-container-close\" \n\t\t\t\tdata-wp-on--click=\"actions.closeMenuOnClick\"\n\t\t\t><svg xmlns=\"http:\/\/www.w3.org\/2000\/svg\" viewBox=\"0 0 24 24\" width=\"24\" height=\"24\" aria-hidden=\"true\" focusable=\"false\"><path d=\"m13.06 12 6.47-6.47-1.06-1.06L12 10.94 5.53 4.47 4.47 5.53 10.94 12l-6.47 6.47 1.06 1.06L12 13.06l6.47 6.47 1.06-1.06L13.06 12Z\"><\/path><\/svg><\/button>\n\t\t\t\t\t\t\t<div class=\"wp-block-navigation__responsive-container-content\" \n\t\t\t\tdata-wp-watch=\"callbacks.focusFirstElement\"\n\t\t\t id=\"modal-1-content\">\n\t\t\t\t\t\t\t\t<ul style=\"background-color: #00a3e0; font-size:18px;font-style:normal;font-weight:600;line-height:1.5;text-transform:uppercase;letter-spacing:0px;\" class=\"wp-block-navigation__container has-text-color has-ast-global-color-5-color has-background is-responsive items-justified-center menu-pagines-legals wp-block-navigation\"><li style=\"font-size: 18px;\" class=\" wp-block-navigation-item wp-block-navigation-link\"><a class=\"wp-block-navigation-item__content\"  href=\"https:\/\/skydiveempuriabrava.com\/fr\/mentions-legales\/\"><span class=\"wp-block-navigation-item__label\">MENTIONS L\u00c9GALES<\/span><\/a><\/li><li style=\"font-size: 18px;\" class=\" wp-block-navigation-item wp-block-navigation-link\"><a class=\"wp-block-navigation-item__content\"  href=\"https:\/\/skydiveempuriabrava.com\/fr\/politique-de-confidentialite-et-de-cookies\/\"><span class=\"wp-block-navigation-item__label\">POLITIQUE DE CONFIDENTIALIT\u00c9 ET DE COOKIES<\/span><\/a><\/li><li style=\"font-size: 18px;\" class=\" wp-block-navigation-item wp-block-navigation-link\"><a class=\"wp-block-navigation-item__content\"  href=\"https:\/\/skydiveempuriabrava.com\/fr\/conditions-de-vente-de-produits-services-pour-les-non-parachutistes\/\"><span class=\"wp-block-navigation-item__label\">CONDITIONS DE VENTE DE SERVICES POUR LES NON PARACHUTISTES<\/span><\/a><\/li><li style=\"font-size: 18px;\" class=\" wp-block-navigation-item wp-block-navigation-link\"><a class=\"wp-block-navigation-item__content\"  href=\"https:\/\/skydiveempuriabrava.com\/fr\/conditions-de-vente-de-bons-cadeaux-pour-le-wind-tunnel\/\"><span class=\"wp-block-navigation-item__label\">CONDITIONS DE VENTE DE BONS CADEAUX POUR LE WIND TUNNEL<\/span><\/a><\/li><li style=\"font-size: 18px;\" class=\" wp-block-navigation-item wp-block-navigation-link\"><a class=\"wp-block-navigation-item__content\"  href=\"https:\/\/skydiveempuriabrava.com\/fr\/selling-conditions-of-products-services-for-skydivers\/\"><span class=\"wp-block-navigation-item__label\">SELLING CONDITIONS OF SERVICES FOR SKYDIVERS<\/span><\/a><\/li><li style=\"font-size: 18px;\" class=\" wp-block-navigation-item wp-block-navigation-link\"><a class=\"wp-block-navigation-item__content\"  href=\"https:\/\/skydiveempuriabrava.com\/fr\/conditions-de-vente-de-experience-trips-from-barcelona\/\"><span class=\"wp-block-navigation-item__label\">CONDITIONS DE VENTE DE EXPERIENCE TRIPS FROM BARCELONA<\/span><\/a><\/li><\/ul>\n\t\t\t\t\t\t\t<\/div>\n\t\t\t\t\t\t<\/div>\n\t\t\t\t\t<\/div>\n\t\t\t\t<\/div><\/nav>\n\n\n<div style=\"height:100px\" aria-hidden=\"true\" class=\"wp-block-spacer\"><\/div>\n\n\n<h2 class=\"wp-block-post-title\">CONDITIONS DE VENTE DE PRODUITS\/SERVICES POUR LES NON PARACHUTISTES<\/h2>\n\n\n<p>Les\u00a0<strong>ch\u00e8ques cadeaux pour les sauts en tandem ou Virtual Reality Experience<\/strong><strong>expirent 1 an apr\u00e8s leur achat<\/strong>\u00a0et, une fois expir\u00e9s, ils ne peuvent plus \u00eatre utilis\u00e9s.<\/p>\n\n\n\n<p>Les&nbsp;<strong>ch\u00e8ques-cadeaux Wind Tunnel<\/strong><strong>expirent 6 mois apr\u00e8s leur achat<\/strong>&nbsp;et, une fois expir\u00e9s, ils ne peuvent plus \u00eatre utilis\u00e9s.<\/p>\n\n\n\n<p><strong>Tous les ch\u00e8ques-cadeaux seront remboursables jusqu&rsquo;\u00e0 6 mois apr\u00e8s l&rsquo;achat.<\/strong><\/p>\n\n\n\n<h2 class=\"wp-block-heading\">ENVOI OU RETRAIT EN POINT DE VENTE<\/h2>\n\n\n\n<p>1- Par d\u00e9faut, le bon cadeau sera envoy\u00e9 gratuitement \u00e0 l&rsquo;adresse d&#8217;email indiqu\u00e9e.&nbsp;<strong>(gratuit)<\/strong><\/p>\n\n\n\n<p>2- Retrait en point de vente.&nbsp;<strong>(gratuit)<\/strong>&nbsp;:<\/p>\n\n\n\n<p>-&nbsp;<strong>Empuriabrava (Girona), Spain<\/strong><\/p>\n\n\n\n\n\n<div style=\"position:relative;padding-bottom:56.25%;height:0;overflow:hidden;\">\n  <iframe \n    src=\"https:\/\/www.google.com\/maps\/embed?pb=!1m18!1m12!1m3!1d2952.934561698597!2d3.106745715453061!3d42.25856997919383!2m3!1f0!2f0!3f0!3m2!1i1024!2i768!4f13.1!3m3!1m2!1s0x12ba61ef3690a949%3A0x6580d5bdbc9bfae2!2sSkydive%20Empuriabrava%20-%20La%20Tierra%20del%20Cielo!5e0!3m2!1ses!2ses!4v1659951907991!5m2!1ses!2ses\"\n    style=\"position:absolute;top:0;left:0;width:100%;height:100%;border:0;\"\n    loading=\"lazy\"\n    allowfullscreen=\"\">\n  <\/iframe>\n<\/div>\n\n\n\n<p>-&nbsp;<strong>Barcelona City Centre, Spain<\/strong><\/p>\n\n\n\n<div style=\"position:relative;padding-bottom:56.25%;height:0;overflow:hidden;\">\n  <iframe \n    src=\"https:\/\/www.google.com\/maps\/embed?pb=!1m18!1m12!1m3!1d2992.9611113914766!2d2.1623406348876952!3d41.39665089999998!2m3!1f0!2f0!3f0!3m2!1i1024!2i768!4f13.1!3m3!1m2!1s0x12a4a312ac3e918b%3A0x1f7c83f970873cdb!2sTandem%20Skydive%20Barcelona%20City%20(CO2%20Neutral)%20Selling%20Point!5e0!3m2!1ses!2ses!4v1659953337647!5m2!1ses!2ses\"\n    style=\"position:absolute;top:0;left:0;width:100%;height:100%;border:0;\"\n    loading=\"lazy\">\n  <\/iframe>\n<\/div>\n\n\n\n<h4 class=\"wp-block-heading\">&nbsp;<\/h4>\n\n\n\n<h2 class=\"wp-block-heading\">CONDITIONS REQUISES POUR SAUTER EN TANDEM<\/h2>\n\n\n\n<ul class=\"wp-block-list\">\n<li>Il est obligatoire de pr\u00e9senter une pi\u00e8ce d\u2019identit\u00e9 pour tous les sauteurs.<\/li>\n\n\n\n<li>Le passager tandem devra porter des v\u00eatements commodes. TOUJOURS avec pantalon&nbsp; (quelle que soit la p\u00e9riode de l\u2019ann\u00e9e) et chaussures de sport. En \u00e9t\u00e9 vous pourrez porter un tee-shirt \u00e0 manche courte qui couvre un petit peu l\u2019\u00e9paule (cela vous prot\u00e8gera du frottement du harnais sur votre peau). En hiver, un polaire et des gants. \u00c0 n\u2019importe qu\u2019elle autre p\u00e9riode de l\u2019ann\u00e9e, un pull-over plus ou moins chaud suivant la saison.&nbsp;<\/li>\n\n\n\n<li>Pour sauter il est n\u00e9cessaire d&rsquo;avoir une bonne condition physique.Une&nbsp;<a href=\"https:\/\/www.skyrats.com\/vales\/intranet\/img\/tandemConditions3.png\">d\u00e9claration d&rsquo;aptitude physique<\/a>&nbsp;doit \u00eatre sign\u00e9e avant le saut. En cas de doute sur une maladie ou un probl\u00e8me concret&nbsp; il est recommand\u00e9 de consulter votre m\u00e9decin. Certains problemes m\u00e9dicaux requi\u00e8rent un cetificat m\u00e9dical pour sauter et d&rsquo;autres n&rsquo; en n\u00e9cessitent pas.&nbsp;Les personnes ayant un handicap psychique ou qui n&rsquo;ont pas de mobilit\u00e9 dans les jambes ne pourront pas sauter.<\/li>\n\n\n\n<li>Le passager tandem ne peut pas peser au-del\u00e0 de 110kgs habill\u00e9. S\u2019il devait peser entre 90 et 110kg il devra nous en informer au moment de la r\u00e9servation \u00e9tant donn\u00e9 que nous avons des heures bien pr\u00e9cises pour la r\u00e9alisation de ces sauts (en milieu de journ\u00e9e), parce que nous avons besoin qu&rsquo;il y ait un peu de vent pour faire le saut. Si vous ne nous le communiquez&nbsp; pas et que le passager ne peut pas sauter car les conditions ne sont pas ad\u00e9quates avec son poids, vous perdrez votre caution.<\/li>\n\n\n\n<li>Un certificat m\u00e9dical est obligatoire pour les passagers de 65 ans (ou plus) ou de plus de 60 ans (avec un poids compris entre 90 et 110 kg). L&rsquo;\u00e2ge maximum pour faire un saut en tandem est de 74 ans.<\/li>\n\n\n\n<li>Pour les mineurs il est requis la signature de tous les parents tuteurs l\u00e9gaux. Pour les parents qui viennent avec le mineur, nous aurons besoin qu&rsquo;ils signent le formulaire d&rsquo;inscription et qu&rsquo;ils pr\u00e9sentent un papier d&rsquo;identit\u00e9 pour eux ainsi que pour le mineur. Pour les parents qui ne peuvent \u00eatre l\u00e0 le jour du saut, il est indispensable d&rsquo;avoir leur autorisation manuscrite, ainsi que la photocopie de leur pi\u00e8ce d&rsquo;identit\u00e9 pour que le mineur puisse faire son tandem.\n<ul class=\"wp-block-list\">\n<li>Le poids minimum est de 35 kg.<\/li>\n\n\n\n<li>L&rsquo;hauter minimum est de 120 cm.<\/li>\n<\/ul>\n<\/li>\n\n\n\n<li>Il est important de ne pas consommer d&rsquo;alcool ou d&rsquo;autres drogues avant le saut.<\/li>\n\n\n\n<li>Ne pas avoir fait de plong\u00e9e sous-marine au cours des derni\u00e8res 24h.<\/li>\n\n\n\n<li><strong>JIP Aviaci\u00f3 SLU (Skydive Empuriabrava) informe les passagers de sauts en tandem que le d\u00e9cret 56\/2003 de la Generalitat de Catalunya impose que l&rsquo;entreprise qui offre le service doit avoir contract\u00e9 une assurance individuelle contre les accidents pour les personnes pratiquant le saut en tandem qui couvre les frais de gu\u00e9rison jusqu&rsquo;\u00e0 6.000 Euros. Dans le cas de Skydive Empuriabrava, ce montant est port\u00e9 \u00e0 15.000 euros.<\/strong><\/li>\n<\/ul>\n\n\n\n<h2 class=\"wp-block-heading\">LE JOUR DU SAUT<\/h2>\n\n\n\n<p>Le jour m\u00eame, avant de partir de chez vous, il est conseill\u00e9 de nous appeler pour vous assurez que les conditions climatiques soient bonnes. Nous ouvrons \u00e0 9h00 et notre num\u00e9ro de tel est le&nbsp;<strong>(+34) 972 45 07 49<\/strong><strong>&nbsp;ou (+<\/strong><strong>34) 621 20 48 04<\/strong><strong>.<\/strong><\/p>\n\n\n\n<p><strong>Il est \u00e0 noter que l&rsquo;activit\u00e9 se d\u00e9roule \u00e0 l&rsquo;ext\u00e9rieur et que les conditions m\u00e9t\u00e9orologiques peuvent changer et il se peut qu&rsquo;une fois sur place, l&rsquo;activit\u00e9 ne puisse pas \u00eatre r\u00e9alis\u00e9e.<\/strong><\/p>\n\n\n\n<p><strong>L&rsquo;exp\u00e9rience compl\u00e8te (dans des conditions normales) durera jusqu&rsquo;\u00e0 3 heures et demie.&nbsp;Il est possible qu&rsquo;en raison des conditions m\u00e9t\u00e9orologiques ou de raisons techniques, il y ait des retards.<\/strong><\/p>\n\n\n\n<h3 class=\"wp-block-heading\">Heure d&rsquo;arriv\u00e9e<\/h3>\n\n\n\n<p>Les week-ends toute l&rsquo;ann\u00e9e : l&rsquo;heure d&rsquo;arriv\u00e9e doit \u00eatre 30 minutes avant l&rsquo;heure de r\u00e9servation.<\/p>\n\n\n\n<p>Du lundi au vendredi (mai, juin, juillet, ao\u00fbt, septembre) : il est n\u00e9cessaire d&rsquo;arriver 30 minutes avant l&rsquo;heure de r\u00e9servation.<\/p>\n\n\n\n<p>Du lundi au vendredi (octobre, novembre, d\u00e9cembre, janvier, f\u00e9vrier, mars et avril), l&rsquo;heure r\u00e9serv\u00e9e est l&rsquo;heure d&rsquo;arriv\u00e9e \u00e0 la r\u00e9ception<\/p>\n\n\n\n<h2 class=\"wp-block-heading\">POUR LES R\u00c9SERVATION DE GROUPES POR SAUTER EN TANDEM<\/h2>\n\n\n\n<p>Si plusieurs tandems sont r\u00e9serv\u00e9s \u00e0 un seul nom, ils seront regroup\u00e9s dans les avions selon notre activit\u00e9 et notre organisation interne. Nous vous assurons uniquement que chaque personne du groupe sera accompagn\u00e9e d\u2019au moins une autre personne de son m\u00eame groupe.<\/p>\n\n\n\n<h2 class=\"wp-block-heading\">CONDITION DE REMBOURSEMENTET, DE REPROGRAMMACTION DE DES R\u00c9SERVATIONS ET&nbsp;POLITIQUE DE PAIEMENT SUR COMPTE<\/h2>\n\n\n\n<h4 class=\"wp-block-heading\">L\u2019acompte est remboursable ou la r\u00e9servation est reprogrammable uniquement dans les cas suivants::<\/h4>\n\n\n\n<ul class=\"wp-block-list\">\n<li>Si la r\u00e9servation est annul\u00e9e\/reprogramm\u00e9 dans un d\u00e9lai de temps qui permet des changements.\n<ul class=\"wp-block-list\">\n<li>D\u00e9lais minimums:\n<ul class=\"wp-block-list\">\n<li>De 1 \u00e0 5 personnes: 1 semaine avant la date r\u00e9serv\u00e9e.<\/li>\n\n\n\n<li>6 personnes ou plus: 2 semaines avant la date r\u00e9serv\u00e9e.<\/li>\n<\/ul>\n<\/li>\n<\/ul>\n<\/li>\n\n\n\n<li>Dans le cas o\u00f9 l\u2019activit\u00e9 ne peut se r\u00e9aliser \u00e0 cause des mauvaises conditions climatiques. (En cas de mauvaises conditions meteorologiques ou pour une raison technique, skydive empuriabrava ala possibilite d&rsquo;annuler ou de retarder l&rsquo;activite sans preavis)<\/li>\n<\/ul>\n\n\n\n<p>Dans tous les autres cas, aucun changement de dates ne sera admis et l\u2019acompte ne sera pas rembours\u00e9.<\/p>\n\n\n\n<p>La caution sera \u00e9galement perdue si vous arrivez apr\u00e8s l&rsquo;heure pr\u00e9vue.<\/p>\n\n\n\n<p>Si le saut a d\u00e9j\u00e0 \u00e9t\u00e9 pay\u00e9 \u00e0 travers un bon cadeau, la caution n\u2019est pas n\u00e9cessaire, mais les m\u00eames conditions de r\u00e9servation sont appliqu\u00e9es: le bon cadeau perdra une valeur de 50 euros du total pay\u00e9 et se d\u00e9sactivera dans le cas o\u00f9 la r\u00e9servation sera annul\u00e9e en dehors des d\u00e9lais indiqu\u00e9s ci-dessus. Pour refaire une r\u00e9servation vous devrez \u00e0 nouveau r\u00e9gler les 50\u20ac perdus.<\/p>\n\n\n\n<p>TOUS LES PAIEMENTS DE COMPTE EFFECTU\u00c9S DANS L&rsquo;INTERFACE DE R\u00c9SERVATION EXPIRENT 1 AN APR\u00c8S AVOIR EFFECTU\u00c9 LE PAIEMENT ET ILS NE PEUVENT PAS \u00caTRE UTILIS\u00c9S OU REMBOURS\u00c9S.<\/p>\n\n\n\n<p>TRAITEMENT DES REMBOURSEMENTS ET DES R\u00c9CLAMATIONS<\/p>\n\n\n\n<p>Les remboursements pour les paiements effectu\u00e9s avec des cartes de cr\u00e9dit ou de d\u00e9bit qui ne n\u00e9cessitent pas de virement bancaire seront trait\u00e9s dans les 15 jours suivant la demande.<\/p>\n\n\n\n<p>Les remboursements pour les paiements n\u00e9cessitant un virement bancaire seront trait\u00e9s dans les 45 jours suivant la demande.<\/p>\n\n\n\n<p>En cas de r\u00e9clamation de remboursement ou de date d&rsquo;expiration d&rsquo;un acompte ou d&rsquo;un bon, la r\u00e9clamation sera r\u00e9solue dans les 30 jours suivant la demande.<\/p>\n\n\n\n<h2 class=\"wp-block-heading\">CHANGEMENTS DE PRIX<\/h2>\n\n\n\n<p>En cas de changement de prix, il s&rsquo;appliquera \u00e0 l&rsquo;un des sc\u00e9narios suivants:<\/p>\n\n\n\n<ul class=\"wp-block-list\">\n<li>Si le prix total de l&rsquo;activit\u00e9 avait d\u00e9j\u00e0 \u00e9t\u00e9 pay\u00e9 (moins d&rsquo;un an auparavant), il ne sera pas demand\u00e9 de payer la diff\u00e9rence.&nbsp;TOUS LES PAIEMENTS DE COMPTE EFFECTU\u00c9S DANS L&rsquo;INTERFACE DE R\u00c9SERVATION EXPIRENT 1 AN APR\u00c8S AVOIR EFFECTU\u00c9 LE PAIEMENT ET ILS NE PEUVENT PAS \u00caTRE UTILIS\u00c9S OU REMBOURS\u00c9S.&nbsp;Dans le cas des ch\u00e8ques cadeaux, ils ont leurs conditions sp\u00e9cifiques.<\/li>\n\n\n\n<li>Si seulement un acompte a \u00e9t\u00e9 pay\u00e9 auparavant, le prix en vigueur (au moment du paiement du reste du montant) s&rsquo;applique.<\/li>\n<\/ul>\n","protected":false},"excerpt":{"rendered":"<p>Les\u00a0ch\u00e8ques cadeaux pour les sauts en tandem ou Virtual Reality Experienceexpirent 1 an apr\u00e8s leur achat\u00a0et, une fois expir\u00e9s, ils ne peuvent plus \u00eatre utilis\u00e9s. Les&nbsp;ch\u00e8ques-cadeaux Wind Tunnelexpirent 6 mois apr\u00e8s leur achat&nbsp;et, une fois expir\u00e9s, ils ne peuvent plus \u00eatre utilis\u00e9s. Tous les ch\u00e8ques-cadeaux seront remboursables jusqu&rsquo;\u00e0 6 mois apr\u00e8s l&rsquo;achat. ENVOI OU RETRAIT [&hellip;]<\/p>\n","protected":false},"author":1,"featured_media":0,"parent":0,"menu_order":0,"comment_status":"closed","ping_status":"closed","template":"","meta":{"site-sidebar-layout":"default","site-content-layout":"","ast-site-content-layout":"default","site-content-style":"default","site-sidebar-style":"default","ast-global-header-display":"","ast-banner-title-visibility":"","ast-main-header-display":"","ast-hfb-above-header-display":"","ast-hfb-below-header-display":"","ast-hfb-mobile-header-display":"","site-post-title":"disabled","ast-breadcrumbs-content":"","ast-featured-img":"","footer-sml-layout":"","ast-disable-related-posts":"","theme-transparent-header-meta":"","adv-header-id-meta":"","stick-header-meta":"","header-above-stick-meta":"","header-main-stick-meta":"","header-below-stick-meta":"","astra-migrate-meta-layouts":"set","ast-page-background-enabled":"default","ast-page-background-meta":{"desktop":{"background-color":"","background-image":"","background-repeat":"repeat","background-position":"center center","background-size":"auto","background-attachment":"scroll","background-type":"","background-media":"","overlay-type":"","overlay-color":"","overlay-opacity":"","overlay-gradient":""},"tablet":{"background-color":"","background-image":"","background-repeat":"repeat","background-position":"center center","background-size":"auto","background-attachment":"scroll","background-type":"","background-media":"","overlay-type":"","overlay-color":"","overlay-opacity":"","overlay-gradient":""},"mobile":{"background-color":"","background-image":"","background-repeat":"repeat","background-position":"center center","background-size":"auto","background-attachment":"scroll","background-type":"","background-media":"","overlay-type":"","overlay-color":"","overlay-opacity":"","overlay-gradient":""}},"ast-content-background-meta":{"desktop":{"background-color":"var(--ast-global-color-5)","background-image":"","background-repeat":"repeat","background-position":"center center","background-size":"auto","background-attachment":"scroll","background-type":"","background-media":"","overlay-type":"","overlay-color":"","overlay-opacity":"","overlay-gradient":""},"tablet":{"background-color":"var(--ast-global-color-5)","background-image":"","background-repeat":"repeat","background-position":"center center","background-size":"auto","background-attachment":"scroll","background-type":"","background-media":"","overlay-type":"","overlay-color":"","overlay-opacity":"","overlay-gradient":""},"mobile":{"background-color":"var(--ast-global-color-5)","background-image":"","background-repeat":"repeat","background-position":"center center","background-size":"auto","background-attachment":"scroll","background-type":"","background-media":"","overlay-type":"","overlay-color":"","overlay-opacity":"","overlay-gradient":""}},"footnotes":""},"folder":[216],"class_list":["post-13629","page","type-page","status-publish","hentry"],"_links":{"self":[{"href":"https:\/\/skydiveempuriabrava.com\/fr\/wp-json\/wp\/v2\/pages\/13629","targetHints":{"allow":["GET"]}}],"collection":[{"href":"https:\/\/skydiveempuriabrava.com\/fr\/wp-json\/wp\/v2\/pages"}],"about":[{"href":"https:\/\/skydiveempuriabrava.com\/fr\/wp-json\/wp\/v2\/types\/page"}],"author":[{"embeddable":true,"href":"https:\/\/skydiveempuriabrava.com\/fr\/wp-json\/wp\/v2\/users\/1"}],"replies":[{"embeddable":true,"href":"https:\/\/skydiveempuriabrava.com\/fr\/wp-json\/wp\/v2\/comments?post=13629"}],"version-history":[{"count":3,"href":"https:\/\/skydiveempuriabrava.com\/fr\/wp-json\/wp\/v2\/pages\/13629\/revisions"}],"predecessor-version":[{"id":13921,"href":"https:\/\/skydiveempuriabrava.com\/fr\/wp-json\/wp\/v2\/pages\/13629\/revisions\/13921"}],"wp:attachment":[{"href":"https:\/\/skydiveempuriabrava.com\/fr\/wp-json\/wp\/v2\/media?parent=13629"}],"wp:term":[{"taxonomy":"folder","embeddable":true,"href":"https:\/\/skydiveempuriabrava.com\/fr\/wp-json\/wp\/v2\/folder?post=13629"}],"curies":[{"name":"wp","href":"https:\/\/api.w.org\/{rel}","templated":true}]}}