{"id":13637,"date":"2026-04-20T16:11:43","date_gmt":"2026-04-20T14:11:43","guid":{"rendered":"https:\/\/skydiveempuriabrava.com\/?page_id=13637"},"modified":"2026-04-21T12:56:37","modified_gmt":"2026-04-21T10:56:37","slug":"conditions-de-vente-de-bons-cadeaux-pour-le-wind-tunnel","status":"publish","type":"page","link":"https:\/\/skydiveempuriabrava.com\/fr\/conditions-de-vente-de-bons-cadeaux-pour-le-wind-tunnel\/","title":{"rendered":"CONDITIONS DE VENTE DE BONS CADEAUX POUR LE WIND TUNNEL"},"content":{"rendered":"<nav style=\"background-color: #00a3e0; font-size:18px;font-style:normal;font-weight:600;line-height:1.5;text-transform:uppercase;letter-spacing:0px;\" class=\"has-text-color has-ast-global-color-5-color has-background is-responsive items-justified-center menu-pagines-legals wp-block-navigation is-horizontal is-content-justification-center is-layout-flex wp-container-core-navigation-is-layout-b187110c wp-block-navigation-is-layout-flex\" aria-label=\"Pages juridiques\" \n\t\t data-wp-interactive=\"core\/navigation\" data-wp-context='{\"overlayOpenedBy\":{\"click\":false,\"hover\":false,\"focus\":false},\"type\":\"overlay\",\"roleAttribute\":\"\",\"ariaLabel\":\"Menu\"}'><button aria-haspopup=\"dialog\" aria-label=\"Ouvrir le menu\" class=\"wp-block-navigation__responsive-container-open\" \n\t\t\t\tdata-wp-on--click=\"actions.openMenuOnClick\"\n\t\t\t\tdata-wp-on--keydown=\"actions.handleMenuKeydown\"\n\t\t\t><svg width=\"24\" height=\"24\" xmlns=\"http:\/\/www.w3.org\/2000\/svg\" viewBox=\"0 0 24 24\"><path d=\"M5 5v1.5h14V5H5z\"><\/path><path d=\"M5 12.8h14v-1.5H5v1.5z\"><\/path><path d=\"M5 19h14v-1.5H5V19z\"><\/path><\/svg><\/button>\n\t\t\t\t<div class=\"wp-block-navigation__responsive-container\"  id=\"modal-1\" \n\t\t\t\tdata-wp-class--has-modal-open=\"state.isMenuOpen\"\n\t\t\t\tdata-wp-class--is-menu-open=\"state.isMenuOpen\"\n\t\t\t\tdata-wp-watch=\"callbacks.initMenu\"\n\t\t\t\tdata-wp-on--keydown=\"actions.handleMenuKeydown\"\n\t\t\t\tdata-wp-on--focusout=\"actions.handleMenuFocusout\"\n\t\t\t\ttabindex=\"-1\"\n\t\t\t>\n\t\t\t\t\t<div class=\"wp-block-navigation__responsive-close\" tabindex=\"-1\">\n\t\t\t\t\t\t<div class=\"wp-block-navigation__responsive-dialog\" \n\t\t\t\tdata-wp-bind--aria-modal=\"state.ariaModal\"\n\t\t\t\tdata-wp-bind--aria-label=\"state.ariaLabel\"\n\t\t\t\tdata-wp-bind--role=\"state.roleAttribute\"\n\t\t\t>\n\t\t\t\t\t\t\t<button aria-label=\"Fermer le menu\" class=\"wp-block-navigation__responsive-container-close\" \n\t\t\t\tdata-wp-on--click=\"actions.closeMenuOnClick\"\n\t\t\t><svg xmlns=\"http:\/\/www.w3.org\/2000\/svg\" viewBox=\"0 0 24 24\" width=\"24\" height=\"24\" aria-hidden=\"true\" focusable=\"false\"><path d=\"m13.06 12 6.47-6.47-1.06-1.06L12 10.94 5.53 4.47 4.47 5.53 10.94 12l-6.47 6.47 1.06 1.06L12 13.06l6.47 6.47 1.06-1.06L13.06 12Z\"><\/path><\/svg><\/button>\n\t\t\t\t\t\t\t<div class=\"wp-block-navigation__responsive-container-content\" \n\t\t\t\tdata-wp-watch=\"callbacks.focusFirstElement\"\n\t\t\t id=\"modal-1-content\">\n\t\t\t\t\t\t\t\t<ul style=\"background-color: #00a3e0; font-size:18px;font-style:normal;font-weight:600;line-height:1.5;text-transform:uppercase;letter-spacing:0px;\" class=\"wp-block-navigation__container has-text-color has-ast-global-color-5-color has-background is-responsive items-justified-center menu-pagines-legals wp-block-navigation\"><li style=\"font-size: 18px;\" class=\" wp-block-navigation-item wp-block-navigation-link\"><a class=\"wp-block-navigation-item__content\"  href=\"https:\/\/skydiveempuriabrava.com\/fr\/mentions-legales\/\"><span class=\"wp-block-navigation-item__label\">MENTIONS L\u00c9GALES<\/span><\/a><\/li><li style=\"font-size: 18px;\" class=\" wp-block-navigation-item wp-block-navigation-link\"><a class=\"wp-block-navigation-item__content\"  href=\"https:\/\/skydiveempuriabrava.com\/fr\/politique-de-confidentialite-et-de-cookies\/\"><span class=\"wp-block-navigation-item__label\">POLITIQUE DE CONFIDENTIALIT\u00c9 ET DE COOKIES<\/span><\/a><\/li><li style=\"font-size: 18px;\" class=\" wp-block-navigation-item wp-block-navigation-link\"><a class=\"wp-block-navigation-item__content\"  href=\"https:\/\/skydiveempuriabrava.com\/fr\/conditions-de-vente-de-produits-services-pour-les-non-parachutistes\/\"><span class=\"wp-block-navigation-item__label\">CONDITIONS DE VENTE DE SERVICES POUR LES NON PARACHUTISTES<\/span><\/a><\/li><li style=\"font-size: 18px;\" class=\" wp-block-navigation-item wp-block-navigation-link\"><a class=\"wp-block-navigation-item__content\"  href=\"https:\/\/skydiveempuriabrava.com\/fr\/conditions-de-vente-de-bons-cadeaux-pour-le-wind-tunnel\/\"><span class=\"wp-block-navigation-item__label\">CONDITIONS DE VENTE DE BONS CADEAUX POUR LE WIND TUNNEL<\/span><\/a><\/li><li style=\"font-size: 18px;\" class=\" wp-block-navigation-item wp-block-navigation-link\"><a class=\"wp-block-navigation-item__content\"  href=\"https:\/\/skydiveempuriabrava.com\/fr\/selling-conditions-of-products-services-for-skydivers\/\"><span class=\"wp-block-navigation-item__label\">SELLING CONDITIONS OF SERVICES FOR SKYDIVERS<\/span><\/a><\/li><li style=\"font-size: 18px;\" class=\" wp-block-navigation-item wp-block-navigation-link\"><a class=\"wp-block-navigation-item__content\"  href=\"https:\/\/skydiveempuriabrava.com\/fr\/conditions-de-vente-de-experience-trips-from-barcelona\/\"><span class=\"wp-block-navigation-item__label\">CONDITIONS DE VENTE DE EXPERIENCE TRIPS FROM BARCELONA<\/span><\/a><\/li><\/ul>\n\t\t\t\t\t\t\t<\/div>\n\t\t\t\t\t\t<\/div>\n\t\t\t\t\t<\/div>\n\t\t\t\t<\/div><\/nav>\n\n\n<div style=\"height:100px\" aria-hidden=\"true\" class=\"wp-block-spacer\"><\/div>\n\n\n<h2 class=\"wp-block-post-title\">CONDITIONS DE VENTE DE BONS CADEAUX POUR LE WIND TUNNEL<\/h2>\n\n\n<p>Les&nbsp;<strong>ch\u00e8ques cadeaux pour les sauts en tandem, vols en avion l\u00e9ger ou Virtual Reality Experience<\/strong><strong>expirent 1 an apr\u00e8s leur achat<\/strong>&nbsp;et, une fois expir\u00e9s, ils ne peuvent plus \u00eatre utilis\u00e9s.<\/p>\n\n\n\n<p>Les&nbsp;<strong>ch\u00e8ques-cadeaux Wind Tunnel<\/strong><strong>expirent 6 mois apr\u00e8s leur achat<\/strong>&nbsp;et, une fois expir\u00e9s, ils ne peuvent plus \u00eatre utilis\u00e9s.<\/p>\n\n\n\n<p><strong>Tous les ch\u00e8ques-cadeaux seront remboursables jusqu&rsquo;\u00e0 6 mois apr\u00e8s l&rsquo;achat.<\/strong><\/p>\n\n\n\n<h2 class=\"wp-block-heading\">ENVOI OU RETRAIT EN POINT DE VENTE<\/h2>\n\n\n\n<p>1- Par d\u00e9faut, le bon cadeau sera envoy\u00e9 gratuitement \u00e0 l&rsquo;adresse d&#8217;email indiqu\u00e9e.&nbsp;<strong>(gratuit)<\/strong><\/p>\n\n\n\n<p>2- Retrait en point de vente.&nbsp;<strong>(gratuit)<\/strong>&nbsp;:<\/p>\n\n\n\n<p>-&nbsp;<strong>Empuriabrava (Girona), Spain<\/strong><\/p>\n\n\n\n<div style=\"position:relative;padding-bottom:56.25%;height:0;overflow:hidden;\">\n  <iframe \n    src=\"https:\/\/www.google.com\/maps\/embed?pb=!1m18!1m12!1m3!1d2952.934561698597!2d3.106745715453061!3d42.25856997919383!2m3!1f0!2f0!3f0!3m2!1i1024!2i768!4f15!3m3!1m2!1s0x12ba61ef3690a949%3A0x6580d5bdbc9bfae2!2sSkydive%20Empuriabrava%20-%20La%20Tierra%20del%20Cielo!5e0!3m2!1ses!2ses!4v1659951907991!5m2!1ses!2ses\"\n    style=\"position:absolute;top:0;left:0;width:100%;height:100%;border:0;\"\n    loading=\"lazy\"\n    referrerpolicy=\"no-referrer-when-downgrade\"\n    allowfullscreen=\"\">\n  <\/iframe>\n<\/div>\n\n\n\n<p>-&nbsp;<strong>Barcelona City Centre, Spain<\/strong><\/p>\n\n\n\n<div style=\"position:relative;padding-bottom:56.25%;height:0;overflow:hidden;\">\n  <iframe \n    src=\"https:\/\/www.google.com\/maps\/embed?pb=!1m18!1m12!1m3!1d2992.9611113914766!2d2.1623406348876952!3d41.39665089999998!2m3!1f0!2f0!3f0!3m2!1i1024!2i768!4f15!3m3!1m2!1s0x12a4a312ac3e918b%3A0x1f7c83f970873cdb!2sTandem%20Skydive%20Barcelona%20City%20(CO2%20Neutral)%20Selling%20Point!5e0!3m2!1ses!2ses!4v1659953337647!5m2!1ses!2ses\"\n    style=\"position:absolute;top:0;left:0;width:100%;height:100%;border:0;\"\n    loading=\"lazy\"\n    referrerpolicy=\"no-referrer-when-downgrade\"\n    allowfullscreen=\"\">\n  <\/iframe>\n<\/div>\n\n\n\n<h2 class=\"wp-block-heading\"><br>REQUIREMENTS AND CONDITIONS FOR THE WIND TUNNEL<\/h2>\n\n\n\n<p>Be older than 4 years.<br>Do not exceed 120 kg of body weight.<br>Not being pregnant.<br>Not suffer from heart disease, epilepsy or severe back injury.<br>Not suffer pain or shoulder dislocation.<br>Not be under the influence of alcohol or drugs.<\/p>\n\n\n\n<p>To change a booking that has already been made, it must be communicated at least 72 hours in advance, otherwise it will cost 9 Euros per pax.<\/p>\n","protected":false},"excerpt":{"rendered":"<p>Les&nbsp;ch\u00e8ques cadeaux pour les sauts en tandem, vols en avion l\u00e9ger ou Virtual Reality Experienceexpirent 1 an apr\u00e8s leur achat&nbsp;et, une fois expir\u00e9s, ils ne peuvent plus \u00eatre utilis\u00e9s. Les&nbsp;ch\u00e8ques-cadeaux Wind Tunnelexpirent 6 mois apr\u00e8s leur achat&nbsp;et, une fois expir\u00e9s, ils ne peuvent plus \u00eatre utilis\u00e9s. Tous les ch\u00e8ques-cadeaux seront remboursables jusqu&rsquo;\u00e0 6 mois apr\u00e8s [&hellip;]<\/p>\n","protected":false},"author":1,"featured_media":0,"parent":0,"menu_order":0,"comment_status":"closed","ping_status":"closed","template":"","meta":{"site-sidebar-layout":"default","site-content-layout":"","ast-site-content-layout":"default","site-content-style":"default","site-sidebar-style":"default","ast-global-header-display":"","ast-banner-title-visibility":"","ast-main-header-display":"","ast-hfb-above-header-display":"","ast-hfb-below-header-display":"","ast-hfb-mobile-header-display":"","site-post-title":"disabled","ast-breadcrumbs-content":"","ast-featured-img":"","footer-sml-layout":"","ast-disable-related-posts":"","theme-transparent-header-meta":"","adv-header-id-meta":"","stick-header-meta":"","header-above-stick-meta":"","header-main-stick-meta":"","header-below-stick-meta":"","astra-migrate-meta-layouts":"set","ast-page-background-enabled":"default","ast-page-background-meta":{"desktop":{"background-color":"","background-image":"","background-repeat":"repeat","background-position":"center center","background-size":"auto","background-attachment":"scroll","background-type":"","background-media":"","overlay-type":"","overlay-color":"","overlay-opacity":"","overlay-gradient":""},"tablet":{"background-color":"","background-image":"","background-repeat":"repeat","background-position":"center center","background-size":"auto","background-attachment":"scroll","background-type":"","background-media":"","overlay-type":"","overlay-color":"","overlay-opacity":"","overlay-gradient":""},"mobile":{"background-color":"","background-image":"","background-repeat":"repeat","background-position":"center center","background-size":"auto","background-attachment":"scroll","background-type":"","background-media":"","overlay-type":"","overlay-color":"","overlay-opacity":"","overlay-gradient":""}},"ast-content-background-meta":{"desktop":{"background-color":"var(--ast-global-color-5)","background-image":"","background-repeat":"repeat","background-position":"center center","background-size":"auto","background-attachment":"scroll","background-type":"","background-media":"","overlay-type":"","overlay-color":"","overlay-opacity":"","overlay-gradient":""},"tablet":{"background-color":"var(--ast-global-color-5)","background-image":"","background-repeat":"repeat","background-position":"center center","background-size":"auto","background-attachment":"scroll","background-type":"","background-media":"","overlay-type":"","overlay-color":"","overlay-opacity":"","overlay-gradient":""},"mobile":{"background-color":"var(--ast-global-color-5)","background-image":"","background-repeat":"repeat","background-position":"center center","background-size":"auto","background-attachment":"scroll","background-type":"","background-media":"","overlay-type":"","overlay-color":"","overlay-opacity":"","overlay-gradient":""}},"footnotes":""},"folder":[216],"class_list":["post-13637","page","type-page","status-publish","hentry"],"_links":{"self":[{"href":"https:\/\/skydiveempuriabrava.com\/fr\/wp-json\/wp\/v2\/pages\/13637","targetHints":{"allow":["GET"]}}],"collection":[{"href":"https:\/\/skydiveempuriabrava.com\/fr\/wp-json\/wp\/v2\/pages"}],"about":[{"href":"https:\/\/skydiveempuriabrava.com\/fr\/wp-json\/wp\/v2\/types\/page"}],"author":[{"embeddable":true,"href":"https:\/\/skydiveempuriabrava.com\/fr\/wp-json\/wp\/v2\/users\/1"}],"replies":[{"embeddable":true,"href":"https:\/\/skydiveempuriabrava.com\/fr\/wp-json\/wp\/v2\/comments?post=13637"}],"version-history":[{"count":3,"href":"https:\/\/skydiveempuriabrava.com\/fr\/wp-json\/wp\/v2\/pages\/13637\/revisions"}],"predecessor-version":[{"id":13858,"href":"https:\/\/skydiveempuriabrava.com\/fr\/wp-json\/wp\/v2\/pages\/13637\/revisions\/13858"}],"wp:attachment":[{"href":"https:\/\/skydiveempuriabrava.com\/fr\/wp-json\/wp\/v2\/media?parent=13637"}],"wp:term":[{"taxonomy":"folder","embeddable":true,"href":"https:\/\/skydiveempuriabrava.com\/fr\/wp-json\/wp\/v2\/folder?post=13637"}],"curies":[{"name":"wp","href":"https:\/\/api.w.org\/{rel}","templated":true}]}}