{"id":8307,"date":"2024-09-29T17:58:46","date_gmt":"2024-09-29T17:58:46","guid":{"rendered":"https:\/\/skydiveempuriabrava.com\/politique-de-confidentialite\/"},"modified":"2025-03-24T09:26:40","modified_gmt":"2025-03-24T09:26:40","slug":"politique-de-confidentialite","status":"publish","type":"page","link":"https:\/\/skydiveempuriabrava.com\/fr\/politique-de-confidentialite\/","title":{"rendered":"Politique de confidentialit\u00e9"},"content":{"rendered":"\n<p><\/p>\n\n<p>Mise \u00e0 jour\u00a0: 24\u00a0septembre<\/p>\n\n<figure class=\"wp-block-table\"><table class=\"has-fixed-layout\"><tbody><tr><td><br\/><br\/><\/td><td><br\/>Informations de base sur la protection des donn\u00e9es<br\/><\/td><\/tr><tr><td><br\/>Responsable<br\/><\/td><td><br\/>JIP AVIATION, SLU (ci-apr\u00e8s SKYDIVE EMPURIABRAVA)<\/td><\/tr><tr><td><br\/><br\/>But<\/td><td><br\/>Fourniture de services en ligne Gestion des utilisateurs du site Web Communications commerciales li\u00e9es \u00e0 nos services. G\u00e9rer les donn\u00e9es fournies par les candidats dans le cadre du processus de s\u00e9lection du personnel. <br\/><\/td><\/tr><tr><td><br\/>L\u00e9gitimation<br\/><\/td><td><br\/>Consentement expr\u00e8s, ex\u00e9cution du contrat et int\u00e9r\u00eat l\u00e9gitime<\/td><\/tr><tr><td><br\/><br\/><br\/>Destinataires<br\/><\/td><td><br\/>Aucune donn\u00e9e n&rsquo;est c\u00e9d\u00e9e \u00e0 des tiers, sauf :<br\/> aux entreprises du m\u00eame groupe d\u2019activit\u00e9s. aux entreprises sp\u00e9cialis\u00e9es dans la s\u00e9lection de personnel et l&rsquo;analyse de profils de candidats \u00e0 un emploi. par obligation l\u00e9gale.  <br\/><br\/><\/td><\/tr><tr><td><br\/><br\/>Droits<br\/><\/td><td><br\/>Acc\u00e9der, rectifier et supprimer les donn\u00e9es, ainsi que d&rsquo;autres droits, comme expliqu\u00e9 dans les informations compl\u00e9mentaires.<br\/><\/td><\/tr><tr><td><br\/><br\/>Informations Compl\u00e9mentaires<\/td><td><br\/>Vous pouvez consulter des informations suppl\u00e9mentaires et d\u00e9taill\u00e9es sur la protection des donn\u00e9es dans les clauses ci-jointes disponibles sur <a href=\"https:\/\/www.skydiveempuriabrava.com\/politica-de-privacitat\/\">https:\/\/www.skydiveempuriabrava.com\/politica-de-privacitat\/<\/a><br\/><\/td><\/tr><\/tbody><\/table><\/figure>\n\n<p>JIP AVIACI\u00d3, SLU (ci-apr\u00e8s SKYDIVE EMPURIABRAVA) nous travaillons pour vous offrir la meilleure exp\u00e9rience possible gr\u00e2ce \u00e0 nos produits et services. Dans certains cas, il est n\u00e9cessaire de collecter des informations pour y parvenir. Nous nous soucions de votre vie priv\u00e9e et pensons que nous devons \u00eatre transparents \u00e0 ce sujet.  <\/p>\n\n<p>Par cons\u00e9quent, et aux fins du R\u00e8glement (UE) 2016\/679 du Parlement europ\u00e9en et du Conseil du 27 avril 2016 (ci-apr\u00e8s, \u00ab RGPD \u00bb) relatif \u00e0 la protection des personnes physiques \u00e0 l&rsquo;\u00e9gard du traitement des donn\u00e9es \u00e0 caract\u00e8re personnel et \u00e0 la libre circulation de ces donn\u00e9es, et de la LOI 34\/2002, du 11 juillet, relative aux services de la soci\u00e9t\u00e9 de l&rsquo;information et au commerce \u00e9lectronique (ci-apr\u00e8s, \u00ab LSSI \u00bb), SKYDIVE EMPURIABRAVA informe l&rsquo;utilisateur qu&rsquo;en tant que responsable du traitement des donn\u00e9es, il incorporera les donn\u00e9es personnelles fournies par les utilisateurs dans un fichier automatis\u00e9.<\/p>\n\n<p>Notre engagement commence par expliquer ce qui suit :<\/p>\n\n<ul class=\"wp-block-list\">\n<li>Vos donn\u00e9es sont collect\u00e9es pour am\u00e9liorer l&rsquo;exp\u00e9rience utilisateur, en r\u00e9pondant \u00e0 vos int\u00e9r\u00eats et besoins.<\/li>\n<\/ul>\n\n<ul class=\"wp-block-list\">\n<li>Nous sommes transparents sur les donn\u00e9es que nous obtenons \u00e0 votre sujet et sur la raison pour laquelle nous le faisons.<\/li>\n<\/ul>\n\n<ul class=\"wp-block-list\">\n<li>Notre intention est de vous offrir la meilleure exp\u00e9rience possible. Par cons\u00e9quent, lorsque nous utiliserons vos informations personnelles, nous le ferons toujours dans le respect de la r\u00e9glementation et, si n\u00e9cessaire, nous demanderons votre consentement. <\/li>\n<\/ul>\n\n<ul class=\"wp-block-list\">\n<li>Nous comprenons que vos donn\u00e9es vous appartiennent. Par cons\u00e9quent, si vous d\u00e9cidez de ne pas nous autoriser \u00e0 les traiter, vous pouvez demander que nous cessions de les traiter. <\/li>\n<\/ul>\n\n<ul class=\"wp-block-list\">\n<li>Notre priorit\u00e9 est de garantir votre s\u00e9curit\u00e9 et de traiter vos donn\u00e9es conform\u00e9ment \u00e0 la r\u00e9glementation europ\u00e9enne.<\/li>\n<\/ul>\n\n<p>Si vous souhaitez plus d&rsquo;informations sur le traitement de vos donn\u00e9es, veuillez consulter les diff\u00e9rentes sections de la politique de confidentialit\u00e9 ci-dessous :<\/p>\n\n<p><strong>Qui est responsable du traitement de vos donn\u00e9es personnelles ?<\/strong><\/p>\n\n<p>Nom de l&rsquo;entreprise : JIP AVIATION, SLU<\/p>\n\n<p>Nom commercial : SKYDIVE EMPURIABRAVA<\/p>\n\n<p>Si\u00e8ge social : Sector Aeroclub, s\/n - 17487 - Empuriabrava (G\u00e9rone)<\/p>\n\n<p>Num\u00e9ro d&rsquo;identification fiscale : B17449836<\/p>\n\n<p>Courriel : <a href=\"mailto:infoweb@skydiveempuriabrava.com\">infoweb@skydiveempuriabrava.com<\/a><\/p>\n\n<p>SKYDIVE EMPURIABRAVA a d\u00e9sign\u00e9 une personne de contact interne comme coordinatrice d&rsquo;adaptation au sein de son organisation. Si vous souhaitez poser une question concernant le traitement de vos donn\u00e9es personnelles, vous pouvez le contacter via l&#8217;email <a href=\"mailto:infoweb@skydiveempuriabrava.com\">infoweb@skydiveempuriabrava.com<\/a> <\/p>\n\n<p><strong>Quelles donn\u00e9es personnelles collectons-nous ?<\/strong><\/p>\n\n<p>Les donn\u00e9es personnelles que l&rsquo;utilisateur peut fournir :<\/p>\n\n<ul class=\"wp-block-list\">\n<li>Nom, adresse et date de naissance.<\/li>\n<\/ul>\n\n<ul class=\"wp-block-list\">\n<li>Num\u00e9ro de t\u00e9l\u00e9phone et adresse e-mail.<\/li>\n<\/ul>\n\n<ul class=\"wp-block-list\">\n<li>Emplacement.<\/li>\n<\/ul>\n\n<ul class=\"wp-block-list\">\n<li>Informations concernant les paiements et les retours.<\/li>\n<\/ul>\n\n<ul class=\"wp-block-list\">\n<li>Adresse IP, date et heure auxquelles vous avez acc\u00e9d\u00e9 \u00e0 nos services, navigateur Internet que vous utilisez et donn\u00e9es sur le syst\u00e8me d&rsquo;exploitation de l&rsquo;appareil.<\/li>\n\n\n\n<li>Les donn\u00e9es du Curriculum Vitae (CV) des candidats \u00e0 un emploi.<\/li>\n<\/ul>\n\n<ul class=\"wp-block-list\">\n<li>Toute autre information ou donn\u00e9e que vous d\u00e9cidez de partager avec nous.<\/li>\n<\/ul>\n\n<p>Dans certains cas, remplir le formulaire d\u2019inscription est obligatoire pour acc\u00e9der et b\u00e9n\u00e9ficier de certains services propos\u00e9s sur le site ; De m\u00eame, le fait de ne pas fournir les donn\u00e9es personnelles demand\u00e9es ou de ne pas accepter cette politique de protection des donn\u00e9es implique l&rsquo;impossibilit\u00e9 de souscrire, de s&rsquo;inscrire ou de participer \u00e0 l&rsquo;une des promotions dans lesquelles des donn\u00e9es personnelles sont demand\u00e9es.<\/p>\n\n<p><strong>Pourquoi et dans quel but traitons-nous vos donn\u00e9es ?<\/strong><\/p>\n\n<p>Chez SKYDIVE EMPURIABRAVA, nous traitons les informations qui nous sont fournies par les parties int\u00e9ress\u00e9es aux fins suivantes :<\/p>\n\n<ul class=\"wp-block-list\">\n<li>G\u00e9rez la location de l&rsquo;un de nos services, en ligne ou dans nos bureaux physiques.<\/li>\n<\/ul>\n\n<ul class=\"wp-block-list\">\n<li>G\u00e9rer l&rsquo;envoi des informations qui nous sont demand\u00e9es.<\/li>\n<\/ul>\n\n<ul class=\"wp-block-list\">\n<li>G\u00e9rer les donn\u00e9es fournies par les candidats \u00e0 un emploi \u00e0 travers leur Curriculum Vitae (CV) dans le seul but de r\u00e9aliser le processus de s\u00e9lection du personnel.<\/li>\n<\/ul>\n\n<ul class=\"wp-block-list\">\n<li>D\u00e9velopper des actions commerciales et r\u00e9aliser la maintenance et la gestion de la relation avec l&rsquo;utilisateur, ainsi que la gestion des services offerts via le site Web et les t\u00e2ches d&rsquo;information, pouvant effectuer des \u00e9valuations automatiques, obtenir des profils et des t\u00e2ches de segmentation de la client\u00e8le dans le but de personnaliser le traitement en fonction de leurs caract\u00e9ristiques et besoins et d&rsquo;am\u00e9liorer l&rsquo;exp\u00e9rience en ligne du client.<\/li>\n<\/ul>\n\n<ul class=\"wp-block-list\">\n<li>D\u00e9velopper et g\u00e9rer des concours, des tombolas ou d\u2019autres activit\u00e9s promotionnelles qui pourraient \u00eatre organis\u00e9es.<\/li>\n<\/ul>\n\n<ul class=\"wp-block-list\">\n<li>Dans certains cas, il sera n\u00e9cessaire de fournir des informations aux autorit\u00e9s ou \u00e0 des soci\u00e9t\u00e9s tierces pour des raisons d&rsquo;audit, ainsi que de traiter des donn\u00e9es personnelles provenant de factures, de contrats et de documents pour r\u00e9pondre aux plaintes des clients ou des administrations publiques.<\/li>\n<\/ul>\n\n<p>Nous vous informons que les donn\u00e9es personnelles obtenues \u00e0 la suite de votre inscription en tant qu&rsquo;utilisateur feront partie du Registre des Activit\u00e9s et Op\u00e9rations de Traitement (RAT), qui sera mis \u00e0 jour p\u00e9riodiquement conform\u00e9ment aux dispositions du RGPD.<\/p>\n\n<p><strong>Quelle est la l\u00e9gitimit\u00e9 du traitement de vos donn\u00e9es ?<\/strong><\/p>\n\n<p>Le traitement de vos donn\u00e9es peut \u00eatre fond\u00e9 sur les bases l\u00e9gales suivantes :<\/p>\n\n<ul class=\"wp-block-list\">\n<li>Consentement de l&rsquo;int\u00e9ress\u00e9 pour les formulaires de contact, les demandes d&rsquo;informations ou l&rsquo;inscription aux newsletters.<\/li>\n\n\n\n<li>Ex\u00e9cution de contrats d&rsquo;acquisition de services et de produits ou de recrutement de personnel dans le domaine du travail.<\/li>\n<\/ul>\n\n<ul class=\"wp-block-list\">\n<li>Int\u00e9r\u00eat l\u00e9gitime dans le traitement des donn\u00e9es de nos clients dans le cadre d&rsquo;actions de marketing direct et consentement expr\u00e8s de l&rsquo;int\u00e9ress\u00e9 pour tout ce qui concerne les \u00e9valuations automatiques et le profilage.<\/li>\n<\/ul>\n\n<ul class=\"wp-block-list\">\n<li>Respect des obligations l\u00e9gales en mati\u00e8re de pr\u00e9vention de la fraude, de communication avec les autorit\u00e9s publiques et de r\u00e9clamations de tiers.<\/li>\n<\/ul>\n\n<p><strong>Combien de temps conservons-nous vos donn\u00e9es ?<\/strong><\/p>\n\n<p>Le traitement des donn\u00e9es aux fins d\u00e9crites sera conserv\u00e9 pendant le temps n\u00e9cessaire \u00e0 la r\u00e9alisation de la finalit\u00e9 de leur collecte (par exemple, pendant la dur\u00e9e de la relation commerciale), ainsi que pour le respect des obligations l\u00e9gales d\u00e9coulant du traitement des donn\u00e9es.<\/p>\n\n<p>La dur\u00e9e de conservation des CV des candidats au processus de s\u00e9lection du personnel, qui ne sont pas retenus, sera d&rsquo;un an \u00e0 compter de leur r\u00e9ception.<\/p>\n\n<p><strong>\u00c0 quels destinataires vos donn\u00e9es sont-elles communiqu\u00e9es ?<\/strong><\/p>\n\n<p>Dans certains cas, uniquement lorsque cela est n\u00e9cessaire, SKYDIVE EMPURIABRAVA fournira les donn\u00e9es des utilisateurs \u00e0 des tiers. Toutefois, les donn\u00e9es ne seront jamais vendues \u00e0 des tiers. Les prestataires de services externes (par exemple, les prestataires de paiement) avec lesquels SKYDIVE EMPURIABRAVA travaille peuvent utiliser les donn\u00e9es pour fournir les services correspondants, sans pr\u00e9judice de cela, ils n&rsquo;utiliseront pas les informations \u00e0 leurs propres fins ou pour les transf\u00e9rer \u00e0 des tiers.  <\/p>\n\n<p>SKYDIVE EMPURIABRAVA cherche \u00e0 garantir la s\u00e9curit\u00e9 des donn\u00e9es personnelles lorsqu&rsquo;elles sont envoy\u00e9es \u00e0 l&rsquo;ext\u00e9rieur de l&rsquo;entreprise et s&rsquo;assure que les prestataires de services tiers respectent la confidentialit\u00e9 et disposent de mesures ad\u00e9quates pour prot\u00e9ger les donn\u00e9es personnelles. Ces tiers sont tenus de garantir que les informations sont trait\u00e9es conform\u00e9ment \u00e0 la r\u00e9glementation sur la protection des donn\u00e9es. <\/p>\n\n<p>Dans certains cas, la loi peut exiger que des donn\u00e9es personnelles soient divulgu\u00e9es \u00e0 des organismes publics ou \u00e0 d\u2019autres parties, seules celles strictement n\u00e9cessaires \u00e0 l\u2019accomplissement de ces obligations l\u00e9gales seront divulgu\u00e9es.<\/p>\n\n<p>Les donn\u00e9es personnelles obtenues pourront \u00e9galement \u00eatre partag\u00e9es avec d\u2019autres soci\u00e9t\u00e9s du groupe.<\/p>\n\n<p>Les donn\u00e9es des curriculum vitae (CV) des candidats \u00e0 un emploi peuvent \u00eatre partag\u00e9es avec des entreprises sp\u00e9cialis\u00e9es dans les processus de s\u00e9lection du personnel et l&rsquo;analyse des profils.<\/p>\n\n<p><strong>O\u00f9 sont stock\u00e9es vos donn\u00e9es ?<\/strong><\/p>\n\n<p>En g\u00e9n\u00e9ral, les donn\u00e9es sont stock\u00e9es au sein de l\u2019UE. Nous veillerons \u00e0 ce que les donn\u00e9es envoy\u00e9es \u00e0 des tiers n&rsquo;appartenant pas \u00e0 l&rsquo;UE offrent un niveau de protection suffisant, soit parce qu&rsquo;ils disposent de r\u00e8gles d&rsquo;entreprise contraignantes (BCR), soit parce qu&rsquo;ils ont adh\u00e9r\u00e9 au \u00ab Privacy Shield \u00bb ou \u00e0 l&rsquo;accord en vigueur \u00e0 tout moment. <\/p>\n\n<p><strong>Quels sont vos droits et comment pouvez-vous les exercer ?<\/strong><\/p>\n\n<p>Vous pouvez orienter vos communications et exercer vos droits en envoyant une demande \u00e0 l&rsquo;adresse e-mail suivante : <a href=\"mailto:infoweb@skydiveempuriabrava.com\">infoweb@skydiveempuriabrava.com<\/a><\/p>\n\n<p>Conform\u00e9ment aux dispositions du RGPD, vous pouvez demander :<\/p>\n\n<ul class=\"wp-block-list\">\n<li>Droit d\u2019acc\u00e8s : vous pouvez demander des informations sur les donn\u00e9es personnelles que nous d\u00e9tenons \u00e0 votre sujet.<\/li>\n<\/ul>\n\n<ul class=\"wp-block-list\">\n<li>Droit de rectification : vous pouvez communiquer toute modification de vos donn\u00e9es personnelles.<\/li>\n<\/ul>\n\n<ul class=\"wp-block-list\">\n<li>Droit \u00e0 l\u2019effacement et \u00e0 l\u2019oubli : vous pouvez demander la suppression de vos donn\u00e9es personnelles avant de les bloquer.<\/li>\n<\/ul>\n\n<ul class=\"wp-block-list\">\n<li>Droit \u00e0 la limitation du traitement : implique la restriction du traitement des donn\u00e9es personnelles.<\/li>\n<\/ul>\n\n<ul class=\"wp-block-list\">\n<li>Droit d\u2019opposition : vous pouvez retirer votre consentement au traitement de vos donn\u00e9es, en vous opposant \u00e0 la poursuite de leur traitement.<\/li>\n<\/ul>\n\n<ul class=\"wp-block-list\">\n<li>Droit \u00e0 la portabilit\u00e9 : dans certains cas, vous pouvez demander une copie de vos donn\u00e9es personnelles dans un format structur\u00e9, couramment utilis\u00e9 et lisible par machine pour transmission \u00e0 un autre responsable du traitement.<\/li>\n<\/ul>\n\n<ul class=\"wp-block-list\">\n<li>Droit de ne pas faire l&rsquo;objet de d\u00e9cisions individualis\u00e9es : vous pouvez demander que ne soient pas prises des d\u00e9cisions fond\u00e9es uniquement sur un traitement automatis\u00e9, y compris la cr\u00e9ation de profils, produisant des effets juridiques ou affectant de mani\u00e8re significative la personne concern\u00e9e.<\/li>\n<\/ul>\n\n<p>Dans certains cas, votre demande peut \u00eatre rejet\u00e9e si vous demandez la suppression de donn\u00e9es n\u00e9cessaires au respect des obligations l\u00e9gales.<\/p>\n\n<p>De m\u00eame, si vous avez des r\u00e9clamations concernant le traitement de vos donn\u00e9es, vous pouvez d\u00e9poser une r\u00e9clamation aupr\u00e8s de l\u2019autorit\u00e9 de protection des donn\u00e9es.<\/p>\n\n<p><strong>Qui est responsable de l\u2019exactitude et de la v\u00e9racit\u00e9 des donn\u00e9es fournies ?<\/strong><\/p>\n\n<p>L&rsquo;utilisateur est seul responsable de la v\u00e9racit\u00e9 et de l&rsquo;exactitude des donn\u00e9es incluses, exon\u00e9rant SKYDIVE EMPURIABRAVA de toute responsabilit\u00e9 \u00e0 cet \u00e9gard. Les utilisateurs garantissent et sont responsables, dans tous les cas, de l&rsquo;exactitude, de la validit\u00e9 et de l&rsquo;authenticit\u00e9 des donn\u00e9es personnelles fournies, et s&rsquo;engagent \u00e0 les tenir d\u00fbment \u00e0 jour. L&rsquo;utilisateur s&rsquo;engage \u00e0 fournir des informations compl\u00e8tes et correctes dans le formulaire d&rsquo;inscription ou d&rsquo;abonnement. SKYDIVE EMPURIABRAVA se r\u00e9serve le droit de r\u00e9silier les services contract\u00e9s qui ont \u00e9t\u00e9 conclus avec les utilisateurs, dans le cas o\u00f9 les donn\u00e9es fournies seraient fausses, incompl\u00e8tes, inexactes ou non mises \u00e0 jour.   <\/p>\n\n<p>SKYDIVE EMPURIABRAVA n&rsquo;est pas responsable de la v\u00e9racit\u00e9 des informations qui ne sont pas les siennes et qui sont indiqu\u00e9es par une autre source, par cons\u00e9quent, il n&rsquo;assume aucune responsabilit\u00e9 pour les dommages hypoth\u00e9tiques qui pourraient d\u00e9couler de l&rsquo;utilisation de ces informations.<\/p>\n\n<p>SKYDIVE EMPURIABRAVA se r\u00e9serve le droit de mettre \u00e0 jour, de modifier ou de supprimer les informations contenues dans ses pages Web, et peut m\u00eame limiter ou ne pas autoriser l&rsquo;acc\u00e8s \u00e0 ces informations. SKYDIVE EMPURIABRAVA est exon\u00e9r\u00e9 de toute responsabilit\u00e9 pour tout dommage ou pr\u00e9judice que l&rsquo;utilisateur pourrait subir en raison d&rsquo;erreurs, de d\u00e9fauts ou d&rsquo;omissions dans les informations fournies par SKYDIVE EMPURIABRAVA, \u00e0 condition qu&rsquo;elles proviennent de sources autres que lui. <\/p>\n\n<p>De m\u00eame, l&rsquo;utilisateur certifie qu&rsquo;il a plus de 14 ans et qu&rsquo;il dispose de la capacit\u00e9 juridique n\u00e9cessaire pour donner son consentement concernant le traitement de ses donn\u00e9es personnelles.<\/p>\n\n<p><strong>Comment traitons-nous les donn\u00e9es personnelles des mineurs ?<\/strong><\/p>\n\n<p>En principe, nos services ne s\u2019adressent pas sp\u00e9cifiquement aux mineurs. Toutefois, dans le cas o\u00f9 l&rsquo;un d&rsquo;entre eux s&rsquo;adresse \u00e0 des mineurs de moins de quatorze ans, conform\u00e9ment \u00e0 l&rsquo;article 8 du RGPD et \u00e0 l&rsquo;article 7 de la LO 3\/2018, du 5 d\u00e9cembre (LOPDGDD), SKYDIVE EMPURIABRAVA exigera le consentement valable, libre, sans \u00e9quivoque, sp\u00e9cifique et \u00e9clair\u00e9 des tuteurs l\u00e9gaux pour traiter les donn\u00e9es personnelles des mineurs. Dans ce cas, la carte d&rsquo;identit\u00e9 nationale ou une autre forme d&rsquo;identification de la personne donnant son consentement sera requise.  <\/p>\n\n<p>Dans le cas des personnes \u00e2g\u00e9es de plus de quatorze ans, les donn\u00e9es pourront \u00eatre trait\u00e9es avec le consentement de l&rsquo;utilisateur, sauf dans les cas o\u00f9 la loi exige l&rsquo;assistance des personnes ayant l&rsquo;autorit\u00e9 parentale ou la tutelle.<\/p>\n\n<p><strong>Quelles mesures de s\u00e9curit\u00e9 appliquons-nous pour prot\u00e9ger vos donn\u00e9es personnelles ?<\/strong><\/p>\n\n<p>SKYDIVE EMPURIABRAVA a adopt\u00e9 les niveaux de s\u00e9curit\u00e9 l\u00e9galement requis pour la protection des donn\u00e9es personnelles et cherche \u00e0 installer les autres moyens et mesures techniques suppl\u00e9mentaires \u00e0 sa disposition pour emp\u00eacher la perte, l&rsquo;utilisation abusive, l&rsquo;alt\u00e9ration, l&rsquo;acc\u00e8s non autoris\u00e9 et le vol des donn\u00e9es personnelles fournies \u00e0 SKYDIVE EMPURIABRAVA.<\/p>\n\n<p>SKYDIVE EMPURIABRAVA n&rsquo;est pas responsable des dommages ou pertes hypoth\u00e9tiques qui pourraient r\u00e9sulter d&rsquo;interf\u00e9rences, d&rsquo;omissions, d&rsquo;interruptions, de virus informatiques, de pannes t\u00e9l\u00e9phoniques ou de d\u00e9connexions dans le fonctionnement op\u00e9rationnel de ce syst\u00e8me \u00e9lectronique, caus\u00e9s par des causes ind\u00e9pendantes de la volont\u00e9 de SKYDIVE EMPURIABRAVA ; retards ou blocages dans l&rsquo;utilisation de ce syst\u00e8me \u00e9lectronique caus\u00e9s par des dysfonctionnements ou des surcharges de lignes t\u00e9l\u00e9phoniques ou des surcharges dans le Centre de Traitement des Donn\u00e9es, dans le syst\u00e8me Internet ou dans d&rsquo;autres syst\u00e8mes \u00e9lectroniques, ainsi que des dommages qui pourraient \u00eatre caus\u00e9s par des tiers par interf\u00e9rence ill\u00e9gitime hors du contr\u00f4le de SKYDIVE EMPURIABRAVA. Toutefois, l\u2019utilisateur doit \u00eatre conscient que les mesures de s\u00e9curit\u00e9 sur Internet ne sont pas infaillibles. <\/p>\n\n<p><strong>Liens vers d&rsquo;autres sites Web<\/strong><\/p>\n\n<p>Le site Web <a href=\"https:\/\/www.skydiveempuriabrava.com\/\">https:\/\/www.skydiveempuriabrava.com\/<\/a> peut contenir des liens vers d&rsquo;autres sites Web. En cliquant sur l&rsquo;un de ces liens et en acc\u00e9dant \u00e0 un site Web externe, la visite sera soumise \u00e0 la politique de confidentialit\u00e9 de ce site Web, SKYDIVE EMPURIABRAVA \u00e9tant dissoci\u00e9 de tout type de responsabilit\u00e9 concernant sa politique de confidentialit\u00e9. <\/p>\n\n<p><strong>Comment utilisons-nous les cookies ?<\/strong><\/p>\n\n<p>Le site SKYDIVE EMPURIABRAVA utilise des cookies, dans le but d&rsquo;optimiser et de personnaliser votre exp\u00e9rience de navigation. Les cookies sont des fichiers d&rsquo;informations physiques stock\u00e9s sur le terminal de l&rsquo;utilisateur. Les informations collect\u00e9es par le biais des cookies servent \u00e0 faciliter la navigation de l&rsquo;utilisateur sur le portail et \u00e0 optimiser son exp\u00e9rience de navigation. Les donn\u00e9es collect\u00e9es via les cookies peuvent \u00eatre partag\u00e9es avec leurs cr\u00e9ateurs, mais en aucun cas les informations obtenues par ceux-ci ne seront associ\u00e9es \u00e0 des donn\u00e9es personnelles ou \u00e0 des donn\u00e9es permettant d&rsquo;identifier l&rsquo;utilisateur.  <\/p>\n\n<p>Toutefois, si l&rsquo;utilisateur ne souhaite pas que des cookies soient install\u00e9s sur son disque dur, il a la possibilit\u00e9 de configurer son navigateur de mani\u00e8re \u00e0 emp\u00eacher l&rsquo;installation de ces fichiers. Pour plus d&rsquo;informations, consultez notre politique de cookies <a href=\"https:\/\/www.skydiveempuriabrava.com\/pol%C3%ADtica-de-cookies\/\">https:\/\/www.skydiveempuriabrava.com\/pol\u00edtica-de-cookies\/<\/a> <\/p>\n\n<p><strong>La politique de confidentialit\u00e9 peut-elle \u00eatre modifi\u00e9e ?<\/strong><\/p>\n\n<p>Cette politique de confidentialit\u00e9 peut \u00eatre modifi\u00e9e, nous vous recommandons de la consulter p\u00e9riodiquement.<\/p>\n","protected":false},"excerpt":{"rendered":"<p>Mise \u00e0 jour\u00a0: 24\u00a0septembre Informations de base sur la protection des donn\u00e9es Responsable JIP AVIATION, SLU (ci-apr\u00e8s SKYDIVE EMPURIABRAVA) But Fourniture de services en ligne Gestion des utilisateurs du site Web Communications commerciales li\u00e9es \u00e0 nos services. G\u00e9rer les donn\u00e9es fournies par les candidats dans le cadre du processus de s\u00e9lection du personnel. L\u00e9gitimation Consentement [&hellip;]<\/p>\n","protected":false},"author":1,"featured_media":0,"parent":0,"menu_order":0,"comment_status":"closed","ping_status":"closed","template":"","meta":{"site-sidebar-layout":"default","site-content-layout":"","ast-site-content-layout":"default","site-content-style":"default","site-sidebar-style":"default","ast-global-header-display":"","ast-banner-title-visibility":"","ast-main-header-display":"","ast-hfb-above-header-display":"","ast-hfb-below-header-display":"","ast-hfb-mobile-header-display":"","site-post-title":"","ast-breadcrumbs-content":"","ast-featured-img":"","footer-sml-layout":"","ast-disable-related-posts":"","theme-transparent-header-meta":"","adv-header-id-meta":"","stick-header-meta":"","header-above-stick-meta":"","header-main-stick-meta":"","header-below-stick-meta":"","astra-migrate-meta-layouts":"default","ast-page-background-enabled":"default","ast-page-background-meta":{"desktop":{"background-color":"","background-image":"","background-repeat":"repeat","background-position":"center center","background-size":"auto","background-attachment":"scroll","background-type":"","background-media":"","overlay-type":"","overlay-color":"","overlay-opacity":"","overlay-gradient":""},"tablet":{"background-color":"","background-image":"","background-repeat":"repeat","background-position":"center center","background-size":"auto","background-attachment":"scroll","background-type":"","background-media":"","overlay-type":"","overlay-color":"","overlay-opacity":"","overlay-gradient":""},"mobile":{"background-color":"","background-image":"","background-repeat":"repeat","background-position":"center center","background-size":"auto","background-attachment":"scroll","background-type":"","background-media":"","overlay-type":"","overlay-color":"","overlay-opacity":"","overlay-gradient":""}},"ast-content-background-meta":{"desktop":{"background-color":"var(--ast-global-color-5)","background-image":"","background-repeat":"repeat","background-position":"center center","background-size":"auto","background-attachment":"scroll","background-type":"","background-media":"","overlay-type":"","overlay-color":"","overlay-opacity":"","overlay-gradient":""},"tablet":{"background-color":"var(--ast-global-color-5)","background-image":"","background-repeat":"repeat","background-position":"center center","background-size":"auto","background-attachment":"scroll","background-type":"","background-media":"","overlay-type":"","overlay-color":"","overlay-opacity":"","overlay-gradient":""},"mobile":{"background-color":"var(--ast-global-color-5)","background-image":"","background-repeat":"repeat","background-position":"center center","background-size":"auto","background-attachment":"scroll","background-type":"","background-media":"","overlay-type":"","overlay-color":"","overlay-opacity":"","overlay-gradient":""}},"footnotes":""},"folder":[17],"class_list":["post-8307","page","type-page","status-publish","hentry"],"_links":{"self":[{"href":"https:\/\/skydiveempuriabrava.com\/fr\/wp-json\/wp\/v2\/pages\/8307","targetHints":{"allow":["GET"]}}],"collection":[{"href":"https:\/\/skydiveempuriabrava.com\/fr\/wp-json\/wp\/v2\/pages"}],"about":[{"href":"https:\/\/skydiveempuriabrava.com\/fr\/wp-json\/wp\/v2\/types\/page"}],"author":[{"embeddable":true,"href":"https:\/\/skydiveempuriabrava.com\/fr\/wp-json\/wp\/v2\/users\/1"}],"replies":[{"embeddable":true,"href":"https:\/\/skydiveempuriabrava.com\/fr\/wp-json\/wp\/v2\/comments?post=8307"}],"version-history":[{"count":0,"href":"https:\/\/skydiveempuriabrava.com\/fr\/wp-json\/wp\/v2\/pages\/8307\/revisions"}],"wp:attachment":[{"href":"https:\/\/skydiveempuriabrava.com\/fr\/wp-json\/wp\/v2\/media?parent=8307"}],"wp:term":[{"taxonomy":"folder","embeddable":true,"href":"https:\/\/skydiveempuriabrava.com\/fr\/wp-json\/wp\/v2\/folder?post=8307"}],"curies":[{"name":"wp","href":"https:\/\/api.w.org\/{rel}","templated":true}]}}