{"id":8311,"date":"2024-09-29T17:41:15","date_gmt":"2024-09-29T17:41:15","guid":{"rendered":"https:\/\/skydiveempuriabrava.com\/mentions-legales\/"},"modified":"2025-03-24T09:26:31","modified_gmt":"2025-03-24T09:26:31","slug":"mentions-legales","status":"publish","type":"page","link":"https:\/\/skydiveempuriabrava.com\/fr\/mentions-legales\/","title":{"rendered":"Mentions l\u00e9gales"},"content":{"rendered":"\n<p><\/p>\n\n<p>Mise \u00e0 jour\u00a0: 24\u00a0septembre<\/p>\n\n<p>Conform\u00e9ment au devoir d&rsquo;information contenu dans l&rsquo;article 10 de la loi 34\/2002, du 11 juillet, sur les services d&rsquo;information et le commerce \u00e9lectronique, nous vous informons que le site Web et les portails Internet https:\/\/www.skydiveempuriabrava.com\/ (ci-apr\u00e8s, le \u00ab Site Web \u00bb) et ses domaines et sous-domaines li\u00e9s et redirig\u00e9s : <a href=\"http:\/\/www.thelandofthesky.eu\/\"><strong>www.thelandofthesky.eu<\/strong><\/a> ; <a href=\"http:\/\/www.thelandofthesky.net\"><strong>www.thelandofthesky.net<\/strong><\/a> ; <a href=\"http:\/\/www.skyrats.com\"><strong>www.skyrats.com<\/strong><\/a> ; <a href=\"http:\/\/www.jipaviacio.com\"><strong>www.jipaviacio.com<\/strong><\/a> ; <a href=\"http:\/\/www.airempuriabrava.com\"><strong>www.airempuriabrava.com<\/strong><\/a> ; <a href=\"http:\/\/www.aventuracostabrava.com\"><strong>www.aventuracostabrava.com<\/strong><\/a> ; <a href=\"http:\/\/www.cursodepiloto.com\/\"><strong>www.cursodepiloto.com<\/strong><\/a> ;         <a href=\"http:\/\/www.laterradelcel.cat\"><strong>www.laterradelcel.cat<\/strong><\/a> ; <a href=\"http:\/\/www.laterradelcel.com\"><strong>www.laterradelcel.com<\/strong><\/a> ; <a href=\"http:\/\/www.latierradelcielo.com\/\"><strong>www.latierradelcielo.com<\/strong><\/a> ;    <a href=\"http:\/\/www.latierradelcielo.es\/\"><strong>www.latierradelcielo.es<\/strong><\/a> ; <a href=\"http:\/\/www.mytandem.cat\/\"><strong>www.mytandem.cat<\/strong><\/a> ; <a href=\"http:\/\/www.paracaidismo.mobi\/\"><strong>www.paracaidismo.mobi<\/strong><\/a> ; <a href=\"http:\/\/www.salto.cat\/\"><strong>www.salto.cat<\/strong><\/a> ; <a href=\"http:\/\/www.skydive.cat\/\"><strong>www.skydive.cat<\/strong><\/a> ; sont la propri\u00e9t\u00e9 de JIP AVIACI\u00d3, SLU (ci-apr\u00e8s SKYDIVE EMPURIABRAVA), dont le si\u00e8ge social est situ\u00e9 \u00e0 Sector Aeroclub, s\/n - 17487 - Empuriabrava (G\u00e9rone), avec CIF : B17449836.<\/p>\n\n<p>Inscrite au Registre du Commerce de G\u00e9rone : T 2076, F 200, S 8, H GI 15706, I\/A 12<\/p>\n\n<p><strong>Communications<\/strong><\/p>\n\n<p>T\u00e9l\u00e9phone : +34 972 450 111<\/p>\n\n<p>Courriel : <a href=\"mailto:infoweb@skydiveempuriabrava.com\">infoweb@skydiveempuriabrava.com<\/a><\/p>\n\n<p>Cet avis juridique r\u00e9git les conditions d&rsquo;utilisation du portail Internet susmentionn\u00e9.<\/p>\n\n<p><strong>Loi applicable et juridiction<\/strong><\/p>\n\n<p>En g\u00e9n\u00e9ral, les relations entre SKYDIVE EMPURIABRAVA et les utilisateurs des services t\u00e9l\u00e9matiques, pr\u00e9sents sur le Site Web, sont soumises \u00e0 la l\u00e9gislation et \u00e0 la juridiction espagnoles.<\/p>\n\n<p>Les parties renoncent express\u00e9ment \u00e0 toute juridiction qui pourrait leur \u00eatre applicable et se soumettent express\u00e9ment aux Tribunaux de Figueres (G\u00e9rone) pour r\u00e9soudre tout litige pouvant survenir dans l&rsquo;interpr\u00e9tation ou l&rsquo;ex\u00e9cution des pr\u00e9sentes conditions contractuelles.<\/p>\n\n<p><strong>Acceptation de l&rsquo;utilisateur<\/strong><\/p>\n\n<p>Cet avis juridique r\u00e9git l&rsquo;acc\u00e8s et l&rsquo;utilisation du site Web que SKYDIVE EMPURIABRAVA met \u00e0 la disposition des utilisateurs d&rsquo;Internet. Un utilisateur est consid\u00e9r\u00e9 comme la personne qui acc\u00e8de, navigue, utilise ou participe aux services et activit\u00e9s du site Web. <\/p>\n\n<p>L&rsquo;utilisateur est inform\u00e9 et accepte que l&rsquo;acc\u00e8s \u00e0 ce site Web n&rsquo;implique en aucun cas le d\u00e9but d&rsquo;une relation commerciale avec SKYDIVE EMPURIABRAVA.<\/p>\n\n<p>L&rsquo;acc\u00e8s et la navigation sur le site par l&rsquo;utilisateur impliquent l&rsquo;acceptation de l&rsquo;int\u00e9gralit\u00e9 des pr\u00e9sentes Conditions d&rsquo;Utilisation. Si vous n\u2019\u00eates pas d\u2019accord avec les conditions, vous devez vous abstenir d\u2019utiliser le site Web. <\/p>\n\n<p><strong>Acc\u00e8s au site Web<\/strong><\/p>\n\n<p>L&rsquo;acc\u00e8s au site par les utilisateurs est libre et gratuit. Certaines prestations peuvent \u00eatre soumises \u00e0 une contractualisation pr\u00e9alable de la prestation. <\/p>\n\n<p>S&rsquo;il est n\u00e9cessaire que l&rsquo;utilisateur fournisse des donn\u00e9es personnelles pour acc\u00e9der \u00e0 l&rsquo;un des services, la collecte et le traitement des donn\u00e9es seront effectu\u00e9s conform\u00e9ment \u00e0 la r\u00e9glementation en vigueur, en particulier le RGPD. Pour plus d&rsquo;informations, consultez notre politique de confidentialit\u00e9 <a href=\"https:\/\/www.skydiveempuriabrava.com\/politica-de-privacitat\/\">https:\/\/www.skydiveempuriabrava.com\/politica-de-privacitat\/<\/a> <\/p>\n\n<p><strong>Contenu et utilisation<\/strong><\/p>\n\n<p>La visite de l&rsquo;utilisateur sur le site Web doit \u00eatre effectu\u00e9e de mani\u00e8re responsable et conform\u00e9ment \u00e0 la l\u00e9gislation en vigueur, \u00e0 la bonne foi, au pr\u00e9sent avis juridique et au respect des droits de propri\u00e9t\u00e9 intellectuelle et industrielle appartenant \u00e0 SKYDIVE EMPURIABRAVA ou \u00e0 toute autre personne physique ou morale.<\/p>\n\n<p>L&rsquo;utilisation de tout contenu du site Web \u00e0 des fins illicites ou susceptibles d&rsquo;\u00eatre illicites est totalement interdite, ainsi que la r\u00e9alisation de toute action qui cause ou pourrait causer des dommages ou des alt\u00e9rations de toute nature non consentis par SKYDIVE EMPURIABRAVA, au site Web ou \u00e0 son contenu.<\/p>\n\n<p>Le propri\u00e9taire du site ne s&rsquo;identifie pas aux opinions exprim\u00e9es par ses collaborateurs. La soci\u00e9t\u00e9 se r\u00e9serve le droit d&rsquo;apporter toutes les modifications qu&rsquo;elle juge appropri\u00e9es \u00e0 son site Web sans pr\u00e9avis, pouvant changer, supprimer ou ajouter \u00e0 la fois le contenu et les services fournis \u00e0 travers celui-ci et la mani\u00e8re dont ils apparaissent pr\u00e9sent\u00e9s ou localis\u00e9s sur ses serveurs. <\/p>\n\n<p>L&rsquo;utilisation de tout contenu du site Web \u00e0 des fins illicites est strictement interdite, ainsi que la r\u00e9alisation de toute action qui cause ou peut causer des dommages ou des alt\u00e9rations de toute nature non consentis par SKYDIVE EMPURIABRAVA, le site Web ou son contenu.<\/p>\n\n<p><strong>Propri\u00e9t\u00e9 intellectuelle et industrielle<\/strong><\/p>\n\n<p>Les droits de propri\u00e9t\u00e9 intellectuelle du contenu des pages du site Web, de sa conception graphique et de ses codes sont la propri\u00e9t\u00e9 de SKYDIVE EMPURIABRAVA et, par cons\u00e9quent, sa reproduction, distribution, communication publique, transformation ou toute autre activit\u00e9 r\u00e9alis\u00e9e avec le contenu du site Web est interdite, m\u00eame si les sources sont cit\u00e9es, sauf consentement pr\u00e9alable, expr\u00e8s et \u00e9crit de SKYDIVE EMPURIABRAVA. Tous les noms commerciaux, marques ou signes distinctifs de toute nature et contenus sur les pages Web de la soci\u00e9t\u00e9 sont la propri\u00e9t\u00e9 de leurs propri\u00e9taires et sont prot\u00e9g\u00e9s par la loi. <\/p>\n\n<p>SKYDIVE EMPURIABRAVA n&rsquo;accorde aucune licence ou autorisation d&rsquo;utilisation de quelque nature que ce soit sur ses droits de propri\u00e9t\u00e9 intellectuelle et industrielle ou sur toute autre propri\u00e9t\u00e9 ou droit li\u00e9 au site Web, et en aucun cas il ne sera entendu que l&rsquo;acc\u00e8s et la navigation des utilisateurs impliquent une renonciation, une transmission, une licence ou une cession totale ou partielle de ces droits par SKYDIVE EMPURIABRAVA.<\/p>\n\n<p>Toute utilisation de ces contenus non pr\u00e9alablement autoris\u00e9e par SKYDIVE EMPURIABRAVA sera consid\u00e9r\u00e9e comme une violation grave des droits de propri\u00e9t\u00e9 intellectuelle ou industrielle et donnera lieu \u00e0 des responsabilit\u00e9s l\u00e9galement \u00e9tablies. SKYDIVE EMPURIABRAVA se r\u00e9serve le droit de prendre les mesures judiciaires et extrajudiciaires appropri\u00e9es \u00e0 l&rsquo;encontre de l&rsquo;utilisateur. <\/p>\n\n<p><strong>Responsabilit\u00e9 et garanties<\/strong><\/p>\n\n<p>SKYDIVE EMPURIABRAVA d\u00e9clare avoir adopt\u00e9 les mesures n\u00e9cessaires qui, dans la limite de ses possibilit\u00e9s et de l&rsquo;\u00e9tat de la technologie, permettent le bon fonctionnement de son site Web ainsi que l&rsquo;absence de virus et de composants nuisibles. Cependant, SKYDIVE EMPURIABRAVA ne peut \u00eatre tenu responsable des situations suivantes, qui sont \u00e9num\u00e9r\u00e9es \u00e0 titre d&rsquo;exemple, mais sans s&rsquo;y limiter : <\/p>\n\n<ul class=\"wp-block-list\">\n<li>La continuit\u00e9 et la disponibilit\u00e9 des Contenus.<\/li>\n\n\n\n<li>L&rsquo;absence d&rsquo;erreurs dans le Contenu ou la correction de tout d\u00e9faut pouvant survenir.<\/li>\n\n\n\n<li>L\u2019absence de virus et\/ou d\u2019autres composants nuisibles.<\/li>\n\n\n\n<li>Les dommages ou pertes caus\u00e9s par toute personne qui viole les syst\u00e8mes de s\u00e9curit\u00e9 de SKYDIVE EMPURIABRAVA.<\/li>\n\n\n\n<li>L&rsquo;utilisation que les utilisateurs peuvent faire du contenu inclus sur le site Web. Par cons\u00e9quent, SKYDIVE EMPURIABRAVA ne garantit pas que l&rsquo;utilisation que les utilisateurs peuvent faire des contenus pouvant \u00eatre inclus sur le site Web soit conforme au pr\u00e9sent avis l\u00e9gal ni que l&rsquo;utilisation du site Web soit effectu\u00e9e avec diligence. <\/li>\n\n\n\n<li>L&rsquo;utilisation du site Web par des mineurs ou l&rsquo;envoi de leurs donn\u00e9es personnelles sans l&rsquo;autorisation de leurs tuteurs, ces derniers \u00e9tant responsables de leur utilisation d&rsquo;Internet. Les contenus auxquels l&rsquo;utilisateur peut acc\u00e9der via des liens non autoris\u00e9s ou introduits par les utilisateurs via des commentaires ou des outils similaires. <\/li>\n\n\n\n<li>L&rsquo;introduction de donn\u00e9es erron\u00e9es par l&rsquo;utilisateur ou un tiers.<\/li>\n<\/ul>\n\n<p>SKYDIVE EMPURIABRAVA peut suspendre temporairement, sans pr\u00e9avis, l&rsquo;accessibilit\u00e9 au site Web pour des op\u00e9rations de maintenance, de r\u00e9paration, de mise \u00e0 jour ou d&rsquo;am\u00e9lioration. Toutefois, lorsque les circonstances le permettent, SKYDIVE EMPURIABRAVA informera l&rsquo;utilisateur, suffisamment \u00e0 l&rsquo;avance, de la date pr\u00e9vue pour la suspension du contenu. <\/p>\n\n<p>De m\u00eame, conform\u00e9ment aux art. 11 et 16 de la loi 34\/2002, du 11 juillet, sur les services de la soci\u00e9t\u00e9 de l&rsquo;information et du commerce \u00e9lectronique, SKYDIVE EMPURIABRAVA s&rsquo;engage \u00e0 \u00e9liminer ou, le cas \u00e9ch\u00e9ant, \u00e0 bloquer les contenus susceptibles d&rsquo;affecter ou d&rsquo;\u00eatre contraires \u00e0 la l\u00e9gislation en vigueur, aux droits de tiers ou \u00e0 la morale et \u00e0 l&rsquo;ordre public. <\/p>\n\n<p><strong>Cookies<\/strong><\/p>\n\n<p>SKYDIVE EMPURIABRAVA utilise des cookies pour optimiser et personnaliser votre navigation sur le site. Les cookies sont des fichiers d&rsquo;informations physiques stock\u00e9s sur le terminal de l&rsquo;utilisateur. Les informations collect\u00e9es par le biais des cookies servent \u00e0 faciliter la navigation de l&rsquo;utilisateur sur le portail et \u00e0 optimiser son exp\u00e9rience de navigation. Les donn\u00e9es collect\u00e9es via les cookies peuvent \u00eatre partag\u00e9es avec leurs cr\u00e9ateurs, mais en aucun cas les informations obtenues par ceux-ci ne seront associ\u00e9es \u00e0 des donn\u00e9es personnelles ou \u00e0 des donn\u00e9es permettant d&rsquo;identifier l&rsquo;utilisateur.  <\/p>\n\n<p>Toutefois, si l&rsquo;utilisateur ne souhaite pas que des cookies soient install\u00e9s sur son disque dur, il a la possibilit\u00e9 de configurer son navigateur de mani\u00e8re \u00e0 emp\u00eacher l&rsquo;installation de ces fichiers. Pour plus d&rsquo;informations, consultez notre politique de cookies <a href=\"https:\/\/www.skydiveempuriabrava.com\/politica-de-cookies\/\">https:\/\/www.skydiveempuriabrava.com\/politica-de-cookies\/<\/a> <\/p>\n\n<p><strong>Links<\/strong><\/p>\n\n<p>La pr\u00e9sence de liens sur le site Web de SKYDIVE EMPURIABRAVA vers d&rsquo;autres sites Internet est \u00e0 titre informatif uniquement et ne constitue en aucun cas une suggestion, une invitation ou une recommandation \u00e0 leur \u00e9gard. SKYDIVE EMPURIABRAVA n&rsquo;assumera pas la responsabilit\u00e9 du contenu d&rsquo;un lien appartenant \u00e0 un site Web tiers, ni ne garantira la fiabilit\u00e9, l&rsquo;exactitude, l&rsquo;exhaustivit\u00e9, la v\u00e9racit\u00e9, la validit\u00e9 et la disponibilit\u00e9 technique. <\/p>\n\n<p>Dans le cas o\u00f9 des liens seraient \u00e9tablis vers le site Web de SKYDIVE EMPURIABRAVA sur d&rsquo;autres sites Web, il ne sera pas entendu que SKYDIVE EMPURIABRAVA a autoris\u00e9 le lien ou le contenu du site Web dans lequel le lien est contenu, ni ne pourra \u00eatre inclus dans le site li\u00e9 des contenus inappropri\u00e9s, diffamatoires, ill\u00e9gaux, obsc\u00e8nes ou illicites, ou tout autre contenu contraire \u00e0 la l\u00e9gislation en vigueur.<\/p>\n\n<p>SKYDIVE EMPURIABRAVA se r\u00e9serve le droit de contacter le propri\u00e9taire du site Web sur lequel le lien est \u00e9tabli s&rsquo;il consid\u00e8re que la r\u00e9glementation est viol\u00e9e, ainsi que de prendre les mesures judiciaires et extrajudiciaires correspondantes.<\/p>\n\n<p><strong>Modification des conditions<\/strong><\/p>\n\n<p>SKYDIVE EMPURIABRAVA se r\u00e9serve express\u00e9ment le droit de modifier unilat\u00e9ralement, en tout ou en partie, les pr\u00e9sentes Mentions L\u00e9gales sans pr\u00e9avis. L&rsquo;utilisateur reconna\u00eet et accepte qu&rsquo;il est de sa responsabilit\u00e9 de le consulter p\u00e9riodiquement. <\/p>\n","protected":false},"excerpt":{"rendered":"<p>Mise \u00e0 jour\u00a0: 24\u00a0septembre Conform\u00e9ment au devoir d&rsquo;information contenu dans l&rsquo;article 10 de la loi 34\/2002, du 11 juillet, sur les services d&rsquo;information et le commerce \u00e9lectronique, nous vous informons que le site Web et les portails Internet https:\/\/www.skydiveempuriabrava.com\/ (ci-apr\u00e8s, le \u00ab Site Web \u00bb) et ses domaines et sous-domaines li\u00e9s et redirig\u00e9s : www.thelandofthesky.eu [&hellip;]<\/p>\n","protected":false},"author":1,"featured_media":0,"parent":0,"menu_order":0,"comment_status":"closed","ping_status":"closed","template":"","meta":{"site-sidebar-layout":"default","site-content-layout":"","ast-site-content-layout":"default","site-content-style":"default","site-sidebar-style":"default","ast-global-header-display":"","ast-banner-title-visibility":"","ast-main-header-display":"","ast-hfb-above-header-display":"","ast-hfb-below-header-display":"","ast-hfb-mobile-header-display":"","site-post-title":"","ast-breadcrumbs-content":"","ast-featured-img":"","footer-sml-layout":"","ast-disable-related-posts":"","theme-transparent-header-meta":"","adv-header-id-meta":"","stick-header-meta":"","header-above-stick-meta":"","header-main-stick-meta":"","header-below-stick-meta":"","astra-migrate-meta-layouts":"default","ast-page-background-enabled":"default","ast-page-background-meta":{"desktop":{"background-color":"","background-image":"","background-repeat":"repeat","background-position":"center center","background-size":"auto","background-attachment":"scroll","background-type":"","background-media":"","overlay-type":"","overlay-color":"","overlay-opacity":"","overlay-gradient":""},"tablet":{"background-color":"","background-image":"","background-repeat":"repeat","background-position":"center center","background-size":"auto","background-attachment":"scroll","background-type":"","background-media":"","overlay-type":"","overlay-color":"","overlay-opacity":"","overlay-gradient":""},"mobile":{"background-color":"","background-image":"","background-repeat":"repeat","background-position":"center center","background-size":"auto","background-attachment":"scroll","background-type":"","background-media":"","overlay-type":"","overlay-color":"","overlay-opacity":"","overlay-gradient":""}},"ast-content-background-meta":{"desktop":{"background-color":"var(--ast-global-color-5)","background-image":"","background-repeat":"repeat","background-position":"center center","background-size":"auto","background-attachment":"scroll","background-type":"","background-media":"","overlay-type":"","overlay-color":"","overlay-opacity":"","overlay-gradient":""},"tablet":{"background-color":"var(--ast-global-color-5)","background-image":"","background-repeat":"repeat","background-position":"center center","background-size":"auto","background-attachment":"scroll","background-type":"","background-media":"","overlay-type":"","overlay-color":"","overlay-opacity":"","overlay-gradient":""},"mobile":{"background-color":"var(--ast-global-color-5)","background-image":"","background-repeat":"repeat","background-position":"center center","background-size":"auto","background-attachment":"scroll","background-type":"","background-media":"","overlay-type":"","overlay-color":"","overlay-opacity":"","overlay-gradient":""}},"footnotes":""},"folder":[17],"class_list":["post-8311","page","type-page","status-publish","hentry"],"_links":{"self":[{"href":"https:\/\/skydiveempuriabrava.com\/fr\/wp-json\/wp\/v2\/pages\/8311","targetHints":{"allow":["GET"]}}],"collection":[{"href":"https:\/\/skydiveempuriabrava.com\/fr\/wp-json\/wp\/v2\/pages"}],"about":[{"href":"https:\/\/skydiveempuriabrava.com\/fr\/wp-json\/wp\/v2\/types\/page"}],"author":[{"embeddable":true,"href":"https:\/\/skydiveempuriabrava.com\/fr\/wp-json\/wp\/v2\/users\/1"}],"replies":[{"embeddable":true,"href":"https:\/\/skydiveempuriabrava.com\/fr\/wp-json\/wp\/v2\/comments?post=8311"}],"version-history":[{"count":0,"href":"https:\/\/skydiveempuriabrava.com\/fr\/wp-json\/wp\/v2\/pages\/8311\/revisions"}],"wp:attachment":[{"href":"https:\/\/skydiveempuriabrava.com\/fr\/wp-json\/wp\/v2\/media?parent=8311"}],"wp:term":[{"taxonomy":"folder","embeddable":true,"href":"https:\/\/skydiveempuriabrava.com\/fr\/wp-json\/wp\/v2\/folder?post=8311"}],"curies":[{"name":"wp","href":"https:\/\/api.w.org\/{rel}","templated":true}]}}