{"id":8321,"date":"2024-09-29T17:42:29","date_gmt":"2024-09-29T17:42:29","guid":{"rendered":"https:\/\/skydiveempuriabrava.com\/politique-de-cookies\/"},"modified":"2025-03-24T09:26:40","modified_gmt":"2025-03-24T09:26:40","slug":"politique-de-cookies","status":"publish","type":"page","link":"https:\/\/skydiveempuriabrava.com\/fr\/politique-de-cookies\/","title":{"rendered":"Politique de cookies"},"content":{"rendered":"\n<p><strong>Politique de cookies<\/strong><\/p>\n\n<p><em>Mis \u00e0 jour::<\/em> 24 <em>septembre<\/em><\/p>\n\n<p class=\"has-ast-global-color-7-color has-text-color has-link-color wp-elements-501e8d63c344fe204728b33bf3adec00\">Le site Web <a href=\"https:\/\/www.skydiveempuriabrava.com\">https:\/\/www.skydiveempuriabrava.com<\/a> est sous la responsabilit\u00e9 de JIP AVIACI\u00d3, SLU (ci-apr\u00e8s SKYDIVE EMPURIABRAVA), dont le si\u00e8ge social est situ\u00e9 \u00e0 Sector Aeroclub, s\/n - 17487 - Empuriabrava (G\u00e9rone), avec CIF : B17449836 et adresse e-mail : <a href=\"mailto:infoweb@skydiveempuriabrava.com\">infoweb@skydiveempuriabrava.com<\/a> .<\/p>\n\n<p>Par cons\u00e9quent, l&rsquo;utilisation de cookies est soumise \u00e0 la pr\u00e9sente \u00ab Politique d&rsquo;utilisation des cookies \u00bb, qui a \u00e9t\u00e9 \u00e9labor\u00e9e afin que l&rsquo;utilisateur soit inform\u00e9 des diff\u00e9rentes utilisations qui sont effectu\u00e9es sur ces appareils et puisse consentir \u00e0 leur traitement de mani\u00e8re \u00e9clair\u00e9e, conform\u00e9ment aux dispositions de la l\u00e9gislation en vigueur.<\/p>\n\n<p><strong>Qu&rsquo;est-ce qu&rsquo;un cookie ?<\/strong><\/p>\n\n<p>Un cookie est un fichier qui est t\u00e9l\u00e9charg\u00e9 sur votre ordinateur lorsque l&rsquo;utilisateur acc\u00e8de \u00e0 certaines pages Web. Les cookies permettent \u00e0 une page Web, entre autres, de stocker et de r\u00e9cup\u00e9rer des informations sur les habitudes de navigation d&rsquo;un utilisateur ou de son ordinateur et, en fonction des informations qu&rsquo;ils contiennent et de la mani\u00e8re dont il utilise son ordinateur, ils peuvent \u00eatre utilis\u00e9s pour reconna\u00eetre l&rsquo;utilisateur. <\/p>\n\n<p><strong>Quels types de cookies existe-t-il ?<\/strong><\/p>\n\n<p>Il existe plusieurs types de cookies bas\u00e9s sur diff\u00e9rents crit\u00e8res :<\/p>\n\n<p>En fonction du temps pendant lequel ils restent activ\u00e9s :<\/p>\n\n<ul class=\"wp-block-list\">\n<li>Cookies de session. Il s&rsquo;agit d&rsquo;un type de cookies con\u00e7us pour demander et stocker des donn\u00e9es pendant que l&rsquo;utilisateur acc\u00e8de \u00e0 une page Web. <\/li>\n\n\n\n<li>Cookies permanents : Il s&rsquo;agit d&rsquo;un type de cookies dans lesquels les donn\u00e9es restent stock\u00e9es dans le terminal et peuvent \u00eatre consult\u00e9es et trait\u00e9es pendant une p\u00e9riode d\u00e9finie par le responsable du cookie.<\/li>\n<\/ul>\n\n<p>Selon le propri\u00e9taire :<\/p>\n\n<ul class=\"wp-block-list\">\n<li>Cookies propres. Ce sont ceux qui appartiennent \u00e0 SKYDIVE EMPURIABRAVA <\/li>\n\n\n\n<li>Cookies tiers. Il s&rsquo;agit de ceux appartenant \u00e0 un tiers, autre que SKYDIVE EMPURIABRAVA, qui sera celui qui traitera les informations collect\u00e9es. <\/li>\n<\/ul>\n\n<p>En fonction de son objectif :<\/p>\n\n<ul class=\"wp-block-list\">\n<li>Cookies techniques et\/ou de personnalisation. Ce sont ceux qui servent \u00e0 am\u00e9liorer le service, localiser les incidents, reconna\u00eetre l&rsquo;utilisateur, etc. <\/li>\n\n\n\n<li>Cookies d&rsquo;analyse et\/ou publicitaires. Ce sont ceux qui servent \u00e0 analyser les informations de navigation et \u00e0 proposer de la publicit\u00e9, qu&rsquo;elle soit g\u00e9n\u00e9rique ou personnalis\u00e9e. <\/li>\n<\/ul>\n\n<p><strong>Quels types de cookies sont les plus courants ?<\/strong><\/p>\n\n<p>TECHNIQUES : Il s&rsquo;agit de cookies PROPRES, de session, d&rsquo;identification, de configuration et d&rsquo;enregistrement, strictement n\u00e9cessaires \u00e0 l&rsquo;identification de l&rsquo;utilisateur et \u00e0 la fourniture des services demand\u00e9s par l&rsquo;utilisateur. Les informations obtenues par leur interm\u00e9diaire sont trait\u00e9es uniquement par SKYDIVE EMPURIABRAVA. <\/p>\n\n<p>ANALYSES : Ce sont celles qui, qu&rsquo;elles soient trait\u00e9es par nous ou par des tiers, nous permettent de quantifier le nombre d&rsquo;utilisateurs et ainsi de r\u00e9aliser la mesure et l&rsquo;analyse statistique de l&rsquo;utilisation faite par les utilisateurs du service propos\u00e9. Pour cette raison, votre navigation sur notre site est analys\u00e9e afin d&rsquo;am\u00e9liorer l&rsquo;offre de produits ou services que nous vous proposons. <\/p>\n\n<p>PUBLICIT\u00c9 : Ce sont ceux qui, trait\u00e9s par nous ou par des tiers, permettent de g\u00e9rer, de la mani\u00e8re la plus efficace possible, les espaces publicitaires qui pourraient \u00eatre inclus sur notre site Web et\/ou de stocker des informations sur le comportement des utilisateurs obtenues gr\u00e2ce \u00e0 une observation continue. Gr\u00e2ce \u00e0 eux, nous pouvons conna\u00eetre vos habitudes de navigation sur Internet et vous montrer des publicit\u00e9s li\u00e9es \u00e0 votre profil de navigation. <\/p>\n\n<p><strong>\u00c0 quoi sert un cookie ?<\/strong><\/p>\n\n<p>Les cookies sont utilis\u00e9s pour offrir des services et\/ou de la publicit\u00e9 personnalis\u00e9s, pour analyser le fonctionnement du syst\u00e8me, reconna\u00eetre quand vous acc\u00e9dez en tant qu&rsquo;utilisateur, localiser les incidents et les probl\u00e8mes qui peuvent survenir et les r\u00e9soudre dans les plus brefs d\u00e9lais, ainsi que pour analyser et mesurer l&rsquo;utilisation et l&rsquo;activit\u00e9 du site Web.<\/p>\n\n<p><strong>Mon consentement est-il n\u00e9cessaire pour installer un cookie ?<\/strong><\/p>\n\n<p>Le consentement n&rsquo;est pas requis pour l&rsquo;installation de cookies techniques ou de ceux qui sont strictement n\u00e9cessaires \u00e0 la fourniture d&rsquo;un service de la soci\u00e9t\u00e9 de l&rsquo;information express\u00e9ment demand\u00e9 par le destinataire.<\/p>\n\n<p>Pour le reste, le consentement de l&rsquo;int\u00e9ress\u00e9 est requis, qui peut \u00eatre demand\u00e9 par diff\u00e9rents canaux.<\/p>\n\n<p><strong>Quels types de cookies ce site Web utilise-t-il ?<\/strong><\/p>\n\n<p>Cookies techniques : Ce sont ceux cr\u00e9\u00e9s et g\u00e9r\u00e9s uniquement par nous, et qui permettent \u00e0 l&rsquo;utilisateur de naviguer sur notre site Web et d&rsquo;utiliser diff\u00e9rentes options telles que, par exemple, identifier la session, personnaliser les informations ou acc\u00e9der \u00e0 des zones d&rsquo;acc\u00e8s restreint.<\/p>\n\n<p>Le site Web SKYDIVE EMPURIABRAVA utilise Google Analytics, un outil d&rsquo;analyse Web d\u00e9velopp\u00e9 par Google, qui aide les propri\u00e9taires de sites Web \u00e0 mesurer la mani\u00e8re dont les utilisateurs interagissent avec le contenu du site. Pour fournir ces services, Google Analytics utilise des cookies qui collectent des informations, y compris l&rsquo;adresse IP de l&rsquo;utilisateur, qui seront transmises, trait\u00e9es et stock\u00e9es par Google selon les conditions d\u00e9finies sur le site Web Google.com. <\/p>\n\n<p>Pour plus d&rsquo;informations, voir :<\/p>\n\n<p class=\"has-ast-global-color-2-color has-text-color has-link-color wp-elements-33e1f475ab143eaf92a94006c504c39f\"><a href=\"https:\/\/developers.google.com\/analytics\/devguides\/collection\/analyticsjs\/cookie-usage\">https:\/\/developers.google.com\/analytics\/devguides\/collection\/analyticsjs\/cookie-usage<\/a><\/p>\n\n<p class=\"has-ast-global-color-2-color has-text-color has-link-color wp-elements-b1cb4a63c40ed15ffa55da761948708b\">Le domaine Web <a href=\"https:\/\/www.skydiveempuriabrava.com\/%20\">https:\/\/www.skydiveempuriabrava.com\/<\/a> utilise les types de cookies suivants :<\/p>\n\n<figure class=\"wp-block-table is-style-stripes\"><table class=\"has-fixed-layout\"><tbody><tr><td>Propri\u00e9t\u00e9<\/td><td>Nom du cookie<\/td><td>But<\/td><td>Expire<\/td><\/tr><tr><td><a href=\"https:\/\/www.skydiveempuriabrava.com\">https:\/\/www.skydiveempuriabrava.com<\/a><\/td><td>__S\u00e9curis\u00e9-ENID<br\/><\/td><td>Google vous permet de personnaliser la mani\u00e8re dont les annonces s&rsquo;affichent en dehors de Google ou de stocker des informations telles que votre langue pr\u00e9f\u00e9r\u00e9e lors de l&rsquo;affichage des r\u00e9sultats de recherche.<br\/><\/td><td>2 ans<\/td><\/tr><tr><td><a href=\"https:\/\/www.skydiveempuriabrava.com\">https:\/\/www.skydiveempuriabrava.com<\/a><\/td><td>_G\u00e9orgie<br\/><\/td><td>Activez la fonction unique de contr\u00f4le des visites. La premi\u00e8re fois qu&rsquo;un utilisateur acc\u00e8de \u00e0 un site Web via un navigateur, ce cookie sera install\u00e9. Lorsque cet utilisateur acc\u00e8de \u00e0 nouveau au site Web avec le m\u00eame navigateur, le cookie consid\u00e9rera qu&rsquo;il s&rsquo;agit du m\u00eame utilisateur. Ce n&rsquo;est que si l&rsquo;utilisateur change de navigateur qu&rsquo;il sera consid\u00e9r\u00e9 comme un utilisateur diff\u00e9rent.   <br\/><\/td><td>2 ans<\/td><\/tr><tr><td><a href=\"https:\/\/www.skydiveempuriabrava.com\">https:\/\/www.skydiveempuriabrava.com<\/a><\/td><td>_gcl_au<br\/><\/td><td>Il est utilis\u00e9 par Google pour exp\u00e9rimenter l&rsquo;efficacit\u00e9 des publicit\u00e9s sur les sites Web.<br\/><\/td><td>3 mois<\/td><\/tr><tr><td><br\/><\/td><td>_gid<br\/><\/td><td>Il est utilis\u00e9 pour distinguer les utilisateurs.<br\/><\/td><td>24 heures<\/td><\/tr><tr><td><a href=\"https:\/\/www.skydiveempuriabrava.com\">https:\/\/www.skydiveempuriabrava.com<\/a><\/td><td>_icl_current_language<br\/><\/td><td>Ces cookies stockent des informations sur la langue dans laquelle le navigateur de l&rsquo;utilisateur est configur\u00e9 et permettent de proposer le contenu du site Web dans la langue pr\u00e9f\u00e9r\u00e9e.<br\/><\/td><td>La s\u00e9ance<\/td><\/tr><tr><td><a href=\"https:\/\/www.skydiveempuriabrava.com\">https:\/\/www.skydiveempuriabrava.com<\/a><\/td><td>_icl_visitor_lang_js<br\/><\/td><td>Cookie technique utilis\u00e9 pour identifier la langue du navigateur de l&rsquo;utilisateur.<br\/><\/td><td>24 heures<\/td><\/tr><tr><td><a href=\"https:\/\/www.skydiveempuriabrava.com\">https:\/\/www.skydiveempuriabrava.com<\/a><\/td><td>acceptationCookies_skydive<br\/><\/td><td>Cookie utilis\u00e9 pour stocker le consentement de l&rsquo;utilisateur<br\/><\/td><td>2 ans<\/td><\/tr><tr><td><a href=\"https:\/\/www.skydiveempuriabrava.com\">https:\/\/www.skydiveempuriabrava.com<\/a><\/td><td>AEC<br\/><\/td><td>Cookie n\u00e9cessaire \u00e0 l&rsquo;utilisation des options et services du site.<br\/><\/td><td>1 an<\/td><\/tr><tr><td><a href=\"https:\/\/www.skydiveempuriabrava.com\">https:\/\/www.skydiveempuriabrava.com<\/a><\/td><td>CONSENTEMENT<br\/><\/td><td>Il est utilis\u00e9 pour stocker le consentement de l&rsquo;utilisateur.<br\/><\/td><td>2 ans<\/td><\/tr><tr><td><a href=\"http:\/\/www.youtube.com\">www.youtube.com<\/a><\/td><td>IDE<br\/><\/td><td>Il est utilis\u00e9 pour afficher des annonces Google sur des sites Web autres que Google.<br\/><\/td><td>2 ans<\/td><\/tr><tr><td><a href=\"https:\/\/www.skydiveempuriabrava.com\">https:\/\/www.skydiveempuriabrava.com<\/a><\/td><td>NID<br\/><\/td><td>Il est utilis\u00e9 pour afficher des annonces Google sur les services Google aux utilisateurs qui ne sont pas connect\u00e9s.<br\/><\/td><td>6 mois<\/td><\/tr><tr><td><a href=\"http:\/\/www.google.com\">www.google.com<\/a><\/td><td>OTZ<br\/><\/td><td>Il est utilis\u00e9 pour stocker l&rsquo;\u00e9tat d&rsquo;un utilisateur par rapport \u00e0 ses choix de cookies.<br\/><\/td><td>1 mois<\/td><\/tr><tr><td><a href=\"http:\/\/www.google.com\">www.google.com<\/a><\/td><td>SOCS<br\/><\/td><td>Il est utilis\u00e9 pour stocker l&rsquo;\u00e9tat d&rsquo;un utilisateur par rapport \u00e0 ses choix de cookies.<br\/><\/td><td>13 mois<\/td><\/tr><tr><td><a href=\"http:\/\/www.youtube.com\">www.youtube.com<\/a><\/td><td>VISITEUR_INFO1_LIVE<br\/><\/td><td>Cookie permettant le suivi des vid\u00e9os visit\u00e9es int\u00e9gr\u00e9es sur le web.<br\/><\/td><td>6 mois<\/td><\/tr><tr><td><a href=\"http:\/\/www.youtube.com\">www.youtube.com<\/a><\/td><td>YSC<br\/><\/td><td>Cookie utilis\u00e9 pour suivre les vues des vid\u00e9os int\u00e9gr\u00e9es sur les pages YouTube.<br\/><\/td><td>1 an<\/td><\/tr><\/tbody><\/table><\/figure>\n\n<p><strong>Comment d\u00e9sactiver les cookies ?<\/strong><\/p>\n\n<p>Vous pouvez autoriser, bloquer ou supprimer les cookies install\u00e9s sur votre ordinateur en configurant les options du navigateur de votre ordinateur.<\/p>\n\n<ul class=\"wp-block-list\">\n<li>Firefox\u00a0: <a href=\"https:\/\/support.mozilla.org\/es\/kb\/habilitar-y-deshabilitar-cookies-sitios-web-rastrear-preferencias?redirectlocale=es&amp;redirectslug=habilitar-y-deshabilitar-cookies-que-los-sitios-we\">https:\/\/support.mozilla.org\/es\/kb\/habilitar-y-deshabilitar-cookies-sitios-web-rastrear-preferencias?redirectlocale=es&amp;redirectslug=habilitar-y-deshabilitar-cookies-que-los-sitios-we<\/a><\/li>\n<\/ul>\n\n<ul class=\"wp-block-list\">\n<li>Chrome\u00a0: <a href=\"https:\/\/support.google.com\/chrome\/answer\/95647?hl=es\">https:\/\/support.google.com\/chrome\/answer\/95647?hl=es<\/a><\/li>\n<\/ul>\n\n<ul class=\"wp-block-list\">\n<li>Internet Explorer\u00a0: <a href=\"https:\/\/support.microsoft.com\/es-es\/products\/windows?os=windows-10\">https:\/\/support.microsoft.com\/es-es\/products\/windows?os=windows-10<\/a><\/li>\n<\/ul>\n\n<ul class=\"wp-block-list\">\n<li>Safari\u00a0: <a href=\"https:\/\/support.apple.com\/kb\/ph5042?locale=es_ES\">https:\/\/support.apple.com\/kb\/ph5042?locale=es_ES<\/a><\/li>\n<\/ul>\n\n<ul class=\"wp-block-list\">\n<li>Safari pour iOS\u00a0: <a href=\"https:\/\/support.apple.com\/es-es\/HT201265\">https:\/\/support.apple.com\/es-es\/HT201265<\/a><\/li>\n<\/ul>\n\n<ul class=\"wp-block-list\">\n<li>Op\u00e9ra\u00a0: <a href=\"http:\/\/help.opera.com\/Windows\/11.50\/es-ES\/cookies.html\">http:\/\/help.opera.com\/Windows\/11.50\/es-ES\/cookies.html<\/a><\/li>\n<\/ul>\n\n<p><strong>Exercice des droits<\/strong><\/p>\n\n<p>Vous pouvez conna\u00eetre et exercer vos droits en mati\u00e8re de protection des donn\u00e9es en acc\u00e9dant \u00e0 notre politique de confidentialit\u00e9 <a href=\"https:\/\/www.skydiveempuriabrava.com\/\/pol%C3%ADtica-de-privacitat\/\">https:\/\/www.skydiveempuriabrava.com\/\/pol\u00edtica-de-privacitat\/<\/a><\/p>\n\n<p><strong>Informations Compl\u00e9mentaires<\/strong><\/p>\n\n<p>Vous pouvez consulter plus d&rsquo;informations dans le guide sur l&rsquo;utilisation des cookies publi\u00e9 par l&rsquo;AEPD au lien suivant <a href=\"https:\/\/www.aepd.es\/es\/documento\/guia-cookies.pdf\">https:\/\/www.aepd.es\/es\/documento\/guia-cookies.pdf<\/a><\/p>\n\n<p><\/p>\n","protected":false},"excerpt":{"rendered":"<p>Politique de cookies Mis \u00e0 jour:: 24 septembre Le site Web https:\/\/www.skydiveempuriabrava.com est sous la responsabilit\u00e9 de JIP AVIACI\u00d3, SLU (ci-apr\u00e8s SKYDIVE EMPURIABRAVA), dont le si\u00e8ge social est situ\u00e9 \u00e0 Sector Aeroclub, s\/n - 17487 - Empuriabrava (G\u00e9rone), avec CIF : B17449836 et adresse e-mail : infoweb@skydiveempuriabrava.com . Par cons\u00e9quent, l&rsquo;utilisation de cookies est soumise [&hellip;]<\/p>\n","protected":false},"author":1,"featured_media":0,"parent":0,"menu_order":0,"comment_status":"closed","ping_status":"closed","template":"","meta":{"site-sidebar-layout":"default","site-content-layout":"","ast-site-content-layout":"default","site-content-style":"default","site-sidebar-style":"default","ast-global-header-display":"","ast-banner-title-visibility":"","ast-main-header-display":"","ast-hfb-above-header-display":"","ast-hfb-below-header-display":"","ast-hfb-mobile-header-display":"","site-post-title":"","ast-breadcrumbs-content":"","ast-featured-img":"","footer-sml-layout":"","ast-disable-related-posts":"","theme-transparent-header-meta":"","adv-header-id-meta":"","stick-header-meta":"","header-above-stick-meta":"","header-main-stick-meta":"","header-below-stick-meta":"","astra-migrate-meta-layouts":"default","ast-page-background-enabled":"default","ast-page-background-meta":{"desktop":{"background-color":"","background-image":"","background-repeat":"repeat","background-position":"center center","background-size":"auto","background-attachment":"scroll","background-type":"","background-media":"","overlay-type":"","overlay-color":"","overlay-opacity":"","overlay-gradient":""},"tablet":{"background-color":"","background-image":"","background-repeat":"repeat","background-position":"center center","background-size":"auto","background-attachment":"scroll","background-type":"","background-media":"","overlay-type":"","overlay-color":"","overlay-opacity":"","overlay-gradient":""},"mobile":{"background-color":"","background-image":"","background-repeat":"repeat","background-position":"center center","background-size":"auto","background-attachment":"scroll","background-type":"","background-media":"","overlay-type":"","overlay-color":"","overlay-opacity":"","overlay-gradient":""}},"ast-content-background-meta":{"desktop":{"background-color":"var(--ast-global-color-5)","background-image":"","background-repeat":"repeat","background-position":"center center","background-size":"auto","background-attachment":"scroll","background-type":"","background-media":"","overlay-type":"","overlay-color":"","overlay-opacity":"","overlay-gradient":""},"tablet":{"background-color":"var(--ast-global-color-5)","background-image":"","background-repeat":"repeat","background-position":"center center","background-size":"auto","background-attachment":"scroll","background-type":"","background-media":"","overlay-type":"","overlay-color":"","overlay-opacity":"","overlay-gradient":""},"mobile":{"background-color":"var(--ast-global-color-5)","background-image":"","background-repeat":"repeat","background-position":"center center","background-size":"auto","background-attachment":"scroll","background-type":"","background-media":"","overlay-type":"","overlay-color":"","overlay-opacity":"","overlay-gradient":""}},"footnotes":""},"folder":[17],"class_list":["post-8321","page","type-page","status-publish","hentry"],"_links":{"self":[{"href":"https:\/\/skydiveempuriabrava.com\/fr\/wp-json\/wp\/v2\/pages\/8321","targetHints":{"allow":["GET"]}}],"collection":[{"href":"https:\/\/skydiveempuriabrava.com\/fr\/wp-json\/wp\/v2\/pages"}],"about":[{"href":"https:\/\/skydiveempuriabrava.com\/fr\/wp-json\/wp\/v2\/types\/page"}],"author":[{"embeddable":true,"href":"https:\/\/skydiveempuriabrava.com\/fr\/wp-json\/wp\/v2\/users\/1"}],"replies":[{"embeddable":true,"href":"https:\/\/skydiveempuriabrava.com\/fr\/wp-json\/wp\/v2\/comments?post=8321"}],"version-history":[{"count":0,"href":"https:\/\/skydiveempuriabrava.com\/fr\/wp-json\/wp\/v2\/pages\/8321\/revisions"}],"wp:attachment":[{"href":"https:\/\/skydiveempuriabrava.com\/fr\/wp-json\/wp\/v2\/media?parent=8321"}],"wp:term":[{"taxonomy":"folder","embeddable":true,"href":"https:\/\/skydiveempuriabrava.com\/fr\/wp-json\/wp\/v2\/folder?post=8321"}],"curies":[{"name":"wp","href":"https:\/\/api.w.org\/{rel}","templated":true}]}}