{"id":8732,"date":"2025-03-20T10:32:14","date_gmt":"2025-03-20T09:32:14","guid":{"rendered":"https:\/\/skydiveempuriabrava.com\/evenements-et-concours\/"},"modified":"2025-04-18T18:06:07","modified_gmt":"2025-04-18T16:06:07","slug":"evenements-et-concours","status":"publish","type":"page","link":"https:\/\/skydiveempuriabrava.com\/fr\/evenements-et-concours\/","title":{"rendered":"\u00c9v\u00e9nements et concours"},"content":{"rendered":"\t\t<div data-elementor-type=\"wp-page\" data-elementor-id=\"8732\" class=\"elementor elementor-8732 elementor-6699\" data-elementor-post-type=\"page\">\n\t\t\t\t<div class=\"elementor-element elementor-element-3f1b1ff e-con-full e-flex e-con e-parent\" data-id=\"3f1b1ff\" data-element_type=\"container\" data-e-type=\"container\" data-settings=\"{&quot;background_background&quot;:&quot;classic&quot;}\">\n\t\t<div class=\"elementor-element elementor-element-89a30c8 e-con-full e-flex e-con e-child\" data-id=\"89a30c8\" data-element_type=\"container\" data-e-type=\"container\" data-settings=\"{&quot;background_background&quot;:&quot;classic&quot;}\">\n\t\t<div class=\"elementor-element elementor-element-66a1b1a e-con-full e-flex e-con e-child\" data-id=\"66a1b1a\" data-element_type=\"container\" data-e-type=\"container\">\n\t\t\t\t<div class=\"elementor-element elementor-element-c6f4283 elementor-widget elementor-widget-spacer\" data-id=\"c6f4283\" data-element_type=\"widget\" data-e-type=\"widget\" data-widget_type=\"spacer.default\">\n\t\t\t\t<div class=\"elementor-widget-container\">\n\t\t\t\t\t\t\t<div class=\"elementor-spacer\">\n\t\t\t<div class=\"elementor-spacer-inner\"><\/div>\n\t\t<\/div>\n\t\t\t\t\t\t<\/div>\n\t\t\t\t<\/div>\n\t\t\t\t<div class=\"elementor-element elementor-element-685921f elementor-invisible elementor-widget elementor-widget-heading\" data-id=\"685921f\" data-element_type=\"widget\" data-e-type=\"widget\" data-settings=\"{&quot;_animation&quot;:&quot;slideInRight&quot;}\" data-widget_type=\"heading.default\">\n\t\t\t\t<div class=\"elementor-widget-container\">\n\t\t\t\t\t<h3 class=\"elementor-heading-title elementor-size-default\">Skydive Empuriabrava - The Land of the Sky<\/h3>\t\t\t\t<\/div>\n\t\t\t\t<\/div>\n\t\t\t\t<div class=\"elementor-element elementor-element-a16c561 elementor-widget-divider--view-line elementor-widget elementor-widget-divider\" data-id=\"a16c561\" data-element_type=\"widget\" data-e-type=\"widget\" data-widget_type=\"divider.default\">\n\t\t\t\t<div class=\"elementor-widget-container\">\n\t\t\t\t\t\t\t<div class=\"elementor-divider\">\n\t\t\t<span class=\"elementor-divider-separator\">\n\t\t\t\t\t\t<\/span>\n\t\t<\/div>\n\t\t\t\t\t\t<\/div>\n\t\t\t\t<\/div>\n\t\t\t\t<div class=\"elementor-element elementor-element-d9c2a82 elementor-invisible elementor-widget elementor-widget-heading\" data-id=\"d9c2a82\" data-element_type=\"widget\" data-e-type=\"widget\" data-settings=\"{&quot;_animation&quot;:&quot;slideInLeft&quot;}\" data-widget_type=\"heading.default\">\n\t\t\t\t<div class=\"elementor-widget-container\">\n\t\t\t\t\t<h1 class=\"elementor-heading-title elementor-size-default\">ORGANISATEUR D'\u00c9V\u00c9NEMENTS ET DE COMP\u00c9TITIONS INTERNATIONAUX DE PARACHUTISME<\/h1>\t\t\t\t<\/div>\n\t\t\t\t<\/div>\n\t\t\t\t<div class=\"elementor-element elementor-element-ce8ff36 elementor-widget elementor-widget-spacer\" data-id=\"ce8ff36\" data-element_type=\"widget\" data-e-type=\"widget\" data-widget_type=\"spacer.default\">\n\t\t\t\t<div class=\"elementor-widget-container\">\n\t\t\t\t\t\t\t<div class=\"elementor-spacer\">\n\t\t\t<div class=\"elementor-spacer-inner\"><\/div>\n\t\t<\/div>\n\t\t\t\t\t\t<\/div>\n\t\t\t\t<\/div>\n\t\t\t\t<\/div>\n\t\t\t\t<\/div>\n\t\t\t\t<\/div>\n\t\t<div class=\"elementor-element elementor-element-594cc63 e-flex e-con-boxed e-con e-parent\" data-id=\"594cc63\" data-element_type=\"container\" data-e-type=\"container\">\n\t\t\t\t\t<div class=\"e-con-inner\">\n\t\t\t\t<div class=\"elementor-element elementor-element-3e67add elementor-widget elementor-widget-text-editor\" data-id=\"3e67add\" data-element_type=\"widget\" data-e-type=\"widget\" data-widget_type=\"text-editor.default\">\n\t\t\t\t<div class=\"elementor-widget-container\">\n\t\t\t\t\t\t\t\t\t<p><strong>Skydive Empuriabrava<\/strong> est l&rsquo;organisateur le plus prolifique d&rsquo;\u00e9v\u00e9nements et de comp\u00e9titions de parachutisme de classe mondiale.<\/p>\t\t\t\t\t\t\t\t<\/div>\n\t\t\t\t<\/div>\n\t\t\t\t<div class=\"elementor-element elementor-element-160eaae elementor-widget elementor-widget-video\" data-id=\"160eaae\" data-element_type=\"widget\" data-e-type=\"widget\" data-settings=\"{&quot;youtube_url&quot;:&quot;https:\\\/\\\/www.youtube.com\\\/watch?v=Mt_4_Z0Z3ko&quot;,&quot;video_type&quot;:&quot;youtube&quot;,&quot;controls&quot;:&quot;yes&quot;}\" data-widget_type=\"video.default\">\n\t\t\t\t<div class=\"elementor-widget-container\">\n\t\t\t\t\t\t\t<div class=\"elementor-wrapper elementor-open-inline\">\n\t\t\t<div class=\"elementor-video\"><\/div>\t\t<\/div>\n\t\t\t\t\t\t<\/div>\n\t\t\t\t<\/div>\n\t\t\t\t<div class=\"elementor-element elementor-element-8c89674 elementor-widget elementor-widget-spacer\" data-id=\"8c89674\" data-element_type=\"widget\" data-e-type=\"widget\" data-widget_type=\"spacer.default\">\n\t\t\t\t<div class=\"elementor-widget-container\">\n\t\t\t\t\t\t\t<div class=\"elementor-spacer\">\n\t\t\t<div class=\"elementor-spacer-inner\"><\/div>\n\t\t<\/div>\n\t\t\t\t\t\t<\/div>\n\t\t\t\t<\/div>\n\t\t\t\t\t<\/div>\n\t\t\t\t<\/div>\n\t\t<div class=\"elementor-element elementor-element-7337024 animated-fast e-flex e-con-boxed elementor-invisible e-con e-parent\" data-id=\"7337024\" data-element_type=\"container\" data-e-type=\"container\" data-settings=\"{&quot;background_background&quot;:&quot;classic&quot;,&quot;animation&quot;:&quot;slideInDown&quot;}\">\n\t\t\t\t\t<div class=\"e-con-inner\">\n\t\t\t\t<div class=\"elementor-element elementor-element-0c83747 animated-slow elementor-widget elementor-widget-heading\" data-id=\"0c83747\" data-element_type=\"widget\" data-e-type=\"widget\" data-settings=\"{&quot;_animation&quot;:&quot;none&quot;}\" data-widget_type=\"heading.default\">\n\t\t\t\t<div class=\"elementor-widget-container\">\n\t\t\t\t\t<h2 class=\"elementor-heading-title elementor-size-default\">\u00c9v\u00e9nements et comp\u00e9titions de parachutisme<\/h2>\t\t\t\t<\/div>\n\t\t\t\t<\/div>\n\t\t\t\t\t<\/div>\n\t\t\t\t<\/div>\n\t\t<div class=\"elementor-element elementor-element-69723c8 e-flex e-con-boxed e-con e-parent\" data-id=\"69723c8\" data-element_type=\"container\" data-e-type=\"container\">\n\t\t\t\t\t<div class=\"e-con-inner\">\n\t\t\t\t<div class=\"elementor-element elementor-element-6d0dc86 elementor-widget elementor-widget-text-editor\" data-id=\"6d0dc86\" data-element_type=\"widget\" data-e-type=\"widget\" data-widget_type=\"text-editor.default\">\n\t\t\t\t<div class=\"elementor-widget-container\">\n\t\t\t\t\t\t\t\t\t<p>1989 VIIIe Championnat du monde de VF<br>1993 IVe Championnat du monde de freestyle et de skysurf<br>9e Coupe du monde de football f\u00e9minin 1994<br>1995 3e Championnat du monde POPS<br>Jeux extr\u00eames de 1996<br>1997 1er Championnat d&rsquo;Espagne de Freestyle et de Skysurf<br>1998 1er Championnat d&rsquo;Europe VF-16<br>1998 1\u00e8re Coupe du Monde VF-16<br>XXIVe Championnat d&rsquo;Espagne 2002<br>13e Coupe du monde 2002<br>2002 5e Championnat d&rsquo;Europe<br>2003 XXVe Championnat d&rsquo;Espagne<br>2004 XXVIe Championnat d&rsquo;Espagne<br>Open international de Swoop 2004<br>Record d&rsquo;Europe f\u00e9minin 2004 en VFC<br>Record d&rsquo;Europe de freefly 2005<br>Record espagnol de vol en formation avec voile en 2005<br>Open international de Swoop 2005<br>2005 XXVIIe Championnat d&rsquo;Espagne<br>2006 XXVIIIe Championnat d&rsquo;Espagne<br>XXIXe Championnat d&rsquo;Espagne 2007<br>Record d&rsquo;Europe de freefly 2007<br>Tentative de record d&rsquo;Espagne pour une grande formation en 2008  <br>Championnat d&rsquo;Espagne XXX 2008<br>Record d&rsquo;Europe de freefly 2009<br>Record d&rsquo;Europe de freefly 2011<br>Record d&rsquo;Europe de freefly 2013<br>Record du monde de parachutisme en formation s\u00e9quentielle 2013, 106 participants, 2 points<br>Record du monde de parachutisme en formation s\u00e9quentielle 2013, 106 participants, 3 points<br>Record du monde de parachutisme en formation s\u00e9quentielle 2013, 106 participants, 4 points<br>Record du monde de parachutisme en formation s\u00e9quentielle 2013, 106 participants, 5 points<br>Record de saut en tandem 2014 en r\u00e9alisant 35 sauts en une heure alors que le record \u00e9tait de 28<br>Record d&rsquo;Europe de Freefly 2015 en mode T\u00eate Haute<br>Record d&rsquo;Europe de Freefly 2017 en mode T\u00eate Haute<\/p>\t\t\t\t\t\t\t\t<\/div>\n\t\t\t\t<\/div>\n\t\t\t\t<div class=\"elementor-element elementor-element-313f91f elementor-widget elementor-widget-spacer\" data-id=\"313f91f\" data-element_type=\"widget\" data-e-type=\"widget\" data-widget_type=\"spacer.default\">\n\t\t\t\t<div class=\"elementor-widget-container\">\n\t\t\t\t\t\t\t<div class=\"elementor-spacer\">\n\t\t\t<div class=\"elementor-spacer-inner\"><\/div>\n\t\t<\/div>\n\t\t\t\t\t\t<\/div>\n\t\t\t\t<\/div>\n\t\t\t\t\t<\/div>\n\t\t\t\t<\/div>\n\t\t<div class=\"elementor-element elementor-element-28b8524 animated-fast e-flex e-con-boxed elementor-invisible e-con e-parent\" data-id=\"28b8524\" data-element_type=\"container\" data-e-type=\"container\" data-settings=\"{&quot;background_background&quot;:&quot;classic&quot;,&quot;animation&quot;:&quot;slideInDown&quot;}\">\n\t\t\t\t\t<div class=\"e-con-inner\">\n\t\t\t\t<div class=\"elementor-element elementor-element-7b11c95 animated-slow elementor-widget elementor-widget-heading\" data-id=\"7b11c95\" data-element_type=\"widget\" data-e-type=\"widget\" data-settings=\"{&quot;_animation&quot;:&quot;none&quot;}\" data-widget_type=\"heading.default\">\n\t\t\t\t<div class=\"elementor-widget-container\">\n\t\t\t\t\t<h2 class=\"elementor-heading-title elementor-size-default\">COLLABORATIONS ET R\u00c9COMPENSES<\/h2>\t\t\t\t<\/div>\n\t\t\t\t<\/div>\n\t\t\t\t\t<\/div>\n\t\t\t\t<\/div>\n\t\t<div class=\"elementor-element elementor-element-4b22e5c e-flex e-con-boxed e-con e-parent\" data-id=\"4b22e5c\" data-element_type=\"container\" data-e-type=\"container\">\n\t\t\t\t\t<div class=\"e-con-inner\">\n\t\t\t\t<div class=\"elementor-element elementor-element-49083c9 elementor-widget elementor-widget-text-editor\" data-id=\"49083c9\" data-element_type=\"widget\" data-e-type=\"widget\" data-widget_type=\"text-editor.default\">\n\t\t\t\t<div class=\"elementor-widget-container\">\n\t\t\t\t\t\t\t\t\t<p>Skydive Empuriabrava a souhait\u00e9 <span class=\"bold\">participer \u00e0 la vie de son environnement et collaborer<\/span> \u00e0 certains moments importants de la vie de chacun en r\u00e9alisant des sauts d&rsquo;exhibition lors de divers \u00e9v\u00e9nements importants, tels que des inaugurations, des c\u00e9l\u00e9brations de toutes sortes et des collectes de fonds caritatives ou destin\u00e9es \u00e0 la lutte contre le cancer.<\/p><p><strong><span class=\"bold\">Collaborations Skydive Empuriabrava :<\/span><\/strong><\/p><p>- Collaboration avec la Fondation <a class=\"red bold\" href=\"https:\/\/skydiveempuriabrava.com\/fr\/sauts-therapeutiques\/\">R\u00eave d&rsquo;Enfants<\/a><br> - Collaboration avec le Marathon de r\u00e9ception de la flamme olympique des Jeux de Barcelone 92<br> - Inauguration du stade olympique de Montju\u00efc<br> - Grand Prix d&rsquo;Espagne de Formule 1<br> - Construction d&rsquo;un ruban bleu en chute libre en solidarit\u00e9 avec Jos\u00e9 Antonio Ortega et Cosme Delclaux, kidnapp\u00e9s par l&rsquo;ETA<br> - Construction d&rsquo;un ruban noir de solidarit\u00e9 avec les victimes des attentats terroristes du 11 mai<br> - Collaboration \u00e0 l&rsquo;Ann\u00e9e Dal\u00ed avec la repr\u00e9sentation en chute libre du tableau \u00ab\u00a0Le Christ de Saint Jean de la Croix\u00a0\u00bb, de Salvador Dal\u00ed<\/p>\t\t\t\t\t\t\t\t<\/div>\n\t\t\t\t<\/div>\n\t\t\t\t<div class=\"elementor-element elementor-element-6103aac elementor-widget elementor-widget-spacer\" data-id=\"6103aac\" data-element_type=\"widget\" data-e-type=\"widget\" data-widget_type=\"spacer.default\">\n\t\t\t\t<div class=\"elementor-widget-container\">\n\t\t\t\t\t\t\t<div class=\"elementor-spacer\">\n\t\t\t<div class=\"elementor-spacer-inner\"><\/div>\n\t\t<\/div>\n\t\t\t\t\t\t<\/div>\n\t\t\t\t<\/div>\n\t\t\t\t\t<\/div>\n\t\t\t\t<\/div>\n\t\t\t\t<\/div>\n\t\t","protected":false},"excerpt":{"rendered":"<p>Skydive Empuriabrava - The Land of the Sky ORGANISATEUR D&rsquo;\u00c9V\u00c9NEMENTS ET DE COMP\u00c9TITIONS INTERNATIONAUX DE PARACHUTISME Skydive Empuriabrava est l&rsquo;organisateur le plus prolifique d&rsquo;\u00e9v\u00e9nements et de comp\u00e9titions de parachutisme de classe mondiale. https:\/\/www.youtube.com\/watch?v=Mt_4_Z0Z3ko \u00c9v\u00e9nements et comp\u00e9titions de parachutisme 1989 VIIIe Championnat du monde de VF1993 IVe Championnat du monde de freestyle et de skysurf9e Coupe [&hellip;]<\/p>\n","protected":false},"author":1,"featured_media":0,"parent":0,"menu_order":0,"comment_status":"closed","ping_status":"closed","template":"","meta":{"site-sidebar-layout":"no-sidebar","site-content-layout":"page-builder","ast-site-content-layout":"full-width-container","site-content-style":"default","site-sidebar-style":"default","ast-global-header-display":"","ast-banner-title-visibility":"","ast-main-header-display":"","ast-hfb-above-header-display":"","ast-hfb-below-header-display":"","ast-hfb-mobile-header-display":"","site-post-title":"disabled","ast-breadcrumbs-content":"","ast-featured-img":"disabled","footer-sml-layout":"","ast-disable-related-posts":"","theme-transparent-header-meta":"","adv-header-id-meta":"","stick-header-meta":"","header-above-stick-meta":"","header-main-stick-meta":"","header-below-stick-meta":"","astra-migrate-meta-layouts":"default","ast-page-background-enabled":"default","ast-page-background-meta":{"desktop":{"background-color":"","background-image":"","background-repeat":"repeat","background-position":"center center","background-size":"auto","background-attachment":"scroll","background-type":"","background-media":"","overlay-type":"","overlay-color":"","overlay-opacity":"","overlay-gradient":""},"tablet":{"background-color":"","background-image":"","background-repeat":"repeat","background-position":"center center","background-size":"auto","background-attachment":"scroll","background-type":"","background-media":"","overlay-type":"","overlay-color":"","overlay-opacity":"","overlay-gradient":""},"mobile":{"background-color":"","background-image":"","background-repeat":"repeat","background-position":"center center","background-size":"auto","background-attachment":"scroll","background-type":"","background-media":"","overlay-type":"","overlay-color":"","overlay-opacity":"","overlay-gradient":""}},"ast-content-background-meta":{"desktop":{"background-color":"var(--ast-global-color-5)","background-image":"","background-repeat":"repeat","background-position":"center center","background-size":"auto","background-attachment":"scroll","background-type":"","background-media":"","overlay-type":"","overlay-color":"","overlay-opacity":"","overlay-gradient":""},"tablet":{"background-color":"var(--ast-global-color-5)","background-image":"","background-repeat":"repeat","background-position":"center center","background-size":"auto","background-attachment":"scroll","background-type":"","background-media":"","overlay-type":"","overlay-color":"","overlay-opacity":"","overlay-gradient":""},"mobile":{"background-color":"var(--ast-global-color-5)","background-image":"","background-repeat":"repeat","background-position":"center center","background-size":"auto","background-attachment":"scroll","background-type":"","background-media":"","overlay-type":"","overlay-color":"","overlay-opacity":"","overlay-gradient":""}},"footnotes":""},"folder":[19],"class_list":["post-8732","page","type-page","status-publish","hentry"],"_links":{"self":[{"href":"https:\/\/skydiveempuriabrava.com\/fr\/wp-json\/wp\/v2\/pages\/8732","targetHints":{"allow":["GET"]}}],"collection":[{"href":"https:\/\/skydiveempuriabrava.com\/fr\/wp-json\/wp\/v2\/pages"}],"about":[{"href":"https:\/\/skydiveempuriabrava.com\/fr\/wp-json\/wp\/v2\/types\/page"}],"author":[{"embeddable":true,"href":"https:\/\/skydiveempuriabrava.com\/fr\/wp-json\/wp\/v2\/users\/1"}],"replies":[{"embeddable":true,"href":"https:\/\/skydiveempuriabrava.com\/fr\/wp-json\/wp\/v2\/comments?post=8732"}],"version-history":[{"count":1,"href":"https:\/\/skydiveempuriabrava.com\/fr\/wp-json\/wp\/v2\/pages\/8732\/revisions"}],"predecessor-version":[{"id":10594,"href":"https:\/\/skydiveempuriabrava.com\/fr\/wp-json\/wp\/v2\/pages\/8732\/revisions\/10594"}],"wp:attachment":[{"href":"https:\/\/skydiveempuriabrava.com\/fr\/wp-json\/wp\/v2\/media?parent=8732"}],"wp:term":[{"taxonomy":"folder","embeddable":true,"href":"https:\/\/skydiveempuriabrava.com\/fr\/wp-json\/wp\/v2\/folder?post=8732"}],"curies":[{"name":"wp","href":"https:\/\/api.w.org\/{rel}","templated":true}]}}